{"id":1725,"date":"2019-09-19T11:35:57","date_gmt":"2019-09-19T14:35:57","guid":{"rendered":"https:\/\/wp.ufpel.edu.br\/ppgecm\/?page_id=1725"},"modified":"2025-08-15T16:37:12","modified_gmt":"2025-08-15T19:37:12","slug":"defesas-2019","status":"publish","type":"page","link":"https:\/\/wp.ufpel.edu.br\/ppgecm\/dissertacoes-e-produtos\/defesas-2019\/","title":{"rendered":"Defesas 2019"},"content":{"rendered":"<table style=\"height: 299px; background-color: #ffffff;\" border=\"0\" cellspacing=\"8\" cellpadding=\"0\">\n<tbody>\n<tr>\n<td style=\"background-color: #ffffff; text-align: justify; width: 721px;\"><span class=\"text12\"><strong>86. Luciana Henzel dos Santos &#8211;\u00a0<\/strong>Defendeu em 18\/10\/2019<\/span><br \/>\n<em><strong>Educa\u00e7\u00e3o Sexual no Ensino Fundamental: construindo uma unidade did\u00e1tica.<\/strong><\/em> Palavras-chave: Educa\u00e7\u00e3o Sexual; Sexualidade; Ensino Fundamental; Ensino de Ci\u00eancias; Unidade Did\u00e1tica.<br \/>\nOrienta\u00e7\u00e3o: Prof\u00aa. Dr\u00aa. Francele de Abreu Carlan<br \/>\n<span class=\"text12\"><a href=\"http:\/\/guaiaca.ufpel.edu.br\/handle\/prefix\/4901\" target=\"_blank\" rel=\"noopener noreferrer\">Reposit\u00f3rio Institucional da UFPel<\/a> \/<\/span>\u00a0<a href=\"http:\/\/guaiaca.ufpel.edu.br\/bitstream\/prefix\/4901\/1\/Luciana_Henzel_Santos_Dissertacao.pdf\" target=\"_blank\" rel=\"noopener noreferrer\">Disserta\u00e7\u00e3o<\/a> \/ <a href=\"http:\/\/guaiaca.ufpel.edu.br\/bitstream\/prefix\/4901\/2\/Luciana_Henzel_Santos_Produto.pdf\" target=\"_blank\" rel=\"noopener noreferrer\">Produto<\/a><\/td>\n<\/tr>\n<tr style=\"background-color: #ffffff;\">\n<td style=\"background-color: #c4bdc9; text-align: justify; width: 721px;\"><span class=\"text12\"><strong>85. C\u00e1tia Gomes da Silva <\/strong>&#8211; Defendeu em 30\/08\/2019<strong><br \/>\n<em>A Educa\u00e7\u00e3o Financeira no Contexto Escolar do Ensino Fundamental. <\/em><\/strong>Palavras-chave:<br \/>\nOrienta\u00e7\u00e3o: Prof\u00aa. Dr\u00aa. Denise Nascimento Silveira<br \/>\n<a href=\"http:\/\/guaiaca.ufpel.edu.br\/handle\/prefix\/6246\" target=\"_blank\" rel=\"noopener noreferrer\">Reposit\u00f3rio Institucional da UFPel<\/a> \/ <a href=\"http:\/\/guaiaca.ufpel.edu.br\/bitstream\/prefix\/6246\/1\/Dissertacao_Catia_Gomes_da_Silva.pdf\" target=\"_blank\" rel=\"noopener noreferrer\">Disserta\u00e7\u00e3o<\/a> \/ <a href=\"http:\/\/guaiaca.ufpel.edu.br\/bitstream\/prefix\/6246\/2\/Produto_Educacional_Catia_Gomes_da_Silva.pdf\" target=\"_blank\" rel=\"noopener noreferrer\">Produto<\/a><\/span><\/td>\n<\/tr>\n<tr style=\"background-color: #ffffff;\">\n<td style=\"background-color: #ffffff; text-align: justify; width: 721px;\"><span class=\"text12\"><strong>84. Vera L\u00facia Geiss dos Reis <\/strong>&#8211; Defendeu em 23\/08\/2019<strong><br \/>\n<em>Percep\u00e7\u00f5es sobre o uso da plataforma Khan Academy nas aulas de Matem\u00e1tica com alunos do 9\u00ba ano de uma\u00a0escola municipal. <\/em><\/strong>Palavras-chave: Afetividade; Atividade colaborativa; Khan Academy; Matem\u00e1tica; Plataforma educacional adaptativa; Tecnologia.<br \/>\nOrienta\u00e7\u00e3o: Prof\u00aa. Dr\u00aa. Alzira Yamasaki<\/span><br \/>\n<span class=\"text12\">Co-orienta\u00e7\u00e3o: Prof\u00aa. Dr\u00aa. Denise Nascimento Silveira<br \/>\n<a href=\"http:\/\/guaiaca.ufpel.edu.br\/handle\/prefix\/4900\" target=\"_blank\" rel=\"noopener noreferrer\">Reposit\u00f3rio Institucional da UFPel<\/a> \/ <a href=\"http:\/\/guaiaca.ufpel.edu.br\/bitstream\/prefix\/4900\/1\/Vera_Lucia_Geiss_Reis_Dissertacao.pdf\" target=\"_blank\" rel=\"noopener noreferrer\">Disserta\u00e7\u00e3o<\/a> \/ <a href=\"http:\/\/guaiaca.ufpel.edu.br\/bitstream\/prefix\/4900\/2\/Vera_Lucia_Geiss_Reis_Produto.pdf\" target=\"_blank\" rel=\"noopener noreferrer\">Produto\u00a0<\/a><\/span><\/td>\n<\/tr>\n<tr style=\"background-color: #ffffff;\">\n<td style=\"background-color: #c4bdc9; text-align: justify; width: 721px;\"><span class=\"text12\"><strong>83. Alex Sandro de Castro Garrido\u00a0 <\/strong>&#8211; Defendeu em 14\/08\/2019<strong><br \/>\n<\/strong><\/span><span class=\"text12\"><strong><em>O Processo de Investiga\u00e7\u00e3o Tem\u00e1tica no Contexto Escolar da Col\u00f4nia de<br \/>\nPescadores Z-3\/ Pelotas &#8211; RS.<\/em><\/strong><em>\u00a0<\/em>Palavras-chave: Tema Gerador, Pr\u00e1xis Curricular, Escola, Ensino de Ci\u00eancias.<br \/>\nOrienta\u00e7\u00e3o: Prof. Dr. <\/span><span class=\"text12\">F\u00e1bio Andr\u00e9 Sangiogo<br \/>\n<a href=\"http:\/\/guaiaca.ufpel.edu.br\/handle\/prefix\/4793\" target=\"_blank\" rel=\"noopener noreferrer\">Reposit\u00f3rio Institucional da UFPel<\/a> \/ <a href=\"http:\/\/guaiaca.ufpel.edu.br\/bitstream\/prefix\/4793\/1\/Alex_Sandro_de_Castro_Garrido_Dissertacao.pdf\" target=\"_blank\" rel=\"noopener noreferrer\">Disserta\u00e7\u00e3o<\/a> \/ <a href=\"http:\/\/guaiaca.ufpel.edu.br\/bitstream\/prefix\/4793\/2\/Alex_Sandro_de-Castro-Garrido_Produto.pdf\" target=\"_blank\" rel=\"noopener noreferrer\">Produto<\/a><\/span><\/td>\n<\/tr>\n<tr style=\"background-color: #ffffff;\">\n<td style=\"background-color: #ffffff; text-align: justify; width: 721px;\"><span class=\"text12\"><strong>82. Gabriela Pereira de Pereira<\/strong> &#8211; Defendeu em 09\/07\/2019<strong><br \/>\n<em>Desenhos de Mang\u00e1 e Paper Toys: a cultura otaku e a linguagem audiovisual articulando matem\u00e1tica e arte na educa\u00e7\u00e3o escolar<\/em>.\u00a0<\/strong>Palavras-chave: matem\u00e1tica e arte; estudos culturais; juventudes; ensino de matem\u00e1tica; cultura audiovisual.<br \/>\nOrienta\u00e7\u00e3o: Prof\u00aa. Dr\u00aa. Maira Ferreira<br \/>\n<a href=\"http:\/\/guaiaca.ufpel.edu.br\/handle\/prefix\/4794\" target=\"_blank\" rel=\"noopener noreferrer\">Reposit\u00f3rio Institucional da UFPel<\/a> \/ <a href=\"http:\/\/guaiaca.ufpel.edu.br\/bitstream\/prefix\/4794\/1\/Gabriela_Pereira_de_Pereira_Dissertacao.pdf\" target=\"_blank\" rel=\"noopener noreferrer\">Disserta\u00e7\u00e3o<\/a> \/ <a href=\"http:\/\/guaiaca.ufpel.edu.br\/bitstream\/prefix\/4794\/2\/Gabriela_Pereira_de_Pereira_Produto.pdf\" target=\"_blank\" rel=\"noopener noreferrer\">Produto<\/a><\/span><\/td>\n<\/tr>\n<tr style=\"background-color: #ffffff;\">\n<td style=\"background-color: #c4bdc9; text-align: justify; width: 721px;\"><span class=\"text12\"><strong>81. Luana Leal Alves <\/strong>&#8211; Defendeu em 25\/03\/2019<strong><br \/>\n<em>O Papel da Forma\u00e7\u00e3o e das Cren\u00e7as no Desenvolvimento da Professoralidade de Professoras Polivalentes para o Ensino de Matem\u00e1tica. <\/em><\/strong><\/span><span class=\"text12\">Palavras-chave:<br \/>\nOrienta\u00e7\u00e3o: Prof. Dr. Ant\u00f4nio Maur\u00edcio Medeiros Alves<\/span><br \/>\n<span class=\"text12\"><a href=\"http:\/\/guaiaca.ufpel.edu.br\/handle\/prefix\/4792\" target=\"_blank\" rel=\"noopener noreferrer\">Reposit\u00f3rio Institucional da UFPel<\/a> \/ <a href=\"https:\/\/drive.google.com\/file\/d\/1W1wYRUGEDTCsBIhX5BTRqgUXZcqsvSK-\/view?usp=sharing\" target=\"_blank\" rel=\"noopener noreferrer\">Disserta\u00e7\u00e3o<\/a> \/ Produto: <a href=\"https:\/\/drive.google.com\/file\/d\/16_eDP-RAym2E_2WaaKZ1J4U1qG6qVbQ6\/view?usp=sharing\" target=\"_blank\" rel=\"noopener noreferrer\">Video 1<\/a> &#8211; <a href=\"https:\/\/drive.google.com\/file\/d\/1IDWs_HojJYTkIVY3Kql0rOKlh4y1I-yh\/view?usp=sharing\" target=\"_blank\" rel=\"noopener noreferrer\">Video 2<\/a><\/span><\/td>\n<\/tr>\n<tr style=\"background-color: #ffffff;\">\n<td style=\"background-color: #ffffff; text-align: justify; width: 721px;\"><span class=\"text12\"><strong>80. Vin\u00edcius Kercher da Silva <\/strong>&#8211; Defendeu em 15\/03\/2019<strong><br \/>\n<em>Narrativas de Normalistas sobre a Matem\u00e1tica no Curso Normal do Instituto de Educa\u00e7\u00e3o Assis Brasil (1955-1968). <\/em><\/strong>Palavras-chave: Hist\u00f3ria da Educa\u00e7\u00e3o Matem\u00e1tica; Hist\u00f3ria Oral; Matem\u00e1tica; Escola Normal; Instituto de Educa\u00e7\u00e3o Assis Brasil.<\/span><br \/>\n<span class=\"text12\">Orienta\u00e7\u00e3o: Prof. Dr. Diogo Franco Rios<br \/>\n<a href=\"http:\/\/guaiaca.ufpel.edu.br\/handle\/prefix\/4788\" target=\"_blank\" rel=\"noopener noreferrer\">Reposit\u00f3rio Institucional da UFPel<\/a> \/ <a href=\"http:\/\/guaiaca.ufpel.edu.br\/bitstream\/prefix\/4788\/1\/Vinicius_Kercher_Dissertacao.pdf\" target=\"_blank\" rel=\"noopener noreferrer\">Disserta\u00e7\u00e3o<\/a> \/ <a href=\"http:\/\/guaiaca.ufpel.edu.br\/bitstream\/prefix\/4788\/2\/Vinicius_Kercher_Produto.pdf\" target=\"_blank\" rel=\"noopener noreferrer\">Produto<\/a><\/span><\/td>\n<\/tr>\n<tr style=\"background-color: #ffffff;\">\n<td style=\"background-color: #c4bdc9; text-align: justify; width: 721px;\"><span class=\"text12\"><strong>79. <\/strong><strong>Ingrid da Silva Torma<\/strong> &#8211; Defendeu em 15\/03\/2019<\/span><br \/>\n<span class=\"text12\"><strong style=\"font-family: inherit; font-size: inherit;\"><em>O Ensino de Ci\u00eancias numa Perspectiva de Alfabetiza\u00e7\u00e3o Cient\u00edfica: uma proposta de forma\u00e7\u00e3o continuada para professores alfabetizadores. <\/em><\/strong><span style=\"font-family: inherit; font-size: inherit;\">Palavras-chave: pr\u00e1tica pedag\u00f3gica; reflex\u00e3o docente; ciclo de alfabetiza\u00e7\u00e3o.<\/span><br \/>\n<\/span><span class=\"text12\">Orienta\u00e7\u00e3o: Prof\u00aa. Dr\u00aa. Rita de C\u00e1ssia Morem C\u00f3ssio Rodriguez<br \/>\n<a href=\"http:\/\/guaiaca.ufpel.edu.br\/handle\/prefix\/4787\" target=\"_blank\" rel=\"noopener noreferrer\">Reposit\u00f3rio Institucional da UFPel<\/a> \/ <a href=\"http:\/\/guaiaca.ufpel.edu.br\/bitstream\/prefix\/4787\/1\/Ingrid_da_Silva_Torma_Dissertacao.pdf\" target=\"_blank\" rel=\"noopener noreferrer\">Disserta\u00e7\u00e3o<\/a> \/ <a href=\"https:\/\/drive.google.com\/file\/d\/1xQi6Wo0s6cw5qDW4DW1l1Qjazaha1fS3\/view?usp=sharing\" target=\"_blank\" rel=\"noopener noreferrer\">Produto<\/a>\u00a0<\/span><\/td>\n<\/tr>\n<tr style=\"background-color: #c4bdc9;\">\n<td style=\"background-color: #ffffff; text-align: justify; width: 721px;\"><strong>78. Darlan Maurente Rangel<\/strong>\u00a0<strong>&#8211; <\/strong>Defendeu em 11\/03\/2019<br \/>\n<em><strong><b>Ensino de Matem\u00e1tica nos Anos Iniciais: com a palavra as professoras polivalentes de uma escola de Bag\u00e9\/RS. <\/b><\/strong><\/em>Palavras-chave: Pr\u00e1tica Pedag\u00f3gica; Professora Polivalente; Conhecimento Matem\u00e1tico; Forma\u00e7\u00e3o de Professores; Matem\u00e1tica nos anos iniciais.<br \/>\nOrienta\u00e7\u00e3o: Prof. Dr. Ant\u00f4nio Maur\u00edcio Medeiros Alves<br \/>\n<span class=\"text12\"><a href=\"http:\/\/guaiaca.ufpel.edu.br\/handle\/prefix\/4786\" target=\"_blank\" rel=\"noopener noreferrer\">Reposit\u00f3rio Institucional da UFPel<\/a> \/<\/span>\u00a0<a href=\"http:\/\/guaiaca.ufpel.edu.br\/bitstream\/prefix\/4786\/1\/Darlan_Maurente_Rangel_Dissertacao.pdf\" target=\"_blank\" rel=\"noopener noreferrer\">Disserta\u00e7\u00e3o<\/a> \/ <a href=\"http:\/\/guaiaca.ufpel.edu.br\/bitstream\/prefix\/4786\/2\/Darlan_Maurente_Rangel_Produto.pdf\" target=\"_blank\" rel=\"noopener noreferrer\">Produto<\/a><\/td>\n<\/tr>\n<tr style=\"background-color: #ffffff;\">\n<td style=\"background-color: #c4bdc9; width: 721px;\"><span class=\"text12\"><strong>77. Cristina Franz Strelow <\/strong>\u00a0&#8211; Defendeu em 11\/03\/2019<strong><br \/>\n<em>Escritas de Alunos em Aula e a Aprendizagem Matem\u00e1tica. <\/em><\/strong>Palavras-chave: Matem\u00e1tica; Escrita; Caderneta de Metacogni\u00e7\u00e3o; Aprendizagem; Habilidades Metacognitivas.<br \/>\nOrienta\u00e7\u00e3o: Prof. Dr. Ant\u00f4nio Maur\u00edcio Medeiros Alves<\/span><br \/>\n<span class=\"text12\"><a href=\"http:\/\/guaiaca.ufpel.edu.br\/handle\/prefix\/4785\" target=\"_blank\" rel=\"noopener noreferrer\">Reposit\u00f3rio Institucional da UFPel<\/a> \/ <a href=\"http:\/\/guaiaca.ufpel.edu.br\/bitstream\/prefix\/4785\/1\/Cristina_Franz_Strelow_Dissertacao.pdf\" target=\"_blank\" rel=\"noopener noreferrer\">Disserta\u00e7\u00e3o<\/a> \/ <a href=\"http:\/\/guaiaca.ufpel.edu.br\/bitstream\/prefix\/4785\/2\/Cristina_Franz_Strelow_Produto.pdf\" target=\"_blank\" rel=\"noopener noreferrer\">Produto<\/a><\/span><\/td>\n<\/tr>\n<tr style=\"background-color: #c4bdc9;\">\n<td style=\"background-color: #ffffff; width: 721px;\"><span class=\"text12\"><strong>76. <\/strong><strong>Maria Helena de Mello Xavier<\/strong> &#8211; Defendeu em 07\/03\/2019<br \/>\n<em><strong>Ampliando Saberes na Educa\u00e7\u00e3o de Alunos Surdos: uma proposta de unidade de aprendizagem de ci\u00eancias para o ensino fundamental.<\/strong> <\/em>Palavras-chave: Educa\u00e7\u00e3o de Surdos; Reconstru\u00e7\u00e3o de Conhecimentos Cient\u00edficos; Ensino de Ci\u00eancias.<br \/>\nOrienta\u00e7\u00e3o: Prof\u00aa. Dr\u00aa. Rita de C\u00e1ssia Morem C\u00f3ssio Rodriguez<\/span><span class=\"text12\"><br \/>\n<a href=\"http:\/\/guaiaca.ufpel.edu.br\/handle\/prefix\/4783\" target=\"_blank\" rel=\"noopener noreferrer\">Reposit\u00f3rio Institucional da UFPel<\/a> \/ <a href=\"http:\/\/guaiaca.ufpel.edu.br\/bitstream\/prefix\/4783\/1\/Maria_Helena_de_Mello_Xavier_dissertacao.pdf\" target=\"_blank\" rel=\"noopener noreferrer\">Disserta\u00e7\u00e3o <\/a>\/ <a href=\"http:\/\/guaiaca.ufpel.edu.br\/bitstream\/prefix\/4783\/2\/Maria_Helena_de_Mello_Xavier_Produto.pdf\" target=\"_blank\" rel=\"noopener noreferrer\">Produto<\/a><\/span><\/td>\n<\/tr>\n<\/tbody>\n<\/table>\n<p>&nbsp;<\/p>\n","protected":false},"excerpt":{"rendered":"<p>86. Luciana Henzel dos Santos &#8211;\u00a0Defendeu em 18\/10\/2019 Educa\u00e7\u00e3o Sexual no Ensino Fundamental: construindo uma unidade did\u00e1tica. Palavras-chave: Educa\u00e7\u00e3o Sexual; Sexualidade; Ensino Fundamental; Ensino de Ci\u00eancias; Unidade Did\u00e1tica. Orienta\u00e7\u00e3o: Prof\u00aa. Dr\u00aa. Francele de Abreu Carlan Reposit\u00f3rio Institucional da UFPel \/\u00a0Disserta\u00e7\u00e3o \/ Produto 85. C\u00e1tia Gomes da Silva &#8211; Defendeu em 30\/08\/2019 A Educa\u00e7\u00e3o Financeira no [&hellip;]<\/p>\n","protected":false},"author":112,"featured_media":460,"parent":461,"menu_order":0,"comment_status":"closed","ping_status":"closed","template":"","meta":{"footnotes":""},"class_list":["post-1725","page","type-page","status-publish","has-post-thumbnail","hentry"],"yoast_head":"<!-- This site is optimized with the Yoast SEO plugin v26.7 - https:\/\/yoast.com\/wordpress\/plugins\/seo\/ -->\n<title>Defesas 2019 - Programa de P\u00f3s Gradua\u00e7\u00e3o em Ensino de Ci\u00eancias e Matem\u00e1tica - Mestrado Profissional<\/title>\n<meta name=\"robots\" content=\"index, follow, max-snippet:-1, max-image-preview:large, max-video-preview:-1\" \/>\n<link rel=\"canonical\" href=\"https:\/\/wp.ufpel.edu.br\/ppgecm\/dissertacoes-e-produtos\/defesas-2019\/\" \/>\n<meta property=\"og:locale\" content=\"pt_BR\" \/>\n<meta property=\"og:type\" content=\"article\" \/>\n<meta property=\"og:title\" content=\"Defesas 2019 - Programa de P\u00f3s Gradua\u00e7\u00e3o em Ensino de Ci\u00eancias e Matem\u00e1tica - Mestrado Profissional\" \/>\n<meta property=\"og:description\" content=\"86. Luciana Henzel dos Santos &#8211;\u00a0Defendeu em 18\/10\/2019 Educa\u00e7\u00e3o Sexual no Ensino Fundamental: construindo uma unidade did\u00e1tica. Palavras-chave: Educa\u00e7\u00e3o Sexual; Sexualidade; Ensino Fundamental; Ensino de Ci\u00eancias; Unidade Did\u00e1tica. Orienta\u00e7\u00e3o: Prof\u00aa. Dr\u00aa. Francele de Abreu Carlan Reposit\u00f3rio Institucional da UFPel \/\u00a0Disserta\u00e7\u00e3o \/ Produto 85. C\u00e1tia Gomes da Silva &#8211; Defendeu em 30\/08\/2019 A Educa\u00e7\u00e3o Financeira no [&hellip;]\" \/>\n<meta property=\"og:url\" content=\"https:\/\/wp.ufpel.edu.br\/ppgecm\/dissertacoes-e-produtos\/defesas-2019\/\" \/>\n<meta property=\"og:site_name\" content=\"Programa de P\u00f3s Gradua\u00e7\u00e3o em Ensino de Ci\u00eancias e Matem\u00e1tica - Mestrado Profissional\" \/>\n<meta property=\"article:modified_time\" content=\"2025-08-15T19:37:12+00:00\" \/>\n<meta property=\"og:image\" content=\"https:\/\/wp.ufpel.edu.br\/ppgecm\/files\/2016\/05\/logo-ppgecm.png\" \/>\n\t<meta property=\"og:image:width\" content=\"201\" \/>\n\t<meta property=\"og:image:height\" content=\"201\" \/>\n\t<meta property=\"og:image:type\" content=\"image\/png\" \/>\n<meta name=\"twitter:card\" content=\"summary_large_image\" \/>\n<meta name=\"twitter:label1\" content=\"Est. tempo de leitura\" \/>\n\t<meta name=\"twitter:data1\" content=\"4 minutos\" \/>\n<script type=\"application\/ld+json\" class=\"yoast-schema-graph\">{\"@context\":\"https:\/\/schema.org\",\"@graph\":[{\"@type\":\"WebPage\",\"@id\":\"https:\/\/wp.ufpel.edu.br\/ppgecm\/dissertacoes-e-produtos\/defesas-2019\/\",\"url\":\"https:\/\/wp.ufpel.edu.br\/ppgecm\/dissertacoes-e-produtos\/defesas-2019\/\",\"name\":\"Defesas 2019 - Programa de P\u00f3s Gradua\u00e7\u00e3o em Ensino de Ci\u00eancias e Matem\u00e1tica - Mestrado Profissional\",\"isPartOf\":{\"@id\":\"https:\/\/wp.ufpel.edu.br\/ppgecm\/#website\"},\"primaryImageOfPage\":{\"@id\":\"https:\/\/wp.ufpel.edu.br\/ppgecm\/dissertacoes-e-produtos\/defesas-2019\/#primaryimage\"},\"image\":{\"@id\":\"https:\/\/wp.ufpel.edu.br\/ppgecm\/dissertacoes-e-produtos\/defesas-2019\/#primaryimage\"},\"thumbnailUrl\":\"https:\/\/wp.ufpel.edu.br\/ppgecm\/files\/2016\/05\/logo-ppgecm.png\",\"datePublished\":\"2019-09-19T14:35:57+00:00\",\"dateModified\":\"2025-08-15T19:37:12+00:00\",\"breadcrumb\":{\"@id\":\"https:\/\/wp.ufpel.edu.br\/ppgecm\/dissertacoes-e-produtos\/defesas-2019\/#breadcrumb\"},\"inLanguage\":\"pt-BR\",\"potentialAction\":[{\"@type\":\"ReadAction\",\"target\":[\"https:\/\/wp.ufpel.edu.br\/ppgecm\/dissertacoes-e-produtos\/defesas-2019\/\"]}]},{\"@type\":\"ImageObject\",\"inLanguage\":\"pt-BR\",\"@id\":\"https:\/\/wp.ufpel.edu.br\/ppgecm\/dissertacoes-e-produtos\/defesas-2019\/#primaryimage\",\"url\":\"https:\/\/wp.ufpel.edu.br\/ppgecm\/files\/2016\/05\/logo-ppgecm.png\",\"contentUrl\":\"https:\/\/wp.ufpel.edu.br\/ppgecm\/files\/2016\/05\/logo-ppgecm.png\",\"width\":201,\"height\":201},{\"@type\":\"BreadcrumbList\",\"@id\":\"https:\/\/wp.ufpel.edu.br\/ppgecm\/dissertacoes-e-produtos\/defesas-2019\/#breadcrumb\",\"itemListElement\":[{\"@type\":\"ListItem\",\"position\":1,\"name\":\"In\u00edcio\",\"item\":\"https:\/\/wp.ufpel.edu.br\/ppgecm\/\"},{\"@type\":\"ListItem\",\"position\":2,\"name\":\"Disserta\u00e7\u00f5es e Produtos Educacionais\",\"item\":\"https:\/\/wp.ufpel.edu.br\/ppgecm\/dissertacoes-e-produtos\/\"},{\"@type\":\"ListItem\",\"position\":3,\"name\":\"Defesas 2019\"}]},{\"@type\":\"WebSite\",\"@id\":\"https:\/\/wp.ufpel.edu.br\/ppgecm\/#website\",\"url\":\"https:\/\/wp.ufpel.edu.br\/ppgecm\/\",\"name\":\"Programa de P\u00f3s Gradua\u00e7\u00e3o em Ensino de Ci\u00eancias e Matem\u00e1tica - Mestrado Profissional\",\"description\":\"Universidade Federal de Pelotas\",\"potentialAction\":[{\"@type\":\"SearchAction\",\"target\":{\"@type\":\"EntryPoint\",\"urlTemplate\":\"https:\/\/wp.ufpel.edu.br\/ppgecm\/?s={search_term_string}\"},\"query-input\":{\"@type\":\"PropertyValueSpecification\",\"valueRequired\":true,\"valueName\":\"search_term_string\"}}],\"inLanguage\":\"pt-BR\"}]}<\/script>\n<!-- \/ Yoast SEO plugin. -->","yoast_head_json":{"title":"Defesas 2019 - Programa de P\u00f3s Gradua\u00e7\u00e3o em Ensino de Ci\u00eancias e Matem\u00e1tica - Mestrado Profissional","robots":{"index":"index","follow":"follow","max-snippet":"max-snippet:-1","max-image-preview":"max-image-preview:large","max-video-preview":"max-video-preview:-1"},"canonical":"https:\/\/wp.ufpel.edu.br\/ppgecm\/dissertacoes-e-produtos\/defesas-2019\/","og_locale":"pt_BR","og_type":"article","og_title":"Defesas 2019 - Programa de P\u00f3s Gradua\u00e7\u00e3o em Ensino de Ci\u00eancias e Matem\u00e1tica - Mestrado Profissional","og_description":"86. Luciana Henzel dos Santos &#8211;\u00a0Defendeu em 18\/10\/2019 Educa\u00e7\u00e3o Sexual no Ensino Fundamental: construindo uma unidade did\u00e1tica. Palavras-chave: Educa\u00e7\u00e3o Sexual; Sexualidade; Ensino Fundamental; Ensino de Ci\u00eancias; Unidade Did\u00e1tica. Orienta\u00e7\u00e3o: Prof\u00aa. Dr\u00aa. Francele de Abreu Carlan Reposit\u00f3rio Institucional da UFPel \/\u00a0Disserta\u00e7\u00e3o \/ Produto 85. C\u00e1tia Gomes da Silva &#8211; Defendeu em 30\/08\/2019 A Educa\u00e7\u00e3o Financeira no [&hellip;]","og_url":"https:\/\/wp.ufpel.edu.br\/ppgecm\/dissertacoes-e-produtos\/defesas-2019\/","og_site_name":"Programa de P\u00f3s Gradua\u00e7\u00e3o em Ensino de Ci\u00eancias e Matem\u00e1tica - Mestrado Profissional","article_modified_time":"2025-08-15T19:37:12+00:00","og_image":[{"width":201,"height":201,"url":"https:\/\/wp.ufpel.edu.br\/ppgecm\/files\/2016\/05\/logo-ppgecm.png","type":"image\/png"}],"twitter_card":"summary_large_image","twitter_misc":{"Est. tempo de leitura":"4 minutos"},"schema":{"@context":"https:\/\/schema.org","@graph":[{"@type":"WebPage","@id":"https:\/\/wp.ufpel.edu.br\/ppgecm\/dissertacoes-e-produtos\/defesas-2019\/","url":"https:\/\/wp.ufpel.edu.br\/ppgecm\/dissertacoes-e-produtos\/defesas-2019\/","name":"Defesas 2019 - Programa de P\u00f3s Gradua\u00e7\u00e3o em Ensino de Ci\u00eancias e Matem\u00e1tica - Mestrado Profissional","isPartOf":{"@id":"https:\/\/wp.ufpel.edu.br\/ppgecm\/#website"},"primaryImageOfPage":{"@id":"https:\/\/wp.ufpel.edu.br\/ppgecm\/dissertacoes-e-produtos\/defesas-2019\/#primaryimage"},"image":{"@id":"https:\/\/wp.ufpel.edu.br\/ppgecm\/dissertacoes-e-produtos\/defesas-2019\/#primaryimage"},"thumbnailUrl":"https:\/\/wp.ufpel.edu.br\/ppgecm\/files\/2016\/05\/logo-ppgecm.png","datePublished":"2019-09-19T14:35:57+00:00","dateModified":"2025-08-15T19:37:12+00:00","breadcrumb":{"@id":"https:\/\/wp.ufpel.edu.br\/ppgecm\/dissertacoes-e-produtos\/defesas-2019\/#breadcrumb"},"inLanguage":"pt-BR","potentialAction":[{"@type":"ReadAction","target":["https:\/\/wp.ufpel.edu.br\/ppgecm\/dissertacoes-e-produtos\/defesas-2019\/"]}]},{"@type":"ImageObject","inLanguage":"pt-BR","@id":"https:\/\/wp.ufpel.edu.br\/ppgecm\/dissertacoes-e-produtos\/defesas-2019\/#primaryimage","url":"https:\/\/wp.ufpel.edu.br\/ppgecm\/files\/2016\/05\/logo-ppgecm.png","contentUrl":"https:\/\/wp.ufpel.edu.br\/ppgecm\/files\/2016\/05\/logo-ppgecm.png","width":201,"height":201},{"@type":"BreadcrumbList","@id":"https:\/\/wp.ufpel.edu.br\/ppgecm\/dissertacoes-e-produtos\/defesas-2019\/#breadcrumb","itemListElement":[{"@type":"ListItem","position":1,"name":"In\u00edcio","item":"https:\/\/wp.ufpel.edu.br\/ppgecm\/"},{"@type":"ListItem","position":2,"name":"Disserta\u00e7\u00f5es e Produtos Educacionais","item":"https:\/\/wp.ufpel.edu.br\/ppgecm\/dissertacoes-e-produtos\/"},{"@type":"ListItem","position":3,"name":"Defesas 2019"}]},{"@type":"WebSite","@id":"https:\/\/wp.ufpel.edu.br\/ppgecm\/#website","url":"https:\/\/wp.ufpel.edu.br\/ppgecm\/","name":"Programa de P\u00f3s Gradua\u00e7\u00e3o em Ensino de Ci\u00eancias e Matem\u00e1tica - Mestrado Profissional","description":"Universidade Federal de Pelotas","potentialAction":[{"@type":"SearchAction","target":{"@type":"EntryPoint","urlTemplate":"https:\/\/wp.ufpel.edu.br\/ppgecm\/?s={search_term_string}"},"query-input":{"@type":"PropertyValueSpecification","valueRequired":true,"valueName":"search_term_string"}}],"inLanguage":"pt-BR"}]}},"_links":{"self":[{"href":"https:\/\/wp.ufpel.edu.br\/ppgecm\/wp-json\/wp\/v2\/pages\/1725","targetHints":{"allow":["GET"]}}],"collection":[{"href":"https:\/\/wp.ufpel.edu.br\/ppgecm\/wp-json\/wp\/v2\/pages"}],"about":[{"href":"https:\/\/wp.ufpel.edu.br\/ppgecm\/wp-json\/wp\/v2\/types\/page"}],"author":[{"embeddable":true,"href":"https:\/\/wp.ufpel.edu.br\/ppgecm\/wp-json\/wp\/v2\/users\/112"}],"replies":[{"embeddable":true,"href":"https:\/\/wp.ufpel.edu.br\/ppgecm\/wp-json\/wp\/v2\/comments?post=1725"}],"version-history":[{"count":4,"href":"https:\/\/wp.ufpel.edu.br\/ppgecm\/wp-json\/wp\/v2\/pages\/1725\/revisions"}],"predecessor-version":[{"id":3142,"href":"https:\/\/wp.ufpel.edu.br\/ppgecm\/wp-json\/wp\/v2\/pages\/1725\/revisions\/3142"}],"up":[{"embeddable":true,"href":"https:\/\/wp.ufpel.edu.br\/ppgecm\/wp-json\/wp\/v2\/pages\/461"}],"wp:featuredmedia":[{"embeddable":true,"href":"https:\/\/wp.ufpel.edu.br\/ppgecm\/wp-json\/wp\/v2\/media\/460"}],"wp:attachment":[{"href":"https:\/\/wp.ufpel.edu.br\/ppgecm\/wp-json\/wp\/v2\/media?parent=1725"}],"curies":[{"name":"wp","href":"https:\/\/api.w.org\/{rel}","templated":true}]}}