{"id":1089,"date":"2017-05-26T10:04:49","date_gmt":"2017-05-26T13:04:49","guid":{"rendered":"https:\/\/wp.ufpel.edu.br\/ppgecm\/?page_id=1089"},"modified":"2025-09-26T16:29:55","modified_gmt":"2025-09-26T19:29:55","slug":"defesas-2017","status":"publish","type":"page","link":"https:\/\/wp.ufpel.edu.br\/ppgecm\/dissertacoes-e-produtos\/defesas-2017\/","title":{"rendered":"Defesas 2017"},"content":{"rendered":"<table style=\"height: 299px; background-color: #ffffff;\" border=\"0\" width=\"739\" cellspacing=\"8\" cellpadding=\"0\">\n<tbody>\n<tr style=\"background-color: #ffffff;\">\n<td style=\"background-color: #c4bdc9; text-align: justify;\"><span class=\"text12\"><strong>63. Andr\u00e9 Laurence Freitas dos Santos<\/strong>\u00a0&#8211; Defendeu em 22\/12\/2017<strong><br \/>\n<em>Impactos e Possibilidades da Forma\u00e7\u00e3o Continuada de Professores: um estudo de caso na regi\u00e3o de Camaqu\u00e3.\u00a0<\/em><\/strong>Palavras-chave:<br \/>\nOrienta\u00e7\u00e3o: Prof\u00aa. Dr\u00aa.\u00a0Denise Nascimento Silveira<br \/>\n<a href=\"http:\/\/guaiaca.ufpel.edu.br\/handle\/prefix\/4438\" target=\"_blank\" rel=\"noopener\">Reposit\u00f3rio Institucional da UFPel<\/a> \/ <a href=\"http:\/\/guaiaca.ufpel.edu.br\/bitstream\/prefix\/4438\/1\/Disserta%c3%a7%c3%a3o.pdf\" target=\"_blank\" rel=\"noopener\">Disserta\u00e7\u00e3o<\/a> \/ <a href=\"http:\/\/guaiaca.ufpel.edu.br\/bitstream\/prefix\/4438\/2\/Produto.pdf\" target=\"_blank\" rel=\"noopener\">Produto<\/a><\/span><\/td>\n<\/tr>\n<tr style=\"background-color: #ffffff;\">\n<td style=\"text-align: justify;\"><span class=\"text12\"><strong>62. Alesandra Lange Marten<\/strong> &#8211; Defendeu em 19\/12\/2017<strong><br \/>\n<em>Prazer de Brincar: entre o anal\u00f3gico e o digital \u2013 crian\u00e7as da Educa\u00e7\u00e3o Infantil.\u00a0<\/em><\/strong>Palavras-chave:<br \/>\nOrienta\u00e7\u00e3o: Prof\u00aa. Dr\u00aa.\u00a0Ros\u00e1ria Ilgenfritz Sperotto<br \/>\n<a href=\"http:\/\/guaiaca.ufpel.edu.br\/handle\/prefix\/4437\" target=\"_blank\" rel=\"noopener\">Reposit\u00f3rio Institucional da UFPel<\/a> \/\u00a0<a href=\"http:\/\/guaiaca.ufpel.edu.br\/bitstream\/prefix\/4437\/1\/disserta%c3%a7%c3%a3o%2013%20de%20mar%c3%a7ro.pdf\" target=\"_blank\" rel=\"noopener\">Disserta\u00e7\u00e3o<\/a> \/ <a href=\"http:\/\/guaiaca.ufpel.edu.br\/handle\/prefix\/4437\" target=\"_blank\" rel=\"noopener\">Produto<\/a><\/span><\/td>\n<\/tr>\n<tr style=\"background-color: #ffffff;\">\n<td style=\"background-color: #c4bdc9; text-align: justify;\"><span class=\"text12\"><strong>61. Anelize Cardoso da Gama<\/strong> &#8211; Defendeu em 15\/12\/2017<strong><br \/>\n<em>An\u00e1lise de uma Hip\u00f3tese Curricular Desenvolvida no Ensino M\u00e9dio Polit\u00e9cnico com Enfoque CTS (Ci\u00eancia, Tecnologia e Sociedade): aprendizagens constru\u00eddas.\u00a0<\/em><\/strong>Palavras-chave:<br \/>\nOrienta\u00e7\u00e3o: Prof. Dr.\u00a0Verno Kr\u00fcger<br \/>\n<a href=\"http:\/\/guaiaca.ufpel.edu.br\/handle\/prefix\/4439\" target=\"_blank\" rel=\"noopener\">Reposit\u00f3rio Institucional da UFPel<\/a> \/ <a href=\"http:\/\/guaiaca.ufpel.edu.br\/bitstream\/prefix\/4439\/1\/ANELIZE%20CARDOSO%20DA%20GAMA-%20PPGECM-2018.pdf\" target=\"_blank\" rel=\"noopener\">Disserta\u00e7\u00e3o<\/a> \/ <a href=\"http:\/\/guaiaca.ufpel.edu.br\/bitstream\/prefix\/4439\/2\/PRODUTOFINAL%20DEFESA14DEZEMBRO.pdf\" target=\"_blank\" rel=\"noopener\">Produto<\/a><\/span><\/td>\n<\/tr>\n<tr style=\"background-color: #ffffff;\">\n<td style=\"text-align: justify;\"><span class=\"text12\"><strong>60. Gerson Scherdien Altenburg\u00a0 <\/strong>&#8211; Defendeu em 31\/10\/2017<strong><br \/>\n<em>Contextualizando Cultura e Tecnologia: um estudo Etnomatem\u00e1tico articulado ao ensino de Geometria.\u00a0<\/em><\/strong>Palavras-chave:\u00a0Cultura; Etnomatem\u00e1tica; GeoGebra; Arquitetura; Geometria.<br \/>\nOrienta\u00e7\u00e3o: Prof. Dr.\u00a0Andr\u00e9 Luis Andrejew Ferreira<br \/>\n<a href=\"http:\/\/guaiaca.ufpel.edu.br\/handle\/prefix\/3784\" target=\"_blank\" rel=\"noopener\">Reposit\u00f3rio Institucional da UFPel<\/a> \/\u00a0<a href=\"http:\/\/guaiaca.ufpel.edu.br\/handle\/prefix\/3784\" target=\"_blank\" rel=\"noopener\">Disserta\u00e7\u00e3o<\/a> \/ <a href=\"http:\/\/guaiaca.ufpel.edu.br\/bitstream\/prefix\/3784\/2\/Gerson_Scherdien_Altenburg_Produto.pdf\" target=\"_blank\" rel=\"noopener\">Produto<\/a><\/span><\/td>\n<\/tr>\n<tr style=\"background-color: #ffffff;\">\n<td style=\"background-color: #c4bdc9; text-align: justify;\"><span class=\"text12\"><strong>59. Patr\u00edcia dos Santos Schneid<\/strong> &#8211; Defendeu em 10\/10\/2017<strong><br \/>\n<em>An\u00e1lise das atividades experimentais de uma cole\u00e7\u00e3o de livros did\u00e1ticos de Ci\u00eancias utilizados em escolas p\u00fablicas.\u00a0<\/em><\/strong>Palavras-chave:\u00a0Ensino de Ci\u00eancias; experimenta\u00e7\u00e3o; Ensino pela Pesquisa.<br \/>\nOrienta\u00e7\u00e3o: Prof\u00aa. Dr\u00aa.\u00a0Alzira Yamasaki<br \/>\n<a href=\"http:\/\/guaiaca.ufpel.edu.br\/handle\/prefix\/4052\" target=\"_blank\" rel=\"noopener\">Reposit\u00f3rio Institucional da UFPel<\/a> \/\u00a0<a href=\"http:\/\/guaiaca.ufpel.edu.br\/bitstream\/prefix\/4052\/1\/Patr%c3%adcia_Santos_Schneid_Disserta%c3%a7%c3%a3o.pdf\" target=\"_blank\" rel=\"noopener\">Disserta\u00e7\u00e3o<\/a> \/ <a href=\"http:\/\/guaiaca.ufpel.edu.br\/bitstream\/prefix\/4052\/2\/Patr%c3%adcia_Santos_Schneid_Produto.pdf\" target=\"_blank\" rel=\"noopener\">Produto<\/a><\/span><\/td>\n<\/tr>\n<tr style=\"background-color: #ffffff;\">\n<td style=\"background-color: #ffffff; text-align: justify;\"><span class=\"text12\"><strong>58. Carla Adelina In\u00e1cio de Oliveira<\/strong> &#8211; Defesa agendada para 03\/10\/2017<strong><br \/>\n<em>A Tecnologia como Projeto de Trabalho: estrat\u00e9gia de ensino e de aprendizagem de Ci\u00eancias no 9\u00ba Ano do Ensino Fundamental.\u00a0<\/em><\/strong>Palavras-chave:<strong><em>\u00a0<\/em><\/strong>projeto de trabalho, tecnologia, ensino de Ci\u00eancias, an\u00e1lise microgen\u00e9tica, aprendizagem.<br \/>\nOrienta\u00e7\u00e3o: Prof\u00aa. Dr\u00aa.\u00a0Maira Ferreira<\/span><br \/>\n<span class=\"text12\">Co-orienta\u00e7\u00e3o: Prof. Dr. F\u00e1bio Andr\u00e9 Sangiogo<br \/>\n<a href=\"http:\/\/guaiaca.ufpel.edu.br\/handle\/prefix\/3780\" target=\"_blank\" rel=\"noopener\">Reposit\u00f3rio Institucional da UFPel<\/a><\/span><\/td>\n<\/tr>\n<tr style=\"background-color: #ffffff;\">\n<td style=\"background-color: #c4bdc9; text-align: justify;\"><span class=\"text12\"><strong>57. B\u00e1rbara Cristina Dias dos Santos <\/strong>&#8211; Defendeu em 03\/10\/2017<strong><br \/>\n<em>O Ensino de Qu\u00edmica em um Curso de Educa\u00e7\u00e3o Popular Preparat\u00f3rio para o ENEM.\u00a0<\/em><\/strong>Palavras-chave:\u00a0Contextualiza\u00e7\u00e3o, Ensino de Qu\u00edmica, ENEM.<br \/>\nOrienta\u00e7\u00e3o: Prof\u00aa. Dr\u00aa.\u00a0Maira Ferreira<br \/>\n<a href=\"http:\/\/guaiaca.ufpel.edu.br\/handle\/prefix\/3778\" target=\"_blank\" rel=\"noopener\">Reposit\u00f3rio Institucional da UFPel<\/a><\/span><\/td>\n<\/tr>\n<tr style=\"background-color: #ffffff;\">\n<td style=\"background-color: #ffffff; text-align: justify;\"><span class=\"text12\"><strong>56. Fabiane Rodrigues Viana <\/strong>&#8211; Defendeu em\u00a024\/08\/2017<strong><br \/>\n<em>O Uso de Portf\u00f3lios na Avalia\u00e7\u00e3o em Matem\u00e1tica como Motivador para Escrita dos Alunos sobre sua Aprendizagem e Reflex\u00e3o da Pr\u00e1tica Pedag\u00f3gica.\u00a0<\/em><\/strong>Palavras-chave:\u00a0portf\u00f3lio; avalia\u00e7\u00e3o; matem\u00e1tica; ensino fundamental; escrita.<br \/>\nOrienta\u00e7\u00e3o: Prof\u00aa. Dr\u00aa. Maria de F\u00e1tima Duarte Martins<\/span><br \/>\n<span class=\"text12\"><a href=\"http:\/\/guaiaca.ufpel.edu.br\/handle\/prefix\/3783\" target=\"_blank\" rel=\"noopener\">Reposit\u00f3rio Institucional da UFPel<\/a><\/span><\/td>\n<\/tr>\n<tr style=\"background-color: #ffffff;\">\n<td style=\"background-color: #c4bdc9; text-align: justify;\"><span class=\"text12\"><strong>55. Aline Gonzalez Saller <\/strong>&#8211; Defendeu em\u00a018\/08\/2017<strong><br \/>\n<em>Produ\u00e7\u00e3o de recursos explorando a visualidade no ensino de frutifica\u00e7\u00e3o: uma abordagem para alunos surdos.<\/em><\/strong><em>\u00a0<\/em>Palavras-chave:<strong><em>\u00a0<\/em><\/strong>Gloss\u00e1rio em Libras; Ensino de bot\u00e2nica; Frutifica\u00e7\u00e3o; Alunos surdos.<br \/>\nOrienta\u00e7\u00e3o: Prof\u00aa. Dr\u00aa.\u00a0Leila de F\u00e1tima Nogueira Macias<\/span><br \/>\n<span class=\"text12\">Co-orienta\u00e7\u00e3o: Prof\u00aa. Dr\u00aa. Rita de C\u00e1ssia Morem C\u00f3ssio Rodriguez<br \/>\n<a href=\"http:\/\/guaiaca.ufpel.edu.br\/handle\/prefix\/4050\" target=\"_blank\" rel=\"noopener\">Reposit\u00f3rio Institucional da UFPel<\/a><br \/>\n<\/span><\/td>\n<\/tr>\n<tr style=\"background-color: #ffffff;\">\n<td style=\"background-color: #ffffff; text-align: justify;\"><span class=\"text12\"><strong>54. Daniel Keglis de Sousa<\/strong> &#8211; Defendeu em\u00a015\/08\/2017<strong><br \/>\n<em>Utiliza\u00e7\u00e3o e integra\u00e7\u00e3o das Tecnologias Digitais de Informa\u00e7\u00e3o e Comunica\u00e7\u00e3o nos processos de ensino: um estudo a partir da capacita\u00e7\u00e3o do PROMIDIAS<\/em>. <\/strong>Palavras-chave:\u00a0forma\u00e7\u00e3o de professores; TDIC; integra\u00e7\u00e3o; taxonomia de Bloom; aprendizagem.<br \/>\nOrienta\u00e7\u00e3o: Prof. Dr.\u00a0Andr\u00e9 Luis Andrejew Ferreira<br \/>\n<a href=\"http:\/\/guaiaca.ufpel.edu.br\/handle\/prefix\/3782\" target=\"_blank\" rel=\"noopener\">Reposit\u00f3rio Institucional da UFPel<\/a> \/\u00a0<a href=\"http:\/\/guaiaca.ufpel.edu.br\/bitstream\/prefix\/3782\/1\/Daniel_Keglis_Sousa_Disserta%c3%a7%c3%a3o.pdf\" target=\"_blank\" rel=\"noopener\">Disserta\u00e7\u00e3o<\/a> \/ <a href=\"http:\/\/guaiaca.ufpel.edu.br\/bitstream\/prefix\/3782\/2\/Daniel_Keglis_Sousa_Produto.pdf\" target=\"_blank\" rel=\"noopener\">Produto<\/a><\/span><\/td>\n<\/tr>\n<tr style=\"background-color: #ffffff;\">\n<td style=\"background-color: #c4bdc9; text-align: justify;\"><span class=\"text12\"><strong>53. Ane Maciel Dias <\/strong>&#8211; Defendeu em\u00a011\/08\/2017<strong><br \/>\n<em>A Inlcus\u00e3o de Alunos com Transtorno do Espectro do Autismo (S\u00edndrome de Asperger): uma proposta para o ensino de qu\u00edmica.\u00a0<\/em><\/strong>Palavras-chave:\u00a0ensino de qu\u00edmica; transtorno do Espectro do Autismo-S\u00edndrome de Asperger; ensino m\u00e9dio; educa\u00e7\u00e3o Inclusiva<br \/>\nOrienta\u00e7\u00e3o: Prof\u00aa. Dr\u00aa.\u00a0Rita de C\u00e1ssia Morem C\u00f3ssio Rodriguez<\/span><br \/>\n<span class=\"text12\">Co-orienta\u00e7\u00e3o: Prof\u00aa. Dr\u00aa. Francele de Abreu Carlan<br \/>\n<a href=\"http:\/\/guaiaca.ufpel.edu.br\/handle\/prefix\/4051\" target=\"_blank\" rel=\"noopener\">Reposit\u00f3rio Institucional da UFPel<\/a> \/\u00a0<a href=\"http:\/\/guaiaca.ufpel.edu.br\/bitstream\/prefix\/4051\/1\/Ane_Maciel_Dias_Disserta%c3%a7%c3%a3o.pdf\" target=\"_blank\" rel=\"noopener\">Disserta\u00e7\u00e3o<\/a> \/ <a href=\"http:\/\/guaiaca.ufpel.edu.br\/handle\/prefix\/4051\" target=\"_blank\" rel=\"noopener\">Produto<\/a><\/span><\/td>\n<\/tr>\n<tr style=\"background-color: #ffffff;\">\n<td style=\"background-color: #ffffff; text-align: justify;\"><span class=\"text12\"><strong>52. Jos\u00e9 Francisco Duran Vieira\u00a0<\/strong>&#8211; Defendeu em\u00a021\/06\/2017<strong><br \/>\n<em>O Homoerotismo na Literatura Infantil: an\u00e1lises e reflex\u00f5es sobre as hist\u00f3rias n\u00e3o contadas na hora do conto. <\/em><\/strong>Palavras-chave: literatura infantil, homoerotismo, educa\u00e7\u00e3o<\/span><br \/>\n<span class=\"text12\">Orienta\u00e7\u00e3o: Prof\u00aa. Dr\u00aa.\u00a0Maria de F\u00e1tima Duarte Martins<br \/>\n<a href=\"http:\/\/guaiaca.ufpel.edu.br\/handle\/prefix\/3743\" target=\"_blank\" rel=\"noopener\">Reposit\u00f3rio Institucional da UFPel<\/a><br \/>\n<\/span><\/td>\n<\/tr>\n<tr style=\"background-color: #ffffff;\">\n<td style=\"background-color: #c4bdc9; text-align: justify;\"><span class=\"text12\"><strong>51. <\/strong><strong>Beatriz\u00a0Munhoz Pereira Farias<\/strong>\u00a0&#8211; Defendeu em\u00a026\/05\/2017<br \/>\n<strong><em>\u00c1gua como Tem\u00e1tica no Ensino de Qu\u00edmica na Educa\u00e7\u00e3o de Jovens e Adultos.<\/em><\/strong> Palavras-chave:\u00a0Ensino de qu\u00edmica; Unidade de Aprendizagem; Tem\u00e1tica \u00c1gua.<br \/>\nOrienta\u00e7\u00e3o: Prof. Dr.\u00a0Verno Kr\u00fcger<br \/>\n<a href=\"https:\/\/guaiaca.ufpel.edu.br\/handle\/prefix\/3779\" target=\"_blank\" rel=\"noopener\">Reposit\u00f3rio Institucional da UFPel<\/a> \/\u00a0<a href=\"http:\/\/guaiaca.ufpel.edu.br\/bitstream\/prefix\/3779\/1\/Beatriz_Munhoz_Pereira_Farias_Disserta%c3%a7%c3%a3o.pdf\" target=\"_blank\" rel=\"noopener\">Disserta\u00e7\u00e3o<\/a> \/ <a href=\"http:\/\/guaiaca.ufpel.edu.br\/bitstream\/prefix\/3779\/2\/Beatriz_Munhoz_Pereira_Farias_Produto.pdf\" target=\"_blank\" rel=\"noopener\">Produto<\/a><\/span><\/td>\n<\/tr>\n<tr style=\"background-color: #c4bdc9;\">\n<td style=\"background-color: #ffffff; text-align: justify;\"><strong>50. Ivan Britto Barreto<\/strong>\u00a0<strong>&#8211; <\/strong>Defendeu em\u00a020\/03\/2017<br \/>\n<em><strong><b>Lino de Jesus Soares: uma hist\u00f3ria de vida<\/b>.<\/strong> <\/em>Palavras-chave:\u00a0Hist\u00f3ria de vida, Entrevista, Conhecimento Matem\u00e1tico, Lino de Jesus Soares.<br \/>\nOrienta\u00e7\u00e3o: Prof\u00aa. Dr\u00aa. Denise Nascimento Silveira<br \/>\nCo-orienta\u00e7\u00e3o: Prof. Dr. Rafael Montoito Teixeira<br \/>\n<a href=\"http:\/\/guaiaca.ufpel.edu.br\/handle\/prefix\/3785\" target=\"_blank\" rel=\"noopener\">Reposit\u00f3rio Institucional da UFPel<\/a><\/td>\n<\/tr>\n<tr style=\"background-color: #ffffff;\">\n<td style=\"background-color: #c4bdc9;\"><span class=\"text12\"><strong>49. Cristiane dos Santos Silveira\u00a0<\/strong>\u00a0&#8211; Defendeu em\u00a021\/03\/2017<strong><br \/>\n<em><b>A Escola como Locus de Forma\u00e7\u00e3o: uma proposta de desenvolvimento profissional docente<\/b>. <\/em><\/strong>Palavras-chave:\u00a0Forma\u00e7\u00e3o Continuada; Reflex\u00e3o; Autoconhecimento; Obst\u00e1culos Pr\u00e1ticos; Saberes Docentes; Escola Reflexiva.<br \/>\nOrienta\u00e7\u00e3o: Prof. Dr.\u00a0Verno Kr\u00fcger<\/span><br \/>\n<span class=\"text12\"><a href=\"http:\/\/guaiaca.ufpel.edu.br\/handle\/prefix\/3781\" target=\"_blank\" rel=\"noopener\">Reposit\u00f3rio Institucional da UFPel<\/a> \/\u00a0<a href=\"http:\/\/guaiaca.ufpel.edu.br\/bitstream\/prefix\/3781\/1\/Cristiane_Santos_Silveira_Disserta%c3%a7%c3%a3o.pdf\" target=\"_blank\" rel=\"noopener\">Disserta\u00e7\u00e3o<\/a> \/ <a href=\"http:\/\/guaiaca.ufpel.edu.br\/bitstream\/prefix\/3781\/2\/Cristiane_Santos_Silveira_Produto.pdf\" target=\"_blank\" rel=\"noopener\">Produto<\/a><\/span><\/td>\n<\/tr>\n<tr style=\"background-color: #c4bdc9;\">\n<td style=\"background-color: #ffffff;\"><span class=\"text12\"><strong>48. <\/strong><strong>Leonardo\u00a0Nogueira Zanchetta<\/strong>\u00a0&#8211; Defendeu em\u00a017\/03\/2017<br \/>\n<em><strong><b>Unidade Did\u00e1tica para o Ensino de Biologia usando a Evolu\u00e7\u00e3o como Eixo Integrador<\/b>.<\/strong> <\/em>Palavras-chave:\u00a0Evolu\u00e7\u00e3o, Ensino de Biologia, Eixo Integrador.<br \/>\nOrienta\u00e7\u00e3o: Prof\u00aa. Dr\u00aa.\u00a0Rita de C\u00e1ssia Morem C\u00f3ssio Rodriguez<\/span><br \/>\n<span class=\"text12\">Co-orienta\u00e7\u00e3o: Prof\u00aa. Dr\u00aa. Francele de Abreu Carlan<br \/>\n<a href=\"http:\/\/guaiaca.ufpel.edu.br\/handle\/prefix\/3744\" target=\"_blank\" rel=\"noopener\">Reposit\u00f3rio Institucional da UFPel<\/a> \/\u00a0<a href=\"http:\/\/guaiaca.ufpel.edu.br\/bitstream\/prefix\/3744\/1\/Leonardo_Nogueira_Zanchetta_Disserta%c3%a7%c3%a3o.pdf\" target=\"_blank\" rel=\"noopener\">Disserta\u00e7\u00e3o<\/a> \/ <a href=\"http:\/\/guaiaca.ufpel.edu.br\/bitstream\/prefix\/3744\/2\/Leonardo_Nogueira_Zanchetta_Produto.pdf\" target=\"_blank\" rel=\"noopener\">Produto<\/a><\/span><\/td>\n<\/tr>\n<\/tbody>\n<\/table>\n<p>&nbsp;<\/p>\n","protected":false},"excerpt":{"rendered":"<p>63. Andr\u00e9 Laurence Freitas dos Santos\u00a0&#8211; Defendeu em 22\/12\/2017 Impactos e Possibilidades da Forma\u00e7\u00e3o Continuada de Professores: um estudo de caso na regi\u00e3o de Camaqu\u00e3.\u00a0Palavras-chave: Orienta\u00e7\u00e3o: Prof\u00aa. Dr\u00aa.\u00a0Denise Nascimento Silveira Reposit\u00f3rio Institucional da UFPel \/ Disserta\u00e7\u00e3o \/ Produto 62. Alesandra Lange Marten &#8211; Defendeu em 19\/12\/2017 Prazer de Brincar: entre o anal\u00f3gico e o digital [&hellip;]<\/p>\n","protected":false},"author":112,"featured_media":0,"parent":461,"menu_order":0,"comment_status":"closed","ping_status":"closed","template":"","meta":{"footnotes":""},"class_list":["post-1089","page","type-page","status-publish","hentry"],"yoast_head":"<!-- This site is optimized with the Yoast SEO plugin v26.7 - https:\/\/yoast.com\/wordpress\/plugins\/seo\/ -->\n<title>Defesas 2017 - Programa de P\u00f3s Gradua\u00e7\u00e3o em Ensino de Ci\u00eancias e Matem\u00e1tica - Mestrado Profissional<\/title>\n<meta name=\"robots\" content=\"index, follow, max-snippet:-1, max-image-preview:large, max-video-preview:-1\" \/>\n<link rel=\"canonical\" href=\"https:\/\/wp.ufpel.edu.br\/ppgecm\/dissertacoes-e-produtos\/defesas-2017\/\" \/>\n<meta property=\"og:locale\" content=\"pt_BR\" \/>\n<meta property=\"og:type\" content=\"article\" \/>\n<meta property=\"og:title\" content=\"Defesas 2017 - Programa de P\u00f3s Gradua\u00e7\u00e3o em Ensino de Ci\u00eancias e Matem\u00e1tica - Mestrado Profissional\" \/>\n<meta property=\"og:description\" content=\"63. Andr\u00e9 Laurence Freitas dos Santos\u00a0&#8211; Defendeu em 22\/12\/2017 Impactos e Possibilidades da Forma\u00e7\u00e3o Continuada de Professores: um estudo de caso na regi\u00e3o de Camaqu\u00e3.\u00a0Palavras-chave: Orienta\u00e7\u00e3o: Prof\u00aa. Dr\u00aa.\u00a0Denise Nascimento Silveira Reposit\u00f3rio Institucional da UFPel \/ Disserta\u00e7\u00e3o \/ Produto 62. Alesandra Lange Marten &#8211; Defendeu em 19\/12\/2017 Prazer de Brincar: entre o anal\u00f3gico e o digital [&hellip;]\" \/>\n<meta property=\"og:url\" content=\"https:\/\/wp.ufpel.edu.br\/ppgecm\/dissertacoes-e-produtos\/defesas-2017\/\" \/>\n<meta property=\"og:site_name\" content=\"Programa de P\u00f3s Gradua\u00e7\u00e3o em Ensino de Ci\u00eancias e Matem\u00e1tica - Mestrado Profissional\" \/>\n<meta property=\"article:modified_time\" content=\"2025-09-26T19:29:55+00:00\" \/>\n<meta name=\"twitter:card\" content=\"summary_large_image\" \/>\n<meta name=\"twitter:label1\" content=\"Est. tempo de leitura\" \/>\n\t<meta name=\"twitter:data1\" content=\"5 minutos\" \/>\n<script type=\"application\/ld+json\" class=\"yoast-schema-graph\">{\"@context\":\"https:\/\/schema.org\",\"@graph\":[{\"@type\":\"WebPage\",\"@id\":\"https:\/\/wp.ufpel.edu.br\/ppgecm\/dissertacoes-e-produtos\/defesas-2017\/\",\"url\":\"https:\/\/wp.ufpel.edu.br\/ppgecm\/dissertacoes-e-produtos\/defesas-2017\/\",\"name\":\"Defesas 2017 - Programa de P\u00f3s Gradua\u00e7\u00e3o em Ensino de Ci\u00eancias e Matem\u00e1tica - Mestrado Profissional\",\"isPartOf\":{\"@id\":\"https:\/\/wp.ufpel.edu.br\/ppgecm\/#website\"},\"datePublished\":\"2017-05-26T13:04:49+00:00\",\"dateModified\":\"2025-09-26T19:29:55+00:00\",\"breadcrumb\":{\"@id\":\"https:\/\/wp.ufpel.edu.br\/ppgecm\/dissertacoes-e-produtos\/defesas-2017\/#breadcrumb\"},\"inLanguage\":\"pt-BR\",\"potentialAction\":[{\"@type\":\"ReadAction\",\"target\":[\"https:\/\/wp.ufpel.edu.br\/ppgecm\/dissertacoes-e-produtos\/defesas-2017\/\"]}]},{\"@type\":\"BreadcrumbList\",\"@id\":\"https:\/\/wp.ufpel.edu.br\/ppgecm\/dissertacoes-e-produtos\/defesas-2017\/#breadcrumb\",\"itemListElement\":[{\"@type\":\"ListItem\",\"position\":1,\"name\":\"In\u00edcio\",\"item\":\"https:\/\/wp.ufpel.edu.br\/ppgecm\/\"},{\"@type\":\"ListItem\",\"position\":2,\"name\":\"Disserta\u00e7\u00f5es e Produtos Educacionais\",\"item\":\"https:\/\/wp.ufpel.edu.br\/ppgecm\/dissertacoes-e-produtos\/\"},{\"@type\":\"ListItem\",\"position\":3,\"name\":\"Defesas 2017\"}]},{\"@type\":\"WebSite\",\"@id\":\"https:\/\/wp.ufpel.edu.br\/ppgecm\/#website\",\"url\":\"https:\/\/wp.ufpel.edu.br\/ppgecm\/\",\"name\":\"Programa de P\u00f3s Gradua\u00e7\u00e3o em Ensino de Ci\u00eancias e Matem\u00e1tica - Mestrado Profissional\",\"description\":\"Universidade Federal de Pelotas\",\"potentialAction\":[{\"@type\":\"SearchAction\",\"target\":{\"@type\":\"EntryPoint\",\"urlTemplate\":\"https:\/\/wp.ufpel.edu.br\/ppgecm\/?s={search_term_string}\"},\"query-input\":{\"@type\":\"PropertyValueSpecification\",\"valueRequired\":true,\"valueName\":\"search_term_string\"}}],\"inLanguage\":\"pt-BR\"}]}<\/script>\n<!-- \/ Yoast SEO plugin. -->","yoast_head_json":{"title":"Defesas 2017 - Programa de P\u00f3s Gradua\u00e7\u00e3o em Ensino de Ci\u00eancias e Matem\u00e1tica - Mestrado Profissional","robots":{"index":"index","follow":"follow","max-snippet":"max-snippet:-1","max-image-preview":"max-image-preview:large","max-video-preview":"max-video-preview:-1"},"canonical":"https:\/\/wp.ufpel.edu.br\/ppgecm\/dissertacoes-e-produtos\/defesas-2017\/","og_locale":"pt_BR","og_type":"article","og_title":"Defesas 2017 - Programa de P\u00f3s Gradua\u00e7\u00e3o em Ensino de Ci\u00eancias e Matem\u00e1tica - Mestrado Profissional","og_description":"63. Andr\u00e9 Laurence Freitas dos Santos\u00a0&#8211; Defendeu em 22\/12\/2017 Impactos e Possibilidades da Forma\u00e7\u00e3o Continuada de Professores: um estudo de caso na regi\u00e3o de Camaqu\u00e3.\u00a0Palavras-chave: Orienta\u00e7\u00e3o: Prof\u00aa. Dr\u00aa.\u00a0Denise Nascimento Silveira Reposit\u00f3rio Institucional da UFPel \/ Disserta\u00e7\u00e3o \/ Produto 62. Alesandra Lange Marten &#8211; Defendeu em 19\/12\/2017 Prazer de Brincar: entre o anal\u00f3gico e o digital [&hellip;]","og_url":"https:\/\/wp.ufpel.edu.br\/ppgecm\/dissertacoes-e-produtos\/defesas-2017\/","og_site_name":"Programa de P\u00f3s Gradua\u00e7\u00e3o em Ensino de Ci\u00eancias e Matem\u00e1tica - Mestrado Profissional","article_modified_time":"2025-09-26T19:29:55+00:00","twitter_card":"summary_large_image","twitter_misc":{"Est. tempo de leitura":"5 minutos"},"schema":{"@context":"https:\/\/schema.org","@graph":[{"@type":"WebPage","@id":"https:\/\/wp.ufpel.edu.br\/ppgecm\/dissertacoes-e-produtos\/defesas-2017\/","url":"https:\/\/wp.ufpel.edu.br\/ppgecm\/dissertacoes-e-produtos\/defesas-2017\/","name":"Defesas 2017 - Programa de P\u00f3s Gradua\u00e7\u00e3o em Ensino de Ci\u00eancias e Matem\u00e1tica - Mestrado Profissional","isPartOf":{"@id":"https:\/\/wp.ufpel.edu.br\/ppgecm\/#website"},"datePublished":"2017-05-26T13:04:49+00:00","dateModified":"2025-09-26T19:29:55+00:00","breadcrumb":{"@id":"https:\/\/wp.ufpel.edu.br\/ppgecm\/dissertacoes-e-produtos\/defesas-2017\/#breadcrumb"},"inLanguage":"pt-BR","potentialAction":[{"@type":"ReadAction","target":["https:\/\/wp.ufpel.edu.br\/ppgecm\/dissertacoes-e-produtos\/defesas-2017\/"]}]},{"@type":"BreadcrumbList","@id":"https:\/\/wp.ufpel.edu.br\/ppgecm\/dissertacoes-e-produtos\/defesas-2017\/#breadcrumb","itemListElement":[{"@type":"ListItem","position":1,"name":"In\u00edcio","item":"https:\/\/wp.ufpel.edu.br\/ppgecm\/"},{"@type":"ListItem","position":2,"name":"Disserta\u00e7\u00f5es e Produtos Educacionais","item":"https:\/\/wp.ufpel.edu.br\/ppgecm\/dissertacoes-e-produtos\/"},{"@type":"ListItem","position":3,"name":"Defesas 2017"}]},{"@type":"WebSite","@id":"https:\/\/wp.ufpel.edu.br\/ppgecm\/#website","url":"https:\/\/wp.ufpel.edu.br\/ppgecm\/","name":"Programa de P\u00f3s Gradua\u00e7\u00e3o em Ensino de Ci\u00eancias e Matem\u00e1tica - Mestrado Profissional","description":"Universidade Federal de Pelotas","potentialAction":[{"@type":"SearchAction","target":{"@type":"EntryPoint","urlTemplate":"https:\/\/wp.ufpel.edu.br\/ppgecm\/?s={search_term_string}"},"query-input":{"@type":"PropertyValueSpecification","valueRequired":true,"valueName":"search_term_string"}}],"inLanguage":"pt-BR"}]}},"_links":{"self":[{"href":"https:\/\/wp.ufpel.edu.br\/ppgecm\/wp-json\/wp\/v2\/pages\/1089","targetHints":{"allow":["GET"]}}],"collection":[{"href":"https:\/\/wp.ufpel.edu.br\/ppgecm\/wp-json\/wp\/v2\/pages"}],"about":[{"href":"https:\/\/wp.ufpel.edu.br\/ppgecm\/wp-json\/wp\/v2\/types\/page"}],"author":[{"embeddable":true,"href":"https:\/\/wp.ufpel.edu.br\/ppgecm\/wp-json\/wp\/v2\/users\/112"}],"replies":[{"embeddable":true,"href":"https:\/\/wp.ufpel.edu.br\/ppgecm\/wp-json\/wp\/v2\/comments?post=1089"}],"version-history":[{"count":4,"href":"https:\/\/wp.ufpel.edu.br\/ppgecm\/wp-json\/wp\/v2\/pages\/1089\/revisions"}],"predecessor-version":[{"id":3196,"href":"https:\/\/wp.ufpel.edu.br\/ppgecm\/wp-json\/wp\/v2\/pages\/1089\/revisions\/3196"}],"up":[{"embeddable":true,"href":"https:\/\/wp.ufpel.edu.br\/ppgecm\/wp-json\/wp\/v2\/pages\/461"}],"wp:attachment":[{"href":"https:\/\/wp.ufpel.edu.br\/ppgecm\/wp-json\/wp\/v2\/media?parent=1089"}],"curies":[{"name":"wp","href":"https:\/\/api.w.org\/{rel}","templated":true}]}}