{"id":625,"date":"2024-05-25T00:00:57","date_gmt":"2024-05-25T03:00:57","guid":{"rendered":"https:\/\/curso-wp.ufpel.edu.br\/sandrobortolazzo\/?page_id=625"},"modified":"2025-09-03T13:44:35","modified_gmt":"2025-09-03T16:44:35","slug":"documentos","status":"publish","type":"page","link":"https:\/\/wp.ufpel.edu.br\/ppge\/documentos\/","title":{"rendered":"Documentos e Formul\u00e1rios"},"content":{"rendered":"<div id=\"pl-625\"  class=\"panel-layout\" ><div id=\"pg-625-0\"  class=\"panel-grid panel-no-style\" ><div id=\"pgc-625-0-0\"  class=\"panel-grid-cell\" ><div id=\"panel-625-0-0-0\" class=\"so-panel widget widget_sow-testimonials panel-first-child panel-last-child\" data-index=\"0\" ><div class=\"so-rounded panel-widget-style panel-widget-style-for-625-0-0-0\" ><div\n\t\t\t\n\t\t\tclass=\"so-widget-sow-testimonials so-widget-sow-testimonials-default-3ceb494d82f4-625\"\n\t\t\t\n\t\t><div class=\"sow-testimonials\">\n\t\t\t\t\t<div class=\"sow-testimonial-wrapper sow-user-left sow-layout-text-below\">\n\t\t\t<div class=\"sow-testimonial\">\n\t\t\t\t\n\t\t\t\t<div class=\"sow-testimonial-user\">\n\t\t\t\t\t\n\t\t\t\t\t<div class=\"sow-text\">\n\t\t\t\t\t\t\t\t\t\t\t\t\t<span class=\"sow-testimonial-name\"><strong>DISCENTES<\/strong><\/span>\n\t\t\t\t\t\t\t\t\t\t\t\t\t\t\t\t\t\t\t\t\t\t\t\t\t\t\t\t\t<\/div>\n\t\t\t\t<\/div>\n\n\t\t\t\t\t\t\t\t\t<div class=\"sow-testimonial-text\">\n\t\t\t\t\t\t<p>DOCUMENTOS<\/p>\n<ul>\n<li style=\"text-align: left\"><a href=\"https:\/\/wp.ufpel.edu.br\/ppge\/files\/2024\/08\/Manual-de-Normas-UFPel.pdf\">Manual de Normas para trabalhos acad\u00eamicos<\/a><\/li>\n<li style=\"text-align: left\"><a href=\"https:\/\/wp.ufpel.edu.br\/ppge\/files\/2024\/08\/Matricula.doc\">Matr\u00edcula<\/a><\/li>\n<li style=\"text-align: left\"><a href=\"https:\/\/wp.ufpel.edu.br\/ppge\/files\/2024\/08\/Correcao-de-Matricula.doc\">Corre\u00e7\u00e3o de Matr\u00edcula<\/a><\/li>\n<li><a href=\"https:\/\/wp.ufpel.edu.br\/ppge\/files\/2024\/08\/Agendamento-de-banca.doc\"><span style=\"color: var(--cor-texto);font-family: var(--fonte-corpo)\">Agendamento de Banca\u00a0 (Qualifica\u00e7\u00e3o\/Defesa)<\/span><\/a><\/li>\n<li><a href=\"https:\/\/wp.ufpel.edu.br\/ppge\/files\/2024\/08\/Aproveitamento.docx\">Aproveitamento de Cr\u00e9ditos<\/a><\/li>\n<li><a style=\"font-family: var(--fonte-corpo)\" href=\"https:\/\/wp.ufpel.edu.br\/prppg\/files\/2013\/08\/dcff6ef07f.doc\">Mudan\u00e7a de N\u00edvel<\/a><\/li>\n<li><a href=\"https:\/\/wp.ufpel.edu.br\/ppge\/files\/2024\/08\/Cancelamento-de-Matricula.doc\">Cancelamento de Disciplina<\/a><\/li>\n<li><a href=\"https:\/\/wp.ufpel.edu.br\/ppge\/files\/2024\/08\/Trancamento.doc\">Trancamento de Matr\u00edcula<\/a><\/li>\n<li><a href=\"https:\/\/wp.ufpel.edu.br\/ppge\/files\/2024\/08\/Proficiencia.docx\">Profici\u00eancia<\/a><\/li>\n<li><a href=\"https:\/\/wp.ufpel.edu.br\/ppge\/files\/2024\/08\/Auxilio-Financeiro.docx\">Aux\u00edlio Financeiro<\/a><\/li>\n<li><a href=\"https:\/\/wp.ufpel.edu.br\/ppge\/files\/2024\/08\/Relatorio-de-Viagem-Visita-Tecnica.docx\">Relat\u00f3rio de Viagem\/Visita T\u00e9cnica<\/a><\/li>\n<li><a href=\"https:\/\/wp.ufpel.edu.br\/ppge\/files\/2024\/08\/Termo-Dissertacoes-e-Teses.pdf\">Termo - Disserta\u00e7\u00e3o e Tese - Biblioteca<\/a><\/li>\n<li><a href=\"https:\/\/wp.ufpel.edu.br\/ppge\/files\/2024\/08\/Termo-prazo-de-Defesa-Ingressante-Mestrado-1.doc\">Termo de Responsabilidade - Mestrado<\/a><\/li>\n<li><a href=\"https:\/\/wp.ufpel.edu.br\/ppge\/files\/2024\/08\/Termo-prazo-de-Defesa-Ingressante-Doutorado-1.doc\">Termo de Responsabilidade - Doutorado<\/a><\/li>\n<li><a href=\"https:\/\/wp.ufpel.edu.br\/ppge\/files\/2025\/01\/LICENCA-MATERNIDADE-Oficio_Circular_2503062.pdf\">LICENC\u0327A MATERNIDADE - Oficio_Circular_2503062<\/a> - CAPES<\/li>\n<li><a href=\"https:\/\/wp.ufpel.edu.br\/ppge\/files\/2025\/09\/Relatorio-Estagio-Docencia.doc\">Modelo - Relat\u00f3rio de Est\u00e1gio Docente<\/a><\/li>\n<\/ul>\n<p>&nbsp;<\/p>\n<p>FORMUL\u00c1RIOS PARA ENCAMINHAMENTO<\/p>\n<ul>\n<li><a href=\"https:\/\/forms.gle\/AEYSRQY3nZuM97s17\">Corre\u00e7\u00e3o de Matr\u00edcula - Mestrado<\/a><\/li>\n<li><a href=\"https:\/\/forms.gle\/SaF7fcUEjoaaDq9L7\">Corre\u00e7\u00e3o de Matr\u00edcula - Doutorado<\/a><\/li>\n<li><a href=\"https:\/\/forms.gle\/kG4Y4cVVkAXDZSs37\">Agendamento de Banca - Mestrado<\/a><\/li>\n<li><a href=\"https:\/\/forms.gle\/xf3yXQgX1H9eZZnX9\">Agendamento de Banca - Doutorado<\/a><\/li>\n<li><a href=\"https:\/\/forms.gle\/PJuVoozxUgQ7qsDE6\">Aproveitamento de Cr\u00e9ditos - Mestrado<\/a><\/li>\n<li><a href=\"https:\/\/forms.gle\/vFyYWq5jc7EZnjgz8\">Aproveitamento de Cr\u00e9ditos - Doutorado<\/a><\/li>\n<li><a href=\"https:\/\/forms.gle\/vbUct5NF7ArrKbbE6\">Cancelamento de Disciplina<\/a><\/li>\n<li><a href=\"https:\/\/forms.gle\/jQ3DHyGQnPcnRv258\">Trancamento de Matr\u00edcula<\/a><\/li>\n<li><a href=\"https:\/\/forms.gle\/qAx6S2fExzVavoxo7\">Profici\u00eancia - Mestrado<\/a><\/li>\n<li><a href=\"https:\/\/forms.gle\/zKAC8nA2BgHpNcM6A\">Profici\u00eancia - Doutorado<\/a><\/li>\n<li><a href=\"https:\/\/docs.google.com\/forms\/d\/1AZx7PSMO_uS3nnFoRaMV5BLWEK0rwso81arume70DEE\/edit\">Prorroga\u00e7\u00e3o - Mestrado<\/a><\/li>\n<li><a href=\"https:\/\/forms.gle\/fiLTTwRz8dpmELH6A\">Prorroga\u00e7\u00e3o - Doutorado<\/a><\/li>\n<li><a href=\"https:\/\/forms.gle\/GfDTZjLKaJeo18ty8\">Aux\u00edlio Financeiro<\/a><\/li>\n<li><a href=\"https:\/\/docs.google.com\/forms\/d\/18kvIyO40E5qEciHHYaV1RGBeNrnA8X4KVVFuDSd5sf0\/edit\">Presta\u00e7\u00e3o de Contas<\/a><\/li>\n<\/ul>\n<p style=\"text-align: left\">\n<\/p>\t\t\t\t\t<\/div>\n\t\t\t\t\t\t\t<\/div>\n\t\t<\/div>\n\t\t\t\t\t<div class=\"sow-testimonial-wrapper sow-user-left sow-layout-text-below\">\n\t\t\t<div class=\"sow-testimonial\">\n\t\t\t\t\n\t\t\t\t<div class=\"sow-testimonial-user\">\n\t\t\t\t\t\n\t\t\t\t\t<div class=\"sow-text\">\n\t\t\t\t\t\t\t\t\t\t\t\t\t<span class=\"sow-testimonial-name\"><strong>DOCENTES<\/strong><\/span>\n\t\t\t\t\t\t\t\t\t\t\t\t\t\t\t\t\t\t\t\t\t\t\t\t\t\t\t\t\t<\/div>\n\t\t\t\t<\/div>\n\n\t\t\t\t\t\t\t\t\t<div class=\"sow-testimonial-text\">\n\t\t\t\t\t\t<p style=\"text-align: left\"><a href=\"https:\/\/wp.ufpel.edu.br\/ppge\/files\/2022\/10\/SEI_UFPel-1906937-PRPPG-Programa-Analitico-de-Disciplinas.docx\">Formul\u00e1rio de Programa Anal\u00edtico<\/a><br \/>\n<a href=\"https:\/\/wp.ufpel.edu.br\/prppg\/files\/2013\/08\/Formul%C3%A1rio-de-Cadastro-no-cobalto-de-bolsistas-p%C3%B3s-doc.xls\">Formul\u00e1rio de Cadastro no cobalto de bolsistas p\u00f3s-doc<\/a><br \/>\n<a href=\"https:\/\/wp.ufpel.edu.br\/prppgi\/files\/2019\/04\/Cadastro-Professor-Visitante-no-Cobalto.xls\">Cadastro Professor Visitante no Cobalto<\/a><br \/>\n<a href=\"https:\/\/wp.ufpel.edu.br\/prppgi\/files\/2017\/10\/form_vinculo_prof_permanente_plano_atividades.docx\">Formul\u00e1rio professor_permanente sem vinculo \u2013 plano_atividades<\/a><br \/>\n<a href=\"https:\/\/wp.ufpel.edu.br\/prppgi\/files\/2019\/04\/Aprova%C3%A7%C3%A3o-de-ementas-de-disciplinas-ATUALIZADO.doc\">Aprova\u00e7\u00e3o de Ementas de Disciplinas<\/a><br \/>\n<a href=\"https:\/\/wp.ufpel.edu.br\/prppg\/files\/2013\/08\/8e89f0db82.doc\">Formul\u00e1rio 5A \u2013 Ata de Corre\u00e7\u00f5es<\/a><br \/>\n<a href=\"https:\/\/wp.ufpel.edu.br\/ppge\/files\/2021\/10\/Autorizacao-para-bolsistas-atuarem-como-professor-substituto_-e_-educacao-basica.docx\">Autoriza\u00e7\u00e3o para bolsistas atuarem como professor substituto_ e_ educa\u00e7\u00e3o b\u00e1sica<\/a><br \/>\n<a href=\"https:\/\/wp.ufpel.edu.br\/ppge\/files\/2021\/10\/Modelo_-autorizacao_-bolsistas-receberem-bolsa-de-tutoria.docx\">Modelo_ autoriza\u00e7\u00e3o_ bolsistas receberem bolsa de tutoria<\/a><br \/>\n<a href=\"https:\/\/wp.ufpel.edu.br\/ppge\/files\/2022\/05\/ORIENTACOES-SEI-PPGE-Homologacao-1.pdf\">ORIENTA\u00c7\u00d5ES SEI PPGE \u2013 Homologa\u00e7\u00e3o<\/a>\u00a0(homologa\u00e7\u00f5es de Disserta\u00e7\u00f5es e Teses)<br \/>\nAfastamentos: <a href=\"https:\/\/wp.ufpel.edu.br\/ppge\/files\/2022\/06\/Memorando-Circular_-Nova-portaria-regulamentando-afastamentos-a-servico-e-o-dever-de-prestar-contas.pdf\">Memorando-Circular_ Nova portaria regulamentando afastamentos a servi\u00e7o e o dever de prestar contas;<\/a><br \/>\n<a href=\"https:\/\/wp.ufpel.edu.br\/ppge\/files\/2022\/06\/PORTARIA-No-149-regulamenta-procedimentos-para-afastamento-da-sede.pdf\">PORTARIA N\u00ba 149 regulamenta procedimentos para afastamento da sede<\/a>;<br \/>\n<a href=\"https:\/\/wp.ufpel.edu.br\/ppge\/files\/2022\/06\/PORTARIA-No-149-regulamenta-procedimentos-para-afastamento-da-sede.pdf\">PORTARIA N\u00ba 149 regulamenta procedimentos para afastamento da sede<\/a>.<br \/>\n<a href=\"https:\/\/wikicobalto.ufpel.edu.br\/suporte:siga:visao_geral:processos_do_academico:efetivacao_solicita_pos\">Autoriza\u00e7\u00e3o de solicita\u00e7\u00e3o de matr\u00edcula \u2013 P\u00f3s-Gradua\u00e7\u00e3o\u00a0<\/a><\/p>\n\t\t\t\t\t<\/div>\n\t\t\t\t\t\t\t<\/div>\n\t\t<\/div>\n\t<\/div>\n<\/div><\/div><\/div><\/div><\/div><\/div>","protected":false},"excerpt":{"rendered":"<p>DISCENTES DOCUMENTOS Manual de Normas para trabalhos acad\u00eamicos Matr\u00edcula Corre\u00e7\u00e3o de Matr\u00edcula Agendamento de Banca\u00a0 (Qualifica\u00e7\u00e3o\/Defesa) Aproveitamento de Cr\u00e9ditos Mudan\u00e7a de N\u00edvel Cancelamento de Disciplina Trancamento de Matr\u00edcula Profici\u00eancia Aux\u00edlio Financeiro Relat\u00f3rio de Viagem\/Visita T\u00e9cnica Termo &#8211; Disserta\u00e7\u00e3o e Tese &#8211; Biblioteca Termo de Responsabilidade &#8211; Mestrado Termo de Responsabilidade &#8211; Doutorado LICENC\u0327A MATERNIDADE &#8211; [&hellip;]<\/p>\n","protected":false},"author":675,"featured_media":0,"parent":0,"menu_order":0,"comment_status":"closed","ping_status":"closed","template":"page-sem-sidebar.php","meta":{"footnotes":""},"class_list":["post-625","page","type-page","status-publish","hentry"],"jetpack_sharing_enabled":true,"_links":{"self":[{"href":"https:\/\/wp.ufpel.edu.br\/ppge\/wp-json\/wp\/v2\/pages\/625","targetHints":{"allow":["GET"]}}],"collection":[{"href":"https:\/\/wp.ufpel.edu.br\/ppge\/wp-json\/wp\/v2\/pages"}],"about":[{"href":"https:\/\/wp.ufpel.edu.br\/ppge\/wp-json\/wp\/v2\/types\/page"}],"author":[{"embeddable":true,"href":"https:\/\/wp.ufpel.edu.br\/ppge\/wp-json\/wp\/v2\/users\/675"}],"replies":[{"embeddable":true,"href":"https:\/\/wp.ufpel.edu.br\/ppge\/wp-json\/wp\/v2\/comments?post=625"}],"version-history":[{"count":3,"href":"https:\/\/wp.ufpel.edu.br\/ppge\/wp-json\/wp\/v2\/pages\/625\/revisions"}],"predecessor-version":[{"id":5140,"href":"https:\/\/wp.ufpel.edu.br\/ppge\/wp-json\/wp\/v2\/pages\/625\/revisions\/5140"}],"wp:attachment":[{"href":"https:\/\/wp.ufpel.edu.br\/ppge\/wp-json\/wp\/v2\/media?parent=625"}],"curies":[{"name":"wp","href":"https:\/\/api.w.org\/{rel}","templated":true}]}}