{"id":481,"date":"2024-05-13T00:00:50","date_gmt":"2024-05-13T03:00:50","guid":{"rendered":"https:\/\/curso-wp.ufpel.edu.br\/ppgeteste\/?page_id=268"},"modified":"2024-12-09T14:09:49","modified_gmt":"2024-12-09T17:09:49","slug":"defesas","status":"publish","type":"page","link":"https:\/\/wp.ufpel.edu.br\/ppge\/defesas\/","title":{"rendered":"Calend\u00e1rio de Defesas"},"content":{"rendered":"<div id=\"pl-481\"  class=\"panel-layout\" ><div id=\"pg-481-0\"  class=\"panel-grid panel-no-style\" ><div id=\"pgc-481-0-0\"  class=\"panel-grid-cell\" ><div id=\"panel-481-0-0-0\" class=\"so-panel widget widget_sow-tabs panel-first-child panel-last-child\" data-index=\"0\" ><div\n\t\t\t\n\t\t\tclass=\"so-widget-sow-tabs so-widget-sow-tabs-default-2a322c0cca2d-481\"\n\t\t\t\n\t\t><div class=\"sow-tabs\">\n\t<div class=\"sow-tabs-tab-container\" role=\"tablist\">\n\t\t\t<div\n\t\t\tclass=\"sow-tabs-tab\n\t\t\t sow-tabs-tab-selected\t\t\t\"\n\t\t\trole=\"tab\"\n\t\t\tdata-anchor-id=\"mestrado\"\n\t\t\taria-selected=\"true\"\n\t\t\ttabindex=\"0\"\n\t\t>\n\t\t\t<div class=\"sow-tabs-title sow-tabs-title-icon-left\">\n\t\t\t\t\t\t\t\tMestrado\t\t\t\t\t\t\t<\/div>\n\t\t<\/div>\n\t\t\t<div\n\t\t\tclass=\"sow-tabs-tab\n\t\t\t\t\t\t\"\n\t\t\trole=\"tab\"\n\t\t\tdata-anchor-id=\"doutorado\"\n\t\t\taria-selected=\"false\"\n\t\t\ttabindex=\"0\"\n\t\t>\n\t\t\t<div class=\"sow-tabs-title sow-tabs-title-icon-left\">\n\t\t\t\t\t\t\t\tDoutorado\t\t\t\t\t\t\t<\/div>\n\t\t<\/div>\n\t\t<\/div>\n\n\t<div class=\"sow-tabs-panel-container\">\n\t\t\t<div class=\"sow-tabs-panel\">\n\t\t\t<div\n\t\t\t\tclass=\"sow-tabs-panel-content\"\n\t\t\t\trole=\"tabpanel\"\n\t\t\t\taria-hidden=\"false\"\n\t\t\t>\n\t\t\t\t<p>&nbsp;<\/p>\n<table style=\"border-collapse: collapse;width: 100%\" border=\"1\">\n<tbody>\n<tr style=\"height: 120px\">\n<td style=\"width: 963.559px;height: 110px\">T\u00edtulo: O programa Escola em Tempo Integral no contexto atual das pol\u00edticas educacionais brasileiras<br \/>\nDiscente: Alisson Castro Batista<br \/>\nData: 20\/12\/2024<br \/>\n<strong>Qualifica\u00e7\u00e3o de Mestrado ( x )<\/strong><br \/>\n<strong>Defesa de Mestrado (\u00a0 )<\/strong><br \/>\n<a href=\"https:\/\/wp.ufpel.edu.br\/ppge\/files\/2024\/12\/cartaz-alisson.pdf\"><strong>Cartaz\/Informa\u00e7\u00f5es<\/strong><\/a><\/td>\n<\/tr>\n<tr style=\"height: 120px\">\n<td style=\"width: 963.559px;height: 104px\">T\u00edtulo: Visualidades Docentes: forma\u00e7\u00e3o de professores com o PIBID Artes Visuais - FURG a partir de sentidos imag\u00e9ticos.<br \/>\nDiscente: Cleison Rafael Goulart da Silva<br \/>\nData: 16\/12\/24<br \/>\n<strong>Qualifica\u00e7\u00e3o de Mestrado (\u00a0 )<\/strong><br \/>\n<strong>Defesa de Mestrado ( x )<\/strong><br \/>\n<a href=\"https:\/\/wp.ufpel.edu.br\/ppge\/files\/2024\/11\/cartaz_Exame-de-Defesa-de-MESTRADO-1-RafaelGoulart-Rafael-Goulart.pdf\"><strong>Cartaz\/Informa\u00e7\u00f5es<\/strong><\/a><\/td>\n<\/tr>\n<tr style=\"height: 24px\">\n<td style=\"width: 963.559px;height: 24px\">T\u00edtulo: SABERES GEMINADOS NA PERSPECTIVA DE UMA EDUCA\u00c7\u00c3O ESCOLAR QUILOMBOLA: O TRABALHO NO RO\u00c7ADO NA COMUNIDADE S\u00cdTIO VEIGA \u2013 QUIXAD\u00c1\/CE\n<p>Discente: Francisca Tainara Eugenio da Silva<br \/>\nData: 13\/12\/24<br \/>\n<strong>Qualifica\u00e7\u00e3o de Mestrado ( x\u00a0 )<\/strong><br \/>\n<strong>Defesa de Mestrado (\u00a0 )<\/strong><br \/>\n<a href=\"https:\/\/wp.ufpel.edu.br\/ppge\/files\/2024\/12\/cartaz-francisca.pdf\"><strong>Cartaz\/Informa\u00e7\u00f5es<\/strong><\/a><\/p><\/td>\n<\/tr>\n<tr style=\"height: 167px\">\n<td style=\"width: 963.559px;height: 145px\">T\u00edtulo: CORPO TRANS: EXIST\u00caNCIA, RESIST\u00caNCIA E TRANSFORMA\u00c7\u00c3O.\n<p>Discente: Maila Madruga da Rosa<br \/>\nData: 11\/12\/2024<br \/>\n<strong>Qualifica\u00e7\u00e3o de Mestrado ( x )<\/strong><br \/>\n<strong>Defesa de Mestrado (\u00a0 )<\/strong><br \/>\n<a href=\"https:\/\/wp.ufpel.edu.br\/ppge\/files\/2024\/12\/cartaz-maila.pdf\"><strong>Cartaz\/Informa\u00e7\u00f5es<\/strong><\/a><\/p><\/td>\n<\/tr>\n<tr style=\"height: 167px\">\n<td style=\"width: 963.559px;height: 148px\">T\u00edtulo: Desafios e contribui\u00e7\u00f5es da forma\u00e7\u00e3o continuada no trabalho docente de professores de Anos Iniciais do Ensino Fundamental da rede p\u00fablica municipal de Pelotas<br \/>\nDiscente: <span style=\"font-size: 10pt\"><span style=\"font-size: 12pt\">Marcele da Silva Fernandes<\/span><\/span><br \/>\nData: <span style=\"font-size: 10pt\"><span style=\"font-size: 12pt\">22\/11\/2024<\/span><\/span><br \/>\n<strong>Qualifica\u00e7\u00e3o de Mestrado ( X )<\/strong><br \/>\n<strong>Defesa de Mestrado (\u00a0 )<\/strong><br \/>\n<a href=\"https:\/\/wp.ufpel.edu.br\/ppge\/files\/2024\/11\/CARTAZ2.pdf\"><strong>Cartaz\/Informa\u00e7\u00f5es<\/strong><\/a><\/td>\n<\/tr>\n<tr style=\"height: 156px\">\n<td style=\"width: 963.559px;height: 150px\"><span style=\"font-size: 10pt\"><span style=\"font-size: 12pt\">T\u00edtulo: Processos de privatiza\u00e7\u00e3o na educa\u00e7\u00e3o e impactos da pandemia: uma an\u00e1lise da parceria entre Associa\u00e7\u00e3o Nova Escola e Governo do Estado do Cear\u00e1<\/span><\/span>\n<p><span style=\"font-size: 10pt\"><span style=\"font-size: 12pt\">Discente: Maria Jos\u00e9 de Sousa<\/span><span style=\"font-size: 12pt\"><br \/>\n<\/span><span style=\"font-size: 12pt\">Data: 18\/11\/2024<br \/>\n<\/span><strong><span style=\"font-size: 12pt\">Qualifica\u00e7\u00e3o de Mestrado (\u00a0 )<br \/>\n<\/span><span style=\"font-size: 12pt\">Defesa de Mestrado ( X )<br \/>\n<a href=\"https:\/\/wp.ufpel.edu.br\/ppge\/files\/2024\/11\/cartaz3.pdf\">Cartaz\/Informa\u00e7\u00f5es<\/a><\/span><\/strong><\/span><\/p><\/td>\n<\/tr>\n<tr style=\"height: 143px\">\n<td style=\"width: 963.559px;height: 143px\"><span style=\"font-size: 10pt\"><span style=\"font-size: 12pt\">T\u00edtulo: A insist\u00eancia do brincar apesar de: um percurso cartogr\u00e1fico<\/span><br \/>\n<span style=\"font-size: 12pt\">Discente: Rafaela Soares Villar<\/span><span style=\"font-size: 12pt\"><br \/>\n<\/span><span style=\"font-size: 12pt\">Data: 30\/10\/24<br \/>\n<\/span><strong><span style=\"font-size: 12pt\">Qualifica\u00e7\u00e3o de Mestrado ( X )<br \/>\n<\/span><span style=\"font-size: 12pt\">Defesa de Mestrado (\u00a0 )<br \/>\n<a href=\"https:\/\/wp.ufpel.edu.br\/ppge\/files\/2024\/11\/cartaz4.pdf\">Cartaz\/Informa\u00e7\u00f5es<\/a><\/span><\/strong><\/span><\/td>\n<\/tr>\n<tr style=\"height: 143px\">\n<td style=\"width: 963.559px;height: 143px\"><span style=\"font-size: 10pt\"><span style=\"font-size: 12pt\">T\u00edtulo: <\/span>A hist\u00f3ria da educa\u00e7\u00e3o fiscal no rio grande do sul: Uma avalia\u00e7\u00e3o de sua efetividade na forma\u00e7\u00e3o de cidad\u00e3os<br \/>\n<span style=\"font-size: 12pt\">Discente: Silvia da Costa Tambara<\/span><span style=\"font-size: 12pt\"><br \/>\n<\/span><span style=\"font-size: 12pt\">Data: 29\/10\/2024<br \/>\n<\/span><strong><span style=\"font-size: 12pt\">Qualifica\u00e7\u00e3o de Mestrado ( x )<br \/>\n<\/span><span style=\"font-size: 12pt\">Defesa de Mestrado (\u00a0 )<br \/>\n<a href=\"https:\/\/wp.ufpel.edu.br\/ppge\/files\/2024\/11\/cartaz5.pdf\">Cartaz\/Informa\u00e7\u00f5es<\/a><\/span><\/strong><\/span><\/td>\n<\/tr>\n<tr style=\"height: 143px\">\n<td style=\"width: 963.559px;height: 143px\"><span style=\"font-size: 10pt\"><span style=\"font-size: 12pt\">T\u00edtulo: Pesquisa e forma-a\u00e7\u00e3o: a\/r\/tografias de ser e pesquisar por meio da forma\u00e7\u00e3o docente.<\/span><span style=\"font-size: 12pt\"><br \/>\n<\/span><span style=\"font-size: 12pt\">Discente: Mariana da Rocha Silva<\/span><span style=\"font-size: 12pt\"><br \/>\n<\/span><span style=\"font-size: 12pt\">Data: 11\/10\/24<br \/>\n<\/span><strong><span style=\"font-size: 12pt\">Qualifica\u00e7\u00e3o de Mestrado ( X )<br \/>\n<\/span><span style=\"font-size: 12pt\">Defesa de Mestrado (\u00a0 )<br \/>\n<a href=\"https:\/\/wp.ufpel.edu.br\/ppge\/files\/2024\/11\/cartaz6.pdf\">Cartaz\/Informa\u00e7\u00f5es<\/a><\/span><\/strong><\/span><\/td>\n<\/tr>\n<tr style=\"height: 143px\">\n<td style=\"width: 963.559px;height: 162px\"><span style=\"font-size: 10pt\"><span style=\"font-size: 12pt\">T\u00edtulo: Potencialidades do uso da argila em pr\u00e1ticas de sala de aula e seu impacto no engajamento de crian\u00e7as com transtornos do neurodesenvolvimento: Transtorno do Espectro Autista (TEA) e Transtorno do D\u00e9ficit de Aten\u00e7\u00e3o com Hiperatividade (TDAH)<\/span><span style=\"font-size: 12pt\"><br \/>\n<\/span><span style=\"font-size: 12pt\">Discente: Kamila Machado Ferreira<\/span><span style=\"font-size: 12pt\"><br \/>\n<\/span><span style=\"font-size: 12pt\">Data: 02\/10\/2024<br \/>\n<\/span><strong><span style=\"font-size: 12pt\">Qualifica\u00e7\u00e3o de Mestrado ( x )<br \/>\n<\/span><\/strong><strong><span style=\"font-size: 12pt\">Defesa de Mestrado (\u00a0 )<br \/>\n<a href=\"https:\/\/wp.ufpel.edu.br\/ppge\/files\/2024\/11\/cartaz8.pdf\">Cartaz\/Informa\u00e7\u00f5es<\/a><\/span><\/strong><br \/>\n<\/span><\/td>\n<\/tr>\n<tr style=\"height: 23px\">\n<td style=\"width: 963.559px;height: 23px\"><span style=\"font-size: 10pt\"><span style=\"font-size: 12pt\">T\u00edtulo: <\/span>De Caracolas a Piruetas: pr\u00e1ticas de educa\u00e7\u00e3o musical criativa pelas narrativas de um kazoo<br \/>\n<span style=\"font-size: 12pt\">Discente: Rodrigo dos Santos Xavier<\/span><span style=\"font-size: 12pt\"><br \/>\nData: :02\/10\/2024<\/span><span style=\"font-size: 12pt\"><br \/>\n<strong>Qualifica\u00e7\u00e3o de Mestrado (\u00a0 )<\/strong><br \/>\n<strong>Defesa de Mestrado ( x )<\/strong><br \/>\n<strong><a href=\"https:\/\/wp.ufpel.edu.br\/ppge\/files\/2024\/11\/cartaz9.pdf\">Cartaz\/Informa\u00e7\u00f5es<\/a><\/strong><\/span><br \/>\n<\/span><\/td>\n<\/tr>\n<\/tbody>\n<\/table>\n<p style=\"text-align: left\">\n<\/p>\t\t\t<\/div>\n\t\t<\/div>\n\t\t\t<div class=\"sow-tabs-panel\">\n\t\t\t<div\n\t\t\t\tclass=\"sow-tabs-panel-content\"\n\t\t\t\trole=\"tabpanel\"\n\t\t\t\taria-hidden=\"true\"\n\t\t\t>\n\t\t\t\t<p><span style=\"font-size: 10pt\">\u00a0<\/span><\/p>\n<table style=\"border-collapse: collapse;width: 100%\" border=\"1\">\n<tbody>\n<tr style=\"height: 120px\">\n<td style=\"width: 100%;height: 120px\"><span style=\"font-size: 10pt\"><span style=\"font-size: 12pt\">T\u00edtulo: Cultura do trabalho na Educa\u00e7\u00e3o de Jovens e Adultos integrada \u00e0 Educa\u00e7\u00e3o Profissional e Tecnol\u00f3gica (EJA-EPT \/ PROEJA): tens\u00f5es e disputas a partir da Economia Solid\u00e1ria e do Empreendedorismo.<br \/>\nDiscente:\u00a0 Guilherme Brandt de Oliveira<br \/>\nData: 20\/12\/2024<br \/>\n<strong>Qualifica\u00e7\u00e3o de Doutorado (\u00a0 )<\/strong><br \/>\n<strong>Defesa de Doutorado ( X )<\/strong><br \/>\n<a href=\"https:\/\/wp.ufpel.edu.br\/ppge\/files\/2024\/12\/cartaz-guilherme.pdf\"><strong>Cartaz\/Informa\u00e7\u00f5es<\/strong><\/a><\/span><\/span><\/td>\n<\/tr>\n<tr style=\"height: 120px\">\n<td style=\"width: 100%;height: 120px\"><span style=\"font-size: 10pt\"><span style=\"font-size: 12pt\">T\u00edtulo: Educa\u00e7\u00e3o e Solidariedade em Hugo Assmann<br \/>\nDiscente: Gefferson Silva da Silveira<br \/>\nData: 19\/12\/2024<br \/>\n<strong>Qualifica\u00e7\u00e3o de Doutorado (\u00a0 )<\/strong><br \/>\n<strong>Defesa de Doutorado ( X )<\/strong><br \/>\n<a href=\"https:\/\/wp.ufpel.edu.br\/ppge\/files\/2024\/12\/cartaz-gefferson.pdf\"><strong>Cartaz\/Informa\u00e7\u00f5es<\/strong><\/a><\/span><\/span><\/td>\n<\/tr>\n<tr style=\"height: 24px\">\n<td style=\"width: 100%;height: 24px\"><span style=\"font-size: 10pt\"><span style=\"font-size: 12pt\">T\u00edtulo: Interfaces Entre Imagens nos Curr\u00edculos de Artes Visuais<br \/>\nDiscente: Lucas Pacheco Brum<br \/>\nData: 16\/12\/2024<br \/>\n<strong>Qualifica\u00e7\u00e3o de Doutorado (\u00a0 )<\/strong><br \/>\n<strong>Defesa de Doutorado ( X )<\/strong><br \/>\n<a href=\"https:\/\/wp.ufpel.edu.br\/ppge\/files\/2024\/11\/2cartaz.pdf\"><strong>Cartaz\/Informa\u00e7\u00f5es<\/strong><\/a><\/span><\/span><\/td>\n<\/tr>\n<tr style=\"height: 54px\">\n<td style=\"width: 100%;height: 54px\"><span style=\"font-size: 10pt\"><span style=\"font-size: 12pt\">T\u00edtulo: O v\u00edrus do capital: as muta\u00e7\u00f5es e as inser\u00e7\u00f5es da l\u00f3gica neoliberal nas formas de contrata\u00e7\u00e3o e a precariza\u00e7\u00e3o do trabalho docente<br \/>\nDiscente: Jo\u00e3o Henrique Figueredo de Oliveira<br \/>\nData: 13\/12\/2024<br \/>\n<strong>Qualifica\u00e7\u00e3o de Doutorado (\u00a0 )<\/strong><br \/>\n<strong>Defesa de Doutorado ( X )<\/strong><br \/>\n<a href=\"https:\/\/wp.ufpel.edu.br\/ppge\/files\/2024\/11\/1cartaz.pdf\"><strong>Cartaz\/Informa\u00e7\u00f5es<\/strong><\/a><\/span><\/span><\/td>\n<\/tr>\n<tr style=\"height: 54px\">\n<td style=\"width: 100%;height: 54px\"><span style=\"font-size: 10pt\"><span style=\"font-size: 12pt\">T\u00edtulo: <\/span>A Pol\u00edtica Nacional de Alfabetiza\u00e7\u00e3o: disputas, continuidades, rupturas e seus desdobramentos na rede Municipal de Pelotas<span style=\"font-size: 12pt\"><br \/>\nDiscente: Fernanda Arndt Mesenburg<br \/>\nData: 13\/12\/2024<br \/>\n<strong>Qualifica\u00e7\u00e3o de Doutorado ( X )<\/strong><br \/>\n<strong>Defesa de Doutorado (\u00a0 )<\/strong><br \/>\n<a href=\"https:\/\/wp.ufpel.edu.br\/ppge\/files\/2024\/12\/cartaz-fernanda.pdf\"><strong>Cartaz\/Informa\u00e7\u00f5es<\/strong><\/a><\/span><\/span><\/td>\n<\/tr>\n<tr style=\"height: 192px\">\n<td style=\"width: 100%;height: 160px\"><span style=\"font-size: 10pt\"><span style=\"font-size: 12pt\">T\u00edtulo: <\/span>Pedagogia do Reggae: Rememora\u00e7\u00e3o, experi\u00eancias e viv\u00eancias: pr\u00e1ticas de ensino antirracista decolonial e contracolonial no contexto escolar<br \/>\n<span style=\"font-size: 12pt\">Discente: Ros\u00e2ngela Co\u00ealho Costa<br \/>\nData: 10\/12\/24<br \/>\n<strong>Qualifica\u00e7\u00e3o de Doutorado ( X )<\/strong><br \/>\n<strong>Defesa de Doutorado (\u00a0 )<\/strong><br \/>\n<a href=\"https:\/\/wp.ufpel.edu.br\/ppge\/files\/2024\/12\/cartaz-rosangela.pdf\"><strong>Cartaz\/Informa\u00e7\u00f5es<\/strong><\/a><\/span><\/span><\/td>\n<\/tr>\n<tr style=\"height: 143px\">\n<td style=\"width: 100%;height: 143px\"><span style=\"font-size: 10pt\"><span style=\"font-size: 12pt\">T\u00edtulo: <\/span>Entre o giz e a cruz: influ\u00eancia da religi\u00e3o cat\u00f3lica nas concep\u00e7\u00f5es e pr\u00e1ticas pedag\u00f3gicas relativas a g\u00eanero e sexualidade na Serra Ga\u00facha<span style=\"font-size: 12pt\"><br \/>\nDiscente: Patr\u00edcia Mattei<br \/>\nData: 10\/12\/24<br \/>\n<strong>Qualifica\u00e7\u00e3o de Doutorado ( X )<\/strong><br \/>\n<strong>Defesa de Doutorado (\u00a0 )<\/strong><br \/>\n<a href=\"https:\/\/wp.ufpel.edu.br\/ppge\/files\/2024\/11\/3cartaz.pdf\"><strong>Cartaz\/Informa\u00e7\u00f5es<\/strong><\/a><\/span><\/span><\/td>\n<\/tr>\n<tr style=\"height: 143px\">\n<td style=\"width: 100%;height: 143px\"><span style=\"font-size: 10pt\"><span style=\"font-size: 12pt\">T\u00edtulo: ESCAVA\u00c7\u00d5ES ARQUEOLOGICAS NO QUINTAL DA INF\u00c2NCIA: na busca por doc\u00eancias sens\u00edveis<\/span><span style=\"font-size: 12pt\"><br \/>\nDiscente: Mogar Damasceno Miranda<br \/>\nData: 10\/12\/24<br \/>\n<strong>Qualifica\u00e7\u00e3o de Doutorado ( X )<\/strong><br \/>\n<strong>Defesa de Doutorado (\u00a0 )<\/strong><br \/>\n<a href=\"https:\/\/wp.ufpel.edu.br\/ppge\/files\/2024\/12\/cartaz-mogar.pdf\"><strong>Cartaz\/Informa\u00e7\u00f5es<\/strong><\/a><\/span><\/span><\/td>\n<\/tr>\n<tr style=\"height: 143px\">\n<td style=\"width: 100%;height: 143px\"><span style=\"font-size: 10pt\"><span style=\"font-size: 10pt\"><span style=\"font-size: 12pt\">T\u00edtulo: <\/span><\/span><\/span>Limites e possibilidades na consolida\u00e7\u00e3o da educa\u00e7\u00e3o hist\u00f3rico-cr\u00edtica no contexto da Licenciatura em Educa\u00e7\u00e3o do Campo da Universidade Federal do Pampa<br \/>\n<span style=\"font-size: 10pt\"><span style=\"font-size: 12pt\">Discente: F\u00e1tima de Lurdes Barcellos da Rosa<br \/>\nData: 09\/12\/24<br \/>\n<strong>Qualifica\u00e7\u00e3o de Doutorado ( x )<\/strong><br \/>\n<strong>Defesa de Doutorado (\u00a0 )<\/strong><br \/>\n<a href=\"https:\/\/wp.ufpel.edu.br\/ppge\/files\/2024\/12\/cartaz-fatima.pdf\"><strong>Cartaz\/Informa\u00e7\u00f5es<\/strong><\/a><\/span><\/span><\/td>\n<\/tr>\n<tr style=\"height: 144px\">\n<td style=\"width: 100%;height: 144px\"><span style=\"font-size: 10pt\"><span style=\"font-size: 12pt\">T\u00edtulo: <\/span>\u201cDa Pedra ao Amanhecer: A constru\u00e7\u00e3o do munic\u00edpio pedag\u00f3gico em Hulha Negra (1944-1992)- Desafios, conquistas e legado.\u201d<span style=\"font-size: 12pt\"><br \/>\nDiscente: Simone Gomes de Faria<br \/>\nData: 09\/12\/24<br \/>\n<strong>Qualifica\u00e7\u00e3o de Doutorado (\u00a0 )<\/strong><br \/>\n<strong>Defesa de Doutorado ( x )<\/strong><br \/>\n<a href=\"https:\/\/wp.ufpel.edu.br\/ppge\/files\/2024\/12\/cartaz-simone-1.pdf\"><strong>Cartaz\/Informa\u00e7\u00f5es<\/strong><\/a><\/span><\/span><\/td>\n<\/tr>\n<\/tbody>\n<\/table>\n<p style=\"text-align: left\">\n<\/p>\t\t\t<\/div>\n\t\t<\/div>\n\t\t<\/div>\n<\/div>\n<\/div><\/div><\/div><\/div><\/div>","protected":false},"excerpt":{"rendered":"<p>Mestrado Doutorado &nbsp; T\u00edtulo: O programa Escola em Tempo Integral no contexto atual das pol\u00edticas educacionais brasileiras Discente: Alisson Castro Batista Data: 20\/12\/2024 Qualifica\u00e7\u00e3o de Mestrado ( x ) Defesa de Mestrado (\u00a0 ) Cartaz\/Informa\u00e7\u00f5es T\u00edtulo: Visualidades Docentes: forma\u00e7\u00e3o de professores com o PIBID Artes Visuais &#8211; FURG a partir de sentidos imag\u00e9ticos. Discente: Cleison [&hellip;]<\/p>\n","protected":false},"author":675,"featured_media":0,"parent":0,"menu_order":0,"comment_status":"closed","ping_status":"closed","template":"page-sem-sidebar.php","meta":{"footnotes":""},"class_list":["post-481","page","type-page","status-publish","hentry"],"jetpack_sharing_enabled":true,"_links":{"self":[{"href":"https:\/\/wp.ufpel.edu.br\/ppge\/wp-json\/wp\/v2\/pages\/481","targetHints":{"allow":["GET"]}}],"collection":[{"href":"https:\/\/wp.ufpel.edu.br\/ppge\/wp-json\/wp\/v2\/pages"}],"about":[{"href":"https:\/\/wp.ufpel.edu.br\/ppge\/wp-json\/wp\/v2\/types\/page"}],"author":[{"embeddable":true,"href":"https:\/\/wp.ufpel.edu.br\/ppge\/wp-json\/wp\/v2\/users\/675"}],"replies":[{"embeddable":true,"href":"https:\/\/wp.ufpel.edu.br\/ppge\/wp-json\/wp\/v2\/comments?post=481"}],"version-history":[{"count":38,"href":"https:\/\/wp.ufpel.edu.br\/ppge\/wp-json\/wp\/v2\/pages\/481\/revisions"}],"predecessor-version":[{"id":4396,"href":"https:\/\/wp.ufpel.edu.br\/ppge\/wp-json\/wp\/v2\/pages\/481\/revisions\/4396"}],"wp:attachment":[{"href":"https:\/\/wp.ufpel.edu.br\/ppge\/wp-json\/wp\/v2\/media?parent=481"}],"curies":[{"name":"wp","href":"https:\/\/api.w.org\/{rel}","templated":true}]}}