{"id":462,"date":"2024-05-04T00:00:29","date_gmt":"2024-05-04T03:00:29","guid":{"rendered":"https:\/\/curso-wp.ufpel.edu.br\/ppgeteste\/?page_id=38"},"modified":"2025-12-22T13:17:38","modified_gmt":"2025-12-22T16:17:38","slug":"gestao","status":"publish","type":"page","link":"https:\/\/wp.ufpel.edu.br\/ppge\/gestao\/","title":{"rendered":"Gest\u00e3o"},"content":{"rendered":"<div id=\"pl-462\"  class=\"panel-layout\" ><div id=\"pg-462-0\"  class=\"panel-grid panel-no-style\" ><div id=\"pgc-462-0-0\"  class=\"panel-grid-cell\" ><div id=\"panel-462-0-0-0\" class=\"so-panel widget widget_sow-accordion panel-first-child panel-last-child\" data-index=\"0\" ><div\n\t\t\t\n\t\t\tclass=\"so-widget-sow-accordion so-widget-sow-accordion-default-d9295f5bfa93-462\"\n\t\t\t\n\t\t><div>\n\t<div class=\"sow-accordion\">\n\t\t\t<div class=\"sow-accordion-panel\n\t\t\t\t\"\n\t\t\tdata-anchor-id=\"coordenacao\">\n\t\t\t\t<div class=\"sow-accordion-panel-header-container\" role=\"heading\" aria-level=\"2\">\n\t\t\t\t\t<div class=\"sow-accordion-panel-header\" tabindex=\"0\" role=\"button\" id=\"accordion-label-coordena%c3%a7%c3%a3o\" aria-controls=\"accordion-content-coordena%c3%a7%c3%a3o\" aria-expanded=\"false\">\n\t\t\t\t\t\t<div class=\"sow-accordion-title sow-accordion-title-icon-left\">\n\t\t\t\t\t\t\t\t\t\t\t\t\t\tCoordena\u00e7\u00e3o\t\t\t\t\t\t\t\t\t\t\t\t\t<\/div>\n\t\t\t\t\t\t<div class=\"sow-accordion-open-close-button\">\n\t\t\t\t\t\t\t<div class=\"sow-accordion-open-button\">\n\t\t\t\t\t\t\t\t<span class=\"sow-icon-ionicons\" data-sow-icon=\"&#xf218;\"\n\t\t \n\t\taria-hidden=\"true\"><\/span>\t\t\t\t\t\t\t<\/div>\n\t\t\t\t\t\t\t<div class=\"sow-accordion-close-button\">\n\t\t\t\t\t\t\t\t<span class=\"sow-icon-ionicons\" data-sow-icon=\"&#xf209;\"\n\t\t \n\t\taria-hidden=\"true\"><\/span>\t\t\t\t\t\t\t<\/div>\n\t\t\t\t\t\t<\/div>\n\t\t\t\t\t<\/div>\n\t\t\t\t<\/div>\n\n\t\t\t<div\n\t\t\t\tclass=\"sow-accordion-panel-content\"\n\t\t\t\trole=\"region\"\n\t\t\t\taria-labelledby=\"accordion-label-coordena%c3%a7%c3%a3o\"\n\t\t\t\tid=\"accordion-content-coordena%c3%a7%c3%a3o\"\n\t\t\t\tstyle=\"display: none;\"\t\t\t>\n\t\t\t\t<div class=\"sow-accordion-panel-border\">\n\t\t\t\t\t<p><span style=\"font-size: 12pt;\"><strong><span style=\"font-family: helvetica, arial, sans-serif;\">Coordenadora de Curso de P\u00f3s-Gradua\u00e7\u00e3o<br \/>\n<\/span><\/strong><a style=\"font-family: helvetica, arial, sans-serif;\" href=\"https:\/\/institucional.ufpel.edu.br\/servidores\/id\/170278\" target=\"_blank\" rel=\"noopener\">Prof. Dr. Marcio Caetano<\/a><\/span><\/p>\n<p><span style=\"font-size: 12pt;\"><strong><span style=\"font-family: helvetica, arial, sans-serif;\">Coordenadora de Curso de P\u00f3s-Gradua\u00e7\u00e3o Substituto<br \/>\n<\/span><\/strong><\/span><\/p>\n<p><a href=\"http:\/\/lattes.cnpq.br\/3241620845064515\">Profa. Dra. Maiane Liana Hatschbach Ourique<\/a><\/p>\n<p>Email: coord_ppgeducacao@ufpel.edu.br<\/p>\n\t\t\t\t<\/div>\n\t\t\t<\/div>\n\t\t<\/div>\n\t\t\t<div class=\"sow-accordion-panel\n\t\t\t\t\"\n\t\t\tdata-anchor-id=\"secretaria\">\n\t\t\t\t<div class=\"sow-accordion-panel-header-container\" role=\"heading\" aria-level=\"2\">\n\t\t\t\t\t<div class=\"sow-accordion-panel-header\" tabindex=\"0\" role=\"button\" id=\"accordion-label-secretaria\" aria-controls=\"accordion-content-secretaria\" aria-expanded=\"false\">\n\t\t\t\t\t\t<div class=\"sow-accordion-title sow-accordion-title-icon-left\">\n\t\t\t\t\t\t\t\t\t\t\t\t\t\tSecretaria\t\t\t\t\t\t\t\t\t\t\t\t\t<\/div>\n\t\t\t\t\t\t<div class=\"sow-accordion-open-close-button\">\n\t\t\t\t\t\t\t<div class=\"sow-accordion-open-button\">\n\t\t\t\t\t\t\t\t<span class=\"sow-icon-ionicons\" data-sow-icon=\"&#xf218;\"\n\t\t \n\t\taria-hidden=\"true\"><\/span>\t\t\t\t\t\t\t<\/div>\n\t\t\t\t\t\t\t<div class=\"sow-accordion-close-button\">\n\t\t\t\t\t\t\t\t<span class=\"sow-icon-ionicons\" data-sow-icon=\"&#xf209;\"\n\t\t \n\t\taria-hidden=\"true\"><\/span>\t\t\t\t\t\t\t<\/div>\n\t\t\t\t\t\t<\/div>\n\t\t\t\t\t<\/div>\n\t\t\t\t<\/div>\n\n\t\t\t<div\n\t\t\t\tclass=\"sow-accordion-panel-content\"\n\t\t\t\trole=\"region\"\n\t\t\t\taria-labelledby=\"accordion-label-secretaria\"\n\t\t\t\tid=\"accordion-content-secretaria\"\n\t\t\t\tstyle=\"display: none;\"\t\t\t>\n\t\t\t\t<div class=\"sow-accordion-panel-border\">\n\t\t\t\t\t<p><span style=\"font-family: helvetica, arial, sans-serif; font-size: 12pt;\"><strong>Servidor T\u00e9cnico Administrativo em Educa\u00e7\u00e3o<br \/>\n<\/strong><\/span><span style=\"font-family: helvetica, arial, sans-serif; font-size: 12pt;\"><a href=\"https:\/\/institucional.ufpel.edu.br\/servidores\/id\/17209\" target=\"_blank\" rel=\"noopener\">Guilherme Santos Machado<\/a> <\/span><\/p>\n<p>Atendimento presencial: Quarta-feira: 8h at\u00e9 12h \/ 13h at\u00e9 17h. Quinta-feira: 8h at\u00e9 12h.<\/p>\n<p><strong>Servidor T\u00e9cnico Administrativo em Educa\u00e7\u00e3o<br \/>\n<\/strong><a href=\"https:\/\/institucional.ufpel.edu.br\/servidores\/id\/35190\">Juliano Melo<\/a><\/p>\n<p>Servidor cedido ao Tribunal Regional Eleitoral<\/p>\n<p><strong>\u00a0<\/strong><strong>Bolsista BDU<br \/>\n<\/strong>Vinicius Alves Almeida<\/p>\n<p>&nbsp;<\/p>\n\t\t\t\t<\/div>\n\t\t\t<\/div>\n\t\t<\/div>\n\t\t\t<div class=\"sow-accordion-panel\n\t\t\t\t\"\n\t\t\tdata-anchor-id=\"colegiado\">\n\t\t\t\t<div class=\"sow-accordion-panel-header-container\" role=\"heading\" aria-level=\"2\">\n\t\t\t\t\t<div class=\"sow-accordion-panel-header\" tabindex=\"0\" role=\"button\" id=\"accordion-label-colegiado\" aria-controls=\"accordion-content-colegiado\" aria-expanded=\"false\">\n\t\t\t\t\t\t<div class=\"sow-accordion-title sow-accordion-title-icon-left\">\n\t\t\t\t\t\t\t\t\t\t\t\t\t\tColegiado\t\t\t\t\t\t\t\t\t\t\t\t\t<\/div>\n\t\t\t\t\t\t<div class=\"sow-accordion-open-close-button\">\n\t\t\t\t\t\t\t<div class=\"sow-accordion-open-button\">\n\t\t\t\t\t\t\t\t<span class=\"sow-icon-ionicons\" data-sow-icon=\"&#xf218;\"\n\t\t \n\t\taria-hidden=\"true\"><\/span>\t\t\t\t\t\t\t<\/div>\n\t\t\t\t\t\t\t<div class=\"sow-accordion-close-button\">\n\t\t\t\t\t\t\t\t<span class=\"sow-icon-ionicons\" data-sow-icon=\"&#xf209;\"\n\t\t \n\t\taria-hidden=\"true\"><\/span>\t\t\t\t\t\t\t<\/div>\n\t\t\t\t\t\t<\/div>\n\t\t\t\t\t<\/div>\n\t\t\t\t<\/div>\n\n\t\t\t<div\n\t\t\t\tclass=\"sow-accordion-panel-content\"\n\t\t\t\trole=\"region\"\n\t\t\t\taria-labelledby=\"accordion-label-colegiado\"\n\t\t\t\tid=\"accordion-content-colegiado\"\n\t\t\t\tstyle=\"display: none;\"\t\t\t>\n\t\t\t\t<div class=\"sow-accordion-panel-border\">\n\t\t\t\t\t<p><span style=\"font-family: helvetica, arial, sans-serif; font-size: 12pt;\"><strong>Coordenador<br \/>\n<\/strong><\/span><a style=\"font-family: helvetica, arial, sans-serif;\" href=\"https:\/\/institucional.ufpel.edu.br\/servidores\/id\/170278\">Marcio Caetano<\/a><span style=\"font-family: helvetica, arial, sans-serif;\">\u00a0<\/span><\/p>\n<pre><span style=\"font-family: helvetica, arial, sans-serif; font-size: 12pt;\"><strong>Coordenadora de Curso de P\u00f3s-Gradua\u00e7\u00e3o Substituta\u00a0\n<\/strong><\/span><span style=\"font-family: helvetica, arial, sans-serif;\"><a href=\"http:\/\/lattes.cnpq.br\/3241620845064515\">Maiane Liana Hatschbach Ourique<\/a><\/span><\/pre>\n<pre><span style=\"font-family: helvetica, arial, sans-serif; font-size: 12pt;\"><strong>Coordenadores de Linha\n<\/strong><\/span><span style=\"font-family: helvetica, arial, sans-serif; font-size: 12pt;\">Linha de Pesquisa I - <a href=\"https:\/\/institucional.ufpel.edu.br\/servidores\/id\/23685\">Neiva Afonso Oliveira<\/a>\n<\/span><span style=\"font-family: helvetica, arial, sans-serif; font-size: 12pt;\">Linha de Pesquisa II - <a href=\"https:\/\/institucional.ufpel.edu.br\/servidores\/id\/134867\">Siglia Pimentel Hoher Camargo<\/a>\n<\/span><span style=\"font-family: helvetica, arial, sans-serif; font-size: 12pt;\">Linha de Pesquisa III - <a class=\"waffle-rich-text-link\" href=\"http:\/\/lattes.cnpq.br\/7674934224612535\" target=\"_blank\" rel=\"noopener\">\u00c1lvaro Luiz Moreira Hypolito<\/a>\n<\/span><span style=\"font-family: helvetica, arial, sans-serif; font-size: 12pt;\">Linha de Pesquisa IV - <a href=\"http:\/\/lattes.cnpq.br\/6058487579514784\">L\u00edgia Cardoso Carlos<\/a>\n<\/span><span style=\"font-family: helvetica, arial, sans-serif; font-size: 12pt;\">Linha de Pesquisa V - <a href=\"https:\/\/institucional.ufpel.edu.br\/servidores\/id\/150466\">Caroline Terra de Oliveira<\/a><\/span><\/pre>\n<p><strong>Representante T\u00e9cnico Administrativo<br \/>\n<\/strong><a href=\"https:\/\/institucional.ufpel.edu.br\/servidores\/id\/17209\">Guilherme Santos Machado<\/a><\/p>\n<p><strong>Representantes de estudantes do Curso de Mestrado em Educa\u00e7\u00e3o<\/strong><br \/>\nMsn. Mayara Cristina Vargas<br \/>\nMsn. Lucas Bezerra Furtado (suplente)<\/p>\n<p><strong>Representantes de estudantes do Curso de Doutorado em Educa\u00e7\u00e3o<\/strong><br \/>\nDrn. Felipe da Silva Justo<br \/>\nDrn. Eliane Silva Gon\u00e7alves (suplente)<\/p>\n<pre><span style=\"font-family: helvetica, arial, sans-serif; font-size: 12pt;\"><strong>Representante de CD\n<\/strong><\/span><span style=\"font-family: helvetica, arial, sans-serif;\"><a href=\"https:\/\/institucional.ufpel.edu.br\/servidores\/id\/27945\">Gilsenira de Alcino Rangel<\/a> (Diretora - Faculdade de Educa\u00e7\u00e3o)<\/span><\/pre>\n\t\t\t\t<\/div>\n\t\t\t<\/div>\n\t\t<\/div>\n\t\t\t<div class=\"sow-accordion-panel\n\t\t\t\t\"\n\t\t\tdata-anchor-id=\"comissoes\">\n\t\t\t\t<div class=\"sow-accordion-panel-header-container\" role=\"heading\" aria-level=\"2\">\n\t\t\t\t\t<div class=\"sow-accordion-panel-header\" tabindex=\"0\" role=\"button\" id=\"accordion-label-comiss%c3%b5es\" aria-controls=\"accordion-content-comiss%c3%b5es\" aria-expanded=\"false\">\n\t\t\t\t\t\t<div class=\"sow-accordion-title sow-accordion-title-icon-left\">\n\t\t\t\t\t\t\t\t\t\t\t\t\t\tComiss\u00f5es\t\t\t\t\t\t\t\t\t\t\t\t\t<\/div>\n\t\t\t\t\t\t<div class=\"sow-accordion-open-close-button\">\n\t\t\t\t\t\t\t<div class=\"sow-accordion-open-button\">\n\t\t\t\t\t\t\t\t<span class=\"sow-icon-ionicons\" data-sow-icon=\"&#xf218;\"\n\t\t \n\t\taria-hidden=\"true\"><\/span>\t\t\t\t\t\t\t<\/div>\n\t\t\t\t\t\t\t<div class=\"sow-accordion-close-button\">\n\t\t\t\t\t\t\t\t<span class=\"sow-icon-ionicons\" data-sow-icon=\"&#xf209;\"\n\t\t \n\t\taria-hidden=\"true\"><\/span>\t\t\t\t\t\t\t<\/div>\n\t\t\t\t\t\t<\/div>\n\t\t\t\t\t<\/div>\n\t\t\t\t<\/div>\n\n\t\t\t<div\n\t\t\t\tclass=\"sow-accordion-panel-content\"\n\t\t\t\trole=\"region\"\n\t\t\t\taria-labelledby=\"accordion-label-comiss%c3%b5es\"\n\t\t\t\tid=\"accordion-content-comiss%c3%b5es\"\n\t\t\t\tstyle=\"display: none;\"\t\t\t>\n\t\t\t\t<div class=\"sow-accordion-panel-border\">\n\t\t\t\t\t<p style=\"text-align: left;\"><span style=\"font-family: helvetica, arial, sans-serif; font-size: 12pt;\"><strong>Comiss\u00e3o de Bolsa<br \/>\n<\/strong><\/span><span style=\"font-family: helvetica, arial, sans-serif; font-size: 12pt;\"><a href=\"https:\/\/institucional.ufpel.edu.br\/servidores\/id\/1518\">Andressa Aita Ivo<\/a><br \/>\n<\/span><span style=\"font-family: helvetica, arial, sans-serif;\"><span style=\"font-size: 12pt;\"><a href=\"https:\/\/institucional.ufpel.edu.br\/servidores\/id\/63945\">Andrisa Kemel Zanella<\/a><br \/>\n<\/span><\/span><span style=\"font-family: helvetica, arial, sans-serif; font-size: 12pt;\"><a href=\"https:\/\/institucional.ufpel.edu.br\/servidores\/id\/63945\">Caroline Terra de Oliveira<\/a><br \/>\n<\/span><span style=\"font-family: helvetica, arial, sans-serif; font-size: 12pt;\"><a href=\"https:\/\/institucional.ufpel.edu.br\/servidores\/id\/149463\">Fernando Cezar Ripe da Cruz<\/a><br \/>\n<\/span><span style=\"font-family: helvetica, arial, sans-serif; font-size: 12pt;\"><a href=\"https:\/\/institucional.ufpel.edu.br\/servidores\/id\/25882\">Georgina Helena Xavier Lima<\/a><br \/>\n<a href=\"https:\/\/institucional.ufpel.edu.br\/servidores\/id\/25363\">L\u00edgia Cardoso Carlos<\/a><br \/>\n<\/span><span style=\"font-family: helvetica, arial, sans-serif; font-size: 12pt;\"><span style=\"font-weight: 400;\">Sabino Tobana Intanqu\u00ea (representante discente do Doutorado)<br \/>\n<\/span><\/span><span style=\"font-family: helvetica, arial, sans-serif; font-size: 12pt;\"><span style=\"font-weight: 400;\">Eliada Mayara Cardoso da Silva Alves (representante discente do Mestrado)<br \/>\n<\/span><\/span><span style=\"font-family: helvetica, arial, sans-serif; font-size: 12pt;\"><span style=\"font-weight: 400;\">Annelise Costa de Jesus (representante discente do Mestrado)<\/span><\/span><\/p>\n<pre style=\"text-align: left;\"><span style=\"font-family: helvetica, arial, sans-serif; font-size: 12pt;\"><strong>Comissa\u0303o Permanente de Autoavaliac\u0327a\u0303o e Acompanhamento Docente \n<\/strong><\/span><span style=\"font-family: helvetica, arial, sans-serif; font-size: 12pt;\"><a href=\"https:\/\/institucional.ufpel.edu.br\/servidores\/id\/30671\">Marta N\u00f6rnberg<\/a><\/span>\n<span style=\"font-family: helvetica, arial, sans-serif; font-size: 12pt;\"><a href=\"https:\/\/institucional.ufpel.edu.br\/servidores\/id\/23746\">Madalena Klein<\/a>\n<\/span><span style=\"font-family: helvetica, arial, sans-serif; font-size: 12pt;\"><a href=\"https:\/\/institucional.ufpel.edu.br\/servidores\/id\/32670\">Patr\u00edcia Weiduschadt<\/a>\n<\/span><span style=\"font-family: helvetica, arial, sans-serif; font-size: 12pt;\"><a href=\"https:\/\/institucional.ufpel.edu.br\/servidores\/id\/134867\">Siglia Pimentel Hoher Camargo<\/a>\n<\/span><span style=\"font-family: helvetica, arial, sans-serif;\"><a href=\"http:\/\/lattes.cnpq.br\/6848764344636670\">Valdelaine da Rosa Mendes<\/a><\/span><\/pre>\n<p><strong>Representantes Estudantis<\/strong><br \/>\nAcad. Diocelena dos Santos Miranda<br \/>\nAcad. Diuli Alves Wulff (suplente)<\/p>\n<pre style=\"text-align: left;\"><span style=\"font-family: helvetica, arial, sans-serif;\"><strong><span style=\"font-size: 12pt;\">Comissa\u0303o de Selec\u0327a\u0303o\n<\/span><\/strong><\/span><span style=\"font-family: helvetica, arial, sans-serif; font-size: 12pt;\"><a href=\"https:\/\/institucional.ufpel.edu.br\/servidores\/id\/63945\">Andrisa Kemel Zanella<\/a>\n<\/span><span style=\"font-family: helvetica, arial, sans-serif; font-size: 12pt;\"><a href=\"https:\/\/institucional.ufpel.edu.br\/servidores\/id\/32670\">Patr\u00edcia Weiduschadt<\/a><\/span>\n<span style=\"font-family: helvetica, arial, sans-serif; font-size: 12pt;\"><a href=\"https:\/\/institucional.ufpel.edu.br\/servidores\/id\/23537\">Maria de F\u00e1tima C\u00f3ssio<\/a>\n<a href=\"https:\/\/institucional.ufpel.edu.br\/servidores\/id\/23746\">Madalena Klein<\/a>\n<\/span><span style=\"font-family: helvetica, arial, sans-serif; font-size: 12pt;\"><a href=\"https:\/\/institucional.ufpel.edu.br\/servidores\/id\/76519\">Simone Gon\u00e7alves da Silva<\/a>\n\n<\/span><\/pre>\n\t\t\t\t<\/div>\n\t\t\t<\/div>\n\t\t<\/div>\n\t\t<\/div>\n<\/div>\n<\/div><\/div><\/div><\/div><\/div>","protected":false},"excerpt":{"rendered":"<p>Coordena\u00e7\u00e3o Coordenadora de Curso de P\u00f3s-Gradua\u00e7\u00e3o Prof. Dr. Marcio Caetano Coordenadora de Curso de P\u00f3s-Gradua\u00e7\u00e3o Substituto Profa. Dra. Maiane Liana Hatschbach Ourique Email: coord_ppgeducacao@ufpel.edu.br Secretaria Servidor T\u00e9cnico Administrativo em Educa\u00e7\u00e3o Guilherme Santos Machado Atendimento presencial: Quarta-feira: 8h at\u00e9 12h \/ 13h at\u00e9 17h. Quinta-feira: 8h at\u00e9 12h. Servidor T\u00e9cnico Administrativo em Educa\u00e7\u00e3o Juliano Melo Servidor [&hellip;]<\/p>\n","protected":false},"author":675,"featured_media":0,"parent":0,"menu_order":0,"comment_status":"closed","ping_status":"closed","template":"page-sem-sidebar.php","meta":{"footnotes":""},"class_list":["post-462","page","type-page","status-publish","hentry"],"jetpack_sharing_enabled":true,"_links":{"self":[{"href":"https:\/\/wp.ufpel.edu.br\/ppge\/wp-json\/wp\/v2\/pages\/462","targetHints":{"allow":["GET"]}}],"collection":[{"href":"https:\/\/wp.ufpel.edu.br\/ppge\/wp-json\/wp\/v2\/pages"}],"about":[{"href":"https:\/\/wp.ufpel.edu.br\/ppge\/wp-json\/wp\/v2\/types\/page"}],"author":[{"embeddable":true,"href":"https:\/\/wp.ufpel.edu.br\/ppge\/wp-json\/wp\/v2\/users\/675"}],"replies":[{"embeddable":true,"href":"https:\/\/wp.ufpel.edu.br\/ppge\/wp-json\/wp\/v2\/comments?post=462"}],"version-history":[{"count":3,"href":"https:\/\/wp.ufpel.edu.br\/ppge\/wp-json\/wp\/v2\/pages\/462\/revisions"}],"predecessor-version":[{"id":5308,"href":"https:\/\/wp.ufpel.edu.br\/ppge\/wp-json\/wp\/v2\/pages\/462\/revisions\/5308"}],"wp:attachment":[{"href":"https:\/\/wp.ufpel.edu.br\/ppge\/wp-json\/wp\/v2\/media?parent=462"}],"curies":[{"name":"wp","href":"https:\/\/api.w.org\/{rel}","templated":true}]}}