{"id":4258,"date":"2024-10-01T09:11:37","date_gmt":"2024-10-01T12:11:37","guid":{"rendered":"https:\/\/wp.ufpel.edu.br\/ppge\/?page_id=4258"},"modified":"2026-02-04T13:10:02","modified_gmt":"2026-02-04T16:10:02","slug":"calendario","status":"publish","type":"page","link":"https:\/\/wp.ufpel.edu.br\/ppge\/calendario\/","title":{"rendered":"Calend\u00e1rio Acad\u00eamico"},"content":{"rendered":"<p><a href=\"https:\/\/wp.ufpel.edu.br\/ppge\/files\/2024\/08\/Calendario-Academico-2024.2-1.pdf\">CALEND\u00c1RIO ACAD\u00caMICO 2024<\/a><\/p>\n<p><a href=\"https:\/\/wp.ufpel.edu.br\/ppge\/files\/2025\/09\/Calendario-Academico-2025.pdf\">CALEND\u00c1RIO ACAD\u00caMICO 2025<\/a><\/p>\n<p><a href=\"https:\/\/wp.ufpel.edu.br\/ppge\/files\/2026\/02\/Calendario-Academico-2026.pdf\">CALEND\u00c1RIO ACAD\u00caMICO 2026<\/a><\/p>\n","protected":false},"excerpt":{"rendered":"<p>CALEND\u00c1RIO ACAD\u00caMICO 2024 CALEND\u00c1RIO ACAD\u00caMICO 2025 CALEND\u00c1RIO ACAD\u00caMICO 2026<\/p>\n","protected":false},"author":675,"featured_media":0,"parent":0,"menu_order":0,"comment_status":"closed","ping_status":"closed","template":"page-sem-sidebar.php","meta":{"footnotes":""},"class_list":["post-4258","page","type-page","status-publish","hentry"],"jetpack_sharing_enabled":true,"_links":{"self":[{"href":"https:\/\/wp.ufpel.edu.br\/ppge\/wp-json\/wp\/v2\/pages\/4258","targetHints":{"allow":["GET"]}}],"collection":[{"href":"https:\/\/wp.ufpel.edu.br\/ppge\/wp-json\/wp\/v2\/pages"}],"about":[{"href":"https:\/\/wp.ufpel.edu.br\/ppge\/wp-json\/wp\/v2\/types\/page"}],"author":[{"embeddable":true,"href":"https:\/\/wp.ufpel.edu.br\/ppge\/wp-json\/wp\/v2\/users\/675"}],"replies":[{"embeddable":true,"href":"https:\/\/wp.ufpel.edu.br\/ppge\/wp-json\/wp\/v2\/comments?post=4258"}],"version-history":[{"count":4,"href":"https:\/\/wp.ufpel.edu.br\/ppge\/wp-json\/wp\/v2\/pages\/4258\/revisions"}],"predecessor-version":[{"id":5336,"href":"https:\/\/wp.ufpel.edu.br\/ppge\/wp-json\/wp\/v2\/pages\/4258\/revisions\/5336"}],"wp:attachment":[{"href":"https:\/\/wp.ufpel.edu.br\/ppge\/wp-json\/wp\/v2\/media?parent=4258"}],"curies":[{"name":"wp","href":"https:\/\/api.w.org\/{rel}","templated":true}]}}