{"id":3695,"date":"2024-07-30T08:24:10","date_gmt":"2024-07-30T11:24:10","guid":{"rendered":"https:\/\/curso-wp.ufpel.edu.br\/sandrobortolazzo\/?page_id=3498"},"modified":"2024-08-23T09:54:07","modified_gmt":"2024-08-23T12:54:07","slug":"alunos-especiais","status":"publish","type":"page","link":"https:\/\/wp.ufpel.edu.br\/ppge\/alunos-especiais\/","title":{"rendered":"Alunos Especiais"},"content":{"rendered":"<div id=\"pl-3695\"  class=\"panel-layout\" ><div id=\"pg-3695-0\"  class=\"panel-grid panel-no-style\" ><div id=\"pgc-3695-0-0\"  class=\"panel-grid-cell\" ><div id=\"panel-3695-0-0-0\" class=\"so-panel widget widget_sow-testimonials panel-first-child panel-last-child\" data-index=\"0\" ><div class=\"so-rounded panel-widget-style panel-widget-style-for-3695-0-0-0\" ><div\n\t\t\t\n\t\t\tclass=\"so-widget-sow-testimonials so-widget-sow-testimonials-default-cb7d5210e145-3695\"\n\t\t\t\n\t\t><div class=\"sow-testimonials\">\n\t\t\t\t\t<div class=\"sow-testimonial-wrapper sow-user-middle sow-layout-text-above\">\n\t\t\t<div class=\"sow-testimonial\">\n\t\t\t\t\t\t\t\t\t<div class=\"sow-testimonial-text\">\n\t\t\t\t\t\t<p><strong>ALUNOS(AS) ESPECIAIS<br \/>\n<\/strong>Os(as) alunos(as) especiais no programa s\u00e3o candidatos(as) aprovados(as) em editais espec\u00edficos para frequentar determinadas atividades curriculares, podendo acumular, em diferentes semestres, no m\u00e1ximo 6 cr\u00e9ditos para o curso de mestrado e 9 cr\u00e9ditos para o curso de doutorado. Esses(as) alunos(as) t\u00eam direito a atestado de frequ\u00eancia e aproveitamento.<\/p>\n<p><span style=\"font-weight: 400\"><a href=\"https:\/\/wp.ufpel.edu.br\/ppge\/especiais\/\"><b>Sele\u00e7\u00e3o de Alunos\/as Especiais<\/b><\/a><br \/>\n<\/span><\/p>\n\t\t\t\t\t<\/div>\n\t\t\t\t\n\t\t\t\t<div class=\"sow-testimonial-user\">\n\t\t\t\t\t\n\t\t\t\t\t<div class=\"sow-text\">\n\t\t\t\t\t\t\t\t\t\t\t\t\t<span class=\"sow-testimonial-name\"><strong><\/strong><\/span>\n\t\t\t\t\t\t\t\t\t\t\t\t\t\t\t\t\t\t\t\t\t\t\t\t\t\t\t\t\t<\/div>\n\t\t\t\t<\/div>\n\n\t\t\t\t\t\t\t<\/div>\n\t\t<\/div>\n\t<\/div>\n<\/div><\/div><\/div><\/div><\/div><\/div>","protected":false},"excerpt":{"rendered":"<p>ALUNOS(AS) ESPECIAIS Os(as) alunos(as) especiais no programa s\u00e3o candidatos(as) aprovados(as) em editais espec\u00edficos para frequentar determinadas atividades curriculares, podendo acumular, em diferentes semestres, no m\u00e1ximo 6 cr\u00e9ditos para o curso de mestrado e 9 cr\u00e9ditos para o curso de doutorado. Esses(as) alunos(as) t\u00eam direito a atestado de frequ\u00eancia e aproveitamento. Sele\u00e7\u00e3o de Alunos\/as Especiais<\/p>\n","protected":false},"author":675,"featured_media":0,"parent":0,"menu_order":0,"comment_status":"closed","ping_status":"closed","template":"page-sem-sidebar.php","meta":{"footnotes":""},"class_list":["post-3695","page","type-page","status-publish","hentry"],"jetpack_sharing_enabled":true,"_links":{"self":[{"href":"https:\/\/wp.ufpel.edu.br\/ppge\/wp-json\/wp\/v2\/pages\/3695","targetHints":{"allow":["GET"]}}],"collection":[{"href":"https:\/\/wp.ufpel.edu.br\/ppge\/wp-json\/wp\/v2\/pages"}],"about":[{"href":"https:\/\/wp.ufpel.edu.br\/ppge\/wp-json\/wp\/v2\/types\/page"}],"author":[{"embeddable":true,"href":"https:\/\/wp.ufpel.edu.br\/ppge\/wp-json\/wp\/v2\/users\/675"}],"replies":[{"embeddable":true,"href":"https:\/\/wp.ufpel.edu.br\/ppge\/wp-json\/wp\/v2\/comments?post=3695"}],"version-history":[{"count":5,"href":"https:\/\/wp.ufpel.edu.br\/ppge\/wp-json\/wp\/v2\/pages\/3695\/revisions"}],"predecessor-version":[{"id":3984,"href":"https:\/\/wp.ufpel.edu.br\/ppge\/wp-json\/wp\/v2\/pages\/3695\/revisions\/3984"}],"wp:attachment":[{"href":"https:\/\/wp.ufpel.edu.br\/ppge\/wp-json\/wp\/v2\/media?parent=3695"}],"curies":[{"name":"wp","href":"https:\/\/api.w.org\/{rel}","templated":true}]}}