{"id":3688,"date":"2024-05-26T00:00:56","date_gmt":"2024-05-26T03:00:56","guid":{"rendered":"https:\/\/curso-wp.ufpel.edu.br\/sandrobortolazzo\/?page_id=623"},"modified":"2024-08-23T11:58:14","modified_gmt":"2024-08-23T14:58:14","slug":"etica","status":"publish","type":"page","link":"https:\/\/wp.ufpel.edu.br\/ppge\/etica\/","title":{"rendered":"\u00c9tica em Pesquisa"},"content":{"rendered":"<div id=\"pl-3688\"  class=\"panel-layout\" ><div id=\"pg-3688-0\"  class=\"panel-grid panel-no-style\" ><div id=\"pgc-3688-0-0\"  class=\"panel-grid-cell\" ><div id=\"panel-3688-0-0-0\" class=\"so-panel widget widget_sow-testimonials panel-first-child panel-last-child\" data-index=\"0\" ><div class=\"so-rounded panel-widget-style panel-widget-style-for-3688-0-0-0\" ><div\n\t\t\t\n\t\t\tclass=\"so-widget-sow-testimonials so-widget-sow-testimonials-default-49394eb21963-3688\"\n\t\t\t\n\t\t><div class=\"sow-testimonials\">\n\t\t\t\t\t<div class=\"sow-testimonial-wrapper sow-user-left sow-layout-text-below\">\n\t\t\t<div class=\"sow-testimonial\">\n\t\t\t\t\n\t\t\t\t<div class=\"sow-testimonial-user\">\n\t\t\t\t\t\n\t\t\t\t\t<div class=\"sow-text\">\n\t\t\t\t\t\t\t\t\t\t\t\t\t<span class=\"sow-testimonial-name\"><strong><\/strong><\/span>\n\t\t\t\t\t\t\t\t\t\t\t\t\t\t\t\t\t\t\t\t\t\t\t\t\t\t\t\t\t<\/div>\n\t\t\t\t<\/div>\n\n\t\t\t\t\t\t\t\t\t<div class=\"sow-testimonial-text\">\n\t\t\t\t\t\t<p><a href=\"https:\/\/wp.ufpel.edu.br\/prppg\/pesquisa\/boas-praticas-em-pesquisa\/\"><span style=\"font-weight: 400\">Guia de Boas Pr\u00e1ticas de Pesquisa Cient\u00edfica na UFPel<\/span><\/a><br \/>\n<a href=\"https:\/\/wp.ufpel.edu.br\/prppg\/conep\/\"><span style=\"font-weight: 400\">CONEP<\/span><\/a><br \/>\n<a href=\"https:\/\/wp.ufpel.edu.br\/prppg\/plataforma-brasil\/\"><span style=\"font-weight: 400\">Plataforma Brasil<\/span><\/a><br \/>\n<a href=\"https:\/\/wp.ufpel.edu.br\/prppg\/instrucoes-para-elaboracao-de-projetos-de-pesquisa\/\"><span style=\"font-weight: 400\">INSTRU\u00c7\u00d5ES PARA ELABORA\u00c7\u00c3O DE PROJETOS DE PESQUISA<\/span><\/a><br \/>\n<a href=\"https:\/\/anped.org.br\/biblioteca\/etica-na-pesquisa-em-educacao\/\">ANPED - \u00c9tica na Pesquisa em Educa\u00e7\u00e3o<\/a><\/p>\n\t\t\t\t\t<\/div>\n\t\t\t\t\t\t\t<\/div>\n\t\t<\/div>\n\t<\/div>\n<\/div><\/div><\/div><\/div><\/div><\/div>","protected":false},"excerpt":{"rendered":"<p>Guia de Boas Pr\u00e1ticas de Pesquisa Cient\u00edfica na UFPel CONEP Plataforma Brasil INSTRU\u00c7\u00d5ES PARA ELABORA\u00c7\u00c3O DE PROJETOS DE PESQUISA ANPED &#8211; \u00c9tica na Pesquisa em Educa\u00e7\u00e3o<\/p>\n","protected":false},"author":675,"featured_media":0,"parent":0,"menu_order":0,"comment_status":"closed","ping_status":"closed","template":"page-sem-sidebar.php","meta":{"footnotes":""},"class_list":["post-3688","page","type-page","status-publish","hentry"],"jetpack_sharing_enabled":true,"_links":{"self":[{"href":"https:\/\/wp.ufpel.edu.br\/ppge\/wp-json\/wp\/v2\/pages\/3688","targetHints":{"allow":["GET"]}}],"collection":[{"href":"https:\/\/wp.ufpel.edu.br\/ppge\/wp-json\/wp\/v2\/pages"}],"about":[{"href":"https:\/\/wp.ufpel.edu.br\/ppge\/wp-json\/wp\/v2\/types\/page"}],"author":[{"embeddable":true,"href":"https:\/\/wp.ufpel.edu.br\/ppge\/wp-json\/wp\/v2\/users\/675"}],"replies":[{"embeddable":true,"href":"https:\/\/wp.ufpel.edu.br\/ppge\/wp-json\/wp\/v2\/comments?post=3688"}],"version-history":[{"count":4,"href":"https:\/\/wp.ufpel.edu.br\/ppge\/wp-json\/wp\/v2\/pages\/3688\/revisions"}],"predecessor-version":[{"id":4055,"href":"https:\/\/wp.ufpel.edu.br\/ppge\/wp-json\/wp\/v2\/pages\/3688\/revisions\/4055"}],"wp:attachment":[{"href":"https:\/\/wp.ufpel.edu.br\/ppge\/wp-json\/wp\/v2\/media?parent=3688"}],"curies":[{"name":"wp","href":"https:\/\/api.w.org\/{rel}","templated":true}]}}