{"id":3686,"date":"2024-05-24T00:00:33","date_gmt":"2024-05-24T03:00:33","guid":{"rendered":"https:\/\/curso-wp.ufpel.edu.br\/sandrobortolazzo\/?page_id=621"},"modified":"2026-02-19T12:16:55","modified_gmt":"2026-02-19T15:16:55","slug":"normas","status":"publish","type":"page","link":"https:\/\/wp.ufpel.edu.br\/ppge\/normas\/","title":{"rendered":"Normas e Transpar\u00eancia"},"content":{"rendered":"<div id=\"pl-3686\"  class=\"panel-layout\" ><div id=\"pg-3686-0\"  class=\"panel-grid panel-no-style\" ><div id=\"pgc-3686-0-0\"  class=\"panel-grid-cell\" ><div id=\"panel-3686-0-0-0\" class=\"so-panel widget widget_sow-testimonials panel-first-child\" data-index=\"0\" ><div class=\"so-rounded panel-widget-style panel-widget-style-for-3686-0-0-0\" ><div\n\t\t\t\n\t\t\tclass=\"so-widget-sow-testimonials so-widget-sow-testimonials-default-49394eb21963-3686\"\n\t\t\t\n\t\t><div class=\"sow-testimonials\">\n\t\t\t\t\t<div class=\"sow-testimonial-wrapper sow-user-left sow-layout-text-below\">\n\t\t\t<div class=\"sow-testimonial\">\n\t\t\t\t\n\t\t\t\t<div class=\"sow-testimonial-user\">\n\t\t\t\t\t\n\t\t\t\t\t<div class=\"sow-text\">\n\t\t\t\t\t\t\t\t\t\t\t\t\t<span class=\"sow-testimonial-name\"><strong><\/strong><\/span>\n\t\t\t\t\t\t\t\t\t\t\t\t\t\t\t\t\t\t\t\t\t\t\t\t\t\t\t\t\t<\/div>\n\t\t\t\t<\/div>\n\n\t\t\t\t\t\t\t\t\t<div class=\"sow-testimonial-text\">\n\t\t\t\t\t\t<p><a href=\"https:\/\/wp.ufpel.edu.br\/ppge\/files\/2025\/04\/Planejamento-Estrategico-PPGE.pdf\"><strong>PLANEJAMENTO ESTRAT\u00c9GICO - PPGE (2024-2029)<\/strong><\/a><\/p>\n<p><a href=\"https:\/\/wp.ufpel.edu.br\/ppge\/files\/2025\/11\/Resolucao-no89-2024.-Novo-Regimento-da-Pos-Graduacao.pdf\">Resolu\u00e7\u00e3o 89\/2024. Regimento da P\u00f3s-Gradua\u00e7\u00e3o<\/a><\/p>\n<p><strong>RESOLU\u00c7\u00d5ES<br \/>\n<\/strong><a href=\"https:\/\/wp.ufpel.edu.br\/prppg\/documentos-2\/\">Resolu\u00e7\u00f5es<\/a><\/p>\n<p><strong>REGIMENTOS<br \/>\n<\/strong><b><\/b><\/p>\n<p><a href=\"https:\/\/wp.ufpel.edu.br\/ppge\/files\/2026\/02\/Regimento-PPGE-2026.pdf\">REGIMENTO DO PPGE<\/a><\/p>\n<p><a href=\"https:\/\/wp.ufpel.edu.br\/ppge\/files\/2024\/08\/SEI_UFPel-1941013-Norma-Interna-do-Processo-de-Credenciamento-e-Recredenciamento-do-PPGE.pdf\">NORMA INTERNA N\u00ba 01\/2022\/ Credenciamento, Recredenciamento de Docentes do Programa de P\u00f3s-Gradua\u00e7\u00e3o em Educa\u00e7\u00e3o<\/a><\/p>\n<p><a href=\"https:\/\/wp.ufpel.edu.br\/ppge\/files\/2024\/03\/Regulamento-da-Comissao-de-Auto-Avaliacao-do-PPGE.pdf\">Regimento da Comiss\u00e3o de Autoavalia\u00e7\u00e3o do PPGE<\/a><\/p>\n<p><a href=\"https:\/\/wp.ufpel.edu.br\/ppge\/files\/2022\/08\/SEI-Resolucao-no-23.2018.pdf\">Regimento do CEHUS<\/a><\/p>\n<p><span style=\"color: var(--cor-texto);font-family: var(--fonte-corpo)\"><strong>Pr\u00f3-Reitoria de Pesquisa e P\u00f3s-Gradua\u00e7\u00e3o<\/strong><br \/>\n<\/span><span style=\"color: var(--cor-texto);font-family: var(--fonte-corpo)\">N\u00facleo de Execu\u00e7\u00e3o Or\u00e7ament\u00e1ria - NEOR<br \/>\n<\/span><a href=\"https:\/\/wp.ufpel.edu.br\/prppg\/pos-graducao\/neor\/legislacao\/\">Documentos de apoio ao NEOR<\/a><\/p>\n<p><strong>Bolsas<\/strong><\/p>\n<p><a href=\"https:\/\/wp.ufpel.edu.br\/ppge\/files\/2026\/02\/Regimento_de_bolsistas_2025.pdf\">Regimento da Comiss\u00e3o de Bolsas do PPGE<\/a><\/p>\n<p><a href=\"https:\/\/wp.ufpel.edu.br\/ppge\/files\/2021\/10\/Termo-de-Compromisso-Bolsista.doc\">Termo de Compromisso Bolsista<\/a><\/p>\n<p>Portarias referentes \u00e0s bolsas da CAPES<\/p>\n<ul>\n<li><a href=\"https:\/\/wp.ufpel.edu.br\/naaf\/politicas\/pos-graduacao-2\/\">Pol\u00edticas de A\u00e7\u00f5es Afirmativas: diretrizes para os Programas de P\u00f3s-Gradua\u00e7\u00e3o<\/a><\/li>\n<li><a href=\"https:\/\/wp.ufpel.edu.br\/ppge\/files\/2021\/10\/Resolucao-n.-05-de-26-de-abril-de-2017.pdf\">Resolu\u00e7\u00e3o-n.-05-de-26-de-abril-de-2017<\/a><\/li>\n<li><a href=\"https:\/\/wp.ufpel.edu.br\/ppge\/files\/2021\/10\/CONSUN-RES.162017-Pol.-Permanencia-Estudantes-PG.pdf\">CONSUN RES.162017-Pol.-Perman\u00eancia-Estudantes-PG<\/a><\/li>\n<li><a href=\"https:\/\/wp.ufpel.edu.br\/ppge\/files\/2021\/10\/NotaCapesCNPq-esclarecimentos.pdf\">Nota sobre ac\u00famulo de bolsa e v\u00ednculo empregat\u00edcio<\/a><\/li>\n<li><a href=\"https:\/\/wp.ufpel.edu.br\/ppge\/files\/2021\/10\/Portaria_076_RegulamentoDS-CAPES.pdf\">Portaria_076_RegulamentoDS CAPES<\/a><\/li>\n<li><a href=\"https:\/\/wp.ufpel.edu.br\/ppgbiotec\/files\/2023\/11\/Resolucao-no-59-do-COCEPE-de-04-de-outubro-de-2023.pdf\">Resolu\u00e7\u00e3o COCEPE 59\/2023<\/a><\/li>\n<li><a href=\"https:\/\/wp.ufpel.edu.br\/ppge\/files\/2021\/10\/Resolucao-47-de-2017_Estagio_Docente.pdf\">Resolu\u00e7\u00e3o-47-de-2017_Estagio_Docente<\/a><\/li>\n<li><a href=\"https:\/\/wp.ufpel.edu.br\/ppge\/files\/2025\/05\/Oficio_Circular_2604567.pdf\">Of\u00edcio Circular n\u00ba 15\/2025 - Novas regras para prorroga\u00e7\u00e3o de bolsas por licen\u00e7a maternidade<\/a><\/li>\n<\/ul>\n<p>&nbsp;<\/p>\n\t\t\t\t\t<\/div>\n\t\t\t\t\t\t\t<\/div>\n\t\t<\/div>\n\t<\/div>\n<\/div><\/div><\/div><div id=\"panel-3686-0-0-1\" class=\"so-panel widget widget_sow-accordion panel-last-child\" data-index=\"1\" ><div\n\t\t\t\n\t\t\tclass=\"so-widget-sow-accordion so-widget-sow-accordion-default-d9295f5bfa93-3686\"\n\t\t\t\n\t\t><div>\n\t<div class=\"sow-accordion\">\n\t\t\t<div class=\"sow-accordion-panel\n\t\t\t\t\"\n\t\t\tdata-anchor-id=\"atas\">\n\t\t\t\t<div class=\"sow-accordion-panel-header-container\" role=\"heading\" aria-level=\"2\">\n\t\t\t\t\t<div class=\"sow-accordion-panel-header\" tabindex=\"0\" role=\"button\" id=\"accordion-label-atas\" aria-controls=\"accordion-content-atas\" aria-expanded=\"false\">\n\t\t\t\t\t\t<div class=\"sow-accordion-title sow-accordion-title-icon-left\">\n\t\t\t\t\t\t\t\t\t\t\t\t\t\tATAS \t\t\t\t\t\t\t\t\t\t\t\t\t<\/div>\n\t\t\t\t\t\t<div class=\"sow-accordion-open-close-button\">\n\t\t\t\t\t\t\t<div class=\"sow-accordion-open-button\">\n\t\t\t\t\t\t\t\t<span class=\"sow-icon-ionicons\" data-sow-icon=\"&#xf218;\"\n\t\t \n\t\taria-hidden=\"true\"><\/span>\t\t\t\t\t\t\t<\/div>\n\t\t\t\t\t\t\t<div class=\"sow-accordion-close-button\">\n\t\t\t\t\t\t\t\t<span class=\"sow-icon-ionicons\" data-sow-icon=\"&#xf209;\"\n\t\t \n\t\taria-hidden=\"true\"><\/span>\t\t\t\t\t\t\t<\/div>\n\t\t\t\t\t\t<\/div>\n\t\t\t\t\t<\/div>\n\t\t\t\t<\/div>\n\n\t\t\t<div\n\t\t\t\tclass=\"sow-accordion-panel-content\"\n\t\t\t\trole=\"region\"\n\t\t\t\taria-labelledby=\"accordion-label-atas\"\n\t\t\t\tid=\"accordion-content-atas\"\n\t\t\t\tstyle=\"display: none;\"\t\t\t>\n\t\t\t\t<div class=\"sow-accordion-panel-border\">\n\t\t\t\t\t<p><span style=\"font-size: 12pt;\"><strong>2025<\/strong><\/span><\/p>\n<p><span style=\"font-size: 10pt;\"><a class=\"mtli_attachment mtli_pdf\" href=\"https:\/\/wp.ufpel.edu.br\/ppge\/files\/2025\/05\/Ata-01.2025.pdf\">Ata 01.2025<\/a><br \/>\n<\/span><span style=\"font-size: 10pt;\"><a class=\"mtli_attachment mtli_pdf\" href=\"https:\/\/wp.ufpel.edu.br\/ppge\/files\/2025\/05\/Ata-02.2025.pdf\">Ata 02.2025<\/a><br \/>\n<\/span><span style=\"font-size: 10pt;\"><a class=\"mtli_attachment mtli_pdf\" href=\"https:\/\/wp.ufpel.edu.br\/ppge\/files\/2025\/05\/Ata-03.2025.pdf\">Ata 03.2025<\/a><br \/>\n<\/span><span style=\"font-size: 10pt;\"><a class=\"mtli_attachment mtli_pdf\" href=\"https:\/\/wp.ufpel.edu.br\/ppge\/files\/2025\/05\/Ata-04.2025.pdf\">Ata 04.2025<\/a><\/span><\/p>\n<hr \/>\n<p><span style=\"font-size: 12pt;\"><strong>2024<br \/>\n<\/strong><\/span><\/p>\n<p><span style=\"font-size: 10pt;\"><a class=\"mtli_attachment mtli_pdf\" href=\"https:\/\/wp.ufpel.edu.br\/ppge\/files\/2025\/05\/Ata-01.2024.pdf\">Ata 01.2024<\/a><br \/>\n<\/span><span style=\"font-size: 10pt;\"><a class=\"mtli_attachment mtli_pdf\" href=\"https:\/\/wp.ufpel.edu.br\/ppge\/files\/2025\/05\/Ata-02.2024.pdf\">Ata 02.2024<\/a><br \/>\n<\/span><span style=\"font-size: 10pt;\"><a class=\"mtli_attachment mtli_pdf\" href=\"https:\/\/wp.ufpel.edu.br\/ppge\/files\/2025\/05\/Ata-03.2024.pdf\">Ata 03.2024<\/a><br \/>\n<\/span><span style=\"font-size: 10pt;\"><a class=\"mtli_attachment mtli_pdf\" href=\"https:\/\/wp.ufpel.edu.br\/ppge\/files\/2025\/05\/Ata-04.2024-Ad-Referendum.pdf\">Ata 04.2024 Ad Referendum<\/a><br \/>\n<\/span><span style=\"font-size: 10pt;\"><a class=\"mtli_attachment mtli_pdf\" href=\"https:\/\/wp.ufpel.edu.br\/ppge\/files\/2025\/05\/Ata-05.2024.pdf\">Ata 05.2024<\/a><br \/>\n<\/span><span style=\"font-size: 10pt;\"><a class=\"mtli_attachment mtli_pdf\" href=\"https:\/\/wp.ufpel.edu.br\/ppge\/files\/2025\/05\/Ata-06.2024.pdf\">Ata 06.2024<\/a><br \/>\n<\/span><span style=\"font-size: 10pt;\"><a class=\"mtli_attachment mtli_pdf\" href=\"https:\/\/wp.ufpel.edu.br\/ppge\/files\/2025\/05\/Ata-07.2024-Ad-Referendum.pdf\">Ata 07.2024 Ad Referendum<\/a><br \/>\n<\/span><span style=\"font-size: 10pt;\"><a class=\"mtli_attachment mtli_pdf\" href=\"https:\/\/wp.ufpel.edu.br\/ppge\/files\/2025\/05\/Ata-08.2024.pdf\">Ata 08.2024<\/a><br \/>\n<\/span><span style=\"font-size: 10pt;\"><a class=\"mtli_attachment mtli_pdf\" href=\"https:\/\/wp.ufpel.edu.br\/ppge\/files\/2025\/05\/Ata-10.2024-Ad-Referendum.pdf\">Ata 10.2024 Ad Referendum<\/a><br \/>\n<\/span><span style=\"font-size: 10pt;\"><a class=\"mtli_attachment mtli_pdf\" href=\"https:\/\/wp.ufpel.edu.br\/ppge\/files\/2025\/05\/Ata-11.2024.pdf\">Ata 11.2024<\/a><br \/>\n<\/span><span style=\"font-size: 10pt;\"><a class=\"mtli_attachment mtli_pdf\" href=\"https:\/\/wp.ufpel.edu.br\/ppge\/files\/2025\/05\/Ata-12.2024.pdf\">Ata 12.2024<\/a><br \/>\n<\/span><span style=\"font-size: 10pt;\"><a class=\"mtli_attachment mtli_pdf\" href=\"https:\/\/wp.ufpel.edu.br\/ppge\/files\/2025\/05\/Ata-13.2024.pdf\">Ata 13.2024<\/a><br \/>\n<\/span><span style=\"font-size: 10pt;\"><a class=\"mtli_attachment mtli_pdf\" href=\"https:\/\/wp.ufpel.edu.br\/ppge\/files\/2025\/05\/Ata-14.2024.pdf\">Ata 14.2024<\/a><br \/>\n<\/span><span style=\"font-size: 10pt;\"><a class=\"mtli_attachment mtli_pdf\" href=\"https:\/\/wp.ufpel.edu.br\/ppge\/files\/2025\/05\/Ata-15.2024.pdf\">Ata 15.2024<\/a><br \/>\n<\/span><span style=\"font-size: 10pt;\"><a class=\"mtli_attachment mtli_pdf\" href=\"https:\/\/wp.ufpel.edu.br\/ppge\/files\/2025\/05\/Ata-16.2024.pdf\">Ata 16.2024<\/a><\/span><\/p>\n<hr \/>\n<p><strong>2023<\/strong><\/p>\n<p><span style=\"font-size: 10pt;\"><a class=\"mtli_attachment mtli_pdf\" href=\"https:\/\/wp.ufpel.edu.br\/ppge\/files\/2025\/05\/Ata-01.2023.pdf\">Ata 01.2023<\/a><br \/>\n<\/span><span style=\"font-size: 10pt;\"><a class=\"mtli_attachment mtli_pdf\" href=\"https:\/\/wp.ufpel.edu.br\/ppge\/files\/2025\/05\/Ata-02.2023.pdf\">Ata 02.2023<\/a><br \/>\n<\/span><span style=\"font-size: 10pt;\"><a class=\"mtli_attachment mtli_pdf\" href=\"https:\/\/wp.ufpel.edu.br\/ppge\/files\/2025\/05\/Ata-03.2023-ad-referendum.pdf\">Ata 03.2023 ad referendum<\/a><br \/>\n<\/span><span style=\"font-size: 10pt;\"><a class=\"mtli_attachment mtli_pdf\" href=\"https:\/\/wp.ufpel.edu.br\/ppge\/files\/2025\/05\/Ata-04.2023-ad-referendum.pdf\">Ata 04.2023 ad referendum<\/a><br \/>\n<\/span><span style=\"font-size: 10pt;\"><a class=\"mtli_attachment mtli_pdf\" href=\"https:\/\/wp.ufpel.edu.br\/ppge\/files\/2025\/05\/Ata-05.2023.pdf\">Ata 05.2023<\/a><br \/>\n<\/span><span style=\"font-size: 10pt;\"><a class=\"mtli_attachment mtli_pdf\" href=\"https:\/\/wp.ufpel.edu.br\/ppge\/files\/2025\/05\/Ata-06.2023.pdf\">Ata 06.2023<\/a><br \/>\n<\/span><span style=\"font-size: 10pt;\"><a class=\"mtli_attachment mtli_pdf\" href=\"https:\/\/wp.ufpel.edu.br\/ppge\/files\/2025\/05\/Ata-07.2023.pdf\">Ata 07.2023<\/a><br \/>\n<\/span><span style=\"font-size: 10pt;\"><a class=\"mtli_attachment mtli_pdf\" href=\"https:\/\/wp.ufpel.edu.br\/ppge\/files\/2025\/05\/Ata-08.2023-AD-REFERENDUM-Edital-PDSEPRINT.pdf\">Ata 08.2023 AD REFERENDUM Edital PDSEPRINT<\/a><br \/>\n<\/span><span style=\"font-size: 10pt;\"><a class=\"mtli_attachment mtli_pdf\" href=\"https:\/\/wp.ufpel.edu.br\/ppge\/files\/2025\/05\/Ata-09.2023.pdf\">Ata 09.2023<\/a><br \/>\n<\/span><span style=\"font-size: 10pt;\"><a class=\"mtli_attachment mtli_pdf\" href=\"https:\/\/wp.ufpel.edu.br\/ppge\/files\/2025\/05\/Ata-10.2023.pdf\">Ata 10.2023<\/a><br \/>\n<\/span><span style=\"font-size: 10pt;\"><a class=\"mtli_attachment mtli_pdf\" href=\"https:\/\/wp.ufpel.edu.br\/ppge\/files\/2025\/05\/Ata-11.2023-ad-referendum.pdf\">Ata 11.2023 ad referendum<\/a><br \/>\n<\/span><span style=\"font-size: 10pt;\"><a class=\"mtli_attachment mtli_pdf\" href=\"https:\/\/wp.ufpel.edu.br\/ppge\/files\/2025\/05\/Ata-12.2023.pdf\">Ata 12.2023<\/a><br \/>\n<\/span><span style=\"font-size: 10pt;\"><a class=\"mtli_attachment mtli_pdf\" href=\"https:\/\/wp.ufpel.edu.br\/ppge\/files\/2025\/05\/Ata-13.2023.pdf\">Ata 13.2023<\/a><br \/>\n<\/span><span style=\"font-size: 10pt;\"><a class=\"mtli_attachment mtli_pdf\" href=\"https:\/\/wp.ufpel.edu.br\/ppge\/files\/2025\/05\/Ata-14.2023.pdf\">Ata 14.2023<\/a><br \/>\n<\/span><span style=\"font-size: 10pt;\"><a class=\"mtli_attachment mtli_pdf\" href=\"https:\/\/wp.ufpel.edu.br\/ppge\/files\/2025\/05\/Ata-15.2023.pdf\">Ata 15.2023<\/a><br \/>\n<\/span><span style=\"font-size: 10pt;\"><a class=\"mtli_attachment mtli_pdf\" href=\"https:\/\/wp.ufpel.edu.br\/ppge\/files\/2025\/05\/Ata-16.2023.pdf\">Ata 16.2023<\/a><br \/>\n<\/span><span style=\"font-size: 10pt;\"><a class=\"mtli_attachment mtli_pdf\" href=\"https:\/\/wp.ufpel.edu.br\/ppge\/files\/2025\/05\/Ata-17.2023.pdf\">Ata 17.2023<\/a><\/span><\/p>\n<hr \/>\n<p><span style=\"font-size: 12pt;\"><strong>2022<\/strong><\/span><\/p>\n<p><span style=\"font-size: 10pt;\"><a class=\"mtli_attachment mtli_pdf\" href=\"https:\/\/wp.ufpel.edu.br\/ppge\/files\/2025\/05\/ATA-01.2022-ad-referendum.pdf\">ATA 01.2022 ad referendum<\/a><br \/>\n<\/span><span style=\"font-size: 10pt;\"><a class=\"mtli_attachment mtli_pdf\" href=\"https:\/\/wp.ufpel.edu.br\/ppge\/files\/2025\/05\/Ata-02.2022.pdf\">Ata 02.2022<\/a><br \/>\n<\/span><span style=\"font-size: 10pt;\"><a class=\"mtli_attachment mtli_pdf\" href=\"https:\/\/wp.ufpel.edu.br\/ppge\/files\/2025\/05\/Ata-03.2022.pdf\">Ata 03.2022<\/a><br \/>\n<\/span><span style=\"font-size: 10pt;\"><a class=\"mtli_attachment mtli_pdf\" href=\"https:\/\/wp.ufpel.edu.br\/ppge\/files\/2025\/05\/Ata-04.2022.pdf\">Ata 04.2022<\/a><br \/>\n<\/span><span style=\"font-size: 10pt;\"><a class=\"mtli_attachment mtli_pdf\" href=\"https:\/\/wp.ufpel.edu.br\/ppge\/files\/2025\/05\/Ata-05.2022.pdf\">Ata 05.2022<\/a><br \/>\n<\/span><span style=\"font-size: 10pt;\"><a class=\"mtli_attachment mtli_pdf\" href=\"https:\/\/wp.ufpel.edu.br\/ppge\/files\/2025\/05\/Ata-06.2022.pdf\">Ata 06.2022<\/a><br \/>\n<\/span><span style=\"font-size: 10pt;\"><a class=\"mtli_attachment mtli_pdf\" href=\"https:\/\/wp.ufpel.edu.br\/ppge\/files\/2025\/05\/Ata-07.2022-AD-REFERENDUM.pdf\">Ata 07.2022 AD REFERENDUM<\/a><br \/>\n<\/span><span style=\"font-size: 10pt;\"><a class=\"mtli_attachment mtli_pdf\" href=\"https:\/\/wp.ufpel.edu.br\/ppge\/files\/2025\/05\/Ata-08.2022-AD-REFERENDUM.pdf\">Ata 08.2022 AD REFERENDUM<\/a><br \/>\n<\/span><span style=\"font-size: 10pt;\"><a class=\"mtli_attachment mtli_pdf\" href=\"https:\/\/wp.ufpel.edu.br\/ppge\/files\/2025\/05\/Ata-09.2022-AD-REFERENDUM.pdf\">Ata 09.2022 AD REFERENDUM<\/a><br \/>\n<\/span><span style=\"font-size: 10pt;\"><a class=\"mtli_attachment mtli_pdf\" href=\"https:\/\/wp.ufpel.edu.br\/ppge\/files\/2025\/05\/Ata-10.2022.pdf\">Ata 10.2022<\/a><br \/>\n<\/span><span style=\"font-size: 10pt;\"><a class=\"mtli_attachment mtli_pdf\" href=\"https:\/\/wp.ufpel.edu.br\/ppge\/files\/2025\/05\/Ata-11.2022.pdf\">Ata 11.2022<\/a><br \/>\n<\/span><span style=\"font-size: 10pt;\"><a class=\"mtli_attachment mtli_pdf\" href=\"https:\/\/wp.ufpel.edu.br\/ppge\/files\/2025\/05\/Ata-12.2022.pdf\">Ata 12.2022<\/a><br \/>\n<\/span><span style=\"font-size: 10pt;\"><a class=\"mtli_attachment mtli_pdf\" href=\"https:\/\/wp.ufpel.edu.br\/ppge\/files\/2025\/05\/Ata-13.2022.pdf\">Ata 13.2022<\/a><br \/>\n<\/span><span style=\"font-size: 10pt;\"><a class=\"mtli_attachment mtli_pdf\" href=\"https:\/\/wp.ufpel.edu.br\/ppge\/files\/2025\/05\/Ata-14.2022-AD-REFERENDUM.pdf\">Ata 14.2022 AD REFERENDUM<\/a><br \/>\n<\/span><span style=\"font-size: 10pt;\"><a class=\"mtli_attachment mtli_pdf\" href=\"https:\/\/wp.ufpel.edu.br\/ppge\/files\/2025\/05\/Ata-15.2022.pdf\">Ata 15.2022<\/a><br \/>\n<\/span><span style=\"font-size: 10pt;\"><a class=\"mtli_attachment mtli_pdf\" href=\"https:\/\/wp.ufpel.edu.br\/ppge\/files\/2025\/05\/Ata-16.2022.pdf\">Ata 16.2022<\/a><\/span><\/p>\n<hr \/>\n<p><span style=\"font-size: 12pt;\"><strong>2021<\/strong><\/span><\/p>\n<p><span style=\"font-size: 10pt;\"><a class=\"mtli_attachment mtli_pdf\" href=\"https:\/\/wp.ufpel.edu.br\/ppge\/files\/2025\/05\/Ata-01.2021.pdf\">Ata 01.2021<\/a><br \/>\n<\/span><span style=\"font-size: 10pt;\"><a class=\"mtli_attachment mtli_pdf\" href=\"https:\/\/wp.ufpel.edu.br\/ppge\/files\/2025\/05\/Ata-02.2021.pdf\">Ata 02.2021<\/a><br \/>\n<\/span><span style=\"font-size: 10pt;\"><a class=\"mtli_attachment mtli_pdf\" href=\"https:\/\/wp.ufpel.edu.br\/ppge\/files\/2025\/05\/Ata-03.2021.pdf\">Ata 03.2021<\/a><br \/>\n<\/span><span style=\"font-size: 10pt;\"><a class=\"mtli_attachment mtli_pdf\" href=\"https:\/\/wp.ufpel.edu.br\/ppge\/files\/2025\/05\/Ata-04.2021.pdf\">Ata 04.2021<\/a><br \/>\n<\/span><span style=\"font-size: 10pt;\"><a class=\"mtli_attachment mtli_pdf\" href=\"https:\/\/wp.ufpel.edu.br\/ppge\/files\/2025\/05\/Ata-05.2021.pdf\">Ata 05.2021<\/a><br \/>\n<\/span><span style=\"font-size: 10pt;\"><a class=\"mtli_attachment mtli_pdf\" href=\"https:\/\/wp.ufpel.edu.br\/ppge\/files\/2025\/05\/ATA-06.2021.pdf\">ATA 06.2021<\/a><br \/>\n<\/span><span style=\"font-size: 10pt;\"><a class=\"mtli_attachment mtli_pdf\" href=\"https:\/\/wp.ufpel.edu.br\/ppge\/files\/2025\/05\/ATA-07.2021.pdf\">ATA 07.2021<\/a><br \/>\n<\/span><span style=\"font-size: 10pt;\"><a class=\"mtli_attachment mtli_pdf\" href=\"https:\/\/wp.ufpel.edu.br\/ppge\/files\/2025\/05\/ATA-08.2021-AD-REFERENDUM.pdf\">ATA 08.2021 AD REFERENDUM<\/a><br \/>\n<\/span><span style=\"font-size: 10pt;\"><a class=\"mtli_attachment mtli_pdf\" href=\"https:\/\/wp.ufpel.edu.br\/ppge\/files\/2025\/05\/Ata-09.2021.pdf\">Ata 09.2021<\/a><br \/>\n<\/span><span style=\"font-size: 10pt;\"><a class=\"mtli_attachment mtli_pdf\" href=\"https:\/\/wp.ufpel.edu.br\/ppge\/files\/2025\/05\/Ata-10.2021.pdf\">Ata 10.2021<\/a><br \/>\n<\/span><span style=\"font-size: 10pt;\"><a class=\"mtli_attachment mtli_pdf\" href=\"https:\/\/wp.ufpel.edu.br\/ppge\/files\/2025\/05\/Ata-11.2021.pdf\">Ata 11.2021<\/a><br \/>\n<\/span><span style=\"font-size: 10pt;\"><a class=\"mtli_attachment mtli_pdf\" href=\"https:\/\/wp.ufpel.edu.br\/ppge\/files\/2025\/05\/Ata-12.2021.pdf\">Ata 12.2021<\/a><br \/>\n<\/span><span style=\"font-size: 10pt;\"><a class=\"mtli_attachment mtli_pdf\" href=\"https:\/\/wp.ufpel.edu.br\/ppge\/files\/2025\/05\/Ata-13.2021.pdf\">Ata 13.2021<\/a><br \/>\n<\/span><span style=\"font-size: 10pt;\"><a class=\"mtli_attachment mtli_pdf\" href=\"https:\/\/wp.ufpel.edu.br\/ppge\/files\/2025\/05\/Ata-14.2021-ad-referendum.pdf\">Ata 14.2021 ad referendum<\/a><\/span><\/p>\n<hr \/>\n<p><span style=\"font-size: 12pt;\"><strong>2020<\/strong><\/span><\/p>\n<p><span style=\"font-size: 10pt;\"><a class=\"mtli_attachment mtli_pdf\" href=\"https:\/\/wp.ufpel.edu.br\/ppge\/files\/2025\/05\/Ata-01.2020.pdf\">Ata 01.2020<\/a><br \/>\n<\/span><span style=\"font-size: 10pt;\"><a class=\"mtli_attachment mtli_pdf\" href=\"https:\/\/wp.ufpel.edu.br\/ppge\/files\/2025\/05\/Ata-02.2020.pdf\">Ata 02.2020<\/a><br \/>\n<\/span><span style=\"font-size: 10pt;\"><a class=\"mtli_attachment mtli_pdf\" href=\"https:\/\/wp.ufpel.edu.br\/ppge\/files\/2025\/05\/ATA-03.2020.pdf\">ATA 03.2020<\/a><br \/>\n<\/span><span style=\"font-size: 10pt;\"><a class=\"mtli_attachment mtli_pdf\" href=\"https:\/\/wp.ufpel.edu.br\/ppge\/files\/2025\/05\/ATA-04.2020.pdf\">ATA 04.2020<\/a><br \/>\n<\/span><span style=\"font-size: 10pt;\"><a class=\"mtli_attachment mtli_pdf\" href=\"https:\/\/wp.ufpel.edu.br\/ppge\/files\/2025\/05\/ATA-05.2020.pdf\">ATA 05.2020<\/a><br \/>\n<\/span><span style=\"font-size: 10pt;\"><a class=\"mtli_attachment mtli_pdf\" href=\"https:\/\/wp.ufpel.edu.br\/ppge\/files\/2025\/05\/ATA-06.2020.pdf\">ATA 06.2020<\/a><br \/>\n<\/span><span style=\"font-size: 10pt;\"><a class=\"mtli_attachment mtli_pdf\" href=\"https:\/\/wp.ufpel.edu.br\/ppge\/files\/2025\/05\/ATA-08.2020.pdf\">ATA 08.2020<\/a><br \/>\n<\/span><span style=\"font-size: 10pt;\"><a class=\"mtli_attachment mtli_pdf\" href=\"https:\/\/wp.ufpel.edu.br\/ppge\/files\/2025\/05\/ATA-09.2020.pdf\">ATA 09.2020<\/a><br \/>\n<\/span><span style=\"font-size: 10pt;\"><a class=\"mtli_attachment mtli_pdf\" href=\"https:\/\/wp.ufpel.edu.br\/ppge\/files\/2025\/05\/ATA-10.2020.pdf\">ATA 10.2020<\/a><br \/>\n<\/span><span style=\"font-size: 10pt;\"><a class=\"mtli_attachment mtli_pdf\" href=\"https:\/\/wp.ufpel.edu.br\/ppge\/files\/2025\/05\/Ata-11.2020.pdf\">Ata 11.2020<\/a><br \/>\n<\/span><span style=\"font-size: 10pt;\"><a class=\"mtli_attachment mtli_pdf\" href=\"https:\/\/wp.ufpel.edu.br\/ppge\/files\/2025\/05\/Ata-12.2020.pdf\">Ata 12.2020<\/a><br \/>\n<\/span><span style=\"font-size: 10pt;\"><a class=\"mtli_attachment mtli_pdf\" href=\"https:\/\/wp.ufpel.edu.br\/ppge\/files\/2025\/05\/Ata-13.2020.pdf\">Ata 13.2020<\/a><br \/>\n<\/span><span style=\"font-size: 10pt;\"><a class=\"mtli_attachment mtli_pdf\" href=\"https:\/\/wp.ufpel.edu.br\/ppge\/files\/2025\/05\/Ata-14.2020.pdf\">Ata 14.2020<\/a><br \/>\n<\/span><span style=\"font-size: 10pt;\"><a class=\"mtli_attachment mtli_pdf\" href=\"https:\/\/wp.ufpel.edu.br\/ppge\/files\/2025\/05\/Ata-15.2020.pdf\">Ata 15.2020<\/a><br \/>\n<\/span><span style=\"font-size: 10pt;\"><a class=\"mtli_attachment mtli_pdf\" href=\"https:\/\/wp.ufpel.edu.br\/ppge\/files\/2025\/05\/Ata-16.2020.pdf\">Ata 16.2020<\/a><br \/>\n<\/span><span style=\"font-size: 10pt;\"><a class=\"mtli_attachment mtli_pdf\" href=\"https:\/\/wp.ufpel.edu.br\/ppge\/files\/2025\/05\/Ata-17.2020.pdf\">Ata 17.2020<\/a><\/span><\/p>\n\t\t\t\t<\/div>\n\t\t\t<\/div>\n\t\t<\/div>\n\t\t<\/div>\n<\/div>\n<\/div><\/div><\/div><\/div><\/div>","protected":false},"excerpt":{"rendered":"<p>PLANEJAMENTO ESTRAT\u00c9GICO &#8211; PPGE (2024-2029) Resolu\u00e7\u00e3o 89\/2024. Regimento da P\u00f3s-Gradua\u00e7\u00e3o RESOLU\u00c7\u00d5ES Resolu\u00e7\u00f5es REGIMENTOS REGIMENTO DO PPGE NORMA INTERNA N\u00ba 01\/2022\/ Credenciamento, Recredenciamento de Docentes do Programa de P\u00f3s-Gradua\u00e7\u00e3o em Educa\u00e7\u00e3o Regimento da Comiss\u00e3o de Autoavalia\u00e7\u00e3o do PPGE Regimento do CEHUS Pr\u00f3-Reitoria de Pesquisa e P\u00f3s-Gradua\u00e7\u00e3o N\u00facleo de Execu\u00e7\u00e3o Or\u00e7ament\u00e1ria &#8211; NEOR Documentos de apoio ao [&hellip;]<\/p>\n","protected":false},"author":675,"featured_media":0,"parent":0,"menu_order":0,"comment_status":"closed","ping_status":"closed","template":"page-sem-sidebar.php","meta":{"footnotes":""},"class_list":["post-3686","page","type-page","status-publish","hentry"],"jetpack_sharing_enabled":true,"_links":{"self":[{"href":"https:\/\/wp.ufpel.edu.br\/ppge\/wp-json\/wp\/v2\/pages\/3686","targetHints":{"allow":["GET"]}}],"collection":[{"href":"https:\/\/wp.ufpel.edu.br\/ppge\/wp-json\/wp\/v2\/pages"}],"about":[{"href":"https:\/\/wp.ufpel.edu.br\/ppge\/wp-json\/wp\/v2\/types\/page"}],"author":[{"embeddable":true,"href":"https:\/\/wp.ufpel.edu.br\/ppge\/wp-json\/wp\/v2\/users\/675"}],"replies":[{"embeddable":true,"href":"https:\/\/wp.ufpel.edu.br\/ppge\/wp-json\/wp\/v2\/comments?post=3686"}],"version-history":[{"count":4,"href":"https:\/\/wp.ufpel.edu.br\/ppge\/wp-json\/wp\/v2\/pages\/3686\/revisions"}],"predecessor-version":[{"id":5363,"href":"https:\/\/wp.ufpel.edu.br\/ppge\/wp-json\/wp\/v2\/pages\/3686\/revisions\/5363"}],"wp:attachment":[{"href":"https:\/\/wp.ufpel.edu.br\/ppge\/wp-json\/wp\/v2\/media?parent=3686"}],"curies":[{"name":"wp","href":"https:\/\/api.w.org\/{rel}","templated":true}]}}