{"id":3531,"date":"2024-05-09T00:00:00","date_gmt":"2024-05-09T03:00:00","guid":{"rendered":"https:\/\/curso-wp.ufpel.edu.br\/sandrobortolazzo\/?page_id=688"},"modified":"2026-03-24T14:52:29","modified_gmt":"2026-03-24T17:52:29","slug":"horarios","status":"publish","type":"page","link":"https:\/\/wp.ufpel.edu.br\/ppge\/horarios\/","title":{"rendered":"Disciplinas\/Hor\u00e1rios"},"content":{"rendered":"<div id=\"pl-3531\"  class=\"panel-layout\" ><div id=\"pg-3531-0\"  class=\"panel-grid panel-no-style\" ><div id=\"pgc-3531-0-0\"  class=\"panel-grid-cell\" ><div id=\"panel-3531-0-0-0\" class=\"so-panel widget widget_sow-editor panel-first-child\" data-index=\"0\" ><div\n\t\t\t\n\t\t\tclass=\"so-widget-sow-editor so-widget-sow-editor-base\"\n\t\t\t\n\t\t><h3 class=\"widget-title\"> <\/h3>\n<div class=\"siteorigin-widget-tinymce textwidget\">\n\t<p>&nbsp;<\/p>\n<table class=\" alignleft\" style=\"height: flex; width: 100%; border-style: solid;\" border=\"0\">\n<tbody>\n<tr>\n<td style=\"width: 50%;\"><strong>Hor\u00e1rio 2026\/01:<\/strong><\/p>\n<ul>\n<li><a href=\"https:\/\/wp.ufpel.edu.br\/ppge\/files\/2026\/02\/Elaboracao-de-Dissertacao-ou-Tese.pdf\">Elaborac\u0327a\u0303o de Dissertac\u0327a\u0303o ou Tese<\/a><\/li>\n<li><a href=\"https:\/\/wp.ufpel.edu.br\/ppge\/files\/2026\/02\/Pratica-de-Pesquisa.pdf\">Pra\u0301tica de Pesquisa<\/a><\/li>\n<li><a href=\"https:\/\/wp.ufpel.edu.br\/ppge\/files\/2026\/02\/Disciplinas-Optativas-2026-1.pdf\">Optativas<\/a><\/li>\n<li><a href=\"https:\/\/wp.ufpel.edu.br\/ppge\/files\/2026\/02\/Disciplinas-Obrigatorias-2026-1.pdf\">Obrigato\u0301rias<\/a><\/li>\n<li><a href=\"https:\/\/wp.ufpel.edu.br\/ppge\/files\/2026\/02\/Disciplinas-Dinter-2026-1.pdf\">Dinter<\/a><\/li>\n<li><a href=\"https:\/\/wp.ufpel.edu.br\/ppge\/files\/2026\/03\/SALAS-\u2013-DISCIPLINAS-202601.pdf\">Salas<\/a><\/li>\n<\/ul>\n<p><strong>\u00a0<\/strong><\/p>\n<\/td>\n<td style=\"width: 50%;\"><\/td>\n<\/tr>\n<tr style=\"height: 268px;\">\n<td style=\"width: 50%; height: 268px;\"><strong>Hor\u00e1rio 2025\/01:<br \/>\n<\/strong><\/p>\n<ul>\n<li><a style=\"color: #333333;\" href=\"https:\/\/wp.ufpel.edu.br\/ppge\/files\/2025\/02\/Elaboracao-de-Dissertacao-ou-Tese.pdf\">Elabora\u00e7\u00e3o de Disserta\u00e7\u00e3o ou Tese<\/a><\/li>\n<li><a style=\"color: #333333;\" href=\"https:\/\/wp.ufpel.edu.br\/ppge\/files\/2025\/02\/Pratica-de-Pesquisa.pdf\">Pr\u00e1ticas de Pesquisa<\/a><\/li>\n<li><a style=\"color: #333333;\" href=\"https:\/\/wp.ufpel.edu.br\/ppge\/files\/2025\/02\/Disciplinas-Optativas-2025-1.pdf\">Disciplinas Optativas<\/a><\/li>\n<li><a style=\"color: #333333;\" href=\"https:\/\/wp.ufpel.edu.br\/ppge\/files\/2025\/02\/Disciplinas-Obrigatorias-2025-1.pdf\">Disciplinas Obrigat\u00f3rias<\/a><\/li>\n<li><a style=\"color: #333333;\" href=\"https:\/\/wp.ufpel.edu.br\/ppge\/files\/2025\/03\/Salas.pdf\">Salas<\/a><strong>\u00a0<\/strong><\/li>\n<\/ul>\n<\/td>\n<td style=\"width: 50%; height: 268px;\"><strong>Hor\u00e1rio 2025\/02:<\/strong><\/p>\n<ul>\n<li><a href=\"https:\/\/wp.ufpel.edu.br\/ppge\/files\/2025\/08\/1-Elaboracao-de-Dissertacao-ou-Tese.pdf\">Elaborac\u0327a\u0303o de Dissertac\u0327a\u0303o ou Tese<\/a><\/li>\n<li><a href=\"https:\/\/wp.ufpel.edu.br\/ppge\/files\/2025\/08\/2-Pratica-de-Pesquisa.pdf\">Pra\u0301tica de Pesquisa<\/a><\/li>\n<li><a href=\"https:\/\/wp.ufpel.edu.br\/ppge\/files\/2025\/08\/3-Optativas.pdf\">Optativas<\/a><\/li>\n<li><a href=\"https:\/\/wp.ufpel.edu.br\/ppge\/files\/2025\/08\/4-Obrigatorias.pdf\">Obrigato\u0301rias<\/a><\/li>\n<li><a href=\"https:\/\/wp.ufpel.edu.br\/ppge\/files\/2025\/09\/Salas-1.pdf\">Salas<\/a><\/li>\n<\/ul>\n<\/td>\n<\/tr>\n<tr style=\"height: 190px;\">\n<td style=\"width: 50%; height: 10px;\"><strong>Hor\u00e1rio 2024\/01:<\/strong><\/p>\n<ul>\n<li><a href=\"https:\/\/wp.ufpel.edu.br\/ppge\/files\/2024\/02\/Elaboracao-de-Dissertacao.pdf\">Elabora\u00e7\u00e3o de Disserta\u00e7\u00e3o ou Tese<\/a><\/li>\n<li><a href=\"https:\/\/wp.ufpel.edu.br\/ppge\/files\/2024\/02\/Pratica-de-Pesquisa-II.pdf\">Pr\u00e1ticas de Pesquisa<\/a><\/li>\n<li><a href=\"https:\/\/wp.ufpel.edu.br\/ppge\/files\/2024\/02\/Disciplinas-Optativas-1.pdf\">Disciplinas Optativas<\/a><\/li>\n<li><a href=\"https:\/\/wp.ufpel.edu.br\/ppge\/files\/2024\/02\/Disciplinas-Obrigatorias-2.pdf\">Disciplinas Obrigat\u00f3rias<\/a><\/li>\n<li><a href=\"https:\/\/wp.ufpel.edu.br\/ppge\/files\/2024\/03\/Salas.pdf\">Salas<\/a><\/li>\n<\/ul>\n<\/td>\n<td style=\"width: 50%; height: 10px;\"><strong>Hor\u00e1rio 2024\/02:<\/strong><\/p>\n<ul>\n<li><a href=\"https:\/\/wp.ufpel.edu.br\/ppge\/files\/2024\/08\/Elaboracao-de-Dissertacao-ou-Tese-2024.2.pdf\">Elabora\u00e7\u00e3o de Disserta\u00e7\u00e3o ou Tese<\/a><\/li>\n<li><a href=\"https:\/\/wp.ufpel.edu.br\/ppge\/files\/2024\/08\/Pratica-de-Pesquisa-I-2024.2.pdf\">Pr\u00e1ticas de Pesquisa<\/a><\/li>\n<li><a href=\"https:\/\/wp.ufpel.edu.br\/ppge\/files\/2024\/08\/Disciplinas-Optativas.pdf\">Disciplinas Optativas<\/a><\/li>\n<li><a href=\"https:\/\/wp.ufpel.edu.br\/ppge\/files\/2024\/08\/Disciplinas-Obrigatorias.pdf\">Disciplinas Obrigat\u00f3rias<\/a><\/li>\n<li><a href=\"https:\/\/wp.ufpel.edu.br\/ppge\/files\/2024\/09\/Salas-1.pdf\">Salas<\/a><\/li>\n<\/ul>\n<\/td>\n<\/tr>\n<tr style=\"height: 10px;\">\n<td style=\"width: 50%; height: 10px;\"><strong>Hor\u00e1rio 2023\/01:<\/strong><\/p>\n<ul>\n<li><a href=\"https:\/\/wp.ufpel.edu.br\/ppge\/files\/2023\/01\/Elaboracao-de-Dissertacao-ou-Tese.pdf\">Elabora\u00e7\u00e3o de Disserta\u00e7\u00e3o ou Tese<\/a><\/li>\n<li><a href=\"https:\/\/wp.ufpel.edu.br\/ppge\/files\/2023\/01\/Praticas-de-Pesquisa.pdf\">Pr\u00e1ticas de Pesquisa<\/a><\/li>\n<li><a href=\"https:\/\/wp.ufpel.edu.br\/ppge\/files\/2023\/02\/Disciplinas_Optativas_3.pdf\">Disciplinas Optativas<\/a><\/li>\n<li><a href=\"https:\/\/wp.ufpel.edu.br\/ppge\/files\/2023\/01\/Disciplinas-Obrigatorias.pdf\">Disciplinas Obrigat\u00f3rias<\/a><\/li>\n<li><a href=\"https:\/\/wp.ufpel.edu.br\/ppge\/files\/2023\/01\/Ementas.pdf\">Ementas<\/a><\/li>\n<\/ul>\n<\/td>\n<td style=\"width: 50%; height: 10px;\"><strong>Hor\u00e1rio 2023\/02:<\/strong><\/p>\n<ul>\n<li><a href=\"https:\/\/wp.ufpel.edu.br\/ppge\/files\/2023\/07\/Elaboracao-de-Dissertacao-ou-Tese.pdf\">Elabora\u00e7\u00e3o de Disserta\u00e7\u00e3o ou Tese<\/a><\/li>\n<li><a href=\"https:\/\/wp.ufpel.edu.br\/ppge\/files\/2023\/07\/Pratica-de-Pesquisa-Correto.pdf\">Pr\u00e1ticas de Pesquisa<\/a><\/li>\n<li><a href=\"https:\/\/wp.ufpel.edu.br\/ppge\/files\/2023\/07\/Disciplinas-Optativas.pdf\">Disciplinas Optativas<\/a><\/li>\n<li><a href=\"https:\/\/wp.ufpel.edu.br\/ppge\/files\/2023\/07\/Disciplinas-Obrigatorias-Corretas.pdf\">Disciplinas Obrigat\u00f3rias<\/a><\/li>\n<li><a href=\"https:\/\/wp.ufpel.edu.br\/ppge\/files\/2023\/07\/Ementas.pdf\">Ementas<\/a><\/li>\n<li><a href=\"https:\/\/wp.ufpel.edu.br\/ppge\/files\/2023\/08\/Salas.pdf\">Salas<\/a><\/li>\n<\/ul>\n<\/td>\n<\/tr>\n<tr style=\"height: 15px;\">\n<td style=\"width: 50%; height: 15px;\"><strong>Hor\u00e1rio 2022\/01:<\/strong><\/p>\n<ul>\n<li><a href=\"https:\/\/wp.ufpel.edu.br\/ppge\/files\/2022\/02\/Seminario-de-Dissertacao-e-Tese.pdf\">Semin\u00e1rio de Disserta\u00e7\u00e3o e Tese<\/a><\/li>\n<li><a href=\"https:\/\/wp.ufpel.edu.br\/ppge\/files\/2022\/02\/Pratica-de-Pesquisa-II.pdf\">Pr\u00e1tica de Pesquisa II<\/a><\/li>\n<li><a href=\"https:\/\/wp.ufpel.edu.br\/ppge\/files\/2022\/02\/Disciplinas-Optativass.pdf\">Disciplinas Optativas<\/a><\/li>\n<li><a href=\"https:\/\/wp.ufpel.edu.br\/ppge\/files\/2022\/02\/Disciplinas-Obrigatoriass.pdf\">Disciplinas Obrigat\u00f3riass<\/a><\/li>\n<\/ul>\n<\/td>\n<td style=\"width: 50%; height: 15px;\"><strong>Hor\u00e1rio 2022\/02:<\/strong><\/p>\n<ul>\n<li><a href=\"https:\/\/wp.ufpel.edu.br\/ppge\/files\/2022\/07\/Seminarios.pdf\">Semin\u00e1rio de Disserta\u00e7\u00e3o e Tese<\/a><\/li>\n<li><a href=\"https:\/\/wp.ufpel.edu.br\/ppge\/files\/2022\/07\/Praticas-de-Pesquisa-1.pdf\">Pr\u00e1ticas de Pesquisa<\/a><\/li>\n<li><a href=\"https:\/\/wp.ufpel.edu.br\/ppge\/files\/2022\/07\/Disciplinas-Optativas.pdf\">Disciplinas Optativas<\/a><\/li>\n<li><a href=\"https:\/\/wp.ufpel.edu.br\/ppge\/files\/2022\/07\/Disciplinas-Obrigatorias.pdf\">Disciplinas Obrigat\u00f3rias<\/a><\/li>\n<\/ul>\n<\/td>\n<\/tr>\n<tr style=\"height: 12px;\">\n<td style=\"width: 50%; height: 12px;\"><strong>Hor\u00e1rio 2021\/01:<\/strong><\/p>\n<ul>\n<li><a href=\"https:\/\/wp.ufpel.edu.br\/ppge\/files\/2021\/02\/OFERTAS-2021_01-SEMINARIO-DE-DISSERTACAO-E-TESE.pdf\">Semin\u00e1rio de Disserta\u00e7\u00e3o e Tese<\/a>;<\/li>\n<li><a href=\"https:\/\/wp.ufpel.edu.br\/ppge\/files\/2021\/02\/OFERTAS-2021_01-PRATICA-DE-PESQUISA-II.pdf\">Pr\u00e1tica de Pesquisa II<\/a>;<\/li>\n<li><a href=\"https:\/\/wp.ufpel.edu.br\/ppge\/files\/2021\/03\/OFERTAS-2021_01-ABA-3-DISCIPLINAS-OPTATIVAS-FINAL.pdf\">Disciplinas Optativas<\/a>;<\/li>\n<li><a href=\"https:\/\/wp.ufpel.edu.br\/ppge\/files\/2021\/02\/OFERTAS-2021_01-OBRIGATORIAS.pdf\">Disciplinas Obrigat\u00f3rias<\/a>.<\/li>\n<\/ul>\n<\/td>\n<td style=\"width: 50%; height: 12px;\"><strong>Hor\u00e1rio 2021\/02:<br \/>\n<\/strong><\/p>\n<ul>\n<li><a href=\"https:\/\/wp.ufpel.edu.br\/ppge\/files\/2021\/07\/OFERTAS-2021_02-ABA-1-SEMINARIO-DE-DISSERTACAO-1.pdf\">Semin\u00e1rio de Disserta\u00e7\u00e3o e Tese<\/a>;<\/li>\n<li><a href=\"https:\/\/wp.ufpel.edu.br\/ppge\/files\/2021\/07\/OFERTAS-2021_02-ABA-2-PRATICA-DE-PESQUISA-II-1.pdf\">Pr\u00e1tica de Pesquisa I<\/a>;<\/li>\n<li><a href=\"https:\/\/wp.ufpel.edu.br\/ppge\/files\/2021\/07\/OFERTAS-2021_02-ABA-3-DISCIPLINAS-OPTATIVAS-1-1.pdf\">Disciplinas Optativas<\/a>;<\/li>\n<li><a href=\"https:\/\/wp.ufpel.edu.br\/ppge\/files\/2021\/07\/OFERTAS-2021_02-ABA-4-DISCIPLINAS-OBRIGATORIAS-1.pdf\">Disciplinas Obrigat\u00f3rias<\/a>.<\/li>\n<\/ul>\n<\/td>\n<\/tr>\n<\/tbody>\n<\/table>\n<p>&nbsp;<\/p>\n<\/div>\n<\/div><\/div><div id=\"panel-3531-0-0-1\" class=\"so-panel widget widget_sow-accordion panel-last-child\" data-index=\"1\" ><div\n\t\t\t\n\t\t\tclass=\"so-widget-sow-accordion so-widget-sow-accordion-default-d9295f5bfa93-3531\"\n\t\t\t\n\t\t><div>\n\t<div class=\"sow-accordion\">\n\t\t\t<div class=\"sow-accordion-panel\n\t\t\t\t\"\n\t\t\tdata-anchor-id=\"anos-anteriores\">\n\t\t\t\t<div class=\"sow-accordion-panel-header-container\" role=\"heading\" aria-level=\"2\">\n\t\t\t\t\t<div class=\"sow-accordion-panel-header\" tabindex=\"0\" role=\"button\" id=\"accordion-label-anos-anteriores\" aria-controls=\"accordion-content-anos-anteriores\" aria-expanded=\"false\">\n\t\t\t\t\t\t<div class=\"sow-accordion-title sow-accordion-title-icon-left\">\n\t\t\t\t\t\t\t\t\t\t\t\t\t\tAnos anteriores\t\t\t\t\t\t\t\t\t\t\t\t\t<\/div>\n\t\t\t\t\t\t<div class=\"sow-accordion-open-close-button\">\n\t\t\t\t\t\t\t<div class=\"sow-accordion-open-button\">\n\t\t\t\t\t\t\t\t<span class=\"sow-icon-ionicons\" data-sow-icon=\"&#xf218;\"\n\t\t \n\t\taria-hidden=\"true\"><\/span>\t\t\t\t\t\t\t<\/div>\n\t\t\t\t\t\t\t<div class=\"sow-accordion-close-button\">\n\t\t\t\t\t\t\t\t<span class=\"sow-icon-ionicons\" data-sow-icon=\"&#xf209;\"\n\t\t \n\t\taria-hidden=\"true\"><\/span>\t\t\t\t\t\t\t<\/div>\n\t\t\t\t\t\t<\/div>\n\t\t\t\t\t<\/div>\n\t\t\t\t<\/div>\n\n\t\t\t<div\n\t\t\t\tclass=\"sow-accordion-panel-content\"\n\t\t\t\trole=\"region\"\n\t\t\t\taria-labelledby=\"accordion-label-anos-anteriores\"\n\t\t\t\tid=\"accordion-content-anos-anteriores\"\n\t\t\t\tstyle=\"display: none;\"\t\t\t>\n\t\t\t\t<div class=\"sow-accordion-panel-border\">\n\t\t\t\t\t<p>Hor\u00e1rio 2020\/1\u00a0<a href=\"https:\/\/wp.ufpel.edu.br\/ppge\/files\/2020\/03\/Quadro-de-hor%C3%A1rios-01_20.pdf\" target=\"_blank\" rel=\"noopener noreferrer\">[+] Mais<\/a><\/p>\n<p>Hor\u00e1rio 2019\/2\u00a0<a href=\"https:\/\/wp.ufpel.edu.br\/ppge\/files\/2020\/02\/OFERTAS_DISCIPLINAS_PPGE_2019_2.pdf\">[+] Mais<\/a><\/p>\n<p>Hor\u00e1rio 2019\/1\u00a0<a href=\"https:\/\/wp.ufpel.edu.br\/ppge\/files\/2020\/02\/OFERTAS_DISCIPLINAS_PPGE_-2019_1_divulgacao_final_retificado-2.pdf\">[+] Mais<\/a><\/p>\n<p>Hor\u00e1rio 2018\/2\u00a0<a href=\"https:\/\/wp.ufpel.edu.br\/ppge\/files\/2020\/02\/PPGE_quadro_horarios_Semestre_2_2018.pdf\">[+] Mais<\/a><\/p>\n<p>Hor\u00e1rio 2018\/1\u00a0<a href=\"https:\/\/wp.ufpel.edu.br\/ppge\/files\/2020\/02\/PPGE_quadro_horarios_Semestre_1_2018.pdf\">[+] Mais<\/a><\/p>\n<p>Hor\u00e1rio 2017\/2\u00a0<a href=\"https:\/\/wp.ufpel.edu.br\/ppge\/files\/2020\/02\/quadro_de_horarios_2_Semestre_de_2017_GERAL.pdf\">[+] Mais<\/a><\/p>\n<p>Hor\u00e1rio 2017\/1\u00a0<a href=\"https:\/\/wp.ufpel.edu.br\/ppge\/files\/2020\/02\/quadro-de-horario-1-2017.pdf\">[+] Mais<\/a><\/p>\n<p>Hor\u00e1rio 2016\/2\u00a0<a href=\"https:\/\/wp.ufpel.edu.br\/ppge\/files\/2020\/02\/quadro-de-horario-2-20161.pdf\">[+] Mais<\/a><\/p>\n\t\t\t\t<\/div>\n\t\t\t<\/div>\n\t\t<\/div>\n\t\t<\/div>\n<\/div>\n<\/div><\/div><\/div><\/div><\/div>","protected":false},"excerpt":{"rendered":"<p>&nbsp; Hor\u00e1rio 2026\/01: Elaborac\u0327a\u0303o de Dissertac\u0327a\u0303o ou Tese Pra\u0301tica de Pesquisa Optativas Obrigato\u0301rias Dinter Salas \u00a0 Hor\u00e1rio 2025\/01: Elabora\u00e7\u00e3o de Disserta\u00e7\u00e3o ou Tese Pr\u00e1ticas de Pesquisa Disciplinas Optativas Disciplinas Obrigat\u00f3rias Salas\u00a0 Hor\u00e1rio 2025\/02: Elaborac\u0327a\u0303o de Dissertac\u0327a\u0303o ou Tese Pra\u0301tica de Pesquisa Optativas Obrigato\u0301rias Salas Hor\u00e1rio 2024\/01: Elabora\u00e7\u00e3o de Disserta\u00e7\u00e3o ou Tese Pr\u00e1ticas de Pesquisa Disciplinas [&hellip;]<\/p>\n","protected":false},"author":675,"featured_media":0,"parent":0,"menu_order":0,"comment_status":"closed","ping_status":"closed","template":"page-sem-sidebar.php","meta":{"footnotes":""},"class_list":["post-3531","page","type-page","status-publish","hentry"],"jetpack_sharing_enabled":true,"_links":{"self":[{"href":"https:\/\/wp.ufpel.edu.br\/ppge\/wp-json\/wp\/v2\/pages\/3531","targetHints":{"allow":["GET"]}}],"collection":[{"href":"https:\/\/wp.ufpel.edu.br\/ppge\/wp-json\/wp\/v2\/pages"}],"about":[{"href":"https:\/\/wp.ufpel.edu.br\/ppge\/wp-json\/wp\/v2\/types\/page"}],"author":[{"embeddable":true,"href":"https:\/\/wp.ufpel.edu.br\/ppge\/wp-json\/wp\/v2\/users\/675"}],"replies":[{"embeddable":true,"href":"https:\/\/wp.ufpel.edu.br\/ppge\/wp-json\/wp\/v2\/comments?post=3531"}],"version-history":[{"count":4,"href":"https:\/\/wp.ufpel.edu.br\/ppge\/wp-json\/wp\/v2\/pages\/3531\/revisions"}],"predecessor-version":[{"id":5407,"href":"https:\/\/wp.ufpel.edu.br\/ppge\/wp-json\/wp\/v2\/pages\/3531\/revisions\/5407"}],"wp:attachment":[{"href":"https:\/\/wp.ufpel.edu.br\/ppge\/wp-json\/wp\/v2\/media?parent=3531"}],"curies":[{"name":"wp","href":"https:\/\/api.w.org\/{rel}","templated":true}]}}