{"id":3528,"date":"2024-05-19T00:00:48","date_gmt":"2024-05-19T03:00:48","guid":{"rendered":"https:\/\/curso-wp.ufpel.edu.br\/sandrobortolazzo\/?page_id=617"},"modified":"2026-03-31T23:53:59","modified_gmt":"2026-04-01T02:53:59","slug":"especiais","status":"publish","type":"page","link":"https:\/\/wp.ufpel.edu.br\/ppge\/especiais\/","title":{"rendered":"Sele\u00e7\u00e3o de Alunos Especiais"},"content":{"rendered":"<div id=\"pl-3528\"  class=\"panel-layout\" ><div id=\"pg-3528-0\"  class=\"panel-grid panel-no-style\" ><div id=\"pgc-3528-0-0\"  class=\"panel-grid-cell\" ><div id=\"panel-3528-0-0-0\" class=\"so-panel widget widget_sow-accordion panel-first-child panel-last-child\" data-index=\"0\" ><div\n\t\t\t\n\t\t\tclass=\"so-widget-sow-accordion so-widget-sow-accordion-default-d9295f5bfa93-3528\"\n\t\t\t\n\t\t><div>\n\t<div class=\"sow-accordion\">\n\t\t\t<div class=\"sow-accordion-panel\n\t\t\t\t\"\n\t\t\tdata-anchor-id=\"2026\">\n\t\t\t\t<div class=\"sow-accordion-panel-header-container\" role=\"heading\" aria-level=\"2\">\n\t\t\t\t\t<div class=\"sow-accordion-panel-header\" tabindex=\"0\" role=\"button\" id=\"accordion-label-2026\" aria-controls=\"accordion-content-2026\" aria-expanded=\"false\">\n\t\t\t\t\t\t<div class=\"sow-accordion-title sow-accordion-title-icon-left\">\n\t\t\t\t\t\t\t\t\t\t\t\t\t\t2026\t\t\t\t\t\t\t\t\t\t\t\t\t<\/div>\n\t\t\t\t\t\t<div class=\"sow-accordion-open-close-button\">\n\t\t\t\t\t\t\t<div class=\"sow-accordion-open-button\">\n\t\t\t\t\t\t\t\t<span class=\"sow-icon-ionicons\" data-sow-icon=\"&#xf218;\"\n\t\t \n\t\taria-hidden=\"true\"><\/span>\t\t\t\t\t\t\t<\/div>\n\t\t\t\t\t\t\t<div class=\"sow-accordion-close-button\">\n\t\t\t\t\t\t\t\t<span class=\"sow-icon-ionicons\" data-sow-icon=\"&#xf209;\"\n\t\t \n\t\taria-hidden=\"true\"><\/span>\t\t\t\t\t\t\t<\/div>\n\t\t\t\t\t\t<\/div>\n\t\t\t\t\t<\/div>\n\t\t\t\t<\/div>\n\n\t\t\t<div\n\t\t\t\tclass=\"sow-accordion-panel-content\"\n\t\t\t\trole=\"region\"\n\t\t\t\taria-labelledby=\"accordion-label-2026\"\n\t\t\t\tid=\"accordion-content-2026\"\n\t\t\t\tstyle=\"display: none;\"\t\t\t>\n\t\t\t\t<div class=\"sow-accordion-panel-border\">\n\t\t\t\t\t<header><\/header>\n<ul>\n<li><span style=\"font-weight: 400;\"><strong>SELE\u00c7\u00c3O ALUNO ESPECIAL \u2013 2026.1<\/strong><br \/>\n<\/span><a href=\"https:\/\/wp.ufpel.edu.br\/ppge\/files\/2026\/03\/Edital-de-Estudante_Regime-Especial.pdf\">Edital de Estudante_Regime Especial<\/a><br \/>\n<a href=\"https:\/\/forms.gle\/WEYkUPgTYrNxPXAr6\"><span style=\"font-weight: 400;\">Formul\u00e1rio de Inscri\u00e7\u00e3o<\/span><\/a><span style=\"font-weight: 400;\"> \u2013 (As inscri\u00e7\u00f5es come\u00e7am \u00e0s 12h do<b> dia 12\/03\/2026 <\/b>at\u00e9<b> 23h59 do dia 13 de mar\u00e7o de 2026)<\/b><\/span><span style=\"font-weight: 400;\"><br \/>\n<\/span><a href=\"https:\/\/pagtesouro.tesouro.gov.br\/portal-gru\/#\/emissao-gru\"><span style=\"font-weight: 400;\">Recolhimento de Inscri\u00e7\u00e3o<\/span><\/a><br \/>\n<a href=\"https:\/\/wp.ufpel.edu.br\/ppge\/files\/2023\/08\/veracidade.docx\"><span style=\"font-weight: 400;\">ANEXO I<\/span><\/a><br \/>\n<a href=\"https:\/\/wp.ufpel.edu.br\/ppge\/files\/2023\/08\/COMPROVANTE-DE-PAGAMENTO-DA-INSCRICAO-1.docx\"><span style=\"font-weight: 400;\">ANEXO II<\/span><\/a><\/li>\n<li><a style=\"text-align: justify;\" href=\"https:\/\/wp.ufpel.edu.br\/ppge\/files\/2026\/03\/LISTA-PRELIMINAR-DE-CANDIDATOSAS-DEFERIDOS-NA-SELECAO-DE-ESTUDANTES-ESPECIAIS-NO-PPGE.pdf\">LISTA PRELIMINAR DE CANDIDATOS\/AS DEFERIDOS\/AS NA SELEC\u0327A\u0303O DE ESTUDANTES EM REGIME ESPECIAL NO PPGE<\/a><\/li>\n<li><a href=\"https:\/\/wp.ufpel.edu.br\/ppge\/files\/2026\/03\/LISTA-FINAL-DE-CANDIDATOSAS-DEFERIDOS-NA-SELECAO-DE-ESTUDANTES-ESPECIAIS-NO-PPGE-\u2013-EDITAL-No-232026-ORDEM-ALFABETICA.pdf\">LISTA FINAL DE CANDIDATOS:\/AS DEFERIDOS\/AS NA SELEC\u0327A\u0303O DE ESTUDANTES ESPECIAIS NO PPGE \u2013 EDITAL N\u00ba 23:2026 - ORDEM ALFABE\u0301TICA<\/a><\/li>\n<\/ul>\n\t\t\t\t<\/div>\n\t\t\t<\/div>\n\t\t<\/div>\n\t\t\t<div class=\"sow-accordion-panel\n\t\t\t\t\"\n\t\t\tdata-anchor-id=\"2025\">\n\t\t\t\t<div class=\"sow-accordion-panel-header-container\" role=\"heading\" aria-level=\"2\">\n\t\t\t\t\t<div class=\"sow-accordion-panel-header\" tabindex=\"0\" role=\"button\" id=\"accordion-label-2025\" aria-controls=\"accordion-content-2025\" aria-expanded=\"false\">\n\t\t\t\t\t\t<div class=\"sow-accordion-title sow-accordion-title-icon-left\">\n\t\t\t\t\t\t\t\t\t\t\t\t\t\t2025\t\t\t\t\t\t\t\t\t\t\t\t\t<\/div>\n\t\t\t\t\t\t<div class=\"sow-accordion-open-close-button\">\n\t\t\t\t\t\t\t<div class=\"sow-accordion-open-button\">\n\t\t\t\t\t\t\t\t<span class=\"sow-icon-ionicons\" data-sow-icon=\"&#xf218;\"\n\t\t \n\t\taria-hidden=\"true\"><\/span>\t\t\t\t\t\t\t<\/div>\n\t\t\t\t\t\t\t<div class=\"sow-accordion-close-button\">\n\t\t\t\t\t\t\t\t<span class=\"sow-icon-ionicons\" data-sow-icon=\"&#xf209;\"\n\t\t \n\t\taria-hidden=\"true\"><\/span>\t\t\t\t\t\t\t<\/div>\n\t\t\t\t\t\t<\/div>\n\t\t\t\t\t<\/div>\n\t\t\t\t<\/div>\n\n\t\t\t<div\n\t\t\t\tclass=\"sow-accordion-panel-content\"\n\t\t\t\trole=\"region\"\n\t\t\t\taria-labelledby=\"accordion-label-2025\"\n\t\t\t\tid=\"accordion-content-2025\"\n\t\t\t\tstyle=\"display: none;\"\t\t\t>\n\t\t\t\t<div class=\"sow-accordion-panel-border\">\n\t\t\t\t\t<header><\/header>\n<ul>\n<li><span style=\"font-weight: 400;\"><strong>SELE\u00c7\u00c3O ALUNO ESPECIAL \u2013 2024.1<\/strong><br \/>\n<\/span><a href=\"https:\/\/wp.ufpel.edu.br\/ppge\/files\/2025\/03\/Edital-Alunos-Especiais-2025-1.pdf\"><span style=\"font-weight: 400;\">EDITAL SELE\u00c7\u00c3O ALUNO ESPECIAL 2025\/1<\/span><\/a><br \/>\n<a href=\"https:\/\/forms.gle\/6398RdJox356rpm47\"><span style=\"font-weight: 400;\">Formul\u00e1rio de Inscri\u00e7\u00e3o<\/span><\/a><span style=\"font-weight: 400;\"> \u2013 ( As inscri\u00e7\u00f5es abrem dia 10\/03\/25 e encerram \u00e0s 23:59 do dia 12\/03\/25)<br \/>\n<\/span><a href=\"https:\/\/pagtesouro.tesouro.gov.br\/portal-gru\/#\/emissao-gru\"><span style=\"font-weight: 400;\">Recolhimento de Inscri\u00e7\u00e3o<\/span><\/a><br \/>\n<a href=\"https:\/\/wp.ufpel.edu.br\/ppge\/files\/2023\/08\/veracidade.docx\"><span style=\"font-weight: 400;\">ANEXO I<\/span><\/a><br \/>\n<a href=\"https:\/\/wp.ufpel.edu.br\/ppge\/files\/2023\/08\/COMPROVANTE-DE-PAGAMENTO-DA-INSCRICAO-1.docx\"><span style=\"font-weight: 400;\">ANEXO II<\/span><\/a><\/li>\n<li><a href=\"https:\/\/wp.ufpel.edu.br\/ppge\/files\/2025\/03\/Resultado-Preliminar-40-2025.pdf\">Resultado Preliminar Edital 40\/2025<\/a><\/li>\n<li><a href=\"https:\/\/wp.ufpel.edu.br\/ppge\/files\/2025\/03\/Resultado-Final-40-2025.pdf\">Resultado Final Edital 40\/2025<\/a><\/li>\n<\/ul>\n<hr \/>\n<p><span style=\"font-weight: 400;\"><strong>SELE\u00c7\u00c3O ALUNO ESPECIAL \u2013 2025.2<\/strong><\/span><\/p>\n<ul>\n<li><a href=\"https:\/\/wp.ufpel.edu.br\/ppge\/files\/2025\/08\/Edital-de-Estudante-Especial.pdf\">EDITAL DE ALUNO\/A ESPECIAL<\/a><\/li>\n<li><a href=\"https:\/\/forms.gle\/juCnYtsJ3PseVEJT9\"><span style=\"font-weight: 400;\">Formul\u00e1rio de Inscri\u00e7\u00e3o<\/span><\/a><span style=\"font-weight: 400;\"> \u2013 (<b>oito horas do dia 04 de setembro de 2025 at\u00e9 vinte e tr\u00eas horas e cinquenta e nove minutos do dia 05 de setembro de 2025<\/b>)<\/span><\/li>\n<li><a href=\"https:\/\/pagtesouro.tesouro.gov.br\/portal-gru\/#\/emissao-gru\"><span style=\"font-weight: 400;\">Recolhimento de Inscri\u00e7\u00e3o<\/span><\/a><\/li>\n<li><a href=\"https:\/\/wp.ufpel.edu.br\/ppge\/files\/2023\/08\/veracidade.docx\"><span style=\"font-weight: 400;\">ANEXO I<\/span><\/a><\/li>\n<li><a href=\"https:\/\/wp.ufpel.edu.br\/ppge\/files\/2023\/08\/COMPROVANTE-DE-PAGAMENTO-DA-INSCRICAO-1.docx\"><span style=\"font-weight: 400;\">ANEXO II<\/span><\/a><\/li>\n<li><a href=\"https:\/\/wp.ufpel.edu.br\/ppge\/files\/2025\/09\/Resultado-Preliminar-Edital-156.25.pdf\">Resultado Preliminar - Edital 156\/2025<\/a><\/li>\n<\/ul>\n<p>&nbsp;<\/p>\n\t\t\t\t<\/div>\n\t\t\t<\/div>\n\t\t<\/div>\n\t\t\t<div class=\"sow-accordion-panel\n\t\t\t\t\"\n\t\t\tdata-anchor-id=\"2024\">\n\t\t\t\t<div class=\"sow-accordion-panel-header-container\" role=\"heading\" aria-level=\"2\">\n\t\t\t\t\t<div class=\"sow-accordion-panel-header\" tabindex=\"0\" role=\"button\" id=\"accordion-label-2024\" aria-controls=\"accordion-content-2024\" aria-expanded=\"false\">\n\t\t\t\t\t\t<div class=\"sow-accordion-title sow-accordion-title-icon-left\">\n\t\t\t\t\t\t\t\t\t\t\t\t\t\t2024\t\t\t\t\t\t\t\t\t\t\t\t\t<\/div>\n\t\t\t\t\t\t<div class=\"sow-accordion-open-close-button\">\n\t\t\t\t\t\t\t<div class=\"sow-accordion-open-button\">\n\t\t\t\t\t\t\t\t<span class=\"sow-icon-ionicons\" data-sow-icon=\"&#xf218;\"\n\t\t \n\t\taria-hidden=\"true\"><\/span>\t\t\t\t\t\t\t<\/div>\n\t\t\t\t\t\t\t<div class=\"sow-accordion-close-button\">\n\t\t\t\t\t\t\t\t<span class=\"sow-icon-ionicons\" data-sow-icon=\"&#xf209;\"\n\t\t \n\t\taria-hidden=\"true\"><\/span>\t\t\t\t\t\t\t<\/div>\n\t\t\t\t\t\t<\/div>\n\t\t\t\t\t<\/div>\n\t\t\t\t<\/div>\n\n\t\t\t<div\n\t\t\t\tclass=\"sow-accordion-panel-content\"\n\t\t\t\trole=\"region\"\n\t\t\t\taria-labelledby=\"accordion-label-2024\"\n\t\t\t\tid=\"accordion-content-2024\"\n\t\t\t\tstyle=\"display: none;\"\t\t\t>\n\t\t\t\t<div class=\"sow-accordion-panel-border\">\n\t\t\t\t\t<header class=\"entry-header\"><span style=\"font-weight: 400; font-size: 12pt;\"><strong>SELE\u00c7\u00c3O ALUNO ESPECIAL \u2013 2024.2<\/strong><\/span><span style=\"font-size: 12pt;\"><br \/>\n<a class=\"mtli_attachment mtli_pdf\" href=\"https:\/\/wp.ufpel.edu.br\/ppge\/files\/2024\/08\/Edital-de-Selecao-de-Aluno-Especial-2024.2.pdf\">EDITAL SELE\u00c7\u00c3O ALUNO ESPECIAL 2024\/2<\/a><br \/>\n<\/span><a style=\"font-size: 12pt; font-family: var(--fonte-corpo);\" href=\"https:\/\/forms.gle\/yESwGVkxf5jyzENY9\">Formul\u00e1rio de Inscri\u00e7\u00e3o<\/a><span style=\"font-size: 12pt; color: var(--cor-texto); font-family: var(--fonte-corpo);\"> \u2013 (As inscri\u00e7\u00f5es abrem dia 21\/08\/24 e encerram \u00e0s 23:59 do dia 23\/08\/24)<br \/>\n<\/span><a style=\"font-size: 12pt; font-family: var(--fonte-corpo);\" href=\"https:\/\/pagtesouro.tesouro.gov.br\/portal-gru\/#\/emissao-gru\">Recolhimento de Inscri\u00e7\u00e3o<\/a><br \/>\n<a style=\"font-size: 12pt; font-family: var(--fonte-corpo);\" href=\"https:\/\/wp.ufpel.edu.br\/ppge\/files\/2023\/08\/veracidade.docx\">ANEXO I<\/a><br \/>\n<a style=\"font-size: 12pt; font-family: var(--fonte-corpo);\" href=\"https:\/\/wp.ufpel.edu.br\/ppge\/files\/2023\/08\/COMPROVANTE-DE-PAGAMENTO-DA-INSCRICAO-1.docx\">ANEXO II<\/a><\/header>\n<header><\/header>\n<header><a href=\"https:\/\/wp.ufpel.edu.br\/ppge\/files\/2024\/08\/Resultado-Final.pdf\">Resultado Final<\/a><\/header>\n<hr \/>\n<p><span style=\"font-weight: 400;\"><strong>SELE\u00c7\u00c3O ALUNO ESPECIAL \u2013 2024.1<\/strong><br \/>\n<\/span><a href=\"https:\/\/wp.ufpel.edu.br\/ppge\/files\/2024\/01\/SEI_UFPel-2533986-Edital-de-selecao-PRPPG.pdf\"><span style=\"font-weight: 400;\">EDITAL SELE\u00c7\u00c3O ALUNO ESPECIAL 2024\/1<\/span><\/a><br \/>\n<a href=\"https:\/\/forms.gle\/gHvpxYH1gCQjgiqC8\"><span style=\"font-weight: 400;\">Formul\u00e1rio de Inscri\u00e7\u00e3o<\/span><\/a><span style=\"font-weight: 400;\"> \u2013 ( As inscri\u00e7\u00f5es abrem\u00a0 dia 05\/03\/24 e encerram \u00e0s 23:59 do dia 06\/03\/24)<br \/>\n<\/span><a href=\"https:\/\/pagtesouro.tesouro.gov.br\/portal-gru\/#\/emissao-gru\"><span style=\"font-weight: 400;\">Recolhimento de Inscri\u00e7\u00e3o<\/span><\/a><br \/>\n<a href=\"https:\/\/wp.ufpel.edu.br\/ppge\/files\/2023\/08\/veracidade.docx\"><span style=\"font-weight: 400;\">ANEXO I<\/span><\/a><br \/>\n<a href=\"https:\/\/wp.ufpel.edu.br\/ppge\/files\/2023\/08\/COMPROVANTE-DE-PAGAMENTO-DA-INSCRICAO-1.docx\"><span style=\"font-weight: 400;\">ANEXO II<\/span><\/a><br \/>\n<a href=\"https:\/\/wp.ufpel.edu.br\/ppge\/files\/2024\/03\/Resultado-Final.pdf\"><span style=\"font-weight: 400;\">RESULTADO FINAL \u2013 EDITAL 31\/2024<\/span><\/a><\/p>\n\t\t\t\t<\/div>\n\t\t\t<\/div>\n\t\t<\/div>\n\t\t\t<div class=\"sow-accordion-panel\n\t\t\t\t\"\n\t\t\tdata-anchor-id=\"2023\">\n\t\t\t\t<div class=\"sow-accordion-panel-header-container\" role=\"heading\" aria-level=\"2\">\n\t\t\t\t\t<div class=\"sow-accordion-panel-header\" tabindex=\"0\" role=\"button\" id=\"accordion-label-2023\" aria-controls=\"accordion-content-2023\" aria-expanded=\"false\">\n\t\t\t\t\t\t<div class=\"sow-accordion-title sow-accordion-title-icon-left\">\n\t\t\t\t\t\t\t\t\t\t\t\t\t\t2023\t\t\t\t\t\t\t\t\t\t\t\t\t<\/div>\n\t\t\t\t\t\t<div class=\"sow-accordion-open-close-button\">\n\t\t\t\t\t\t\t<div class=\"sow-accordion-open-button\">\n\t\t\t\t\t\t\t\t<span class=\"sow-icon-ionicons\" data-sow-icon=\"&#xf218;\"\n\t\t \n\t\taria-hidden=\"true\"><\/span>\t\t\t\t\t\t\t<\/div>\n\t\t\t\t\t\t\t<div class=\"sow-accordion-close-button\">\n\t\t\t\t\t\t\t\t<span class=\"sow-icon-ionicons\" data-sow-icon=\"&#xf209;\"\n\t\t \n\t\taria-hidden=\"true\"><\/span>\t\t\t\t\t\t\t<\/div>\n\t\t\t\t\t\t<\/div>\n\t\t\t\t\t<\/div>\n\t\t\t\t<\/div>\n\n\t\t\t<div\n\t\t\t\tclass=\"sow-accordion-panel-content\"\n\t\t\t\trole=\"region\"\n\t\t\t\taria-labelledby=\"accordion-label-2023\"\n\t\t\t\tid=\"accordion-content-2023\"\n\t\t\t\tstyle=\"display: none;\"\t\t\t>\n\t\t\t\t<div class=\"sow-accordion-panel-border\">\n\t\t\t\t\t<p><span style=\"font-weight: 400\">2023\/ 2 - <\/span><span style=\"font-weight: 400\">EDITAL N\u00ba 183\/2023\u00a0 -SELE\u00c7\u00c3O DE ESTUDANTE EM REGIME ESPECIAL<br \/>\n<\/span><span style=\"font-weight: 400\">+ <\/span><a href=\"https:\/\/wp.ufpel.edu.br\/ppge\/files\/2023\/08\/SEI_UFPel-2286087-Edital-de-selecao-PRPPG.pdf\"><span style=\"font-weight: 400\">EDITAL SELE\u00c7\u00c3O ALUNO ESPECIAL 2023\/2<\/span><\/a><br \/>\n<span style=\"font-weight: 400\">+ <\/span><a href=\"https:\/\/docs.google.com\/forms\/d\/e\/1FAIpQLSdK_YfWeOgnXdKFezwNsn6rU4v2b1V2-TtTXy8irgzJBb2wqg\/viewform?usp=sf_link\"><span style=\"font-weight: 400\">Formul\u00e1rio de Inscri\u00e7\u00e3o \u2013<\/span><\/a><span style=\"font-weight: 400\">\u00a0( As inscri\u00e7\u00f5es abrem\u00a0 dia 07\/08\/23 e encerram \u00e0s 23:59 do dia 09\/08\/23)<br \/>\n<\/span><span style=\"font-weight: 400\">+<\/span><a href=\"http:\/\/consulta.tesouro.fazenda.gov.br\/gru_novosite\/gru_simples.asp\"><span style=\"font-weight: 400\">Recolhimento de Inscri\u00e7\u00e3o\u00a0<\/span><\/a><br \/>\n<span style=\"font-weight: 400\">+ <\/span><a href=\"https:\/\/wp.ufpel.edu.br\/ppge\/files\/2023\/08\/veracidade.docx\"><span style=\"font-weight: 400\">ANEXO I<\/span><\/a><br \/>\n<span style=\"font-weight: 400\">+ <\/span><a href=\"https:\/\/wp.ufpel.edu.br\/ppge\/files\/2023\/08\/COMPROVANTE-DE-PAGAMENTO-DA-INSCRICAO-1.docx\"><span style=\"font-weight: 400\">ANEXO II<\/span><\/a><\/p>\n\t\t\t\t<\/div>\n\t\t\t<\/div>\n\t\t<\/div>\n\t\t\t<div class=\"sow-accordion-panel\n\t\t\t\t\"\n\t\t\tdata-anchor-id=\"2022\">\n\t\t\t\t<div class=\"sow-accordion-panel-header-container\" role=\"heading\" aria-level=\"2\">\n\t\t\t\t\t<div class=\"sow-accordion-panel-header\" tabindex=\"0\" role=\"button\" id=\"accordion-label-2022\" aria-controls=\"accordion-content-2022\" aria-expanded=\"false\">\n\t\t\t\t\t\t<div class=\"sow-accordion-title sow-accordion-title-icon-left\">\n\t\t\t\t\t\t\t\t\t\t\t\t\t\t2022\t\t\t\t\t\t\t\t\t\t\t\t\t<\/div>\n\t\t\t\t\t\t<div class=\"sow-accordion-open-close-button\">\n\t\t\t\t\t\t\t<div class=\"sow-accordion-open-button\">\n\t\t\t\t\t\t\t\t<span class=\"sow-icon-ionicons\" data-sow-icon=\"&#xf218;\"\n\t\t \n\t\taria-hidden=\"true\"><\/span>\t\t\t\t\t\t\t<\/div>\n\t\t\t\t\t\t\t<div class=\"sow-accordion-close-button\">\n\t\t\t\t\t\t\t\t<span class=\"sow-icon-ionicons\" data-sow-icon=\"&#xf209;\"\n\t\t \n\t\taria-hidden=\"true\"><\/span>\t\t\t\t\t\t\t<\/div>\n\t\t\t\t\t\t<\/div>\n\t\t\t\t\t<\/div>\n\t\t\t\t<\/div>\n\n\t\t\t<div\n\t\t\t\tclass=\"sow-accordion-panel-content\"\n\t\t\t\trole=\"region\"\n\t\t\t\taria-labelledby=\"accordion-label-2022\"\n\t\t\t\tid=\"accordion-content-2022\"\n\t\t\t\tstyle=\"display: none;\"\t\t\t>\n\t\t\t\t<div class=\"sow-accordion-panel-border\">\n\t\t\t\t\t<p style=\"text-align: left\"><span style=\"font-weight: 400\">2022\/1<br \/>\n<\/span><span style=\"font-weight: 400\">+ <\/span><a href=\"https:\/\/wp.ufpel.edu.br\/ppge\/files\/2022\/02\/EDITAL-SELECAO-ALUNO-ESPECIAL-2022_1.pdf\"><span style=\"font-weight: 400\">EDITAL SELE\u00c7\u00c3O ALUNO ESPECIAL 2022_1<\/span><\/a><br \/>\n<span style=\"font-weight: 400\">+ <\/span><a href=\"https:\/\/docs.google.com\/forms\/d\/e\/1FAIpQLSdxP58X6f-Tm2S7PNKgB9f2KL6QoLt09jT2DEUIA_fCKzkAQQ\/viewform?usp=sf_link\"><span style=\"font-weight: 400\">Formul\u00e1rio de Inscri\u00e7\u00e3o \u2013<\/span><\/a><span style=\"font-weight: 400\">\u00a0( As inscri\u00e7\u00f5es abrem \u00e0s 8h do dia 03\/03\/22 e encerram \u00e0s 23:59 do dia 06\/03\/22<br \/>\n<\/span><span style=\"font-weight: 400\">+ <\/span><a href=\"http:\/\/consulta.tesouro.fazenda.gov.br\/gru_novosite\/gru_simples.asp\"><span style=\"font-weight: 400\">Recolhimento de Inscri\u00e7\u00e3o\u00a0<\/span><\/a><br \/>\n<span style=\"font-weight: 400\">+ <\/span><a href=\"https:\/\/wp.ufpel.edu.br\/ppge\/files\/2022\/03\/RESULTADO-PRELIMINAR_EDITAL-No-027.pdf\"><span style=\"font-weight: 400\">RESULTADO PRELIMINAR_EDITAL N\u00ba 027<\/span><\/a><span style=\"font-weight: 400\">\u00a0 Os\/As Estudantes que constam nesta lista j\u00e1 est\u00e3o com acesso ao sistema COBALTO \u2013\u00a0 As orienta\u00e7\u00f5es para acesso est\u00e3o\u00a0<\/span><a href=\"https:\/\/wp.ufpel.edu.br\/cra\/2021\/03\/08\/acesso-ao-sistema-academico\/\"><span style=\"font-weight: 400\">AQUI<\/span><\/a><\/p>\n\t\t\t\t<\/div>\n\t\t\t<\/div>\n\t\t<\/div>\n\t\t<\/div>\n<\/div>\n<\/div><\/div><\/div><\/div><\/div>","protected":false},"excerpt":{"rendered":"<p>2026 SELE\u00c7\u00c3O ALUNO ESPECIAL \u2013 2026.1 Edital de Estudante_Regime Especial Formul\u00e1rio de Inscri\u00e7\u00e3o \u2013 (As inscri\u00e7\u00f5es come\u00e7am \u00e0s 12h do dia 12\/03\/2026 at\u00e9 23h59 do dia 13 de mar\u00e7o de 2026) Recolhimento de Inscri\u00e7\u00e3o ANEXO I ANEXO II LISTA PRELIMINAR DE CANDIDATOS\/AS DEFERIDOS\/AS NA SELEC\u0327A\u0303O DE ESTUDANTES EM REGIME ESPECIAL NO PPGE LISTA FINAL DE [&hellip;]<\/p>\n","protected":false},"author":675,"featured_media":0,"parent":0,"menu_order":0,"comment_status":"closed","ping_status":"closed","template":"page-sem-sidebar.php","meta":{"footnotes":""},"class_list":["post-3528","page","type-page","status-publish","hentry"],"jetpack_sharing_enabled":true,"_links":{"self":[{"href":"https:\/\/wp.ufpel.edu.br\/ppge\/wp-json\/wp\/v2\/pages\/3528","targetHints":{"allow":["GET"]}}],"collection":[{"href":"https:\/\/wp.ufpel.edu.br\/ppge\/wp-json\/wp\/v2\/pages"}],"about":[{"href":"https:\/\/wp.ufpel.edu.br\/ppge\/wp-json\/wp\/v2\/types\/page"}],"author":[{"embeddable":true,"href":"https:\/\/wp.ufpel.edu.br\/ppge\/wp-json\/wp\/v2\/users\/675"}],"replies":[{"embeddable":true,"href":"https:\/\/wp.ufpel.edu.br\/ppge\/wp-json\/wp\/v2\/comments?post=3528"}],"version-history":[{"count":4,"href":"https:\/\/wp.ufpel.edu.br\/ppge\/wp-json\/wp\/v2\/pages\/3528\/revisions"}],"predecessor-version":[{"id":5413,"href":"https:\/\/wp.ufpel.edu.br\/ppge\/wp-json\/wp\/v2\/pages\/3528\/revisions\/5413"}],"wp:attachment":[{"href":"https:\/\/wp.ufpel.edu.br\/ppge\/wp-json\/wp\/v2\/media?parent=3528"}],"curies":[{"name":"wp","href":"https:\/\/api.w.org\/{rel}","templated":true}]}}