{"id":3523,"date":"2024-05-16T00:00:13","date_gmt":"2024-05-16T03:00:13","guid":{"rendered":"https:\/\/curso-wp.ufpel.edu.br\/ppgeteste\/?page_id=346"},"modified":"2024-08-22T18:23:40","modified_gmt":"2024-08-22T21:23:40","slug":"cadernos","status":"publish","type":"page","link":"https:\/\/wp.ufpel.edu.br\/ppge\/cadernos\/","title":{"rendered":"Revista Cadernos de Educa\u00e7\u00e3o"},"content":{"rendered":"<div id=\"pl-3523\"  class=\"panel-layout\" ><div id=\"pg-3523-0\"  class=\"panel-grid panel-no-style\" ><div id=\"pgc-3523-0-0\"  class=\"panel-grid-cell\" ><div id=\"panel-3523-0-0-0\" class=\"so-panel widget widget_sow-image panel-first-child\" data-index=\"0\" ><div class=\"so-rounded panel-widget-style panel-widget-style-for-3523-0-0-0\" ><div\n\t\t\t\n\t\t\tclass=\"so-widget-sow-image so-widget-sow-image-default-49681edeb466-3523\"\n\t\t\t\n\t\t>\n<div class=\"sow-image-container\">\n\t\t\t<a href=\"https:\/\/periodicos.ufpel.edu.br\/index.php\/caduc\/index\"\n\t\t\ttarget=\"_blank\" rel=\"noopener noreferrer\" \t\t>\n\t\t\t<img \n\tsrc=\"https:\/\/wp.ufpel.edu.br\/ppge\/files\/2024\/08\/pageHeaderLogoImage_pt_BR-400x104.png\" width=\"400\" height=\"104\" srcset=\"https:\/\/wp.ufpel.edu.br\/ppge\/files\/2024\/08\/pageHeaderLogoImage_pt_BR-400x104.png 400w, https:\/\/wp.ufpel.edu.br\/ppge\/files\/2024\/08\/pageHeaderLogoImage_pt_BR-1024x267.png 1024w, https:\/\/wp.ufpel.edu.br\/ppge\/files\/2024\/08\/pageHeaderLogoImage_pt_BR-768x200.png 768w, https:\/\/wp.ufpel.edu.br\/ppge\/files\/2024\/08\/pageHeaderLogoImage_pt_BR.png 1112w\" sizes=\"(max-width: 400px) 100vw, 400px\" alt=\"\" \t\tclass=\"so-widget-image\"\/>\n\t\t\t<\/a><\/div>\n\n<\/div><\/div><\/div><div id=\"panel-3523-0-0-1\" class=\"so-panel widget widget_sow-editor\" data-index=\"1\" ><div\n\t\t\t\n\t\t\tclass=\"so-widget-sow-editor so-widget-sow-editor-base\"\n\t\t\t\n\t\t>\n<div class=\"siteorigin-widget-tinymce textwidget\">\n\t<p><span style=\"font-weight: 400\">A <a href=\"https:\/\/periodicos.ufpel.edu.br\/index.php\/caduc\/index\" target=\"_blank\" rel=\"noopener\">Revista Cadernos de Educa\u00e7\u00e3o<\/a>, editada sob a responsabilidade do Programa de P\u00f3s-Gradua\u00e7\u00e3o em Educa\u00e7\u00e3o (Mestrado e Doutorado), da Faculdade de Educa\u00e7\u00e3o da Universidade Federal de Pelotas, tem como objetivo publicar trabalhos que contribuam para o seu campo espec\u00edfico de investiga\u00e7\u00e3o servindo de refer\u00eancia para outros trabalhos de pesquisa. Uma das caracter\u00edsticas marcantes da revista \u00e9 a publica\u00e7\u00e3o de trabalhos em termos de diversidade de tem\u00e1ticas e de orienta\u00e7\u00f5es te\u00f3rico-metodol\u00f3gicas. O compromisso assumido como linha editorial \u00e9 o de garantir a qualidade cient\u00edfica dos textos publicados e proporcionar um elevado debate no campo educacional contempor\u00e2neo.\u00a0<\/span><\/p>\n<p><span style=\"font-weight: 400\">A <a href=\"https:\/\/periodicos.ufpel.edu.br\/index.php\/caduc\/index\" target=\"_blank\" rel=\"noopener\">Revista Cadernos de Educa\u00e7\u00e3o<\/a> prioriza a publica\u00e7\u00e3o de textos de pesquisas j\u00e1 conclu\u00eddas. Al\u00e9m de artigos cient\u00edficos, que constituem seu n\u00facleo b\u00e1sico, outras modalidades de textos s\u00e3o regularmente publicadas: ensaios te\u00f3ricos, entrevistas e resenhas. S\u00e3o tamb\u00e9m organizados e publicados dossi\u00eas e se\u00e7\u00f5es tem\u00e1ticas nos n\u00fameros regulares da Revista.\u00a0<\/span><\/p>\n<\/div>\n<\/div><\/div><div id=\"panel-3523-0-0-2\" class=\"so-panel widget widget_sow-button panel-last-child\" data-index=\"2\" ><div\n\t\t\t\n\t\t\tclass=\"so-widget-sow-button so-widget-sow-button-flat-66466acb9e12-3523\"\n\t\t\t\n\t\t><div class=\"ow-button-base ow-button-align-center\"\n>\n\t\t\t<a\n\t\t\t\t\thref=\"https:\/\/periodicos.ufpel.edu.br\/index.php\/caduc\/index\"\n\t\t\t\t\tclass=\"sowb-button ow-icon-placement-left ow-button-hover\" target=\"_blank\" rel=\"noopener noreferrer\" \t>\n\t\t<span>\n\t\t\t\n\t\t\tAcessar a revista\t\t<\/span>\n\t\t\t<\/a>\n\t<\/div>\n<\/div><\/div><\/div><\/div><\/div>","protected":false},"excerpt":{"rendered":"<p>A Revista Cadernos de Educa\u00e7\u00e3o, editada sob a responsabilidade do Programa de P\u00f3s-Gradua\u00e7\u00e3o em Educa\u00e7\u00e3o (Mestrado e Doutorado), da Faculdade de Educa\u00e7\u00e3o da Universidade Federal de Pelotas, tem como objetivo publicar trabalhos que contribuam para o seu campo espec\u00edfico de investiga\u00e7\u00e3o servindo de refer\u00eancia para outros trabalhos de pesquisa. Uma das caracter\u00edsticas marcantes da revista [&hellip;]<\/p>\n","protected":false},"author":675,"featured_media":0,"parent":0,"menu_order":0,"comment_status":"closed","ping_status":"closed","template":"page-sem-sidebar.php","meta":{"footnotes":""},"class_list":["post-3523","page","type-page","status-publish","hentry"],"jetpack_sharing_enabled":true,"_links":{"self":[{"href":"https:\/\/wp.ufpel.edu.br\/ppge\/wp-json\/wp\/v2\/pages\/3523","targetHints":{"allow":["GET"]}}],"collection":[{"href":"https:\/\/wp.ufpel.edu.br\/ppge\/wp-json\/wp\/v2\/pages"}],"about":[{"href":"https:\/\/wp.ufpel.edu.br\/ppge\/wp-json\/wp\/v2\/types\/page"}],"author":[{"embeddable":true,"href":"https:\/\/wp.ufpel.edu.br\/ppge\/wp-json\/wp\/v2\/users\/675"}],"replies":[{"embeddable":true,"href":"https:\/\/wp.ufpel.edu.br\/ppge\/wp-json\/wp\/v2\/comments?post=3523"}],"version-history":[{"count":4,"href":"https:\/\/wp.ufpel.edu.br\/ppge\/wp-json\/wp\/v2\/pages\/3523\/revisions"}],"predecessor-version":[{"id":3989,"href":"https:\/\/wp.ufpel.edu.br\/ppge\/wp-json\/wp\/v2\/pages\/3523\/revisions\/3989"}],"wp:attachment":[{"href":"https:\/\/wp.ufpel.edu.br\/ppge\/wp-json\/wp\/v2\/media?parent=3523"}],"curies":[{"name":"wp","href":"https:\/\/api.w.org\/{rel}","templated":true}]}}