{"id":3469,"date":"2024-08-07T11:49:24","date_gmt":"2024-08-07T14:49:24","guid":{"rendered":"https:\/\/wp.ufpel.edu.br\/ppge\/?page_id=3469"},"modified":"2024-08-22T19:05:40","modified_gmt":"2024-08-22T22:05:40","slug":"selecao-aluno-especial-2024-2","status":"publish","type":"page","link":"https:\/\/wp.ufpel.edu.br\/ppge\/selecao-aluno-especial-2024-2\/","title":{"rendered":"SELE\u00c7\u00c3O ALUNO ESPECIAL \u2013 2024.2"},"content":{"rendered":"<header class=\"entry-header\">\n<h1 class=\"entry-title\"><a href=\"https:\/\/wp.ufpel.edu.br\/ppge\/files\/2024\/08\/Edital-de-Selecao-de-Aluno-Especial-2024.2.pdf\"><span style=\"font-size: 16px;\">EDITAL SELE\u00c7\u00c3O ALUNO ESPECIAL 2024\/2<\/span><\/a><\/h1>\n<\/header>\n<div class=\"entry-content\">\n<p><a href=\"https:\/\/forms.gle\/yESwGVkxf5jyzENY9\">Formul\u00e1rio de Inscri\u00e7\u00e3o<\/a> \u2013 (As inscri\u00e7\u00f5es abrem dia 21\/08\/24 e encerram \u00e0s 23:59 do dia 23\/08\/24)<\/p>\n<p><a href=\"https:\/\/pagtesouro.tesouro.gov.br\/portal-gru\/#\/emissao-gru\">Recolhimento de Inscri\u00e7\u00e3o<\/a><\/p>\n<p><a href=\"https:\/\/wp.ufpel.edu.br\/ppge\/files\/2023\/08\/veracidade.docx\">ANEXO I<\/a><\/p>\n<p><a href=\"https:\/\/wp.ufpel.edu.br\/ppge\/files\/2023\/08\/COMPROVANTE-DE-PAGAMENTO-DA-INSCRICAO-1.docx\">ANEXO II<\/a><\/p>\n<\/div>\n","protected":false},"excerpt":{"rendered":"<p>EDITAL SELE\u00c7\u00c3O ALUNO ESPECIAL 2024\/2 Formul\u00e1rio de Inscri\u00e7\u00e3o \u2013 (As inscri\u00e7\u00f5es abrem dia 21\/08\/24 e encerram \u00e0s 23:59 do dia 23\/08\/24) Recolhimento de Inscri\u00e7\u00e3o ANEXO I ANEXO II<\/p>\n","protected":false},"author":675,"featured_media":0,"parent":0,"menu_order":0,"comment_status":"closed","ping_status":"closed","template":"","meta":{"footnotes":""},"class_list":["post-3469","page","type-page","status-publish","hentry"],"jetpack_sharing_enabled":true,"_links":{"self":[{"href":"https:\/\/wp.ufpel.edu.br\/ppge\/wp-json\/wp\/v2\/pages\/3469","targetHints":{"allow":["GET"]}}],"collection":[{"href":"https:\/\/wp.ufpel.edu.br\/ppge\/wp-json\/wp\/v2\/pages"}],"about":[{"href":"https:\/\/wp.ufpel.edu.br\/ppge\/wp-json\/wp\/v2\/types\/page"}],"author":[{"embeddable":true,"href":"https:\/\/wp.ufpel.edu.br\/ppge\/wp-json\/wp\/v2\/users\/675"}],"replies":[{"embeddable":true,"href":"https:\/\/wp.ufpel.edu.br\/ppge\/wp-json\/wp\/v2\/comments?post=3469"}],"version-history":[{"count":2,"href":"https:\/\/wp.ufpel.edu.br\/ppge\/wp-json\/wp\/v2\/pages\/3469\/revisions"}],"predecessor-version":[{"id":3819,"href":"https:\/\/wp.ufpel.edu.br\/ppge\/wp-json\/wp\/v2\/pages\/3469\/revisions\/3819"}],"wp:attachment":[{"href":"https:\/\/wp.ufpel.edu.br\/ppge\/wp-json\/wp\/v2\/media?parent=3469"}],"curies":[{"name":"wp","href":"https:\/\/api.w.org\/{rel}","templated":true}]}}