{"id":3281,"date":"2024-02-06T10:15:00","date_gmt":"2024-02-06T13:15:00","guid":{"rendered":"https:\/\/wp.ufpel.edu.br\/ppge\/?page_id=3281"},"modified":"2024-08-22T18:55:00","modified_gmt":"2024-08-22T21:55:00","slug":"selecao-mestrado-2024","status":"publish","type":"page","link":"https:\/\/wp.ufpel.edu.br\/ppge\/selecao-mestrado-2024\/","title":{"rendered":"SELE\u00c7\u00c3O MESTRADO 2024"},"content":{"rendered":"<p><a href=\"https:\/\/wp.ufpel.edu.br\/ppge\/files\/2024\/01\/SEI_UFPel-2519706-Edital-de-selec%CC%A7a%CC%83o-PRPPG.pdf\"><strong>EDITAL N\u00ba 16\/2024 \u2013 MESTRADO\u00a0<\/strong><\/a><\/p>\n<p><a href=\"https:\/\/wp.ufpel.edu.br\/ppge\/files\/2024\/01\/Edital-de-Retificacao-Mestrado.pdf\">Retifica\u00e7\u00e3o Edital 16\/2024<\/a><\/p>\n<p><a href=\"https:\/\/wp.ufpel.edu.br\/ppge\/files\/2024\/06\/SEIUFPel-2621104-Edital-de-Retificacao-mestrado.pdf\">SEI:UFPel &#8211; 2621104 &#8211; Edital de Retificac\u0327a\u0303o-mestrado<\/a> (Novo Calend\u00e1rio)<\/p>\n<p><strong><a href=\"https:\/\/wp.ufpel.edu.br\/ppge\/files\/2024\/04\/Mestrado.pdf\">Listagem Preliminar de Inscri\u00e7\u00f5es &#8211; Mestrado<\/a> <\/strong><\/p>\n<p style=\"text-align: justify;\"><strong>As solicita\u00e7\u00f5es de recursos desta etapa devem ser encaminhadas por meio do endere\u00e7o eletr\u00f4nico ppgeufpel@gmail.com, citando o n\u00famero do edital no t\u00edtulo da mensagem, e obedecendo aos prazos estabelecidos no cronograma (18 a 21 de abril), informando o n\u00famero de edital ao qual se remete.\u00a0<\/strong><\/p>\n<p><strong><a href=\"https:\/\/wp.ufpel.edu.br\/ppge\/files\/2024\/01\/Mestrado_deferido.pdf\">Inscri\u00e7\u00f5es Homologadas &#8211; Mestrado<\/a><\/strong><\/p>\n<div class=\"page\" title=\"Page 5\">\n<div class=\"layoutArea\">\n<div class=\"column\">\n<h3 style=\"text-align: center;\"><strong>Prova no dia 28 de junho\/2024 \u2013 a\u0300s 14h, Salas 254, 255 e 256<\/strong><\/h3>\n<p style=\"text-align: center;\"><strong>Faculdade de Educac\u0327a\u0303o R. Cel. Alberto Rosa, 154 &#8211; Centro, Pelotas &#8211; RS<\/strong><\/p>\n<p style=\"text-align: center;\"><strong>Todos dever\u00e3o estar presentes 30 minutos antes. Candidatos\/as PCD que necessitam atendimento especializado ter\u00e3o 1h adicional e dever\u00e3o indicar quando chegarem no local de prova aos\/\u00e0s docentes de monitoramento da sala<\/strong><\/p>\n<p>&nbsp;<\/p>\n<\/div>\n<\/div>\n<\/div>\n<p><strong><a href=\"https:\/\/wp.ufpel.edu.br\/ppge\/files\/2024\/07\/Resultado-da-Primeira-Etapa-Mestrado.pdf\">Resultado Parcial da Primeira Etapa &#8211; Mestrado\u00a0<\/a><\/strong><\/p>\n<p><a href=\"https:\/\/wp.ufpel.edu.br\/ppge\/files\/2024\/07\/Resultado-Final-1o-Etapa-Mestrado.pdf\"><strong>RESULTADO FINAL E ESCALA DE ENTREVISTA \u2013 MESTRADO<\/strong><\/a><\/p>\n<p><a href=\"https:\/\/wp.ufpel.edu.br\/ppge\/files\/2024\/08\/Resultado-Preliminar-2o-Etapa-Mestrado.pdf\">Resultado Preliminar da Segunda Etapa &#8211; Mestrado<\/a><\/p>\n<p><a href=\"https:\/\/wp.ufpel.edu.br\/ppge\/files\/2024\/08\/Resultado-Final-2o-Etapa-Mestrado.pdf\">Resultado Final da Segunda Etapa &#8211; Mestrado<\/a><\/p>\n<p><a href=\"https:\/\/wp.ufpel.edu.br\/ppge\/files\/2024\/08\/Resultado-Parcial-3o-Etapa-Mestrado.pdf\">Resultado Parcial da Terceira Etapa &#8211; Mestrado<\/a><\/p>\n<p>&nbsp;<\/p>\n<p>&nbsp;<\/p>\n<p>&nbsp;<\/p>\n<p><a href=\"https:\/\/forms.gle\/aajJxhBsT6aMijHw5\">FORMUL\u00c1RIO DE INSCRI\u00c7\u00c3O<\/a><\/p>\n<p><a href=\"https:\/\/wp.ufpel.edu.br\/ppge\/files\/2024\/03\/Ficha-Curriculo.docx\">Ficha de preenchimento para o curr\u00edculo documentado<\/a><\/p>\n<p>Anexo I \u2013 <a href=\"https:\/\/wp.ufpel.edu.br\/ppge\/files\/2023\/08\/veracidade.docx\">Declara\u00e7\u00e3o de veracidade dos documentos<\/a><\/p>\n<p>Anexo II \u2013\u00a0<a href=\"https:\/\/wp.ufpel.edu.br\/ppge\/files\/2023\/02\/COMPROVANTE-DE-PAGAMENTO-DA-INSCRICAO.docx\">COMPROVANTE DE PAGAMENTO DA INSCRI\u00c7\u00c3O<\/a><\/p>\n<p>&nbsp;<\/p>\n<p>Guia de Recolhimento da Uni\u00e3o \u2013 GRU \u2013\u00a0<a href=\"https:\/\/pagtesouro.tesouro.gov.br\/portal-gru\/#\/emissao-gru\">Acesse Aqui<\/a><\/p>\n<p><a href=\"https:\/\/wp.ufpel.edu.br\/ppge\/files\/2023\/02\/COMPROVANTE-DE-PAGAMENTO-DA-INSCRICAO.docx\">COMPROVANTE DE PAGAMENTO DA INSCRI\u00c7\u00c3O<\/a><\/p>\n<p>&nbsp;<\/p>\n<p><strong>A\u00e7\u00f5es Afirmativas \u2013 Documentos:<\/strong><\/p>\n<p>Para acesso pelas Vagas de pessoas Travestis e Transexuais:<\/p>\n<ul>\n<li><a href=\"https:\/\/wp.ufpel.edu.br\/ppge\/files\/2022\/03\/AUTODECLARACAO-DE-IDENTIDADE-TRANS.pdf\">AUTODECLARA\u00c7\u00c3O DE IDENTIDADE TRANS<\/a><\/li>\n<\/ul>\n<p>Para acesso pelas Vagas de Pessoas Negras:<\/p>\n<ul>\n<li><a href=\"https:\/\/wp.ufpel.edu.br\/ppge\/files\/2022\/03\/AUTODECLARACAO-ETNICO-RACIAL.pdf\">AUTODECLARA\u00c7\u00c3O \u00c9TNICO-RACIAL<\/a><\/li>\n<\/ul>\n<p>Para o acesso pelas Vagas para pessoas Ind\u00edgenas:<\/p>\n<ul>\n<li><a href=\"https:\/\/wp.ufpel.edu.br\/ppge\/files\/2022\/03\/AUTODECLARACAO-DO-CANDIDATO-ESTUDANTE-INDIGENA.pdf\">AUTODECLARA\u00c7\u00c3O DO CANDIDATO \u2013 ESTUDANTE IND\u00cdGENA<\/a><\/li>\n<li><a href=\"https:\/\/wp.ufpel.edu.br\/ppge\/files\/2022\/03\/DECLARACAO-DE-PERTENCIMENTO-ETNICO-PARA-ESTUDANTE-INDIGENA.pdf\">DECLARA\u00c7\u00c3O DE PERTENCIMENTO \u00c9TNICO PARA ESTUDANTE IND\u00cdGENA<\/a><\/li>\n<\/ul>\n<p>Para o acesso pelas Vagas para pessoas Quilombolas:<\/p>\n<ul>\n<li><a href=\"https:\/\/wp.ufpel.edu.br\/ppge\/files\/2022\/03\/AUTODECLARACAO-DO-CANDIDATO-%E2%80%93-ESTUDANTE-QUILOMBOLA.pdf\">AUTODECLARA\u00c7\u00c3O DO CANDIDATO \u2013 ESTUDANTE QUILOMBOLA<\/a><\/li>\n<li><a href=\"https:\/\/wp.ufpel.edu.br\/ppge\/files\/2022\/03\/DECLARACAO-DE-PERTENCIMENTO-ETNICO_PARA-ESTUDANTE-QUILOMBOLA.pdf\">DECLARA\u00c7\u00c3O DE PERTENCIMENTO \u00c9TNICO_PARA ESTUDANTE QUILOMBOLA<\/a><\/li>\n<\/ul>\n<p>Para o acesso pelas Vagas para Pessoas com Defici\u00eancia:<\/p>\n<ul>\n<li>Encaminhar laudo m\u00e9dico com C\u00f3digo de Defici\u00eancia nos termos Classifica\u00e7\u00e3o Internacional de Doen\u00e7as \u2013 CID.<\/li>\n<\/ul>\n","protected":false},"excerpt":{"rendered":"<p>EDITAL N\u00ba 16\/2024 \u2013 MESTRADO\u00a0 Retifica\u00e7\u00e3o Edital 16\/2024 SEI:UFPel &#8211; 2621104 &#8211; Edital de Retificac\u0327a\u0303o-mestrado (Novo Calend\u00e1rio) Listagem Preliminar de Inscri\u00e7\u00f5es &#8211; Mestrado As solicita\u00e7\u00f5es de recursos desta etapa devem ser encaminhadas por meio do endere\u00e7o eletr\u00f4nico ppgeufpel@gmail.com, citando o n\u00famero do edital no t\u00edtulo da mensagem, e obedecendo aos prazos estabelecidos no cronograma (18 [&hellip;]<\/p>\n","protected":false},"author":675,"featured_media":0,"parent":0,"menu_order":0,"comment_status":"closed","ping_status":"closed","template":"","meta":{"footnotes":""},"class_list":["post-3281","page","type-page","status-publish","hentry"],"jetpack_sharing_enabled":true,"_links":{"self":[{"href":"https:\/\/wp.ufpel.edu.br\/ppge\/wp-json\/wp\/v2\/pages\/3281","targetHints":{"allow":["GET"]}}],"collection":[{"href":"https:\/\/wp.ufpel.edu.br\/ppge\/wp-json\/wp\/v2\/pages"}],"about":[{"href":"https:\/\/wp.ufpel.edu.br\/ppge\/wp-json\/wp\/v2\/types\/page"}],"author":[{"embeddable":true,"href":"https:\/\/wp.ufpel.edu.br\/ppge\/wp-json\/wp\/v2\/users\/675"}],"replies":[{"embeddable":true,"href":"https:\/\/wp.ufpel.edu.br\/ppge\/wp-json\/wp\/v2\/comments?post=3281"}],"version-history":[{"count":21,"href":"https:\/\/wp.ufpel.edu.br\/ppge\/wp-json\/wp\/v2\/pages\/3281\/revisions"}],"predecessor-version":[{"id":3829,"href":"https:\/\/wp.ufpel.edu.br\/ppge\/wp-json\/wp\/v2\/pages\/3281\/revisions\/3829"}],"wp:attachment":[{"href":"https:\/\/wp.ufpel.edu.br\/ppge\/wp-json\/wp\/v2\/media?parent=3281"}],"curies":[{"name":"wp","href":"https:\/\/api.w.org\/{rel}","templated":true}]}}