{"id":5718,"date":"2025-02-12T09:39:26","date_gmt":"2025-02-12T12:39:26","guid":{"rendered":"https:\/\/wp.ufpel.edu.br\/ppgdtsa\/?page_id=5718"},"modified":"2025-11-26T14:19:23","modified_gmt":"2025-11-26T17:19:23","slug":"selecao-de-estudante-regular-2025-1-edital-complementar","status":"publish","type":"page","link":"https:\/\/wp.ufpel.edu.br\/ppgdtsa\/selecao-aluno-regular\/selecao-de-estudante-regular-2025-1-edital-complementar\/","title":{"rendered":"SELE\u00c7\u00c2O DE ESTUDANTE REGULAR &#8211; 2026\/1"},"content":{"rendered":"<h2>Edital de Sele\u00e7\u00e3o 2026\/1 &#8211; Aluno Regular<\/h2>\n<p>Confira o edital e demais informa\u00e7\u00f5es sobre inscri\u00e7\u00f5es, prazos e documentos exigidos nos links abaixo:<\/p>\n<p><a href=\"https:\/\/wp.ufpel.edu.br\/ppgdtsa\/files\/2025\/11\/SEI_3452097_Edital_de_selecao_PRPPG_218.pdf\">Edital Aluno Regular &#8211; PPGDTSA<\/a><\/p>\n<p><a href=\"https:\/\/wp.ufpel.edu.br\/ppgdtsa\/selecao-aluno-regular\/selecao-de-estudante-regular-2025-1-edital-complementar\/anexo-01-3\/\" rel=\"attachment wp-att-6065\">Anexo 01<\/a><\/p>\n<p><a href=\"https:\/\/wp.ufpel.edu.br\/ppgdtsa\/selecao-aluno-regular\/selecao-de-estudante-regular-2025-1-edital-complementar\/anexo-02-4\/\" rel=\"attachment wp-att-6064\">Anexo 02<\/a><\/p>\n<p><a href=\"https:\/\/wp.ufpel.edu.br\/ppgdtsa\/selecao-aluno-regular\/selecao-de-estudante-regular-2025-1-edital-complementar\/anexo-03-4\/\" rel=\"attachment wp-att-6063\">Anexo 03<\/a><\/p>\n<p><a href=\"https:\/\/wp.ufpel.edu.br\/ppgdtsa\/files\/2025\/11\/Autodeclaracao-de-Identidade-de-Genero.docx\">Autodeclara\u00e7\u00e3o de identidade de g\u00eanero<\/a><\/p>\n<p><a href=\"https:\/\/wp.ufpel.edu.br\/ppgdtsa\/files\/2025\/11\/Declaracao-de-Etnia.docx\">Autodeclara\u00e7\u00e3o de etnia<\/a><\/p>\n<p><a href=\"https:\/\/wp.ufpel.edu.br\/ppgdtsa\/files\/2025\/11\/Formulario-de-Inscricao.docx\">Formul\u00e1rio de inscri\u00e7\u00e3o<\/a><\/p>\n","protected":false},"excerpt":{"rendered":"<p>Edital de Sele\u00e7\u00e3o 2026\/1 &#8211; Aluno Regular Confira o edital e demais informa\u00e7\u00f5es sobre inscri\u00e7\u00f5es, prazos e documentos exigidos nos links abaixo: Edital Aluno Regular &#8211; PPGDTSA Anexo 01 Anexo 02 Anexo 03 Autodeclara\u00e7\u00e3o de identidade de g\u00eanero Autodeclara\u00e7\u00e3o de etnia Formul\u00e1rio de inscri\u00e7\u00e3o<\/p>\n","protected":false},"author":348,"featured_media":0,"parent":5092,"menu_order":0,"comment_status":"closed","ping_status":"closed","template":"","meta":{"footnotes":""},"class_list":["post-5718","page","type-page","status-publish","hentry"],"jetpack_sharing_enabled":true,"_links":{"self":[{"href":"https:\/\/wp.ufpel.edu.br\/ppgdtsa\/wp-json\/wp\/v2\/pages\/5718","targetHints":{"allow":["GET"]}}],"collection":[{"href":"https:\/\/wp.ufpel.edu.br\/ppgdtsa\/wp-json\/wp\/v2\/pages"}],"about":[{"href":"https:\/\/wp.ufpel.edu.br\/ppgdtsa\/wp-json\/wp\/v2\/types\/page"}],"author":[{"embeddable":true,"href":"https:\/\/wp.ufpel.edu.br\/ppgdtsa\/wp-json\/wp\/v2\/users\/348"}],"replies":[{"embeddable":true,"href":"https:\/\/wp.ufpel.edu.br\/ppgdtsa\/wp-json\/wp\/v2\/comments?post=5718"}],"version-history":[{"count":3,"href":"https:\/\/wp.ufpel.edu.br\/ppgdtsa\/wp-json\/wp\/v2\/pages\/5718\/revisions"}],"predecessor-version":[{"id":6081,"href":"https:\/\/wp.ufpel.edu.br\/ppgdtsa\/wp-json\/wp\/v2\/pages\/5718\/revisions\/6081"}],"up":[{"embeddable":true,"href":"https:\/\/wp.ufpel.edu.br\/ppgdtsa\/wp-json\/wp\/v2\/pages\/5092"}],"wp:attachment":[{"href":"https:\/\/wp.ufpel.edu.br\/ppgdtsa\/wp-json\/wp\/v2\/media?parent=5718"}],"curies":[{"name":"wp","href":"https:\/\/api.w.org\/{rel}","templated":true}]}}