{"id":5590,"date":"2024-10-25T10:08:46","date_gmt":"2024-10-25T13:08:46","guid":{"rendered":"https:\/\/wp.ufpel.edu.br\/ppgdtsa\/?page_id=5590"},"modified":"2024-10-25T10:08:46","modified_gmt":"2024-10-25T13:08:46","slug":"beneficios-ufpel","status":"publish","type":"page","link":"https:\/\/wp.ufpel.edu.br\/ppgdtsa\/beneficios-ufpel\/","title":{"rendered":"Benef\u00edcios UFPel"},"content":{"rendered":"<p>A Universidade Federal de Pelotas (UFPel) oferece diversos pro<span style=\"color: var(--cor-texto); font-family: var(--fonte-corpo);\">gramas de aux\u00edlio estudantil, focados em garantir que alunos de p\u00f3s-gradua\u00e7\u00e3o tenham suporte adequado para seus estudos. Esses benef\u00edcios s\u00e3o geridos pela Pr\u00f3-Reitoria de Assuntos Estudantis (PRAE), que assegura a assist\u00eancia socioecon\u00f4mica aos alunos necessitados. O Edital Normativo 12\/2024 define as normas para concess\u00e3o dos aux\u00edlios, incluindo os crit\u00e9rios de inscri\u00e7\u00e3o e avalia\u00e7\u00e3o, al\u00e9m da documenta\u00e7\u00e3o necess\u00e1ria. Ao se inscrever, o estudante concorda com as regras do edital, promovendo transpar\u00eancia.<\/span><\/p>\n<p>Os principais aux\u00edlios incluem o Programa de Aux\u00edlio Moradia (PAM), que oferece 100 vagas para alunos que n\u00e3o residem em Pelotas ou Cap\u00e3o do Le\u00e3o, ajudando com despesas de aluguel, e o Programa de Aux\u00edlio Alimenta\u00e7\u00e3o (PAA), que concede suporte financeiro total ou parcial para alimenta\u00e7\u00e3o, garantindo seguran\u00e7a alimentar aos estudantes durante o curso. A elegibilidade para esses aux\u00edlios segue a Resolu\u00e7\u00e3o COCEPE 57\/23, e os resultados das avalia\u00e7\u00f5es s\u00e3o divulgados a cada 15 dias, agilizando o processo.<\/p>\n<p>A UFPel reafirma seu compromisso com a assist\u00eancia estudantil, proporcionando aos alunos de p\u00f3s-gradua\u00e7\u00e3o o apoio necess\u00e1rio para seu desenvolvimento acad\u00eamico e pessoal, assegurando suporte cont\u00ednuo ao longo de seus estudos.<\/p>\n<p>Confira mais no nosso Instagram:\u00a0<a href=\"https:\/\/www.instagram.com\/reel\/DAAbLd5gDmZ\/?igsh=cHM2cG9sMXUyanh5\">https:\/\/www.instagram.com\/reel\/DAAbLd5gDmZ\/?igsh=cHM2cG9sMXUyanh5<\/a><\/p>\n<p>edital aberto ate 12\/2024 no link abaixo<\/p>\n<p><a href=\"https:\/\/wp.ufpel.edu.br\/prae\/editais-2024\/\">https:\/\/wp.ufpel.edu.br\/prae\/editais-2024\/<\/a><\/p>\n","protected":false},"excerpt":{"rendered":"<p>A Universidade Federal de Pelotas (UFPel) oferece diversos programas de aux\u00edlio estudantil, focados em garantir que alunos de p\u00f3s-gradua\u00e7\u00e3o tenham suporte adequado para seus estudos. Esses benef\u00edcios s\u00e3o geridos pela Pr\u00f3-Reitoria de Assuntos Estudantis (PRAE), que assegura a assist\u00eancia socioecon\u00f4mica aos alunos necessitados. O Edital Normativo 12\/2024 define as normas para concess\u00e3o dos aux\u00edlios, incluindo [&hellip;]<\/p>\n","protected":false},"author":367,"featured_media":0,"parent":0,"menu_order":0,"comment_status":"closed","ping_status":"closed","template":"","meta":{"footnotes":""},"class_list":["post-5590","page","type-page","status-publish","hentry"],"jetpack_sharing_enabled":true,"_links":{"self":[{"href":"https:\/\/wp.ufpel.edu.br\/ppgdtsa\/wp-json\/wp\/v2\/pages\/5590","targetHints":{"allow":["GET"]}}],"collection":[{"href":"https:\/\/wp.ufpel.edu.br\/ppgdtsa\/wp-json\/wp\/v2\/pages"}],"about":[{"href":"https:\/\/wp.ufpel.edu.br\/ppgdtsa\/wp-json\/wp\/v2\/types\/page"}],"author":[{"embeddable":true,"href":"https:\/\/wp.ufpel.edu.br\/ppgdtsa\/wp-json\/wp\/v2\/users\/367"}],"replies":[{"embeddable":true,"href":"https:\/\/wp.ufpel.edu.br\/ppgdtsa\/wp-json\/wp\/v2\/comments?post=5590"}],"version-history":[{"count":1,"href":"https:\/\/wp.ufpel.edu.br\/ppgdtsa\/wp-json\/wp\/v2\/pages\/5590\/revisions"}],"predecessor-version":[{"id":5592,"href":"https:\/\/wp.ufpel.edu.br\/ppgdtsa\/wp-json\/wp\/v2\/pages\/5590\/revisions\/5592"}],"wp:attachment":[{"href":"https:\/\/wp.ufpel.edu.br\/ppgdtsa\/wp-json\/wp\/v2\/media?parent=5590"}],"curies":[{"name":"wp","href":"https:\/\/api.w.org\/{rel}","templated":true}]}}