{"id":5586,"date":"2024-10-24T17:47:41","date_gmt":"2024-10-24T20:47:41","guid":{"rendered":"https:\/\/wp.ufpel.edu.br\/ppgdtsa\/?page_id=5586"},"modified":"2024-11-15T15:00:28","modified_gmt":"2024-11-15T18:00:28","slug":"congressos-reconhecidos-pelo-ppgdtsa","status":"publish","type":"page","link":"https:\/\/wp.ufpel.edu.br\/ppgdtsa\/congressos-reconhecidos-pelo-ppgdtsa\/","title":{"rendered":"Congressos reconhecidos pelo PPGDTSA"},"content":{"rendered":"<p><strong>Quais s\u00e3o os congressos reconhecidos pelos colegiado do PPGDTSA para o processo de homologa\u00e7\u00e3o da disserta\u00e7\u00e3o?<\/strong><\/p>\n<p>No processo de homologa\u00e7\u00e3o \u00e9 exigido a comprova\u00e7\u00e3o da publica\u00e7\u00e3o de um artigo completo em pelo menos um evento nacional (somente para bolsistas). Est\u00e3o homologados pelo Colegiado do PPGDTSA os seguintes\u00a0congressos:<\/p>\n<p>1- Congresso da Sociedade Brasileira de Economia, Administra\u00e7\u00e3o e Sociologia\u00a0Rural\u00a0&#8211;\u00a0SOBER<\/p>\n<p>2- Encontro Internacional sobre Gest\u00e3o Empresarial e Meio Ambiente\u00a0&#8211;\u00a0ENGEMA<\/p>\n<p>3-Congresso da Associa\u00e7\u00e3o Nacional de P\u00f3s-Gradua\u00e7\u00e3o e Pesquisa em Administra\u00e7\u00e3o &#8211; ENANPAD<\/p>\n<p>4- Semin\u00e1rios em Administra\u00e7\u00e3o &#8211;\u00a0SEMEAD<\/p>\n<p>5- Congresso Brasileiro de Ci\u00eancia do Solo (CBCS)<\/p>\n<p>6- Simp\u00f3sio Internacional de Qualidade Ambiental, organizado pela Associa\u00e7\u00e3o Brasileira de Engenharia Sanit\u00e1ria\u00a0e\u00a0Ambiental.<\/p>\n<p>7-Semin\u00e1rio de Ensino em Extens\u00e3o Rural.<\/p>\n<p>8- Congresso Nacional de Meio Ambiente.<\/p>\n<p>&nbsp;<\/p>\n<p>&nbsp;<\/p>\n","protected":false},"excerpt":{"rendered":"<p>Quais s\u00e3o os congressos reconhecidos pelos colegiado do PPGDTSA para o processo de homologa\u00e7\u00e3o da disserta\u00e7\u00e3o? No processo de homologa\u00e7\u00e3o \u00e9 exigido a comprova\u00e7\u00e3o da publica\u00e7\u00e3o de um artigo completo em pelo menos um evento nacional (somente para bolsistas). Est\u00e3o homologados pelo Colegiado do PPGDTSA os seguintes\u00a0congressos: 1- Congresso da Sociedade Brasileira de Economia, Administra\u00e7\u00e3o [&hellip;]<\/p>\n","protected":false},"author":367,"featured_media":0,"parent":0,"menu_order":0,"comment_status":"closed","ping_status":"closed","template":"","meta":{"footnotes":""},"class_list":["post-5586","page","type-page","status-publish","hentry"],"jetpack_sharing_enabled":true,"_links":{"self":[{"href":"https:\/\/wp.ufpel.edu.br\/ppgdtsa\/wp-json\/wp\/v2\/pages\/5586","targetHints":{"allow":["GET"]}}],"collection":[{"href":"https:\/\/wp.ufpel.edu.br\/ppgdtsa\/wp-json\/wp\/v2\/pages"}],"about":[{"href":"https:\/\/wp.ufpel.edu.br\/ppgdtsa\/wp-json\/wp\/v2\/types\/page"}],"author":[{"embeddable":true,"href":"https:\/\/wp.ufpel.edu.br\/ppgdtsa\/wp-json\/wp\/v2\/users\/367"}],"replies":[{"embeddable":true,"href":"https:\/\/wp.ufpel.edu.br\/ppgdtsa\/wp-json\/wp\/v2\/comments?post=5586"}],"version-history":[{"count":3,"href":"https:\/\/wp.ufpel.edu.br\/ppgdtsa\/wp-json\/wp\/v2\/pages\/5586\/revisions"}],"predecessor-version":[{"id":5600,"href":"https:\/\/wp.ufpel.edu.br\/ppgdtsa\/wp-json\/wp\/v2\/pages\/5586\/revisions\/5600"}],"wp:attachment":[{"href":"https:\/\/wp.ufpel.edu.br\/ppgdtsa\/wp-json\/wp\/v2\/media?parent=5586"}],"curies":[{"name":"wp","href":"https:\/\/api.w.org\/{rel}","templated":true}]}}