{"id":5309,"date":"2024-06-14T11:39:11","date_gmt":"2024-06-14T14:39:11","guid":{"rendered":"https:\/\/wp.ufpel.edu.br\/ppgdtsa\/?page_id=5309"},"modified":"2024-09-05T13:38:35","modified_gmt":"2024-09-05T16:38:35","slug":"seminario-ppgdtsa","status":"publish","type":"page","link":"https:\/\/wp.ufpel.edu.br\/ppgdtsa\/seminario-ppgdtsa\/","title":{"rendered":"SEMIN\u00c1RIO ANUAL"},"content":{"rendered":"<p style=\"text-align: center;\">Clique na imagem e confira a programa\u00e7\u00e3o e informa\u00e7\u00f5es para inscri\u00e7\u00e3o no IX Semin\u00e1rio do PPGDTSA &#8211; 2024<\/p>\n<p style=\"text-align: center;\"><span style=\"font-family: 'book antiqua', palatino, serif;\"> <a href=\"https:\/\/www.even3.com.br\/ix-seminario-ppgdtsa\/\" target=\"_blank\" rel=\"noopener\"><img class=\"alignnone wp-image-5359 size-medium\" src=\"https:\/\/wp.ufpel.edu.br\/ppgdtsa\/files\/2024\/07\/Screenshot-2024-07-01-113352-400x151.png\" alt=\"\" width=\"400\" height=\"151\" srcset=\"https:\/\/wp.ufpel.edu.br\/ppgdtsa\/files\/2024\/07\/Screenshot-2024-07-01-113352-400x151.png 400w, https:\/\/wp.ufpel.edu.br\/ppgdtsa\/files\/2024\/07\/Screenshot-2024-07-01-113352-768x290.png 768w, https:\/\/wp.ufpel.edu.br\/ppgdtsa\/files\/2024\/07\/Screenshot-2024-07-01-113352.png 827w\" sizes=\"(max-width: 400px) 100vw, 400px\" \/><\/a><\/span><\/p>\n<p>&nbsp;<\/p>\n<p>Desde a cria\u00e7\u00e3o do PPGDTSA idealiz\u00e1vamos um evento que pudesse congregar professores e alunos para que permitisse o compartilhamento de nossas experi\u00eancias de pesquisa e trabalho. De 2016 at\u00e9 o presente momento foram 8 edi\u00e7\u00f5es:<\/p>\n<table style=\"border-collapse: collapse; width: 100%;\" border=\"1\">\n<tbody>\n<tr>\n<td style=\"width: 14.4671%; text-align: center;\">2016<\/td>\n<td style=\"width: 63.6453%;\">I Desenvolvimento Territorial, Rela\u00e7\u00f5es Rural-urbano e Solidariedade<\/td>\n<\/tr>\n<tr>\n<td style=\"width: 14.4671%; text-align: center;\">2017<\/td>\n<td style=\"width: 63.6453%;\"><span style=\"text-align: justify;\">II A cadeia produtiva da bovinocultura de leite os impactos no desenvolvimento dos <\/span><span style=\"text-align: justify;\">territ\u00f3rios rurais\u00a0<\/span><\/td>\n<\/tr>\n<tr>\n<td style=\"width: 14.4671%; text-align: center;\">2018<\/td>\n<td style=\"width: 63.6453%;\"><span style=\"text-align: justify;\">III &#8211; Seguran\u00e7a Alimentar \u2013 da Produ\u00e7\u00e3o a Garantia \u00e0 Sa\u00fade\u00a0<\/span><\/td>\n<\/tr>\n<tr>\n<td style=\"width: 14.4671%; text-align: center;\">2019<\/td>\n<td style=\"width: 63.6453%;\"><span style=\"text-align: justify;\">IV &#8211; Agricultura 4.0 \u2013 Desafios e Oportunidades\u00a0<\/span><\/td>\n<\/tr>\n<tr>\n<td style=\"width: 14.4671%; text-align: center;\">2020<\/td>\n<td style=\"width: 63.6453%;\"><span style=\"text-align: justify;\">V &#8211; Ciclo de Debates Sobre a Covid e o Agroneg\u00f3cio\u00a0<\/span><\/td>\n<\/tr>\n<tr>\n<td style=\"width: 14.4671%; text-align: center;\">2021<\/td>\n<td style=\"width: 63.6453%;\"><span style=\"text-align: justify;\">VI &#8211; O Sistema Agroalimentar e a Covid \u2013 Causas e Consequ\u00eancias\u00a0<\/span><\/td>\n<\/tr>\n<tr>\n<td style=\"width: 14.4671%; text-align: center;\">2022<\/td>\n<td style=\"width: 63.6453%;\"><span style=\"text-align: justify;\">VII &#8211; Sistemas Agroalimentares: Sustentabilidade e Instabilidade\u00a0<\/span><\/td>\n<\/tr>\n<tr>\n<td style=\"width: 14.4671%; text-align: center;\">2023<\/td>\n<td style=\"width: 63.6453%;\"><span style=\"text-align: justify;\">VIII &#8211; <\/span><span style=\"text-align: justify;\">Transforma\u00e7\u00f5es no Mundo dos Alimentos, Seguran\u00e7a Alimentar e <\/span><span style=\"text-align: justify;\">Desenvolvimento Rural \u2013 50 anos do Departamento de Ci\u00eancias Sociais Agr\u00e1rias <\/span><span style=\"text-align: justify;\">da FAEM\/UFPEL.<\/span><\/td>\n<\/tr>\n<tr>\n<td style=\"width: 14.4671%; text-align: center;\">2024<\/td>\n<td style=\"width: 63.6453%;\"><span style=\"text-align: justify;\">IX &#8211; Desenvolvimento e Territ\u00f3rio: Olhares sobre o Pampa<\/span><\/td>\n<\/tr>\n<\/tbody>\n<\/table>\n<p>Ao longo dos anos esse evento foi ganhando tra\u00e7\u00e3o e maturidade passando de um evento apenas local para uma abrang\u00eancia regional e nacional.<\/p>\n<p>Trouxemos palestrantes de todos os cantos do Brasil e ofertamos conhecimento de qualidade e uma oportunidade de debate de alt\u00edssimo n\u00edvel o que al\u00e7ou este evento anual do nosso PPG a um n\u00edvel de excel\u00eancia acad\u00eamica.<\/p>\n<p>Esperamos que o trabalho realizado pelos Docentes e Discentes na realiza\u00e7\u00e3o deste semin\u00e1rio, flores\u00e7a e frutifique em benef\u00edcio desta e de futuras gera\u00e7\u00f5es que vir\u00e3o.<\/p>\n<p>&nbsp;<\/p>\n","protected":false},"excerpt":{"rendered":"<p>Clique na imagem e confira a programa\u00e7\u00e3o e informa\u00e7\u00f5es para inscri\u00e7\u00e3o no IX Semin\u00e1rio do PPGDTSA &#8211; 2024 &nbsp; Desde a cria\u00e7\u00e3o do PPGDTSA idealiz\u00e1vamos um evento que pudesse congregar professores e alunos para que permitisse o compartilhamento de nossas experi\u00eancias de pesquisa e trabalho. De 2016 at\u00e9 o presente momento foram 8 edi\u00e7\u00f5es: 2016 [&hellip;]<\/p>\n","protected":false},"author":367,"featured_media":0,"parent":0,"menu_order":0,"comment_status":"closed","ping_status":"closed","template":"","meta":{"footnotes":""},"class_list":["post-5309","page","type-page","status-publish","hentry"],"jetpack_sharing_enabled":true,"_links":{"self":[{"href":"https:\/\/wp.ufpel.edu.br\/ppgdtsa\/wp-json\/wp\/v2\/pages\/5309","targetHints":{"allow":["GET"]}}],"collection":[{"href":"https:\/\/wp.ufpel.edu.br\/ppgdtsa\/wp-json\/wp\/v2\/pages"}],"about":[{"href":"https:\/\/wp.ufpel.edu.br\/ppgdtsa\/wp-json\/wp\/v2\/types\/page"}],"author":[{"embeddable":true,"href":"https:\/\/wp.ufpel.edu.br\/ppgdtsa\/wp-json\/wp\/v2\/users\/367"}],"replies":[{"embeddable":true,"href":"https:\/\/wp.ufpel.edu.br\/ppgdtsa\/wp-json\/wp\/v2\/comments?post=5309"}],"version-history":[{"count":10,"href":"https:\/\/wp.ufpel.edu.br\/ppgdtsa\/wp-json\/wp\/v2\/pages\/5309\/revisions"}],"predecessor-version":[{"id":5514,"href":"https:\/\/wp.ufpel.edu.br\/ppgdtsa\/wp-json\/wp\/v2\/pages\/5309\/revisions\/5514"}],"wp:attachment":[{"href":"https:\/\/wp.ufpel.edu.br\/ppgdtsa\/wp-json\/wp\/v2\/media?parent=5309"}],"curies":[{"name":"wp","href":"https:\/\/api.w.org\/{rel}","templated":true}]}}