{"id":3629,"date":"2020-03-07T17:30:06","date_gmt":"2020-03-07T20:30:06","guid":{"rendered":"https:\/\/wp.ufpel.edu.br\/ppgdtsa\/?page_id=3629"},"modified":"2025-03-06T16:15:43","modified_gmt":"2025-03-06T19:15:43","slug":"autoavaliacao-e-planejamento","status":"publish","type":"page","link":"https:\/\/wp.ufpel.edu.br\/ppgdtsa\/autoavaliacao-e-planejamento\/","title":{"rendered":"Autoavalia\u00e7\u00e3o e planejamento"},"content":{"rendered":"<p>PREMISSAS<\/p>\n<ol>\n<li style=\"text-align: justify;\">O desenvolvimento da por\u00e7\u00e3o meridional do territ\u00f3rio ga\u00facho \u00e9 caracterizado por reduzidos \u00edndices de desenvolvimento econ\u00f4mico e humano, pela presen\u00e7a de in\u00fameros recursos sociais, ambientais, organizacionais e econ\u00f4micos, especialmente pela presen\u00e7a de sistemas agroindustriais pujantes;<\/li>\n<li style=\"text-align: justify;\">A miss\u00e3o da UFPel \u00e9 formar profissionais cr\u00edticos, criativos e aut\u00f4nomos, transformadores e respons\u00e1veis, entre outros meios, pela expans\u00e3o da P\u00f3s-gradua\u00e7\u00e3o;<\/li>\n<li style=\"text-align: justify;\">O entendimento que a problem\u00e1tica do desenvolvimento \u00e9 multidimensional, evolutiva, e dependente de a\u00e7\u00f5es organizacionais coletivas, e, assim, havia a necessidade de uma resposta interdisciplinar a essa problem\u00e1tica por parte da UFPel.<\/li>\n<\/ol>\n<p>MISS\u00c3O<\/p>\n<p>Formar pessoas e construir conhecimentos para o desenvolvimento sustent\u00e1vel dos sistemas agroind\u00fastrias e territ\u00f3rios rurais, em benef\u00edcio da sociedade e do ambiente.<\/p>\n<p>VIS\u00c3O<\/p>\n<p style=\"text-align: justify;\">Ser um programa de refer\u00eancia na conex\u00e3o de pessoas, conhecimentos, pol\u00edticas e ambientes para o Desenvolvimento Territorial e dos Sistemas Agroindustriais.<\/p>\n<p>OBJETIVO<\/p>\n<p style=\"text-align: justify;\">Construir conhecimentos e formar pessoas habilitadas para atuar no magist\u00e9rio superior, na pesquisa, na investiga\u00e7\u00e3o cient\u00edfica e nas organiza\u00e7\u00f5es comprometidas com o desenvolvimento rural e dos sistemas agroindustriais.<\/p>\n<h3>Documentos:<\/h3>\n<p><a href=\"https:\/\/wp.ufpel.edu.br\/ppgdtsa\/autoavaliacao-e-planejamento\/breve-historico-de-planejamento-e-autoavaliacao-do-ppgdtsa-2021\/\" rel=\"attachment wp-att-5548\">Breve Hist\u00f3rico de Planejamento e Autoavalia\u00e7\u00e3o do PPGDTSA -2021<\/a><\/p>\n<p><a href=\"https:\/\/wp.ufpel.edu.br\/ppgdtsa\/autoavaliacao-e-planejamento\/politica-de-autoavaliacao-e-planejamento\/\" rel=\"attachment wp-att-5550\">Pol\u00edtica de Autoavalia\u00e7\u00e3o e Planejamento-2021<\/a><\/p>\n<p style=\"padding-left: 40px;\"><strong>Relat\u00f3rios:<\/strong><\/p>\n<p style=\"padding-left: 80px;\"><em>Autoavalia\u00e7\u00e3o e Planejamento<\/em><\/p>\n<p style=\"padding-left: 80px;\"><a href=\"https:\/\/wp.ufpel.edu.br\/ppgdtsa\/files\/2020\/03\/I-Relatorio-Autoavaliacao-e-Planejamento-PPG-DTSA-2017.pdf\">I Relat\u00f3rio de Autoavalia\u00e7\u00e3o e Planejamento do PPG DTSA 2017<\/a><\/p>\n<p style=\"padding-left: 80px;\"><a href=\"https:\/\/wp.ufpel.edu.br\/ppgdtsa\/files\/2020\/03\/II-Rel.-Autoav.-Planej.-PPG-DTSA-2019-21-11-final.pdf\">II Relat\u00f3rio de Autoavalia\u00e7\u00e3o e Planejamento do PPG DTSA 2019<\/a><\/p>\n<p style=\"padding-left: 80px;\"><a href=\"https:\/\/drive.google.com\/file\/d\/1_BwRth3zo_wdA7wluQHBGgfVpM_QfA3D\/view?usp=sharing\" target=\"_blank\" rel=\"noopener\">III Relat\u00f3rio de Autoavalia\u00e7\u00e3o e Planejamento do PPG DTSA 2022<\/a><\/p>\n<p style=\"padding-left: 80px;\"><a href=\"https:\/\/wp.ufpel.edu.br\/ppgdtsa\/files\/2025\/03\/IV-Relatorio-de-Autoavaliacao-e-Planejamento-2024.docx\">IV Relat\u00f3rio de Autoavalia\u00e7\u00e3o e Planejamento do PPG DTSA 2024<\/a><\/p>\n<p>&nbsp;<\/p>\n<p style=\"padding-left: 80px;\"><em>Avalia\u00e7\u00e3o de Estudantes e Egressos<\/em><\/p>\n<p style=\"padding-left: 80px;\"><a href=\"https:\/\/wp.ufpel.edu.br\/ppgdtsa\/files\/2020\/04\/I-relatorio-de-avaliacao-dos-estudantes-e-egressos-do-PPG-DTSA.pdf\">I Relat\u00f3rio de Avalia\u00e7\u00e3o dos Estudantes e Egressos do PPG DTSA 2019<\/a><\/p>\n<p style=\"padding-left: 80px;\"><a href=\"https:\/\/drive.google.com\/file\/d\/1SWnFaGM0PbVWyS87QaY_7ZHrRO5NkZWc\/view?usp=sharing\" target=\"_blank\" rel=\"noopener\">II Relat\u00f3rio de Avalia\u00e7\u00e3o dos Estudantes e Egressos do PPG DTSA 2024<\/a><\/p>\n","protected":false},"excerpt":{"rendered":"<p>PREMISSAS O desenvolvimento da por\u00e7\u00e3o meridional do territ\u00f3rio ga\u00facho \u00e9 caracterizado por reduzidos \u00edndices de desenvolvimento econ\u00f4mico e humano, pela presen\u00e7a de in\u00fameros recursos sociais, ambientais, organizacionais e econ\u00f4micos, especialmente pela presen\u00e7a de sistemas agroindustriais pujantes; A miss\u00e3o da UFPel \u00e9 formar profissionais cr\u00edticos, criativos e aut\u00f4nomos, transformadores e respons\u00e1veis, entre outros meios, pela expans\u00e3o [&hellip;]<\/p>\n","protected":false},"author":348,"featured_media":0,"parent":0,"menu_order":0,"comment_status":"closed","ping_status":"closed","template":"","meta":{"footnotes":""},"class_list":["post-3629","page","type-page","status-publish","hentry"],"jetpack_sharing_enabled":true,"_links":{"self":[{"href":"https:\/\/wp.ufpel.edu.br\/ppgdtsa\/wp-json\/wp\/v2\/pages\/3629","targetHints":{"allow":["GET"]}}],"collection":[{"href":"https:\/\/wp.ufpel.edu.br\/ppgdtsa\/wp-json\/wp\/v2\/pages"}],"about":[{"href":"https:\/\/wp.ufpel.edu.br\/ppgdtsa\/wp-json\/wp\/v2\/types\/page"}],"author":[{"embeddable":true,"href":"https:\/\/wp.ufpel.edu.br\/ppgdtsa\/wp-json\/wp\/v2\/users\/348"}],"replies":[{"embeddable":true,"href":"https:\/\/wp.ufpel.edu.br\/ppgdtsa\/wp-json\/wp\/v2\/comments?post=3629"}],"version-history":[{"count":17,"href":"https:\/\/wp.ufpel.edu.br\/ppgdtsa\/wp-json\/wp\/v2\/pages\/3629\/revisions"}],"predecessor-version":[{"id":5820,"href":"https:\/\/wp.ufpel.edu.br\/ppgdtsa\/wp-json\/wp\/v2\/pages\/3629\/revisions\/5820"}],"wp:attachment":[{"href":"https:\/\/wp.ufpel.edu.br\/ppgdtsa\/wp-json\/wp\/v2\/media?parent=3629"}],"curies":[{"name":"wp","href":"https:\/\/api.w.org\/{rel}","templated":true}]}}