{"id":3221,"date":"2019-07-01T10:13:43","date_gmt":"2019-07-01T13:13:43","guid":{"rendered":"https:\/\/wp.ufpel.edu.br\/ppgdtsa\/?page_id=3221"},"modified":"2019-07-01T10:16:44","modified_gmt":"2019-07-01T13:16:44","slug":"matriculas-ppgdtsa-periodo-2019-2","status":"publish","type":"page","link":"https:\/\/wp.ufpel.edu.br\/ppgdtsa\/matriculas-ppgdtsa-periodo-2019-2\/","title":{"rendered":"Matr\u00edculas PPGDTSA \u2013 Per\u00edodo 2019\/2"},"content":{"rendered":"<p><strong>Bem Vindo ao Sistema online de Solicita\u00e7\u00e3o de Matr\u00edcula \u2013 Per\u00edodo de 08 a 30 de julho de 2019<\/strong><\/p>\n<p>Como realizar minha solicita\u00e7\u00e3o de Matr\u00edcula:<\/p>\n<p>1- Entre em contato com seu orientador e discuta as\u00a0<a href=\"https:\/\/wp.ufpel.edu.br\/ppgdtsa\/oferta-de-disciplinas\/\">possibilidades de matr\u00edcula<\/a>\u00a0existentes.<\/p>\n<p>2- Preencha o\u00a0<a href=\"https:\/\/wp.ufpel.edu.br\/ppgdtsa\/files\/2018\/03\/Plano-de-Estudos.doc\">plano de estudos<\/a>, assine e digitalize em formato .pdf. (para baixar o plano de estudos, clique\u00a0<a href=\"https:\/\/wp.ufpel.edu.br\/ppgdtsa\/files\/2018\/03\/Plano-de-Estudos.doc\">aqui<\/a>)<\/p>\n<p>3- Preencha a solicita\u00e7\u00e3o online (abaixo) e clique em \u201cenviar\u201d.<\/p>\n<p>Uma c\u00f3pia ser\u00e1 enviada a voc\u00ea, uma ao PPGDTSA e outra, por fim, ao seu Orientador que ir\u00e1 avalizar a sua solicita\u00e7\u00e3o.<\/p>\n<p>Recomendamos, caso voc\u00ea experimente dificuldades para realizar a sua matr\u00edcula, que entre em contato com a Secretaria do PPGDTSA (ppgdtsa@gmail.com) para que possamos auxili\u00e1-lo.<\/p>\n<p>&nbsp;<\/p>\n<p><strong>Aten\u00e7\u00e3o:<\/strong><\/p>\n<p>As disciplina de doc\u00eancia orientada I e II, possui novo regramento, o qual dever\u00e1 ser observado, conforme\u00a0<a href=\"https:\/\/wp.ufpel.edu.br\/ppgdtsa\/files\/2018\/03\/Resolucao-COCEPE-47-de-2017-Docencia-Orientada.pdf\">Resolu\u00e7\u00e3o\u00a047\/2017\u00a0 do COCEPE<\/a>.<\/p>\n<p>Disciplinas Externas ao PPGDTSA podem ser cursadas desde que: (a) seu orientador concorde; (b) que o professor da disciplina externa esteja de acordo. O procedimento para essas matr\u00edculas varia de acordo com o PPG escolhido, portanto, o aluno dever\u00e1 procurar o respectivo PPG e se informar a respeito dos procedimentos necess\u00e1rios. De toda forma o PPG externo deve abrir vaga para o nosso Programa (nosso c\u00f3digo \u00e9 7066) e a disciplina estar\u00e1 dispon\u00edvel para matr\u00edcula.<\/p>\n<p>Os alunos ingressantes em 2018\/1 que j\u00e1 conclu\u00edram pelo menos os 24 cr\u00e9ditos exigidos pelo Programa e que se dedicar\u00e3o apenas a elabora\u00e7\u00e3o da disserta\u00e7\u00e3o, dever\u00e3o selecionar apenas a disciplina de \u201cElabora\u00e7\u00e3o de Disserta\u00e7\u00e3o\u201d. Os demais alunos que ainda queiram ou precisem cursar outras disciplinas n\u00e3o precisam selecionar a disciplina de\u00a0\u201cElabora\u00e7\u00e3o de Disserta\u00e7\u00e3o\u201d, pois est\u00e1 serve apenas para manter no sistema o v\u00ednculo com o Programa.<\/p>\n\n<div class=\"wpcf7 no-js\" id=\"wpcf7-f2245-o1\" lang=\"pt-BR\" dir=\"ltr\" data-wpcf7-id=\"2245\">\n<div class=\"screen-reader-response\"><p role=\"status\" aria-live=\"polite\" aria-atomic=\"true\"><\/p> <ul><\/ul><\/div>\n<form action=\"\/ppgdtsa\/wp-json\/wp\/v2\/pages\/3221#wpcf7-f2245-o1\" method=\"post\" class=\"wpcf7-form init\" aria-label=\"Formul\u00e1rios de contato\" enctype=\"multipart\/form-data\" novalidate=\"novalidate\" data-status=\"init\">\n<fieldset class=\"hidden-fields-container\"><input type=\"hidden\" name=\"_wpcf7\" value=\"2245\" \/><input type=\"hidden\" name=\"_wpcf7_version\" value=\"6.1.4\" \/><input type=\"hidden\" name=\"_wpcf7_locale\" value=\"pt_BR\" \/><input type=\"hidden\" name=\"_wpcf7_unit_tag\" value=\"wpcf7-f2245-o1\" \/><input type=\"hidden\" name=\"_wpcf7_container_post\" value=\"0\" \/><input type=\"hidden\" name=\"_wpcf7_posted_data_hash\" value=\"\" \/><input type=\"hidden\" name=\"_wpcf7cf_hidden_group_fields\" value=\"[]\" \/><input type=\"hidden\" name=\"_wpcf7cf_hidden_groups\" value=\"[]\" \/><input type=\"hidden\" name=\"_wpcf7cf_visible_groups\" value=\"[]\" \/><input type=\"hidden\" name=\"_wpcf7cf_repeaters\" value=\"[]\" \/><input type=\"hidden\" name=\"_wpcf7cf_steps\" value=\"{}\" \/><input type=\"hidden\" name=\"_wpcf7cf_options\" value=\"{&quot;form_id&quot;:2245,&quot;conditions&quot;:[],&quot;settings&quot;:{&quot;animation&quot;:&quot;yes&quot;,&quot;animation_intime&quot;:200,&quot;animation_outtime&quot;:200,&quot;conditions_ui&quot;:&quot;normal&quot;,&quot;notice_dismissed&quot;:false}}\" \/>\n<\/fieldset>\n<table style=\"height: 56px;\" width=\"731\">\n\t<tbody>\n\t\t<tr>\n\t\t\t<td>\n\t\t\t\t<p>Solicita\u00e7\u00e3o de Matr\u00edcula \u2013 Ano\/Sem.: <span class=\"wpcf7-form-control-wrap\" data-name=\"ano-semestre\"><input size=\"7\" maxlength=\"400\" class=\"wpcf7-form-control wpcf7-text wpcf7-validates-as-required\" aria-required=\"true\" aria-invalid=\"false\" value=\"\" type=\"text\" name=\"ano-semestre\" \/><\/span>\n\t\t\t\t<\/p>\n\t\t\t<\/td>\n\t\t<\/tr>\n\t<\/tbody>\n<\/table>\n<p>&nbsp;\n<\/p>\n<table style=\"height: 119px;\" width=\"728\">\n\t<tbody>\n\t\t<tr>\n\t\t\t<td>\n\t\t\t\t<p><strong>Nome do Aluno:<\/strong>\n\t\t\t\t<\/p>\n\t\t\t<\/td>\n\t\t\t<td>\n\t\t\t\t<p><strong>N\u00famero de Matr\u00edcula:<\/strong>\n\t\t\t\t<\/p>\n\t\t\t<\/td>\n\t\t\t<td>\n\t\t\t\t<p><strong>\u00a0Email do\u00a0 Aluno:<\/strong>\n\t\t\t\t<\/p>\n\t\t\t<\/td>\n\t\t<\/tr>\n\t\t<tr>\n\t\t\t<td>\n\t\t\t\t<p><span class=\"wpcf7-form-control-wrap\" data-name=\"nome-aluno\"><input size=\"30\" maxlength=\"400\" class=\"wpcf7-form-control wpcf7-text wpcf7-validates-as-required\" aria-required=\"true\" aria-invalid=\"false\" value=\"\" type=\"text\" name=\"nome-aluno\" \/><\/span>\n\t\t\t\t<\/p>\n\t\t\t<\/td>\n\t\t\t<td>\n\t\t\t\t<p><span class=\"wpcf7-form-control-wrap\" data-name=\"matricula-aluno\"><input size=\"10\" maxlength=\"400\" class=\"wpcf7-form-control wpcf7-text wpcf7-validates-as-required\" aria-required=\"true\" aria-invalid=\"false\" value=\"\" type=\"text\" name=\"matricula-aluno\" \/><\/span>\n\t\t\t\t<\/p>\n\t\t\t<\/td>\n\t\t\t<td>\n\t\t\t\t<p><span class=\"wpcf7-form-control-wrap\" data-name=\"email-aluno\"><input size=\"30\" maxlength=\"400\" class=\"wpcf7-form-control wpcf7-text wpcf7-validates-as-required\" aria-required=\"true\" aria-invalid=\"false\" value=\"\" type=\"text\" name=\"email-aluno\" \/><\/span>\n\t\t\t\t<\/p>\n\t\t\t<\/td>\n\t\t<\/tr>\n\t<\/tbody>\n<\/table>\n<p>&nbsp;\n<\/p>\n<table style=\"height: 131px;\" width=\"727\">\n\t<tbody>\n\t\t<tr>\n\t\t\t<td>\n\t\t\t\t<p><strong>Orientador:<\/strong>\n\t\t\t\t<\/p>\n\t\t\t<\/td>\n\t\t\t<td>\n\t\t\t\t<p><strong>Email Orientador:<\/strong>\n\t\t\t\t<\/p>\n\t\t\t<\/td>\n\t\t<\/tr>\n\t\t<tr>\n\t\t\t<td>\n\t\t\t\t<p><span class=\"wpcf7-form-control-wrap\" data-name=\"nome-orientador\"><select class=\"wpcf7-form-control wpcf7-select wpcf7-validates-as-required\" aria-required=\"true\" aria-invalid=\"false\" name=\"nome-orientador\"><option value=\"\"><\/option><option value=\"Alisson Eduardo Maehler\">Alisson Eduardo Maehler<\/option><option value=\"Augusto Hauber Gameiro\">Augusto Hauber Gameiro<\/option><option value=\"D\u00e9cio Souza Cotrim\">D\u00e9cio Souza Cotrim<\/option><option value=\"Elvis Silveira Martins\">Elvis Silveira Martins<\/option><option value=\"Gabrielito Rauter Menezes\">Gabrielito Rauter Menezes<\/option><option value=\"Luciara Bilhalva Corr\u00eaa\">Luciara Bilhalva Corr\u00eaa<\/option><option value=\"L\u00facio Andr\u00e9 de Oliveira Fernandes\">L\u00facio Andr\u00e9 de Oliveira Fernandes<\/option><option value=\"Marcelo Fernandes Pacheco Dias\">Marcelo Fernandes Pacheco Dias<\/option><option value=\"Marcio Silva Rodrigues\">Marcio Silva Rodrigues<\/option><option value=\"M\u00e1rio Conill Gomes\">M\u00e1rio Conill Gomes<\/option><option value=\"M\u00e1rio Duarte Canever\">M\u00e1rio Duarte Canever<\/option><option value=\"Robson Andreazza\">Robson Andreazza<\/option><option value=\"Rog\u00e9rio Costa Campos\">Rog\u00e9rio Costa Campos<\/option><option value=\"Rosana Portella Tondolo\">Rosana Portella Tondolo<\/option><option value=\"Vilmar Ant\u00f4nio Gon\u00e7alves Tondolo\">Vilmar Ant\u00f4nio Gon\u00e7alves Tondolo<\/option><\/select><\/span>\n\t\t\t\t<\/p>\n\t\t\t<\/td>\n\t\t\t<td>\n\t\t\t\t<p><span class=\"wpcf7-form-control-wrap\" data-name=\"email-orientador\"><select class=\"wpcf7-form-control wpcf7-select wpcf7-validates-as-required\" aria-required=\"true\" aria-invalid=\"false\" name=\"email-orientador\"><option value=\"\"><\/option><option value=\"alisson.maehler@gmail.com\">alisson.maehler@gmail.com<\/option><option value=\"gameiro@usp.br\">gameiro@usp.br<\/option><option value=\"deciocotrim@yahoo.com.br\">deciocotrim@yahoo.com.br<\/option><option value=\"elvis.professor@gmail.com\">elvis.professor@gmail.com<\/option><option value=\"gabrielitorm@gmail.com\">gabrielitorm@gmail.com<\/option><option value=\"luciarabc@gmail.com\">luciarabc@gmail.com<\/option><option value=\"lucio.fernandes@ufpel.edu.br\">lucio.fernandes@ufpel.edu.br<\/option><option value=\"mfpdias@hotmail.com\">mfpdias@hotmail.com<\/option><option value=\"marciosilvarodrigues@gmail.com\">marciosilvarodrigues@gmail.com<\/option><option value=\"mconill@gmail.com\">mconill@gmail.com<\/option><option value=\"caneverm@gmail.com\">caneverm@gmail.com<\/option><option value=\"robsonandreazza@yahoo.com.br\">robsonandreazza@yahoo.com.br<\/option><option value=\"rogerio.c.campos@hotmail.com\">rogerio.c.campos@hotmail.com<\/option><option value=\"rosanatondolo@gmail.com\">rosanatondolo@gmail.com<\/option><option value=\"vtondolo@gmail.com\">vtondolo@gmail.com<\/option><\/select><\/span>\n\t\t\t\t<\/p>\n\t\t\t<\/td>\n\t\t<\/tr>\n\t<\/tbody>\n<\/table>\n<p>&nbsp;\n<\/p>\n<table style=\"height: 116px;\" width=\"350\">\n\t<tbody>\n\t\t<tr>\n\t\t\t<td>\n\t\t\t\t<p><strong>Disciplinas do Programa: <\/strong>\n\t\t\t\t<\/p>\n\t\t\t<\/td>\n\t\t<\/tr>\n\t\t<tr>\n\t\t\t<td>\n\t\t\t\t<p><span class=\"wpcf7-form-control-wrap\" data-name=\"disciplinas\"><span class=\"wpcf7-form-control wpcf7-checkbox wpcf7-validates-as-required\"><span class=\"wpcf7-list-item first\"><input type=\"checkbox\" name=\"disciplinas[]\" value=\"Desenvolvimento Territorial\" \/><span class=\"wpcf7-list-item-label\">Desenvolvimento Territorial<\/span><\/span><span class=\"wpcf7-list-item\"><input type=\"checkbox\" name=\"disciplinas[]\" value=\"Doc\u00eancia Orientada I\" \/><span class=\"wpcf7-list-item-label\">Doc\u00eancia Orientada I<\/span><\/span><span class=\"wpcf7-list-item\"><input type=\"checkbox\" name=\"disciplinas[]\" value=\"Doc\u00eancia Orientada II\" \/><span class=\"wpcf7-list-item-label\">Doc\u00eancia Orientada II<\/span><\/span><span class=\"wpcf7-list-item\"><input type=\"checkbox\" name=\"disciplinas[]\" value=\"Elabora\u00e7\u00e3o de Disserta\u00e7\u00e3o\" \/><span class=\"wpcf7-list-item-label\">Elabora\u00e7\u00e3o de Disserta\u00e7\u00e3o<\/span><\/span><span class=\"wpcf7-list-item\"><input type=\"checkbox\" name=\"disciplinas[]\" value=\"Geotecnologia\" \/><span class=\"wpcf7-list-item-label\">Geotecnologia<\/span><\/span><span class=\"wpcf7-list-item\"><input type=\"checkbox\" name=\"disciplinas[]\" value=\"Gest\u00e3o do Conhecimento em Sistemas Agroindustriais\" \/><span class=\"wpcf7-list-item-label\">Gest\u00e3o do Conhecimento em Sistemas Agroindustriais<\/span><\/span><span class=\"wpcf7-list-item last\"><input type=\"checkbox\" name=\"disciplinas[]\" value=\"Metodologia Cient\u00edfica\" \/><span class=\"wpcf7-list-item-label\">Metodologia Cient\u00edfica<\/span><\/span><\/span><\/span>\n\t\t\t\t<\/p>\n\t\t\t<\/td>\n\t\t<\/tr>\n\t<\/tbody>\n<\/table>\n<p>&nbsp;\n<\/p>\n<table style=\"height: 244px;\" width=\"723\">\n\t<tbody>\n\t\t<tr>\n\t\t\t<td colspan=\"2\">\n\t\t\t\t<p><strong>\u00a0<\/strong><strong>Disciplinas fora do Programa:<\/strong>\n\t\t\t\t<\/p>\n\t\t\t<\/td>\n\t\t<\/tr>\n\t\t<tr>\n\t\t\t<td>\n\t\t\t\t<p>C\u00f3digo \/ Nome do Programa:<br \/>\n<span class=\"wpcf7-form-control-wrap\" data-name=\"nome-programa1\"><input size=\"40\" maxlength=\"400\" class=\"wpcf7-form-control wpcf7-text\" aria-invalid=\"false\" value=\"\" type=\"text\" name=\"nome-programa1\" \/><\/span>\n\t\t\t\t<\/p>\n\t\t\t<\/td>\n\t\t\t<td>\n\t\t\t\t<p>C\u00f3digo\/Nome da(s) Disciplina(s):<br \/>\n<span class=\"wpcf7-form-control-wrap\" data-name=\"codigo-disciplina1\"><textarea cols=\"40\" rows=\"10\" maxlength=\"2000\" class=\"wpcf7-form-control wpcf7-textarea\" aria-invalid=\"false\" name=\"codigo-disciplina1\"><\/textarea><\/span>\n\t\t\t\t<\/p>\n\t\t\t<\/td>\n\t\t<\/tr>\n\t\t<tr>\n\t\t\t<td>\n\t\t\t\t<p>C\u00f3digo \/ Nome do Programa:<br \/>\n<span class=\"wpcf7-form-control-wrap\" data-name=\"nome-programa2\"><input size=\"40\" maxlength=\"400\" class=\"wpcf7-form-control wpcf7-text\" aria-invalid=\"false\" value=\"\" type=\"text\" name=\"nome-programa2\" \/><\/span>\n\t\t\t\t<\/p>\n\t\t\t<\/td>\n\t\t\t<td>\n\t\t\t\t<p>C\u00f3digo\/Nome da(s) Disciplina(s):<br \/>\n<span class=\"wpcf7-form-control-wrap\" data-name=\"codigo-disciplina2\"><textarea cols=\"40\" rows=\"10\" maxlength=\"2000\" class=\"wpcf7-form-control wpcf7-textarea\" aria-invalid=\"false\" name=\"codigo-disciplina2\"><\/textarea><\/span>\n\t\t\t\t<\/p>\n\t\t\t<\/td>\n\t\t<\/tr>\n\t<\/tbody>\n<\/table>\n<p>&nbsp;\n<\/p>\n<table style=\"height: 90px;\" width=\"723\">\n\t<tbody>\n\t\t<tr>\n\t\t\t<td colspan=\"2\">\n\t\t\t\t<p><strong>\u00a0<\/strong><strong>Plano de Estudos<\/strong><br \/>\n&nbsp;<br \/>\n<span class=\"wpcf7-form-control-wrap\" data-name=\"file-455\"><input size=\"40\" class=\"wpcf7-form-control wpcf7-file wpcf7-validates-as-required\" accept=\"audio\/*,video\/*,image\/*\" aria-required=\"true\" aria-invalid=\"false\" type=\"file\" name=\"file-455\" \/><\/span>\n\t\t\t\t<\/p>\n\t\t\t<\/td>\n\t\t<\/tr>\n\t<\/tbody>\n<\/table>\n<p>&nbsp;\n<\/p>\n<table style=\"height: 150px;\" width=\"723\">\n\t<tbody>\n\t\t<tr>\n\t\t\t<td>\n\t\t\t\t<p><span class=\"wpcf7-form-control-wrap\" data-name=\"acceptance\"><span class=\"wpcf7-form-control wpcf7-acceptance\"><span class=\"wpcf7-list-item\"><input type=\"checkbox\" name=\"acceptance\" value=\"1\" aria-invalid=\"false\" \/><\/span><\/span><\/span> Estou ciente que: (a) \u00e9 necess\u00e1rio que meu orientador concorde com a minha solicita\u00e7\u00e3o para que minha matr\u00edcula seja efetivada; (b) que a matr\u00edcula em disciplinas fora do curso necessitam aprova\u00e7\u00e3o do professor da disciplina externa, bem como do coordenador do respectivo Programa de P\u00f3s Gradua\u00e7\u00e3o.\n\t\t\t\t<\/p>\n\t\t\t<\/td>\n\t\t<\/tr>\n\t\t<tr>\n\t\t\t<td>\n\t\t\t\t<center>\n\t\t\t\t\t<p><input class=\"wpcf7-form-control wpcf7-submit has-spinner\" type=\"submit\" value=\"ENVIAR\" \/>\n\t\t\t\t\t<\/p>\n\t\t\t\t<\/center>\n\t\t\t<\/td>\n\t\t<\/tr>\n\t<\/tbody>\n<\/table>\n<p>&nbsp;\n<\/p><p style=\"display: none !important;\" class=\"akismet-fields-container\" data-prefix=\"_wpcf7_ak_\"><label>&#916;<textarea name=\"_wpcf7_ak_hp_textarea\" cols=\"45\" rows=\"8\" maxlength=\"100\"><\/textarea><\/label><input type=\"hidden\" id=\"ak_js_1\" name=\"_wpcf7_ak_js\" value=\"41\"\/><script>document.getElementById( \"ak_js_1\" ).setAttribute( \"value\", ( new Date() ).getTime() );<\/script><\/p><div class=\"wpcf7-response-output\" aria-hidden=\"true\"><\/div>\n<\/form>\n<\/div>\n\n","protected":false},"excerpt":{"rendered":"<p>Bem Vindo ao Sistema online de Solicita\u00e7\u00e3o de Matr\u00edcula \u2013 Per\u00edodo de 08 a 30 de julho de 2019 Como realizar minha solicita\u00e7\u00e3o de Matr\u00edcula: 1- Entre em contato com seu orientador e discuta as\u00a0possibilidades de matr\u00edcula\u00a0existentes. 2- Preencha o\u00a0plano de estudos, assine e digitalize em formato .pdf. (para baixar o plano de estudos, clique\u00a0aqui) [&hellip;]<\/p>\n","protected":false},"author":348,"featured_media":0,"parent":0,"menu_order":0,"comment_status":"closed","ping_status":"closed","template":"","meta":{"footnotes":""},"class_list":["post-3221","page","type-page","status-publish","hentry"],"jetpack_sharing_enabled":true,"_links":{"self":[{"href":"https:\/\/wp.ufpel.edu.br\/ppgdtsa\/wp-json\/wp\/v2\/pages\/3221","targetHints":{"allow":["GET"]}}],"collection":[{"href":"https:\/\/wp.ufpel.edu.br\/ppgdtsa\/wp-json\/wp\/v2\/pages"}],"about":[{"href":"https:\/\/wp.ufpel.edu.br\/ppgdtsa\/wp-json\/wp\/v2\/types\/page"}],"author":[{"embeddable":true,"href":"https:\/\/wp.ufpel.edu.br\/ppgdtsa\/wp-json\/wp\/v2\/users\/348"}],"replies":[{"embeddable":true,"href":"https:\/\/wp.ufpel.edu.br\/ppgdtsa\/wp-json\/wp\/v2\/comments?post=3221"}],"version-history":[{"count":2,"href":"https:\/\/wp.ufpel.edu.br\/ppgdtsa\/wp-json\/wp\/v2\/pages\/3221\/revisions"}],"predecessor-version":[{"id":3229,"href":"https:\/\/wp.ufpel.edu.br\/ppgdtsa\/wp-json\/wp\/v2\/pages\/3221\/revisions\/3229"}],"wp:attachment":[{"href":"https:\/\/wp.ufpel.edu.br\/ppgdtsa\/wp-json\/wp\/v2\/media?parent=3221"}],"curies":[{"name":"wp","href":"https:\/\/api.w.org\/{rel}","templated":true}]}}