{"id":30,"date":"2014-02-14T16:40:35","date_gmt":"2014-02-14T18:40:35","guid":{"rendered":"https:\/\/wp.ufpel.edu.br\/ppgdtsa\/?page_id=30"},"modified":"2026-01-26T10:31:30","modified_gmt":"2026-01-26T13:31:30","slug":"bolsa","status":"publish","type":"page","link":"https:\/\/wp.ufpel.edu.br\/ppgdtsa\/bolsa\/","title":{"rendered":"Bolsas\/ Regras Capes"},"content":{"rendered":"<p>Bolsas de MESTRADO<\/p>\n<p><strong><span style=\"text-decoration: underline;\"><a href=\"https:\/\/cad.capes.gov.br\/ato-administrativo-detalhar?idAtoAdmElastic=741\">Portaria_076_RegulamentoDS<\/a>\u00a0Capes<\/span><\/strong><\/p>\n<p><a href=\"https:\/\/wp.ufpel.edu.br\/scs\/files\/2010\/08\/Resolu\u00e7\u00e3o-n.-05-de-26-de-abril-de-2017.pdf\"><strong>Resolu\u00e7\u00e3o N\u00ba 5 \/ 2017 &#8211; A\u00e7\u00f5es Afirmativas &#8211; UFPel<\/strong><\/a><\/p>\n<p><a href=\"https:\/\/wp.ufpel.edu.br\/ppgdtsa\/files\/2025\/03\/Resolucao-n.-16-2017-Dispoe-sobre-a-politica-de-permanencia-de-ingressantes-em-Programas-de-Pos-Graduacao-stricto-sensu-na-UFPel-por-meio-de-acoes-afirmativas.pdf\"><strong>Resolu\u00e7\u00e3o N\u00b0 16 \/ 2017 Pol\u00edtica de Perman\u00eancia em P\u00f3s-Gradua\u00e7\u00e3o &#8211; UFPel<\/strong><\/a><\/p>\n<p><a href=\"https:\/\/wp.ufpel.edu.br\/ppgdtsa\/files\/2025\/03\/Res.-54-CONSUN.pdf\"><strong>Resolu\u00e7\u00e3o N\u00ba 54\/2021: A\u00e7\u00f5es Afirmativas na P\u00f3s-Gradua\u00e7\u00e3o da UFPel<\/strong><\/a><\/p>\n<p><strong><a href=\"https:\/\/wp.ufpel.edu.br\/ppgdtsa\/files\/2023\/10\/SEI_UFPel-2373244-Resolucao.pdf\">\u00a0Resolu\u00e7\u00e3o N\u00b0 59 \/2023 Diretrizes Bolsas PPGDTSA\u00a0\u00a0<\/a><\/strong><\/p>\n<p>&nbsp;<\/p>\n","protected":false},"excerpt":{"rendered":"<p>Bolsas de MESTRADO Portaria_076_RegulamentoDS\u00a0Capes Resolu\u00e7\u00e3o N\u00ba 5 \/ 2017 &#8211; A\u00e7\u00f5es Afirmativas &#8211; UFPel Resolu\u00e7\u00e3o N\u00b0 16 \/ 2017 Pol\u00edtica de Perman\u00eancia em P\u00f3s-Gradua\u00e7\u00e3o &#8211; UFPel Resolu\u00e7\u00e3o N\u00ba 54\/2021: A\u00e7\u00f5es Afirmativas na P\u00f3s-Gradua\u00e7\u00e3o da UFPel \u00a0Resolu\u00e7\u00e3o N\u00b0 59 \/2023 Diretrizes Bolsas PPGDTSA\u00a0\u00a0 &nbsp;<\/p>\n","protected":false},"author":348,"featured_media":0,"parent":0,"menu_order":0,"comment_status":"closed","ping_status":"closed","template":"","meta":{"footnotes":""},"class_list":["post-30","page","type-page","status-publish","hentry"],"jetpack_sharing_enabled":true,"_links":{"self":[{"href":"https:\/\/wp.ufpel.edu.br\/ppgdtsa\/wp-json\/wp\/v2\/pages\/30","targetHints":{"allow":["GET"]}}],"collection":[{"href":"https:\/\/wp.ufpel.edu.br\/ppgdtsa\/wp-json\/wp\/v2\/pages"}],"about":[{"href":"https:\/\/wp.ufpel.edu.br\/ppgdtsa\/wp-json\/wp\/v2\/types\/page"}],"author":[{"embeddable":true,"href":"https:\/\/wp.ufpel.edu.br\/ppgdtsa\/wp-json\/wp\/v2\/users\/348"}],"replies":[{"embeddable":true,"href":"https:\/\/wp.ufpel.edu.br\/ppgdtsa\/wp-json\/wp\/v2\/comments?post=30"}],"version-history":[{"count":4,"href":"https:\/\/wp.ufpel.edu.br\/ppgdtsa\/wp-json\/wp\/v2\/pages\/30\/revisions"}],"predecessor-version":[{"id":6124,"href":"https:\/\/wp.ufpel.edu.br\/ppgdtsa\/wp-json\/wp\/v2\/pages\/30\/revisions\/6124"}],"wp:attachment":[{"href":"https:\/\/wp.ufpel.edu.br\/ppgdtsa\/wp-json\/wp\/v2\/media?parent=30"}],"curies":[{"name":"wp","href":"https:\/\/api.w.org\/{rel}","templated":true}]}}