{"id":2830,"date":"2019-01-30T19:56:32","date_gmt":"2019-01-30T21:56:32","guid":{"rendered":"https:\/\/wp.ufpel.edu.br\/ppgdtsa\/?page_id=2830"},"modified":"2025-06-10T16:18:34","modified_gmt":"2025-06-10T19:18:34","slug":"egressos-ppgdtsa","status":"publish","type":"page","link":"https:\/\/wp.ufpel.edu.br\/ppgdtsa\/egressos-ppgdtsa\/","title":{"rendered":"Egressos PPGDTSA"},"content":{"rendered":"<p>Aqui voc\u00ea tem a listagem completa dos Egressos do PPGDTSA por ano de Realiza\u00e7\u00e3o de Defesa. Clique no nome do Egresso para acessar seu Curr\u00edculo Lattes.<\/p>\n<p>Informa\u00e7\u00f5es mais detalhadas quanto a Destino, Perman\u00eancia e Mobilidade podem ser encontradas no Relat\u00f3rio: <a href=\"https:\/\/drive.google.com\/file\/d\/1T9z-laWxcrysf2T-BU4FAhWnA38OBbi1\/view?usp=sharing\" target=\"_blank\" rel=\"noopener\">Avalia\u00e7\u00e3o Destino, Perman\u00eancia e Mobilidade de Egressos &#8211; 2016-2024<\/a><\/p>\n<p>&nbsp;<\/p>\n<h4>Defesas Realizadas em 2025<\/h4>\n<ul>\n<li><a href=\"http:\/\/lattes.cnpq.br\/8043611975104429\" target=\"_blank\" rel=\"noopener\">Larissa Jacobsen da Rocha<\/a><\/li>\n<li><a href=\"http:\/\/lattes.cnpq.br\/6895077935378773\" target=\"_blank\" rel=\"noopener\">Marciano Cust\u00f3dio Ferreira<\/a><\/li>\n<li><a href=\"http:\/\/lattes.cnpq.br\/6338350082687050\" target=\"_blank\" rel=\"noopener\">Marizane da Fonseca Duarte<\/a><\/li>\n<li><a href=\"http:\/\/lattes.cnpq.br\/8668758483345678\" target=\"_blank\" rel=\"noopener\">Tamires P\u00f4rto Lima<\/a><\/li>\n<\/ul>\n<h4>Defesas Realizadas em 2024<\/h4>\n<ul>\n<li><a href=\"http:\/\/lattes.cnpq.br\/2255686141002190\" target=\"_blank\" rel=\"noopener\">Dallal Anwar Salim Jacoub Hijazin<\/a><\/li>\n<li><a href=\"http:\/\/lattes.cnpq.br\/4648514299991083\" target=\"_blank\" rel=\"noopener\">Danilo dos Santos Leite<\/a><\/li>\n<li><a href=\"http:\/\/lattes.cnpq.br\/0033037890343861\" target=\"_blank\" rel=\"noopener\">Enio Rubens Marques da Silva<\/a><\/li>\n<li><a href=\"http:\/\/lattes.cnpq.br\/8384760021666528\" target=\"_blank\" rel=\"noopener\">Ladislau Seus Silveira<\/a><\/li>\n<li><a href=\"http:\/\/lattes.cnpq.br\/4622190028588520\" target=\"_blank\" rel=\"noopener\">Mauro Lilles Pedrotti Drews<\/a><\/li>\n<\/ul>\n<h4><span style=\"color: var(--cor-texto); font-family: var(--fonte-corpo);\">Defesas Realizadas em 2023<\/span><\/h4>\n<ul>\n<li>Cristiane Paradeda Costa<\/li>\n<li><a href=\"http:\/\/lattes.cnpq.br\/9764913570070301\" target=\"_blank\" rel=\"noopener\">Daniel Baptista de Medeiros<\/a><\/li>\n<li><a href=\"http:\/\/lattes.cnpq.br\/5279031883103833\" target=\"_blank\" rel=\"noopener\">Fabiano Luiz Oliveira Pinho<\/a><\/li>\n<li><a href=\"http:\/\/lattes.cnpq.br\/9214118617530897\" target=\"_blank\" rel=\"noopener\">F\u00e1tima Giovana Tessmer Santin<\/a><\/li>\n<\/ul>\n<h4><span style=\"color: var(--cor-texto); font-family: var(--fonte-corpo);\">Defesas Realizadas em 2022<\/span><\/h4>\n<ul>\n<li>Aline Acosta Mathies<\/li>\n<li><a href=\"http:\/\/lattes.cnpq.br\/1262391585074889\" target=\"_blank\" rel=\"noopener\">Carla Regina Signorini Martins<\/a><\/li>\n<li><a href=\"http:\/\/lattes.cnpq.br\/3170876832551305\" target=\"_blank\" rel=\"noopener\">Carmo Gabriel da Silva Filho<\/a><\/li>\n<li><a href=\"http:\/\/lattes.cnpq.br\/9575535034356066\" target=\"_blank\" rel=\"noopener\">C\u00e1ssia Martins Ferreira<\/a><\/li>\n<li><a href=\"http:\/\/lattes.cnpq.br\/3995134695093808\" target=\"_blank\" rel=\"noopener\">Danielle Furtado dos Santos<\/a><\/li>\n<li><a href=\"http:\/\/lattes.cnpq.br\/7355361949908311\" target=\"_blank\" rel=\"noopener\">Fernanda Dias de Avila<\/a><\/li>\n<li><a href=\"http:\/\/lattes.cnpq.br\/7430022728976777\" target=\"_blank\" rel=\"noopener\">Laura Gon\u00e7alves Osorio<\/a><\/li>\n<li><a href=\"http:\/\/lattes.cnpq.br\/3383541213548329\" target=\"_blank\" rel=\"noopener\">Luana Goes Ferreira Botelho<\/a><\/li>\n<li><a href=\"http:\/\/lattes.cnpq.br\/7574480865761282\" target=\"_blank\" rel=\"noopener\">M\u00e1rcia Schuch Borges<\/a><\/li>\n<li><a href=\"http:\/\/lattes.cnpq.br\/9998229833949112\" target=\"_blank\" rel=\"noopener\">Norma Alessandra Dias Brauner<\/a><\/li>\n<\/ul>\n<h4><span style=\"color: var(--cor-texto); font-family: var(--fonte-corpo);\">Defesas Realizadas em 2021<\/span><\/h4>\n<ul>\n<li><a href=\"http:\/\/lattes.cnpq.br\/0330107092203970\" target=\"_blank\" rel=\"noopener\">Alessandra Bandeira da Rosa<\/a><\/li>\n<li><a href=\"http:\/\/lattes.cnpq.br\/2235889342312723\" target=\"_blank\" rel=\"noopener\">Alice Pereira Lourenson<\/a><\/li>\n<li><a href=\"http:\/\/lattes.cnpq.br\/3784422281425291\" target=\"_blank\" rel=\"noopener\">D\u00e1rio Luis Fagundes Kn\u00fcppe<\/a><\/li>\n<li><a href=\"http:\/\/lattes.cnpq.br\/8613841091033478\" target=\"_blank\" rel=\"noopener\">Isabel Sarkis Onofre<\/a><\/li>\n<li><a href=\"http:\/\/lattes.cnpq.br\/6203709166590789\" target=\"_blank\" rel=\"noopener\">Marlete de Moura Ribeiro<\/a><\/li>\n<li><a href=\"http:\/\/lattes.cnpq.br\/3376992814904272\" target=\"_blank\" rel=\"noopener\">Roberto Mattes Horn<\/a><\/li>\n<li><a href=\"http:\/\/lattes.cnpq.br\/6858867729921655\" target=\"_blank\" rel=\"noopener\">Tanisa Dias Andrade<\/a><\/li>\n<li><a href=\"http:\/\/lattes.cnpq.br\/5210930879943026\" target=\"_blank\" rel=\"noopener\">Tatiana Porto de Souza<\/a><\/li>\n<li><a href=\"http:\/\/lattes.cnpq.br\/7460185433058396\" target=\"_blank\" rel=\"noopener\">Telmo Lena Garcez<\/a><\/li>\n<li><a href=\"http:\/\/lattes.cnpq.br\/6516935821877723\" target=\"_blank\" rel=\"noopener\">Wendelino Fang<\/a><\/li>\n<\/ul>\n<h4><span style=\"color: var(--cor-texto); font-family: var(--fonte-corpo);\">Defesas Realizadas em 2020<\/span><\/h4>\n<ul>\n<li><a href=\"http:\/\/lattes.cnpq.br\/1802973275402831\" target=\"_blank\" rel=\"noopener\">Ma\u00edra Esp\u00edrito Santo<\/a><\/li>\n<li><a href=\"http:\/\/lattes.cnpq.br\/0675214490019000\" target=\"_blank\" rel=\"noopener\">Murilo Gon\u00e7alves Quevedo<\/a><\/li>\n<li><a href=\"http:\/\/lattes.cnpq.br\/3921098337480324\" target=\"_blank\" rel=\"noopener\">William Borges Aldrighi<\/a><\/li>\n<\/ul>\n<h4><span style=\"color: var(--cor-texto); font-family: var(--fonte-corpo);\">Defesas Realizadas em 2019<\/span><\/h4>\n<ul>\n<li><a href=\"http:\/\/lattes.cnpq.br\/7775793350045475\" target=\"_blank\" rel=\"noopener\">Alice Hubner Franz<\/a><\/li>\n<li><a href=\"http:\/\/lattes.cnpq.br\/1448449825963047\" target=\"_blank\" rel=\"noopener\">Camila Cabrera Gomes<\/a><\/li>\n<li><a href=\"http:\/\/lattes.cnpq.br\/5932774958312373\" target=\"_blank\" rel=\"noopener\">Candida Belamino Busatto<\/a><\/li>\n<li><a href=\"http:\/\/lattes.cnpq.br\/5784698133421542\" target=\"_blank\" rel=\"noopener\">Fernanda da Silva Nolasco<\/a><\/li>\n<li><a href=\"http:\/\/lattes.cnpq.br\/7751727719702617\" target=\"_blank\" rel=\"noopener\">Francisco Mazzarolo Seger<\/a><\/li>\n<li><a href=\"http:\/\/lattes.cnpq.br\/0470654718616647\" target=\"_blank\" rel=\"noopener\">Michele Raasch<\/a><\/li>\n<li><a href=\"http:\/\/lattes.cnpq.br\/9092565530614652\" target=\"_blank\" rel=\"noopener\">Retiele Vellar<\/a><\/li>\n<li><a href=\"http:\/\/lattes.cnpq.br\/7760923234982734\" target=\"_blank\" rel=\"noopener\">Stefanie Herbsthofer<\/a><\/li>\n<li><a href=\"http:\/\/lattes.cnpq.br\/3070494475970768\" target=\"_blank\" rel=\"noopener\">Ta\u00edne Alexandra Ramires Camargo<\/a><\/li>\n<\/ul>\n<h4><span style=\"color: var(--cor-texto); font-family: var(--fonte-corpo);\">Defesas Realizadas em 2018<\/span><\/h4>\n<ul>\n<li><a href=\"http:\/\/lattes.cnpq.br\/6424844103238162\" target=\"_blank\" rel=\"noopener\">Andressa Andrade Duquia<\/a><\/li>\n<li><a href=\"http:\/\/lattes.cnpq.br\/0142142957299344\" target=\"_blank\" rel=\"noopener\">Cristiano Pinto Klinger<\/a><\/li>\n<li><a href=\"http:\/\/lattes.cnpq.br\/1582949061510263\" target=\"_blank\" rel=\"noopener\">Cynthia Pires Hartwig<\/a><\/li>\n<li><a href=\"http:\/\/lattes.cnpq.br\/7955116826908878\" target=\"_blank\" rel=\"noopener\">Eduardo Garcia Souza<\/a><\/li>\n<li><a href=\"http:\/\/lattes.cnpq.br\/1362085516544181\" target=\"_blank\" rel=\"noopener\">Elaine Garcia dos Santos<\/a><\/li>\n<li><a href=\"http:\/\/lattes.cnpq.br\/8943011038717565\" target=\"_blank\" rel=\"noopener\">Felipe Zarnott Menezes<\/a><\/li>\n<li><a href=\"http:\/\/lattes.cnpq.br\/2629311880980140\" target=\"_blank\" rel=\"noopener\">Gabriela Jurak de Castro<\/a><\/li>\n<li><a href=\"http:\/\/lattes.cnpq.br\/0460297169829827\" target=\"_blank\" rel=\"noopener\">Gustavo Neves Goularte<\/a><\/li>\n<li><a href=\"http:\/\/lattes.cnpq.br\/2606907109215040\" target=\"_blank\" rel=\"noopener\">Let\u00edcia Marques\u00a0 Vargas<\/a><\/li>\n<li><a href=\"http:\/\/lattes.cnpq.br\/5784029083822682\" target=\"_blank\" rel=\"noopener\">Luciane da Silva Gomes<\/a><\/li>\n<li><a href=\"http:\/\/lattes.cnpq.br\/7921256832560769\" target=\"_blank\" rel=\"noopener\">Jaqueline de Chagas Vasconcelos<\/a><\/li>\n<li><a href=\"http:\/\/lattes.cnpq.br\/3100039422934730\" target=\"_blank\" rel=\"noopener\">Juliany Braga Souza<\/a><\/li>\n<li><a href=\"http:\/\/lattes.cnpq.br\/5011252930052999\" target=\"_blank\" rel=\"noopener\">Marina Oliveira Daneluz<\/a><\/li>\n<li><a href=\"http:\/\/lattes.cnpq.br\/0096250395358096\" target=\"_blank\" rel=\"noopener\">Silvia Carla Bauer Barcellos<\/a><\/li>\n<li><a href=\"http:\/\/lattes.cnpq.br\/9347055735721981\" target=\"_blank\" rel=\"noopener\">Thiago Silva de Oliveira<\/a><\/li>\n<\/ul>\n<h4><span style=\"color: var(--cor-texto); font-family: var(--fonte-corpo);\">Defesas Realizadas em 2017<\/span><\/h4>\n<ul>\n<li><a href=\"http:\/\/lattes.cnpq.br\/8702480665300610\" target=\"_blank\" rel=\"noopener\">Aline Castro Jansen<\/a><\/li>\n<li><a href=\"http:\/\/lattes.cnpq.br\/3194162507898708\" target=\"_blank\" rel=\"noopener\">Ana Lu\u00edza Bacelo Corr\u00eaa<\/a><\/li>\n<li><a href=\"http:\/\/lattes.cnpq.br\/3236079256582497\" target=\"_blank\" rel=\"noopener\">Bruno Silveira Ribas<\/a><\/li>\n<li><a href=\"http:\/\/lattes.cnpq.br\/2005487650179529\" target=\"_blank\" rel=\"noopener\">Iliane Muller Otto<\/a><\/li>\n<li><a href=\"http:\/\/lattes.cnpq.br\/8282755609736178\" target=\"_blank\" rel=\"noopener\">Monica Nardini da Silva<\/a><\/li>\n<li><a href=\"http:\/\/lattes.cnpq.br\/0667595394126577\" target=\"_blank\" rel=\"noopener\">Samanta Tolentino Cecconello<\/a><\/li>\n<\/ul>\n<h4><span style=\"color: var(--cor-texto); font-family: var(--fonte-corpo);\">Defesas Realizadas em 2016<\/span><\/h4>\n<ul>\n<li><a href=\"http:\/\/lattes.cnpq.br\/1672385655294881\" target=\"_blank\" rel=\"noopener\">Aline Gonzalez Kochhann<\/a><\/li>\n<li><a href=\"http:\/\/lattes.cnpq.br\/9347291997513609\" target=\"_blank\" rel=\"noopener\">Anderson Tiago Decker<\/a><\/li>\n<li><a href=\"http:\/\/lattes.cnpq.br\/4810526264523279\" target=\"_blank\" rel=\"noopener\">Carolina dos Santos Vaz<\/a><\/li>\n<li><a href=\"http:\/\/lattes.cnpq.br\/1095996862336140\" target=\"_blank\" rel=\"noopener\">C\u00e1tia Regina Muller<\/a><\/li>\n<li><a href=\"http:\/\/lattes.cnpq.br\/7930383688961223\" target=\"_blank\" rel=\"noopener\">Darlan Pez Wociechoski<\/a><\/li>\n<li><a href=\"http:\/\/lattes.cnpq.br\/3541945161205143\" target=\"_blank\" rel=\"noopener\">Fernanda Winck Moraes<\/a><\/li>\n<li><a href=\"http:\/\/lattes.cnpq.br\/2747849124921925\" target=\"_blank\" rel=\"noopener\">Luciana Rochedo Spencer dos Santos<\/a><\/li>\n<li><a href=\"http:\/\/lattes.cnpq.br\/1603849010061896\" target=\"_blank\" rel=\"noopener\">Melissa Vasconcellos Chiattone Nedel<\/a><\/li>\n<li><a href=\"http:\/\/lattes.cnpq.br\/6424774055557465\" target=\"_blank\" rel=\"noopener\">Ox Sias Davila<\/a><\/li>\n<\/ul>\n","protected":false},"excerpt":{"rendered":"<p>Aqui voc\u00ea tem a listagem completa dos Egressos do PPGDTSA por ano de Realiza\u00e7\u00e3o de Defesa. Clique no nome do Egresso para acessar seu Curr\u00edculo Lattes. Informa\u00e7\u00f5es mais detalhadas quanto a Destino, Perman\u00eancia e Mobilidade podem ser encontradas no Relat\u00f3rio: Avalia\u00e7\u00e3o Destino, Perman\u00eancia e Mobilidade de Egressos &#8211; 2016-2024 &nbsp; Defesas Realizadas em 2025 Larissa [&hellip;]<\/p>\n","protected":false},"author":348,"featured_media":0,"parent":0,"menu_order":0,"comment_status":"closed","ping_status":"closed","template":"","meta":{"footnotes":""},"class_list":["post-2830","page","type-page","status-publish","hentry"],"jetpack_sharing_enabled":true,"_links":{"self":[{"href":"https:\/\/wp.ufpel.edu.br\/ppgdtsa\/wp-json\/wp\/v2\/pages\/2830","targetHints":{"allow":["GET"]}}],"collection":[{"href":"https:\/\/wp.ufpel.edu.br\/ppgdtsa\/wp-json\/wp\/v2\/pages"}],"about":[{"href":"https:\/\/wp.ufpel.edu.br\/ppgdtsa\/wp-json\/wp\/v2\/types\/page"}],"author":[{"embeddable":true,"href":"https:\/\/wp.ufpel.edu.br\/ppgdtsa\/wp-json\/wp\/v2\/users\/348"}],"replies":[{"embeddable":true,"href":"https:\/\/wp.ufpel.edu.br\/ppgdtsa\/wp-json\/wp\/v2\/comments?post=2830"}],"version-history":[{"count":34,"href":"https:\/\/wp.ufpel.edu.br\/ppgdtsa\/wp-json\/wp\/v2\/pages\/2830\/revisions"}],"predecessor-version":[{"id":5935,"href":"https:\/\/wp.ufpel.edu.br\/ppgdtsa\/wp-json\/wp\/v2\/pages\/2830\/revisions\/5935"}],"wp:attachment":[{"href":"https:\/\/wp.ufpel.edu.br\/ppgdtsa\/wp-json\/wp\/v2\/media?parent=2830"}],"curies":[{"name":"wp","href":"https:\/\/api.w.org\/{rel}","templated":true}]}}