{"id":2246,"date":"2017-08-24T14:30:01","date_gmt":"2017-08-24T17:30:01","guid":{"rendered":"https:\/\/wp.ufpel.edu.br\/ppgdtsa\/?page_id=2246"},"modified":"2023-02-14T16:19:41","modified_gmt":"2023-02-14T19:19:41","slug":"solicitacao-de-matricula","status":"publish","type":"page","link":"https:\/\/wp.ufpel.edu.br\/ppgdtsa\/solicitacao-de-matricula\/","title":{"rendered":"Como entrar no cobalto e no e-aula"},"content":{"rendered":"<h1 class=\"corTexto\"><span style=\"font-size: 12pt;\">COMO ENTRAR NO COBALTO E NO E-AULA<\/span><\/h1>\n<p>Prezados Estudantes do PPGDTSA,<\/p>\n<p style=\"text-align: justify;\">O<strong> COBALTO<\/strong>\u00a0\u00e9 o sistema administrativo da UFPel no qual voc\u00ea realiza a matr\u00edcula, imprime comprovantes, v\u00ea sua nota, etc. Para o primeiro acesso, segue as instru\u00e7\u00f5es:<\/p>\n<p style=\"text-align: justify;\">Acessar o site: https:\/\/cobalto.ufpel.edu.br\/,\u00a0insira o seu CPF na aba \u201cEsqueceu sua senha\u201d e ser\u00e1 encaminhado um e-mail para voc\u00ea definir uma nova senha.<\/p>\n<p style=\"text-align: justify;\">O\u00a0<strong>E-AULA<\/strong>\u00a0\u00e9 a plataforma na qual voc\u00ea ter\u00e1 aula. Voc\u00ea pode acessar de duas maneiras.<\/p>\n<ol>\n<li style=\"text-align: justify;\">Ao entrar no Cobalto, voc\u00ea vai em Consultas e procure por Matr\u00edcula. Ao clicar em matr\u00edcula, aparecer\u00e1 as disciplinas nas quais voc\u00ea est\u00e1 matriculado e o link para o E-Aula, basta clicar;<\/li>\n<li style=\"text-align: justify;\">Voc\u00ea pode acessar diretamente o site do E-aula: https:\/\/e-aula.ufpel.edu.br\/. Os dados de acesso s\u00e3o os mesmos usados para acessar o Cobalto.<\/li>\n<\/ol>\n","protected":false},"excerpt":{"rendered":"<p>COMO ENTRAR NO COBALTO E NO E-AULA Prezados Estudantes do PPGDTSA, O COBALTO\u00a0\u00e9 o sistema administrativo da UFPel no qual voc\u00ea realiza a matr\u00edcula, imprime comprovantes, v\u00ea sua nota, etc. Para o primeiro acesso, segue as instru\u00e7\u00f5es: Acessar o site: https:\/\/cobalto.ufpel.edu.br\/,\u00a0insira o seu CPF na aba \u201cEsqueceu sua senha\u201d e ser\u00e1 encaminhado um e-mail para [&hellip;]<\/p>\n","protected":false},"author":348,"featured_media":0,"parent":0,"menu_order":0,"comment_status":"closed","ping_status":"closed","template":"","meta":{"footnotes":""},"class_list":["post-2246","page","type-page","status-publish","hentry"],"jetpack_sharing_enabled":true,"_links":{"self":[{"href":"https:\/\/wp.ufpel.edu.br\/ppgdtsa\/wp-json\/wp\/v2\/pages\/2246","targetHints":{"allow":["GET"]}}],"collection":[{"href":"https:\/\/wp.ufpel.edu.br\/ppgdtsa\/wp-json\/wp\/v2\/pages"}],"about":[{"href":"https:\/\/wp.ufpel.edu.br\/ppgdtsa\/wp-json\/wp\/v2\/types\/page"}],"author":[{"embeddable":true,"href":"https:\/\/wp.ufpel.edu.br\/ppgdtsa\/wp-json\/wp\/v2\/users\/348"}],"replies":[{"embeddable":true,"href":"https:\/\/wp.ufpel.edu.br\/ppgdtsa\/wp-json\/wp\/v2\/comments?post=2246"}],"version-history":[{"count":20,"href":"https:\/\/wp.ufpel.edu.br\/ppgdtsa\/wp-json\/wp\/v2\/pages\/2246\/revisions"}],"predecessor-version":[{"id":2264,"href":"https:\/\/wp.ufpel.edu.br\/ppgdtsa\/wp-json\/wp\/v2\/pages\/2246\/revisions\/2264"}],"wp:attachment":[{"href":"https:\/\/wp.ufpel.edu.br\/ppgdtsa\/wp-json\/wp\/v2\/media?parent=2246"}],"curies":[{"name":"wp","href":"https:\/\/api.w.org\/{rel}","templated":true}]}}