{"id":2168,"date":"2017-03-18T10:12:21","date_gmt":"2017-03-18T13:12:21","guid":{"rendered":"https:\/\/wp.ufpel.edu.br\/ppgdtsa\/?page_id=2168"},"modified":"2017-08-12T11:46:02","modified_gmt":"2017-08-12T14:46:02","slug":"telefonos","status":"publish","type":"page","link":"https:\/\/wp.ufpel.edu.br\/ppgdtsa\/telefonos\/","title":{"rendered":"Tel\u00e9fonos"},"content":{"rendered":"<p>Ll\u00e1menos:<\/p>\n<p>&nbsp;<\/p>\n<p><strong>Departamiento de Ciencias Sociales Agrarias<\/strong><\/p>\n<p>Coordinador del Programa de Posgrado<\/p>\n<p>Prof. M\u00e1rio Conill Gomes<\/p>\n<p>+55 53 3275.7257 \u00a0(le atende tambi\u00e9n en Ingl\u00e9s y en Espa\u00f1ol)<\/p>\n<p>&nbsp;<\/p>\n<p><strong>Oficina del Programa de Posgrado\u00a0<\/strong><\/p>\n<p>Secretario del Programa de Posgrado<\/p>\n<p>Andr\u00e9 Cruz<\/p>\n<p>Pasante del Programa de Posgrado<\/p>\n<p>Edurardo Robaert<\/p>\n<p>+55 53 3284.3857 (le atende s\u00f3lo en Portugu\u00e9s)<\/p>\n<p>&nbsp;<\/p>\n","protected":false},"excerpt":{"rendered":"<p>Ll\u00e1menos: &nbsp; Departamiento de Ciencias Sociales Agrarias Coordinador del Programa de Posgrado Prof. M\u00e1rio Conill Gomes +55 53 3275.7257 \u00a0(le atende tambi\u00e9n en Ingl\u00e9s y en Espa\u00f1ol) &nbsp; Oficina del Programa de Posgrado\u00a0 Secretario del Programa de Posgrado Andr\u00e9 Cruz Pasante del Programa de Posgrado Edurardo Robaert +55 53 3284.3857 (le atende s\u00f3lo en Portugu\u00e9s) [&hellip;]<\/p>\n","protected":false},"author":348,"featured_media":0,"parent":0,"menu_order":0,"comment_status":"closed","ping_status":"closed","template":"","meta":{"footnotes":""},"class_list":["post-2168","page","type-page","status-publish","hentry"],"jetpack_sharing_enabled":true,"_links":{"self":[{"href":"https:\/\/wp.ufpel.edu.br\/ppgdtsa\/wp-json\/wp\/v2\/pages\/2168","targetHints":{"allow":["GET"]}}],"collection":[{"href":"https:\/\/wp.ufpel.edu.br\/ppgdtsa\/wp-json\/wp\/v2\/pages"}],"about":[{"href":"https:\/\/wp.ufpel.edu.br\/ppgdtsa\/wp-json\/wp\/v2\/types\/page"}],"author":[{"embeddable":true,"href":"https:\/\/wp.ufpel.edu.br\/ppgdtsa\/wp-json\/wp\/v2\/users\/348"}],"replies":[{"embeddable":true,"href":"https:\/\/wp.ufpel.edu.br\/ppgdtsa\/wp-json\/wp\/v2\/comments?post=2168"}],"version-history":[{"count":1,"href":"https:\/\/wp.ufpel.edu.br\/ppgdtsa\/wp-json\/wp\/v2\/pages\/2168\/revisions"}],"predecessor-version":[{"id":2170,"href":"https:\/\/wp.ufpel.edu.br\/ppgdtsa\/wp-json\/wp\/v2\/pages\/2168\/revisions\/2170"}],"wp:attachment":[{"href":"https:\/\/wp.ufpel.edu.br\/ppgdtsa\/wp-json\/wp\/v2\/media?parent=2168"}],"curies":[{"name":"wp","href":"https:\/\/api.w.org\/{rel}","templated":true}]}}