{"id":2062,"date":"2017-03-13T11:00:23","date_gmt":"2017-03-13T14:00:23","guid":{"rendered":"https:\/\/wp.ufpel.edu.br\/ppgdtsa\/?page_id=2062"},"modified":"2017-08-10T12:57:16","modified_gmt":"2017-08-10T15:57:16","slug":"sobre-el-ppgstsa","status":"publish","type":"page","link":"https:\/\/wp.ufpel.edu.br\/ppgdtsa\/sobre-el-ppgstsa\/","title":{"rendered":"Sobre el PPGSTSA"},"content":{"rendered":"<p>Bienvenido al sitio de nuestro Curso. Aqu\u00ed encontrar\u00e1s las informaciones necesarias para que conozcas mejor nuestra propuesta de trabajo. Por si acaso tienes dudas, acceda el men\u00fa lateral y elige la mejor y m\u00e1s conveniente forma de contactarnos.<\/p>\n<p>La Coordinaci\u00f3n<\/p>\n<p>&nbsp;<\/p>\n","protected":false},"excerpt":{"rendered":"<p>Bienvenido al sitio de nuestro Curso. Aqu\u00ed encontrar\u00e1s las informaciones necesarias para que conozcas mejor nuestra propuesta de trabajo. Por si acaso tienes dudas, acceda el men\u00fa lateral y elige la mejor y m\u00e1s conveniente forma de contactarnos. La Coordinaci\u00f3n &nbsp;<\/p>\n","protected":false},"author":348,"featured_media":0,"parent":0,"menu_order":0,"comment_status":"closed","ping_status":"closed","template":"","meta":{"footnotes":""},"class_list":["post-2062","page","type-page","status-publish","hentry"],"jetpack_sharing_enabled":true,"_links":{"self":[{"href":"https:\/\/wp.ufpel.edu.br\/ppgdtsa\/wp-json\/wp\/v2\/pages\/2062","targetHints":{"allow":["GET"]}}],"collection":[{"href":"https:\/\/wp.ufpel.edu.br\/ppgdtsa\/wp-json\/wp\/v2\/pages"}],"about":[{"href":"https:\/\/wp.ufpel.edu.br\/ppgdtsa\/wp-json\/wp\/v2\/types\/page"}],"author":[{"embeddable":true,"href":"https:\/\/wp.ufpel.edu.br\/ppgdtsa\/wp-json\/wp\/v2\/users\/348"}],"replies":[{"embeddable":true,"href":"https:\/\/wp.ufpel.edu.br\/ppgdtsa\/wp-json\/wp\/v2\/comments?post=2062"}],"version-history":[{"count":3,"href":"https:\/\/wp.ufpel.edu.br\/ppgdtsa\/wp-json\/wp\/v2\/pages\/2062\/revisions"}],"predecessor-version":[{"id":2066,"href":"https:\/\/wp.ufpel.edu.br\/ppgdtsa\/wp-json\/wp\/v2\/pages\/2062\/revisions\/2066"}],"wp:attachment":[{"href":"https:\/\/wp.ufpel.edu.br\/ppgdtsa\/wp-json\/wp\/v2\/media?parent=2062"}],"curies":[{"name":"wp","href":"https:\/\/api.w.org\/{rel}","templated":true}]}}