{"id":162,"date":"2014-05-10T08:53:08","date_gmt":"2014-05-10T11:53:08","guid":{"rendered":"https:\/\/wp.ufpel.edu.br\/ppgdtsa\/?page_id=162"},"modified":"2025-11-26T14:14:58","modified_gmt":"2025-11-26T17:14:58","slug":"processo-seletivo","status":"publish","type":"page","link":"https:\/\/wp.ufpel.edu.br\/ppgdtsa\/processo-seletivo\/","title":{"rendered":"SELE\u00c7\u00c3O DE ALUNO (A) REGULAR"},"content":{"rendered":"<p>INSCRI\u00c7\u00d5ES ABERTAS!!!<\/p>\n<p>&nbsp;<\/p>\n<p>As inscri\u00e7\u00f5es \u00e0 sele\u00e7\u00e3o <strong>2026\/1<\/strong> para aluno(a) regular do Programa de P\u00f3s-Gradua\u00e7\u00e3o <em>Stricto Sensu<\/em> &#8211; Mestrado em Desenvolvimento Territorial e Sistemas Agroindustriais (PPGDTSA) da UFPel j\u00e1 est\u00e3o abertas.<\/p>\n<p>&nbsp;<\/p>\n<p>Acesse aqui ==&gt; <a href=\"https:\/\/wp.ufpel.edu.br\/ppgdtsa\/selecao-aluno-regular\/selecao-de-estudante-regular-2025-1-edital-complementar\/\">LINK<\/a><\/p>\n<p>&nbsp;<\/p>\n<p>&nbsp;<\/p>\n","protected":false},"excerpt":{"rendered":"<p>INSCRI\u00c7\u00d5ES ABERTAS!!! &nbsp; As inscri\u00e7\u00f5es \u00e0 sele\u00e7\u00e3o 2026\/1 para aluno(a) regular do Programa de P\u00f3s-Gradua\u00e7\u00e3o Stricto Sensu &#8211; Mestrado em Desenvolvimento Territorial e Sistemas Agroindustriais (PPGDTSA) da UFPel j\u00e1 est\u00e3o abertas. &nbsp; Acesse aqui ==&gt; LINK &nbsp; &nbsp;<\/p>\n","protected":false},"author":348,"featured_media":0,"parent":0,"menu_order":0,"comment_status":"closed","ping_status":"closed","template":"","meta":{"footnotes":""},"class_list":["post-162","page","type-page","status-publish","hentry"],"jetpack_sharing_enabled":true,"_links":{"self":[{"href":"https:\/\/wp.ufpel.edu.br\/ppgdtsa\/wp-json\/wp\/v2\/pages\/162","targetHints":{"allow":["GET"]}}],"collection":[{"href":"https:\/\/wp.ufpel.edu.br\/ppgdtsa\/wp-json\/wp\/v2\/pages"}],"about":[{"href":"https:\/\/wp.ufpel.edu.br\/ppgdtsa\/wp-json\/wp\/v2\/types\/page"}],"author":[{"embeddable":true,"href":"https:\/\/wp.ufpel.edu.br\/ppgdtsa\/wp-json\/wp\/v2\/users\/348"}],"replies":[{"embeddable":true,"href":"https:\/\/wp.ufpel.edu.br\/ppgdtsa\/wp-json\/wp\/v2\/comments?post=162"}],"version-history":[{"count":4,"href":"https:\/\/wp.ufpel.edu.br\/ppgdtsa\/wp-json\/wp\/v2\/pages\/162\/revisions"}],"predecessor-version":[{"id":6076,"href":"https:\/\/wp.ufpel.edu.br\/ppgdtsa\/wp-json\/wp\/v2\/pages\/162\/revisions\/6076"}],"wp:attachment":[{"href":"https:\/\/wp.ufpel.edu.br\/ppgdtsa\/wp-json\/wp\/v2\/media?parent=162"}],"curies":[{"name":"wp","href":"https:\/\/api.w.org\/{rel}","templated":true}]}}