{"id":1581,"date":"2017-03-19T21:02:00","date_gmt":"2017-03-20T00:02:00","guid":{"rendered":"https:\/\/wp.ufpel.edu.br\/ppgdtsa\/?page_id=1581"},"modified":"2017-03-19T21:02:00","modified_gmt":"2017-03-20T00:02:00","slug":"estagio-docente","status":"publish","type":"page","link":"https:\/\/wp.ufpel.edu.br\/ppgdtsa\/estagio-docente\/","title":{"rendered":"Est\u00e1gio Docente"},"content":{"rendered":"<p><strong>Como funciona o Est\u00e1gio Docente?<\/strong><\/p>\n<p>Est\u00e1gio Docente \u00e9 uma disciplina de 1 (um) cr\u00e9dito desenvolvida na forma de est\u00e1gio supervisionado de doc\u00eancia, visando a prepara\u00e7\u00e3o dos Discentes para a doc\u00eancia. A responsabilidade do est\u00e1gio docente \u00e9 do orientador, e a ele cabe:<\/p>\n<p>&#8211; escolher o conjunto de disciplinas de gradua\u00e7\u00e3o no qual poder\u00e1 ter lugar o est\u00e1gio, mediante pr\u00e9via aquiesc\u00eancia dos respectivos professores;<\/p>\n<p>&#8211; estabelecer, de comum acordo com o professor da disciplina, as atividades que o estagi\u00e1rio dever\u00e1 desenvolver, sendo que estas atividades poder\u00e3o envolver, no m\u00e1ximo, um ter\u00e7o do conte\u00fado program\u00e1tico da disciplina;<\/p>\n<p>&#8211; avaliar o estagi\u00e1rio, ouvido o professor da disciplina.<\/p>\n<p><strong>Quem pode fazer o Est\u00e1gio Docente?<\/strong><\/p>\n<p>Todos podem faz\u00ea-lo, mas \u00e9 obrigat\u00f3rio para os discentes que receberem aux\u00edlio atrav\u00e9s de bolsas.<\/p>\n","protected":false},"excerpt":{"rendered":"<p>Como funciona o Est\u00e1gio Docente? Est\u00e1gio Docente \u00e9 uma disciplina de 1 (um) cr\u00e9dito desenvolvida na forma de est\u00e1gio supervisionado de doc\u00eancia, visando a prepara\u00e7\u00e3o dos Discentes para a doc\u00eancia. A responsabilidade do est\u00e1gio docente \u00e9 do orientador, e a ele cabe: &#8211; escolher o conjunto de disciplinas de gradua\u00e7\u00e3o no qual poder\u00e1 ter lugar [&hellip;]<\/p>\n","protected":false},"author":348,"featured_media":0,"parent":0,"menu_order":0,"comment_status":"closed","ping_status":"closed","template":"","meta":{"footnotes":""},"class_list":["post-1581","page","type-page","status-publish","hentry"],"jetpack_sharing_enabled":true,"_links":{"self":[{"href":"https:\/\/wp.ufpel.edu.br\/ppgdtsa\/wp-json\/wp\/v2\/pages\/1581","targetHints":{"allow":["GET"]}}],"collection":[{"href":"https:\/\/wp.ufpel.edu.br\/ppgdtsa\/wp-json\/wp\/v2\/pages"}],"about":[{"href":"https:\/\/wp.ufpel.edu.br\/ppgdtsa\/wp-json\/wp\/v2\/types\/page"}],"author":[{"embeddable":true,"href":"https:\/\/wp.ufpel.edu.br\/ppgdtsa\/wp-json\/wp\/v2\/users\/348"}],"replies":[{"embeddable":true,"href":"https:\/\/wp.ufpel.edu.br\/ppgdtsa\/wp-json\/wp\/v2\/comments?post=1581"}],"version-history":[{"count":1,"href":"https:\/\/wp.ufpel.edu.br\/ppgdtsa\/wp-json\/wp\/v2\/pages\/1581\/revisions"}],"predecessor-version":[{"id":1584,"href":"https:\/\/wp.ufpel.edu.br\/ppgdtsa\/wp-json\/wp\/v2\/pages\/1581\/revisions\/1584"}],"wp:attachment":[{"href":"https:\/\/wp.ufpel.edu.br\/ppgdtsa\/wp-json\/wp\/v2\/media?parent=1581"}],"curies":[{"name":"wp","href":"https:\/\/api.w.org\/{rel}","templated":true}]}}