{"id":1569,"date":"2017-03-19T20:47:44","date_gmt":"2017-03-19T23:47:44","guid":{"rendered":"https:\/\/wp.ufpel.edu.br\/ppgdtsa\/?page_id=1569"},"modified":"2017-05-05T12:37:56","modified_gmt":"2017-05-05T15:37:56","slug":"avaliacao-do-rendimento-escolar","status":"publish","type":"page","link":"https:\/\/wp.ufpel.edu.br\/ppgdtsa\/avaliacao-do-rendimento-escolar\/","title":{"rendered":"Avalia\u00e7\u00e3o do Rendimento Escolar"},"content":{"rendered":"<p><strong>Todas as disciplinas tem o mesmo n\u00famero de cr\u00e9ditos?<\/strong><\/p>\n<p>N\u00e3o. H\u00e1 disciplinas de 1, 2, 3 ou 4 cr\u00e9ditos.<\/p>\n<p><strong>O que \u00e9 o \u00cdndice de Avalia\u00e7\u00e3o de Aproveitamento (IAA) ou Coeficiente de Rendimento?<\/strong><\/p>\n<p>O IAA ou Coeficiente de Rendimento \u00e9 um indicador de desempenho ou aproveitamento do Posgraduando no PPG.<\/p>\n<p><strong>Como se calcula o IAA ou Coeficiente de Rendimento?<\/strong><\/p>\n<p>\u00c9 uma m\u00e9dia dos conceitos obtidos em cada disciplina. O conceito A vale 4; o conceito B vale 3; o conceito C vale 2 e o conceito D vale 0. Esta m\u00e9dia \u00e9 ponderada pelo n\u00famero de cr\u00e9ditos da disciplina. Veja no exemplo abaixo o caso de um discente com o aproveitamento nas disciplinas listadas:<\/p>\n<table>\n<tbody>\n<tr>\n<td width=\"234\">Disciplina<\/td>\n<td width=\"67\">Conceito<\/td>\n<td width=\"65\">Cr\u00e9ditos<\/td>\n<td width=\"65\">Conceito x Cr\u00e9dito<\/td>\n<\/tr>\n<tr>\n<td width=\"234\">Desenv. Territorial<\/td>\n<td width=\"67\">C<\/td>\n<td width=\"65\">4<\/td>\n<td width=\"65\">2 x 4<\/td>\n<\/tr>\n<tr>\n<td width=\"234\">Epistemologia do Pens. Interdiscip.<\/td>\n<td width=\"67\">B<\/td>\n<td width=\"65\">2<\/td>\n<td width=\"65\">3 X 2<\/td>\n<\/tr>\n<tr>\n<td width=\"234\">Metodologia Multic. Para Apoio a Decis\u00e3o<\/td>\n<td width=\"67\">A<\/td>\n<td width=\"65\">3<\/td>\n<td width=\"65\">4 x 3<\/td>\n<\/tr>\n<tr>\n<td colspan=\"2\" width=\"301\">Soma<\/td>\n<td width=\"65\">9<\/td>\n<td width=\"65\">26<\/td>\n<\/tr>\n<\/tbody>\n<\/table>\n<p>O c\u00e1lculo do IAA ser\u00e1 dado como se segue:<\/p>\n<p>IAA = 26 \/ 9 = \u00a02,89<\/p>\n<p>A disciplina de Est\u00e1gio Docente e Elabora\u00e7\u00e3o de disserta\u00e7\u00e3o n\u00e3o entram no c\u00f4mputo do IAA. Da mesma forma, disciplinas com conceito I, S, N, J, T ou P, n\u00e3o s\u00e3o computadas no c\u00e1lculo do IAA.<\/p>\n<p><strong>Que uso ser\u00e1 dado ao IAA ou Coeficiente de Rendimento?<\/strong><\/p>\n<p>Ser\u00e1 utilizado para definir as condi\u00e7\u00f5es de perman\u00eancia do discente no PPG. Desta forma, ser\u00e1 exclu\u00eddo do PPG aquele posgraduando cujo:<\/p>\n<p>&#8211; IAA for inferior a 2,0 ao final do primeiro semestre;<\/p>\n<p>&#8211; IAA for inferior a 2,5 ao final do segundo semestre;<\/p>\n<p>&#8211; IAA for inferior a 3,0 ao final do terceiro semestre ou semestres subsequentes.<\/p>\n<p>Poder\u00e1 ser utilizado tamb\u00e9m para fins de destina\u00e7\u00e3o e\/ou destitui\u00e7\u00e3o de bolsas aos discentes.<\/p>\n","protected":false},"excerpt":{"rendered":"<p>Todas as disciplinas tem o mesmo n\u00famero de cr\u00e9ditos? N\u00e3o. H\u00e1 disciplinas de 1, 2, 3 ou 4 cr\u00e9ditos. O que \u00e9 o \u00cdndice de Avalia\u00e7\u00e3o de Aproveitamento (IAA) ou Coeficiente de Rendimento? O IAA ou Coeficiente de Rendimento \u00e9 um indicador de desempenho ou aproveitamento do Posgraduando no PPG. Como se calcula o IAA [&hellip;]<\/p>\n","protected":false},"author":348,"featured_media":0,"parent":0,"menu_order":0,"comment_status":"closed","ping_status":"closed","template":"","meta":{"footnotes":""},"class_list":["post-1569","page","type-page","status-publish","hentry"],"jetpack_sharing_enabled":true,"_links":{"self":[{"href":"https:\/\/wp.ufpel.edu.br\/ppgdtsa\/wp-json\/wp\/v2\/pages\/1569","targetHints":{"allow":["GET"]}}],"collection":[{"href":"https:\/\/wp.ufpel.edu.br\/ppgdtsa\/wp-json\/wp\/v2\/pages"}],"about":[{"href":"https:\/\/wp.ufpel.edu.br\/ppgdtsa\/wp-json\/wp\/v2\/types\/page"}],"author":[{"embeddable":true,"href":"https:\/\/wp.ufpel.edu.br\/ppgdtsa\/wp-json\/wp\/v2\/users\/348"}],"replies":[{"embeddable":true,"href":"https:\/\/wp.ufpel.edu.br\/ppgdtsa\/wp-json\/wp\/v2\/comments?post=1569"}],"version-history":[{"count":2,"href":"https:\/\/wp.ufpel.edu.br\/ppgdtsa\/wp-json\/wp\/v2\/pages\/1569\/revisions"}],"predecessor-version":[{"id":1799,"href":"https:\/\/wp.ufpel.edu.br\/ppgdtsa\/wp-json\/wp\/v2\/pages\/1569\/revisions\/1799"}],"wp:attachment":[{"href":"https:\/\/wp.ufpel.edu.br\/ppgdtsa\/wp-json\/wp\/v2\/media?parent=1569"}],"curies":[{"name":"wp","href":"https:\/\/api.w.org\/{rel}","templated":true}]}}