{"id":1561,"date":"2017-03-19T20:42:18","date_gmt":"2017-03-19T23:42:18","guid":{"rendered":"https:\/\/wp.ufpel.edu.br\/ppgdtsa\/?page_id=1561"},"modified":"2021-03-23T09:07:32","modified_gmt":"2021-03-23T12:07:32","slug":"procedimentos-e-solicitacoes","status":"publish","type":"page","link":"https:\/\/wp.ufpel.edu.br\/ppgdtsa\/procedimentos-e-solicitacoes\/","title":{"rendered":"Procedimentos e Solicita\u00e7\u00f5es"},"content":{"rendered":"<p style=\"text-align: justify\"><strong>Posso solicitar prorroga\u00e7\u00e3o de prazo para defesa de disserta\u00e7\u00e3o? Em que casos?<\/strong><\/p>\n<p style=\"text-align: justify\">Sim. A prorroga\u00e7\u00e3o est\u00e1 condicionada a circunst\u00e2ncias excepcionais, como em casos de doen\u00e7a grave e longa, por exemplo. Em geral n\u00e3o se considera como circunst\u00e2ncia excepcional a troca de orienta\u00e7\u00e3o em meio ao curso, compromissos de trabalho assumidos pelo discente, dificuldade de concilia\u00e7\u00e3o de trabalho e estudo, etc.<\/p>\n<p style=\"text-align: justify\"><strong>Basta eu defender a disserta\u00e7\u00e3o para ter direito ao diploma?<\/strong><\/p>\n<p style=\"text-align: justify\">N\u00e3o.\u00a0 \u00c9 preciso apresentar todos os requisitos apresentados na aba &#8220;Homologa\u00e7\u00e3o da Disserta\u00e7\u00e3o, link\u00a0<a href=\"https:\/\/wp.ufpel.edu.br\/ppgdtsa\/homologacao-da-dissertacao\/\" target=\"_blank\" rel=\"noopener noreferrer\" data-saferedirecturl=\"https:\/\/www.google.com\/url?q=https:\/\/wp.ufpel.edu.br\/ppgdtsa\/homologacao-da-dissertacao\/&amp;source=gmail&amp;ust=1616536544166000&amp;usg=AFQjCNEf0ZoKmKSRGta2aDsxBYsOSIa2vQ\">https:\/\/wp.ufpel.edu.br\/ppgdtsa\/homologacao-da-dissertacao\/<\/a><\/p>\n<p style=\"text-align: justify\"><strong>A expedi\u00e7\u00e3o do diploma \u00e9 autom\u00e1tica?\u00a0<\/strong><\/p>\n<p style=\"text-align: justify\">N\u00e3o. A emiss\u00e3o do diploma obedece a um procedimento burocr\u00e1tico exigido pela PRPPG.\u00a0Al\u00e9m dos requisitos b\u00e1sicos para a ter direito ao diploma, h\u00e1 uma lista de requisitos (<a href=\"https:\/\/wp.ufpel.edu.br\/ppgdtsa\/files\/2021\/03\/Checklist-do-PPGDTSA-Atualizado.docx\"><em>Check list<\/em><\/a>) com uma s\u00e9rie de documentos (parte providenciados pelo PPG, parte providenciados pelo Discente) \u00a0e outras exig\u00eancias da PRPPG para o processo de expedi\u00e7\u00e3o de diploma.<\/p>\n","protected":false},"excerpt":{"rendered":"<p>Posso solicitar prorroga\u00e7\u00e3o de prazo para defesa de disserta\u00e7\u00e3o? Em que casos? Sim. A prorroga\u00e7\u00e3o est\u00e1 condicionada a circunst\u00e2ncias excepcionais, como em casos de doen\u00e7a grave e longa, por exemplo. Em geral n\u00e3o se considera como circunst\u00e2ncia excepcional a troca de orienta\u00e7\u00e3o em meio ao curso, compromissos de trabalho assumidos pelo discente, dificuldade de concilia\u00e7\u00e3o [&hellip;]<\/p>\n","protected":false},"author":348,"featured_media":0,"parent":0,"menu_order":0,"comment_status":"closed","ping_status":"closed","template":"","meta":{"footnotes":""},"class_list":["post-1561","page","type-page","status-publish","hentry"],"jetpack_sharing_enabled":true,"_links":{"self":[{"href":"https:\/\/wp.ufpel.edu.br\/ppgdtsa\/wp-json\/wp\/v2\/pages\/1561","targetHints":{"allow":["GET"]}}],"collection":[{"href":"https:\/\/wp.ufpel.edu.br\/ppgdtsa\/wp-json\/wp\/v2\/pages"}],"about":[{"href":"https:\/\/wp.ufpel.edu.br\/ppgdtsa\/wp-json\/wp\/v2\/types\/page"}],"author":[{"embeddable":true,"href":"https:\/\/wp.ufpel.edu.br\/ppgdtsa\/wp-json\/wp\/v2\/users\/348"}],"replies":[{"embeddable":true,"href":"https:\/\/wp.ufpel.edu.br\/ppgdtsa\/wp-json\/wp\/v2\/comments?post=1561"}],"version-history":[{"count":8,"href":"https:\/\/wp.ufpel.edu.br\/ppgdtsa\/wp-json\/wp\/v2\/pages\/1561\/revisions"}],"predecessor-version":[{"id":4207,"href":"https:\/\/wp.ufpel.edu.br\/ppgdtsa\/wp-json\/wp\/v2\/pages\/1561\/revisions\/4207"}],"wp:attachment":[{"href":"https:\/\/wp.ufpel.edu.br\/ppgdtsa\/wp-json\/wp\/v2\/media?parent=1561"}],"curies":[{"name":"wp","href":"https:\/\/api.w.org\/{rel}","templated":true}]}}