{"id":1557,"date":"2017-03-19T20:40:32","date_gmt":"2017-03-19T23:40:32","guid":{"rendered":"https:\/\/wp.ufpel.edu.br\/ppgdtsa\/?page_id=1557"},"modified":"2025-01-28T10:46:00","modified_gmt":"2025-01-28T13:46:00","slug":"qualificacao","status":"publish","type":"page","link":"https:\/\/wp.ufpel.edu.br\/ppgdtsa\/qualificacao\/","title":{"rendered":"Qualifica\u00e7\u00e3o"},"content":{"rendered":"<p><strong>O que \u00e9 a qualifica\u00e7\u00e3o do projeto de disserta\u00e7\u00e3o?<\/strong><\/p>\n<p>A qualifica\u00e7\u00e3o \u00e9 um procedimento que visa verificar se o projeto de disserta\u00e7\u00e3o do discente est\u00e1 consistente o suficiente para ser executado.<\/p>\n<p><strong>Como \u00e9 realizada a qualifica\u00e7\u00e3o do projeto de disserta\u00e7\u00e3o? <\/strong><\/p>\n<p>A qualifica\u00e7\u00e3o \u00e9 realizada atrav\u00e9s da defesa do projeto de disserta\u00e7\u00e3o perante uma banca composta por professores do programa e\/ou de fora do programa.<\/p>\n<p><strong>Quais os crit\u00e9rios para a composi\u00e7\u00e3o das bancas do PPGDTSA?<\/strong><\/p>\n<p><span style=\"background-color: #ffff99;\"><em>N\u00e3o \u00e9 poss\u00edvel participar como membro de banca:\u00a0<\/em><\/span><br \/>\na) que tenha sido orientado ou orientador\/supervisor do orientador da tese ou disserta\u00e7\u00e3o em an\u00e1lise;<br \/>\nb) que fa\u00e7a parte do mesmo grupo de pesquisa, ou seja, colaborador direto no trabalho de tese\/disserta\u00e7\u00e3o a ser julgado;<br \/>\nc) que seja autor ou co-autor com o aluno ou orientador de artigos cient\u00edficos;<br \/>\nd) que seja pesquisador em associa\u00e7\u00e3o com o orientador em projeto tem\u00e1tico ou colabore em projeto individual vinculado a ag\u00eancia de fomento ou da iniciativa privada;<br \/>\ne) que tenha vincula\u00e7\u00e3o de parentesco na banca examinadora ou comiss\u00e3o, de julgamento ou avalia\u00e7\u00e3o, conforme os Artigos 1591 e 1592 da Lei n\u00ba10.406 de 10 de janeiro de 2002;<br \/>\nf) que tenha rela\u00e7\u00e3o societ\u00e1ria ou de subordina\u00e7\u00e3o em atividade profissional;<br \/>\ng) no caso de membros externos (exclusivo para bancas de projeto e disserta\u00e7\u00e3o\/doutorado), que tenha pelo menos 4 artigos A nos \u00faltimos 4 anos (An\u00e1lise do Lattes) ou tenha expertise comprovada.<br \/>\nFicou decidido que todas as bancas de projeto ou de disserta\u00e7\u00e3o\/doutorado ter\u00e3o a necessidade de emiss\u00e3o de parecer do (a) secret\u00e1rio (a) do PPGDTSA, anterior a solicita\u00e7\u00e3o de emiss\u00e3o de portaria, destacando os procedimentos que foram adotados e observando se os crit\u00e9rios foram atendidos.<br \/>\nFoi sugerido o site conflitus (https:\/\/conflitulus.org\/form\/candidates) para verifica\u00e7\u00e3o dos itens &#8220;a&#8221;,&#8221;b&#8221;,&#8221;c&#8221;, &#8220;d&#8221;; a busca na internet para os itens &#8220;e&#8221; e &#8220;f&#8221;; e o curr\u00edculo lattes para o item &#8220;g&#8221; combinado com a extens\u00e3o &#8220;QLattes&#8221;.<\/p>\n<p><em><span style=\"background-color: #ffff99;\">Tamb\u00e9m foi recomendado, exclusivamente para bancas de projeto e disserta\u00e7\u00e3o\/doutorado, que a composi\u00e7\u00e3o das bancas:\u00a0<\/span><\/em><br \/>\na) tenham linha de atua\u00e7\u00e3o e produ\u00e7\u00e3o cient\u00edfica atual, relacionadas ao tema da disserta\u00e7\u00e3o\/tese verific\u00e1veis pela an\u00e1lise do respectivo Curr\u00edculo Lattes;<br \/>\nb) que o conjunto das indica\u00e7\u00f5es contemple a diversidade do conte\u00fado do tema do trabalho de conclus\u00e3o.<\/p>\n<p><strong>Quando devo qualificar o meu projeto de disserta\u00e7\u00e3o?<\/strong><\/p>\n<p>Os projetos de disserta\u00e7\u00e3o dever\u00e3o ser definidos e submetidos \u00e0 aprova\u00e7\u00e3o do Colegiado at\u00e9 o t\u00e9rmino do segundo semestre do Programa.<\/p>\n","protected":false},"excerpt":{"rendered":"<p>O que \u00e9 a qualifica\u00e7\u00e3o do projeto de disserta\u00e7\u00e3o? A qualifica\u00e7\u00e3o \u00e9 um procedimento que visa verificar se o projeto de disserta\u00e7\u00e3o do discente est\u00e1 consistente o suficiente para ser executado. Como \u00e9 realizada a qualifica\u00e7\u00e3o do projeto de disserta\u00e7\u00e3o? A qualifica\u00e7\u00e3o \u00e9 realizada atrav\u00e9s da defesa do projeto de disserta\u00e7\u00e3o perante uma banca composta [&hellip;]<\/p>\n","protected":false},"author":348,"featured_media":0,"parent":0,"menu_order":0,"comment_status":"closed","ping_status":"closed","template":"","meta":{"footnotes":""},"class_list":["post-1557","page","type-page","status-publish","hentry"],"jetpack_sharing_enabled":true,"_links":{"self":[{"href":"https:\/\/wp.ufpel.edu.br\/ppgdtsa\/wp-json\/wp\/v2\/pages\/1557","targetHints":{"allow":["GET"]}}],"collection":[{"href":"https:\/\/wp.ufpel.edu.br\/ppgdtsa\/wp-json\/wp\/v2\/pages"}],"about":[{"href":"https:\/\/wp.ufpel.edu.br\/ppgdtsa\/wp-json\/wp\/v2\/types\/page"}],"author":[{"embeddable":true,"href":"https:\/\/wp.ufpel.edu.br\/ppgdtsa\/wp-json\/wp\/v2\/users\/348"}],"replies":[{"embeddable":true,"href":"https:\/\/wp.ufpel.edu.br\/ppgdtsa\/wp-json\/wp\/v2\/comments?post=1557"}],"version-history":[{"count":3,"href":"https:\/\/wp.ufpel.edu.br\/ppgdtsa\/wp-json\/wp\/v2\/pages\/1557\/revisions"}],"predecessor-version":[{"id":5666,"href":"https:\/\/wp.ufpel.edu.br\/ppgdtsa\/wp-json\/wp\/v2\/pages\/1557\/revisions\/5666"}],"wp:attachment":[{"href":"https:\/\/wp.ufpel.edu.br\/ppgdtsa\/wp-json\/wp\/v2\/media?parent=1557"}],"curies":[{"name":"wp","href":"https:\/\/api.w.org\/{rel}","templated":true}]}}