{"id":1547,"date":"2017-03-19T20:31:00","date_gmt":"2017-03-19T23:31:00","guid":{"rendered":"https:\/\/wp.ufpel.edu.br\/ppgdtsa\/?page_id=1547"},"modified":"2025-01-28T10:45:57","modified_gmt":"2025-01-28T13:45:57","slug":"dissertacao","status":"publish","type":"page","link":"https:\/\/wp.ufpel.edu.br\/ppgdtsa\/dissertacao\/","title":{"rendered":"Disserta\u00e7\u00e3o"},"content":{"rendered":"<p><strong>O que \u00e9 uma disserta\u00e7\u00e3o?<\/strong><\/p>\n<p>\u00c9 um trabalho acad\u00eamico e constitui-se em um dos requisitos fundamentais para a conclus\u00e3o do curso e obten\u00e7\u00e3o do Diploma. Representa o resultado de uma investiga\u00e7\u00e3o cient\u00edfica realizada durante o curso de mestrado e tem por objetivo iniciar o aluno no campo da pesquisa cient\u00edfica acad\u00eamica.<\/p>\n<p><strong>Que prazo terei para defender minha disserta\u00e7\u00e3o?<\/strong><\/p>\n<p>O prazo regulamentar \u00e9 de 24 meses.<\/p>\n<p><strong>Posso solicitar prorroga\u00e7\u00e3o de prazo para defesa de disserta\u00e7\u00e3o? Em que casos?<\/strong><\/p>\n<p>Sim. A prorroga\u00e7\u00e3o est\u00e1 condicionada a circunst\u00e2ncias excepcionais, como em casos de doen\u00e7a grave e longa, por exemplo. Em geral n\u00e3o se considera como circunst\u00e2ncia excepcional a \u00a0quebra do computador ou a perda de dados porque o HD pifou, compromissos de trabalho assumidos pelo discente, dificuldade de concilia\u00e7\u00e3o de trabalho e estudo, etc.<\/p>\n<p><strong>Qual \u00e9 o prazo m\u00e1ximo de prorroga\u00e7\u00e3o?<\/strong><\/p>\n<p>O colegiado pode conceder at\u00e9 6 meses de prazo, dependendo da justificativa e da circunst\u00e2ncia.<\/p>\n<p><strong>Quais os crit\u00e9rios para a composi\u00e7\u00e3o das bancas do PPGDTSA?<\/strong><\/p>\n<p><span style=\"background-color: #ffff99;\"><em>N\u00e3o \u00e9 poss\u00edvel participar como membro de banca:\u00a0<\/em><\/span><br \/>\na) que tenha sido orientado ou orientador\/supervisor do orientador da tese ou disserta\u00e7\u00e3o em an\u00e1lise;<br \/>\nb) que fa\u00e7a parte do mesmo grupo de pesquisa, ou seja, colaborador direto no trabalho de tese\/disserta\u00e7\u00e3o a ser julgado;<br \/>\nc) que seja autor ou co-autor com o aluno ou orientador de artigos cient\u00edficos;<br \/>\nd) que seja pesquisador em associa\u00e7\u00e3o com o orientador em projeto tem\u00e1tico ou colabore em projeto individual vinculado a ag\u00eancia de fomento ou da iniciativa privada;<br \/>\ne) que tenha vincula\u00e7\u00e3o de parentesco na banca examinadora ou comiss\u00e3o, de julgamento ou avalia\u00e7\u00e3o, conforme os Artigos 1591 e 1592 da Lei n\u00ba10.406 de 10 de janeiro de 2002;<br \/>\nf) que tenha rela\u00e7\u00e3o societ\u00e1ria ou de subordina\u00e7\u00e3o em atividade profissional;<br \/>\ng) no caso de membros externos (exclusivo para bancas de projeto e disserta\u00e7\u00e3o\/doutorado), que tenha pelo menos 4 artigos A nos \u00faltimos 4 anos (An\u00e1lise do Lattes) ou tenha expertise comprovada.<br \/>\nFicou decidido que todas as bancas de projeto ou de disserta\u00e7\u00e3o\/doutorado ter\u00e3o a necessidade de emiss\u00e3o de parecer do (a) secret\u00e1rio (a) do PPGDTSA, anterior a solicita\u00e7\u00e3o de emiss\u00e3o de portaria, destacando os procedimentos que foram adotados e observando se os crit\u00e9rios foram atendidos.<br \/>\nFoi sugerido o site conflitus (https:\/\/conflitulus.org\/form\/candidates) para verifica\u00e7\u00e3o dos itens &#8220;a&#8221;,&#8221;b&#8221;,&#8221;c&#8221;, &#8220;d&#8221;; a busca na internet para os itens &#8220;e&#8221; e &#8220;f&#8221;; e o curr\u00edculo lattes para o item &#8220;g&#8221; combinado com a extens\u00e3o &#8220;QLattes&#8221;.<\/p>\n<p><em><span style=\"background-color: #ffff99;\">Tamb\u00e9m foi recomendado, exclusivamente para bancas de projeto e disserta\u00e7\u00e3o\/doutorado, que a composi\u00e7\u00e3o das bancas:\u00a0<\/span><\/em><br \/>\na) tenham linha de atua\u00e7\u00e3o e produ\u00e7\u00e3o cient\u00edfica atual, relacionadas ao tema da disserta\u00e7\u00e3o\/tese verific\u00e1veis pela an\u00e1lise do respectivo Curr\u00edculo Lattes;<br \/>\nb) que o conjunto das indica\u00e7\u00f5es contemple a diversidade do conte\u00fado do tema do trabalho de conclus\u00e3o.<\/p>\n<p><strong>Qual \u00e9 o t\u00edtulo que receberei depois de defender a disserta\u00e7\u00e3o?<\/strong><\/p>\n<p>No diploma fornecido pela UFPel constar\u00e1 o t\u00edtulo de \u2018Mestre em Desenvolvimento Territorial e Sistemas Agroindustriais.\u2019<\/p>\n<p><strong>Basta eu defender a disserta\u00e7\u00e3o para ter direito ao diploma?<\/strong><\/p>\n<p>N\u00e3o. \u00c9 preciso obedecer aos prazos m\u00ednimo e m\u00e1ximo de perman\u00eancia; deve ter cumprido todos os cr\u00e9ditos regulamentares bem como todas as exig\u00eancias para Emiss\u00e3o do Diploma.<\/p>\n<p><strong>Quais s\u00e3o os congressos reconhecidos pelos colegiado do PPGDTSA para o processo de homologa\u00e7\u00e3o da disserta\u00e7\u00e3o?<\/strong><\/p>\n<p>No processo de homologa\u00e7\u00e3o \u00e9 exigido a comprova\u00e7\u00e3o da publica\u00e7\u00e3o de um artigo completo em pelo menos um evento nacional (somente para bolsistas). Est\u00e3o homologados pelo Colegiado do PPGDTSA os seguintes congressos: SOBER, ENGEMA, ANPAD, SEMEAD, Congresso Brasileiro de Ci\u00eancia do Solo (CBCS), Simp\u00f3sio Internacional de Qualidade Ambiental, organizado pela Associa\u00e7\u00e3o Brasileira de Engenharia Sanit\u00e1ria e Ambiental; Semin\u00e1rio de Ensino em Extens\u00e3o Rural<\/p>\n","protected":false},"excerpt":{"rendered":"<p>O que \u00e9 uma disserta\u00e7\u00e3o? \u00c9 um trabalho acad\u00eamico e constitui-se em um dos requisitos fundamentais para a conclus\u00e3o do curso e obten\u00e7\u00e3o do Diploma. Representa o resultado de uma investiga\u00e7\u00e3o cient\u00edfica realizada durante o curso de mestrado e tem por objetivo iniciar o aluno no campo da pesquisa cient\u00edfica acad\u00eamica. Que prazo terei para [&hellip;]<\/p>\n","protected":false},"author":348,"featured_media":0,"parent":0,"menu_order":0,"comment_status":"closed","ping_status":"closed","template":"","meta":{"footnotes":""},"class_list":["post-1547","page","type-page","status-publish","hentry"],"jetpack_sharing_enabled":true,"_links":{"self":[{"href":"https:\/\/wp.ufpel.edu.br\/ppgdtsa\/wp-json\/wp\/v2\/pages\/1547","targetHints":{"allow":["GET"]}}],"collection":[{"href":"https:\/\/wp.ufpel.edu.br\/ppgdtsa\/wp-json\/wp\/v2\/pages"}],"about":[{"href":"https:\/\/wp.ufpel.edu.br\/ppgdtsa\/wp-json\/wp\/v2\/types\/page"}],"author":[{"embeddable":true,"href":"https:\/\/wp.ufpel.edu.br\/ppgdtsa\/wp-json\/wp\/v2\/users\/348"}],"replies":[{"embeddable":true,"href":"https:\/\/wp.ufpel.edu.br\/ppgdtsa\/wp-json\/wp\/v2\/comments?post=1547"}],"version-history":[{"count":9,"href":"https:\/\/wp.ufpel.edu.br\/ppgdtsa\/wp-json\/wp\/v2\/pages\/1547\/revisions"}],"predecessor-version":[{"id":5665,"href":"https:\/\/wp.ufpel.edu.br\/ppgdtsa\/wp-json\/wp\/v2\/pages\/1547\/revisions\/5665"}],"wp:attachment":[{"href":"https:\/\/wp.ufpel.edu.br\/ppgdtsa\/wp-json\/wp\/v2\/media?parent=1547"}],"curies":[{"name":"wp","href":"https:\/\/api.w.org\/{rel}","templated":true}]}}