{"id":1543,"date":"2017-03-19T20:27:44","date_gmt":"2017-03-19T23:27:44","guid":{"rendered":"https:\/\/wp.ufpel.edu.br\/ppgdtsa\/?page_id=1543"},"modified":"2017-03-19T20:35:29","modified_gmt":"2017-03-19T23:35:29","slug":"professor-orientador","status":"publish","type":"page","link":"https:\/\/wp.ufpel.edu.br\/ppgdtsa\/professor-orientador\/","title":{"rendered":"Professor Orientador"},"content":{"rendered":"<p><strong>Qual ser\u00e1 a fun\u00e7\u00e3o do meu orientador? Porque precisarei de um orientador?<\/strong><\/p>\n<p>Dentre outras fun\u00e7\u00f5es, o orientador ser\u00e1 o respons\u00e1vel por ti durante o curso. Ele te ajudar\u00e1 nos procedimentos burocr\u00e1ticos, te ajudar\u00e1 a elaborar um plano de estudos e a tua disserta\u00e7\u00e3o. Ele cuidar\u00e1 para que n\u00e3o te percas durante a elabora\u00e7\u00e3o da tua disserta\u00e7\u00e3o; te ajudar\u00e1 a tomar importantes decis\u00f5es sobre a abrang\u00eancia e viabilidade (metodol\u00f3gica, financeira e temporal) do teu estudo. Enfim, te ajudar\u00e1 a poupar tempo e esfor\u00e7o para que chegues ao final do curso dentro do prazo estipulado.<\/p>\n<p><strong>Como ser\u00e1 definido o meu orientador? <\/strong><\/p>\n<p>At\u00e9 o final do primeiro semestre, a cada aluno do PPGDTSA ser\u00e1 designado pelo colegiado um orientador procurando conciliar o interesse do aluno com a agenda de pesquisa de cada professor.<\/p>\n","protected":false},"excerpt":{"rendered":"<p>Qual ser\u00e1 a fun\u00e7\u00e3o do meu orientador? Porque precisarei de um orientador? Dentre outras fun\u00e7\u00f5es, o orientador ser\u00e1 o respons\u00e1vel por ti durante o curso. Ele te ajudar\u00e1 nos procedimentos burocr\u00e1ticos, te ajudar\u00e1 a elaborar um plano de estudos e a tua disserta\u00e7\u00e3o. Ele cuidar\u00e1 para que n\u00e3o te percas durante a elabora\u00e7\u00e3o da tua [&hellip;]<\/p>\n","protected":false},"author":348,"featured_media":0,"parent":0,"menu_order":0,"comment_status":"closed","ping_status":"closed","template":"","meta":{"footnotes":""},"class_list":["post-1543","page","type-page","status-publish","hentry"],"jetpack_sharing_enabled":true,"_links":{"self":[{"href":"https:\/\/wp.ufpel.edu.br\/ppgdtsa\/wp-json\/wp\/v2\/pages\/1543","targetHints":{"allow":["GET"]}}],"collection":[{"href":"https:\/\/wp.ufpel.edu.br\/ppgdtsa\/wp-json\/wp\/v2\/pages"}],"about":[{"href":"https:\/\/wp.ufpel.edu.br\/ppgdtsa\/wp-json\/wp\/v2\/types\/page"}],"author":[{"embeddable":true,"href":"https:\/\/wp.ufpel.edu.br\/ppgdtsa\/wp-json\/wp\/v2\/users\/348"}],"replies":[{"embeddable":true,"href":"https:\/\/wp.ufpel.edu.br\/ppgdtsa\/wp-json\/wp\/v2\/comments?post=1543"}],"version-history":[{"count":2,"href":"https:\/\/wp.ufpel.edu.br\/ppgdtsa\/wp-json\/wp\/v2\/pages\/1543\/revisions"}],"predecessor-version":[{"id":1553,"href":"https:\/\/wp.ufpel.edu.br\/ppgdtsa\/wp-json\/wp\/v2\/pages\/1543\/revisions\/1553"}],"wp:attachment":[{"href":"https:\/\/wp.ufpel.edu.br\/ppgdtsa\/wp-json\/wp\/v2\/media?parent=1543"}],"curies":[{"name":"wp","href":"https:\/\/api.w.org\/{rel}","templated":true}]}}