{"id":1529,"date":"2017-03-19T20:16:43","date_gmt":"2017-03-19T23:16:43","guid":{"rendered":"https:\/\/wp.ufpel.edu.br\/ppgdtsa\/?page_id=1529"},"modified":"2017-05-01T16:14:17","modified_gmt":"2017-05-01T19:14:17","slug":"gerais","status":"publish","type":"page","link":"https:\/\/wp.ufpel.edu.br\/ppgdtsa\/gerais\/","title":{"rendered":"Gerais"},"content":{"rendered":"<p><strong>Qual \u00e9 a diferen\u00e7a entre um mestrado e uma especializa\u00e7\u00e3o? <\/strong><\/p>\n<p>O mestrado \u00e9 um curso tipo <em>stricto sensu<\/em>, ou seja, cujo foco \u00e9 a forma\u00e7\u00e3o discente nas \u00e1reas cient\u00edfica e acad\u00eamica. A especializa\u00e7\u00e3o \u00e9 um curso do tipo <em>lato sensu<\/em> no qual o foco \u00e9 a atualiza\u00e7\u00e3o profissional ou aperfei\u00e7oamento. O mestrado fornece um diploma, a especializa\u00e7\u00e3o fornece um certificado.<\/p>\n<p><strong>Posso cursar o mestrado e trabalhar ao mesmo tempo?<\/strong><\/p>\n<p>N\u00f3s desencorajamos essa estrat\u00e9gia. Diferentemente dos cursos de especializa\u00e7\u00e3o, um mestrado necessita dedica\u00e7\u00e3o integral para o seu pleno aproveitamento. Recomendamos a todos os candidatos que trabalham que solicitem afastamento para a realiza\u00e7\u00e3o do curso.<\/p>\n<p><strong>Mas eu j\u00e1 fiz uma especializa\u00e7\u00e3o enquanto trabalhava e fui muito bem&#8230;<\/strong><\/p>\n<p>Em um curso de especializa\u00e7\u00e3o, em geral, grande parte crescimento do aluno \u00e9 realizado no trabalho de sala de aula; uma pequena parte resta para ser realizada fora da sala de aula, porque o aluno que estuda e trabalha tem limita\u00e7\u00e3o de tempo para atividades extras.<\/p>\n<p>No mestrado \u00e9 o oposto. O crescimento do aluno se d\u00e1, em geral, fora da sala de aula. Ele ocorre na realiza\u00e7\u00e3o da disserta\u00e7\u00e3o, na leitura dos textos complementares de cada disciplina, nos grupos de estudo, nos semin\u00e1rios que deve preparar e apresentar e at\u00e9 mesmo nas suas reflex\u00f5es individuais. O nobre tempo de sala de aula deve voltar-se \u00e0 discuss\u00e3o, aos \u00a0semin\u00e1rios, compartilhamento de descobertas, debate e amplia\u00e7\u00e3o da capacidade cr\u00edtica e anal\u00edtica do aluno. Isso pressup\u00f5e tempo para dedica\u00e7\u00e3o, leitura e muito estudo.<\/p>\n<p><strong>O que \u00e9 e para que serve o colegiado do PPGDTSA?<\/strong><\/p>\n<p>O Colegiado do Programa \u00e9 o \u00f3rg\u00e3o superior, com fun\u00e7\u00f5es normativas, deliberativas e de supervis\u00e3o. Tamb\u00e9m \u00e9 respons\u00e1vel pelo planejamento e avalia\u00e7\u00e3o globais das atividades de ensino e pesquisa desenvolvidas pelo PPGDTSA.<\/p>\n<p><strong>Qual \u00e9 o t\u00edtulo que receberei depois de defender a disserta\u00e7\u00e3o?<\/strong><\/p>\n<p>No diploma fornecido pela UFPel constar\u00e1 o t\u00edtulo de \u2018Mestre em Desenvolvimento Territorial e Sistemas Agroindustriais.\u2019<\/p>\n","protected":false},"excerpt":{"rendered":"<p>Qual \u00e9 a diferen\u00e7a entre um mestrado e uma especializa\u00e7\u00e3o? O mestrado \u00e9 um curso tipo stricto sensu, ou seja, cujo foco \u00e9 a forma\u00e7\u00e3o discente nas \u00e1reas cient\u00edfica e acad\u00eamica. A especializa\u00e7\u00e3o \u00e9 um curso do tipo lato sensu no qual o foco \u00e9 a atualiza\u00e7\u00e3o profissional ou aperfei\u00e7oamento. O mestrado fornece um diploma, [&hellip;]<\/p>\n","protected":false},"author":348,"featured_media":0,"parent":0,"menu_order":0,"comment_status":"closed","ping_status":"closed","template":"","meta":{"footnotes":""},"class_list":["post-1529","page","type-page","status-publish","hentry"],"jetpack_sharing_enabled":true,"_links":{"self":[{"href":"https:\/\/wp.ufpel.edu.br\/ppgdtsa\/wp-json\/wp\/v2\/pages\/1529","targetHints":{"allow":["GET"]}}],"collection":[{"href":"https:\/\/wp.ufpel.edu.br\/ppgdtsa\/wp-json\/wp\/v2\/pages"}],"about":[{"href":"https:\/\/wp.ufpel.edu.br\/ppgdtsa\/wp-json\/wp\/v2\/types\/page"}],"author":[{"embeddable":true,"href":"https:\/\/wp.ufpel.edu.br\/ppgdtsa\/wp-json\/wp\/v2\/users\/348"}],"replies":[{"embeddable":true,"href":"https:\/\/wp.ufpel.edu.br\/ppgdtsa\/wp-json\/wp\/v2\/comments?post=1529"}],"version-history":[{"count":10,"href":"https:\/\/wp.ufpel.edu.br\/ppgdtsa\/wp-json\/wp\/v2\/pages\/1529\/revisions"}],"predecessor-version":[{"id":1774,"href":"https:\/\/wp.ufpel.edu.br\/ppgdtsa\/wp-json\/wp\/v2\/pages\/1529\/revisions\/1774"}],"wp:attachment":[{"href":"https:\/\/wp.ufpel.edu.br\/ppgdtsa\/wp-json\/wp\/v2\/media?parent=1529"}],"curies":[{"name":"wp","href":"https:\/\/api.w.org\/{rel}","templated":true}]}}