{"id":1525,"date":"2017-03-19T20:12:05","date_gmt":"2017-03-19T23:12:05","guid":{"rendered":"https:\/\/wp.ufpel.edu.br\/ppgdtsa\/?page_id=1525"},"modified":"2024-07-22T09:07:14","modified_gmt":"2024-07-22T12:07:14","slug":"perguntas-frequentes","status":"publish","type":"page","link":"https:\/\/wp.ufpel.edu.br\/ppgdtsa\/perguntas-frequentes\/","title":{"rendered":"Perguntas e Respostas"},"content":{"rendered":"<p>Esta se\u00e7\u00e3o est\u00e1 em permanente constru\u00e7\u00e3o. Algumas das perguntas mais frequentes \u00a0que recebemos j\u00e1 est\u00e3o aqui. Confira os t\u00f3picos.<\/p>\n<ul>\n<li><a href=\"https:\/\/wp.ufpel.edu.br\/ppgdtsa\/gerais\/\">Gerais<\/a><\/li>\n<li><a href=\"https:\/\/wp.ufpel.edu.br\/ppgdtsa\/bolsas\/\">Bolsas<\/a><\/li>\n<li><a href=\"https:\/\/wp.ufpel.edu.br\/ppgdtsa\/prazos\/\">Prazos<\/a><\/li>\n<li><a href=\"https:\/\/wp.ufpel.edu.br\/ppgdtsa\/professor-orientador\/\">Professor Orientador<\/a><\/li>\n<li><a href=\"https:\/\/wp.ufpel.edu.br\/ppgdtsa\/dissertacao\/\">Disserta\u00e7\u00e3o<\/a><\/li>\n<li><a href=\"https:\/\/wp.ufpel.edu.br\/ppgdtsa\/qualificacao\/\">Qualifica\u00e7\u00e3o<\/a><\/li>\n<li><a href=\"https:\/\/wp.ufpel.edu.br\/ppgdtsa\/procedimentos-e-solicitacoes\/\">Procedimentos e Solicita\u00e7\u00f5es<\/a><\/li>\n<li><a href=\"https:\/\/wp.ufpel.edu.br\/ppgdtsa\/homologacao-da-dissertacao\/\">Homologa\u00e7\u00e3o de disserta\u00e7\u00e3o<\/a><\/li>\n<li><a href=\"https:\/\/wp.ufpel.edu.br\/ppgdtsa\/disciplinascreditos\/\">Disciplinas\/Cr\u00e9ditos<\/a><\/li>\n<li><a href=\"https:\/\/wp.ufpel.edu.br\/ppgdtsa\/avaliacao-do-rendimento-escolar\/\">Avalia\u00e7\u00e3o do Rendimento Escolar<\/a><\/li>\n<li><a href=\"https:\/\/wp.ufpel.edu.br\/ppgdtsa\/estagio-docente\/\">Est\u00e1gio Docente<\/a><\/li>\n<\/ul>\n<p>&nbsp;<\/p>\n","protected":false},"excerpt":{"rendered":"<p>Esta se\u00e7\u00e3o est\u00e1 em permanente constru\u00e7\u00e3o. Algumas das perguntas mais frequentes \u00a0que recebemos j\u00e1 est\u00e3o aqui. Confira os t\u00f3picos. Gerais Bolsas Prazos Professor Orientador Disserta\u00e7\u00e3o Qualifica\u00e7\u00e3o Procedimentos e Solicita\u00e7\u00f5es Homologa\u00e7\u00e3o de disserta\u00e7\u00e3o Disciplinas\/Cr\u00e9ditos Avalia\u00e7\u00e3o do Rendimento Escolar Est\u00e1gio Docente &nbsp;<\/p>\n","protected":false},"author":348,"featured_media":0,"parent":0,"menu_order":0,"comment_status":"closed","ping_status":"closed","template":"","meta":{"footnotes":""},"class_list":["post-1525","page","type-page","status-publish","hentry"],"jetpack_sharing_enabled":true,"_links":{"self":[{"href":"https:\/\/wp.ufpel.edu.br\/ppgdtsa\/wp-json\/wp\/v2\/pages\/1525","targetHints":{"allow":["GET"]}}],"collection":[{"href":"https:\/\/wp.ufpel.edu.br\/ppgdtsa\/wp-json\/wp\/v2\/pages"}],"about":[{"href":"https:\/\/wp.ufpel.edu.br\/ppgdtsa\/wp-json\/wp\/v2\/types\/page"}],"author":[{"embeddable":true,"href":"https:\/\/wp.ufpel.edu.br\/ppgdtsa\/wp-json\/wp\/v2\/users\/348"}],"replies":[{"embeddable":true,"href":"https:\/\/wp.ufpel.edu.br\/ppgdtsa\/wp-json\/wp\/v2\/comments?post=1525"}],"version-history":[{"count":9,"href":"https:\/\/wp.ufpel.edu.br\/ppgdtsa\/wp-json\/wp\/v2\/pages\/1525\/revisions"}],"predecessor-version":[{"id":5390,"href":"https:\/\/wp.ufpel.edu.br\/ppgdtsa\/wp-json\/wp\/v2\/pages\/1525\/revisions\/5390"}],"wp:attachment":[{"href":"https:\/\/wp.ufpel.edu.br\/ppgdtsa\/wp-json\/wp\/v2\/media?parent=1525"}],"curies":[{"name":"wp","href":"https:\/\/api.w.org\/{rel}","templated":true}]}}