{"id":1464,"date":"2017-03-18T10:15:31","date_gmt":"2017-03-18T13:15:31","guid":{"rendered":"https:\/\/wp.ufpel.edu.br\/ppgdtsa\/?page_id=1464"},"modified":"2019-05-10T11:03:31","modified_gmt":"2019-05-10T14:03:31","slug":"endereco","status":"publish","type":"page","link":"https:\/\/wp.ufpel.edu.br\/ppgdtsa\/endereco\/","title":{"rendered":"Endere\u00e7o"},"content":{"rendered":"<p><em>Venha tomar um cafezinho conosco e tirar suas d\u00favidas sobre o PPGDTSA<br \/>\n<\/em><\/p>\n<p style=\"padding-left: 30px\"><strong>Coordena\u00e7\u00e3o<\/strong><\/p>\n<p style=\"padding-left: 30px\">Prof. Dr. Alisson Eduardo Maehler &#8211; Coordenador<\/p>\n<p>&nbsp;<\/p>\n<p style=\"padding-left: 30px\"><strong>Secretaria<\/strong><\/p>\n<p style=\"padding-left: 30px\">Andr\u00e9 Barbosa da Cruz<\/p>\n<p style=\"padding-left: 30px\">Christian Manetti Geisler<\/p>\n<p style=\"padding-left: 30px\">William Gamino G\u00fcths<\/p>\n<p>&nbsp;<\/p>\n<p><em>\u00a0 \u00a0 \u00a0 \u00a0 Faculdade de Administra\u00e7\u00e3o e de Turismo (clique <a href=\"https:\/\/www.google.com.br\/maps\/place\/Universidade+Federal+de+Pelotas\/@-31.7805013,-52.3256765,16.71z\/data=!4m5!3m4!1s0x0:0xedf2316371213d3a!8m2!3d-31.7810978!4d-52.3234767\">aqui <\/a>para ver no Google Maps)<br \/>\n<\/em><\/p>\n<p style=\"padding-left: 60px\">Campus Porto<\/p>\n<p style=\"padding-left: 60px\">Rua Gomes Carneiro, 1 \u2013 Sala 416<\/p>\n<p style=\"padding-left: 60px\">Centro \u2013 Pelotas\/RS<\/p>\n<p style=\"padding-left: 60px\">CEP 96010-610<\/p>\n<p style=\"padding-left: 30px\"><em>Faculdade de Agronomia Eliseu Maciel (clique <a href=\"https:\/\/www.google.com.br\/maps\/place\/Faculdade+de+Agronomia+Eliseu+Maciel\/@-31.8022726,-52.4170697,17z\/data=!3m1!4b1!4m5!3m4!1s0x9511cbc7e365af97:0x7029a662e5355e41!8m2!3d-31.8022726!4d-52.414881\">aqui<\/a> para ver no Google Maps)<br \/>\n<\/em><\/p>\n<p style=\"padding-left: 60px\">Departamento de Ci\u00eancias Sociais Agr\u00e1rias &#8211; Sala 718<\/p>\n<p style=\"padding-left: 60px\">Campus Cap\u00e3o do Le\u00e3o<\/p>\n<p style=\"padding-left: 60px\">Caixa Postal 354<\/p>\n<p style=\"padding-left: 60px\">Cep 96010-900<\/p>\n","protected":false},"excerpt":{"rendered":"<p>Venha tomar um cafezinho conosco e tirar suas d\u00favidas sobre o PPGDTSA Coordena\u00e7\u00e3o Prof. Dr. Alisson Eduardo Maehler &#8211; Coordenador &nbsp; Secretaria Andr\u00e9 Barbosa da Cruz Christian Manetti Geisler William Gamino G\u00fcths &nbsp; \u00a0 \u00a0 \u00a0 \u00a0 Faculdade de Administra\u00e7\u00e3o e de Turismo (clique aqui para ver no Google Maps) Campus Porto Rua Gomes Carneiro, [&hellip;]<\/p>\n","protected":false},"author":348,"featured_media":0,"parent":0,"menu_order":0,"comment_status":"closed","ping_status":"closed","template":"","meta":{"footnotes":""},"class_list":["post-1464","page","type-page","status-publish","hentry"],"jetpack_sharing_enabled":true,"_links":{"self":[{"href":"https:\/\/wp.ufpel.edu.br\/ppgdtsa\/wp-json\/wp\/v2\/pages\/1464","targetHints":{"allow":["GET"]}}],"collection":[{"href":"https:\/\/wp.ufpel.edu.br\/ppgdtsa\/wp-json\/wp\/v2\/pages"}],"about":[{"href":"https:\/\/wp.ufpel.edu.br\/ppgdtsa\/wp-json\/wp\/v2\/types\/page"}],"author":[{"embeddable":true,"href":"https:\/\/wp.ufpel.edu.br\/ppgdtsa\/wp-json\/wp\/v2\/users\/348"}],"replies":[{"embeddable":true,"href":"https:\/\/wp.ufpel.edu.br\/ppgdtsa\/wp-json\/wp\/v2\/comments?post=1464"}],"version-history":[{"count":8,"href":"https:\/\/wp.ufpel.edu.br\/ppgdtsa\/wp-json\/wp\/v2\/pages\/1464\/revisions"}],"predecessor-version":[{"id":3154,"href":"https:\/\/wp.ufpel.edu.br\/ppgdtsa\/wp-json\/wp\/v2\/pages\/1464\/revisions\/3154"}],"wp:attachment":[{"href":"https:\/\/wp.ufpel.edu.br\/ppgdtsa\/wp-json\/wp\/v2\/media?parent=1464"}],"curies":[{"name":"wp","href":"https:\/\/api.w.org\/{rel}","templated":true}]}}