{"id":1460,"date":"2017-03-18T10:12:21","date_gmt":"2017-03-18T13:12:21","guid":{"rendered":"https:\/\/wp.ufpel.edu.br\/ppgdtsa\/?page_id=1460"},"modified":"2019-05-10T11:02:30","modified_gmt":"2019-05-10T14:02:30","slug":"telefones","status":"publish","type":"page","link":"https:\/\/wp.ufpel.edu.br\/ppgdtsa\/telefones\/","title":{"rendered":"Telefones"},"content":{"rendered":"<p>Ligue para n\u00f3s:<\/p>\n<p style=\"padding-left: 30px\">53-3284.3857 (Secretaria Acad\u00eamica da Faculdade de Administra\u00e7\u00e3o e de Turismo)<\/p>\n<p style=\"padding-left: 30px\">53-3275.7257 (Departamento de Ci\u00eancias Sociais Agr\u00e1rias)<\/p>\n<p>&nbsp;<\/p>\n","protected":false},"excerpt":{"rendered":"<p>Ligue para n\u00f3s: 53-3284.3857 (Secretaria Acad\u00eamica da Faculdade de Administra\u00e7\u00e3o e de Turismo) 53-3275.7257 (Departamento de Ci\u00eancias Sociais Agr\u00e1rias) &nbsp;<\/p>\n","protected":false},"author":348,"featured_media":0,"parent":0,"menu_order":0,"comment_status":"closed","ping_status":"closed","template":"","meta":{"footnotes":""},"class_list":["post-1460","page","type-page","status-publish","hentry"],"jetpack_sharing_enabled":true,"_links":{"self":[{"href":"https:\/\/wp.ufpel.edu.br\/ppgdtsa\/wp-json\/wp\/v2\/pages\/1460","targetHints":{"allow":["GET"]}}],"collection":[{"href":"https:\/\/wp.ufpel.edu.br\/ppgdtsa\/wp-json\/wp\/v2\/pages"}],"about":[{"href":"https:\/\/wp.ufpel.edu.br\/ppgdtsa\/wp-json\/wp\/v2\/types\/page"}],"author":[{"embeddable":true,"href":"https:\/\/wp.ufpel.edu.br\/ppgdtsa\/wp-json\/wp\/v2\/users\/348"}],"replies":[{"embeddable":true,"href":"https:\/\/wp.ufpel.edu.br\/ppgdtsa\/wp-json\/wp\/v2\/comments?post=1460"}],"version-history":[{"count":6,"href":"https:\/\/wp.ufpel.edu.br\/ppgdtsa\/wp-json\/wp\/v2\/pages\/1460\/revisions"}],"predecessor-version":[{"id":3153,"href":"https:\/\/wp.ufpel.edu.br\/ppgdtsa\/wp-json\/wp\/v2\/pages\/1460\/revisions\/3153"}],"wp:attachment":[{"href":"https:\/\/wp.ufpel.edu.br\/ppgdtsa\/wp-json\/wp\/v2\/media?parent=1460"}],"curies":[{"name":"wp","href":"https:\/\/api.w.org\/{rel}","templated":true}]}}