{"id":1420,"date":"2017-03-13T11:00:23","date_gmt":"2017-03-13T14:00:23","guid":{"rendered":"https:\/\/wp.ufpel.edu.br\/ppgdtsa\/?page_id=1420"},"modified":"2025-03-06T15:25:34","modified_gmt":"2025-03-06T18:25:34","slug":"o-ppgdtsa","status":"publish","type":"page","link":"https:\/\/wp.ufpel.edu.br\/ppgdtsa\/o-ppgdtsa\/","title":{"rendered":"O PPGDTSA"},"content":{"rendered":"<p><a href=\"https:\/\/wp.ufpel.edu.br\/ppgdtsa\/files\/2014\/03\/cropped-Territ_Agroind-3.jpg\"><img class=\"alignleft\" src=\"https:\/\/wp.ufpel.edu.br\/ppgdtsa\/files\/2017\/08\/cropped-Imagem1.png\" width=\"165\" height=\"165\" \/><\/a><\/p>\n<p>&nbsp;<\/p>\n<p>Bem Vindo \u00e0 p\u00e1gina do nosso Curso. Encontrar\u00e1s as informa\u00e7\u00f5es necess\u00e1rias para conhecer melhor nossa proposta de trabalho. Qualquer d\u00favida, acesse o menu lateral selecione a forma mais conveniente para entrar em contato conosco.<\/p>\n<p>A Coordena\u00e7\u00e3o<\/p>\n","protected":false},"excerpt":{"rendered":"<p>&nbsp; Bem Vindo \u00e0 p\u00e1gina do nosso Curso. Encontrar\u00e1s as informa\u00e7\u00f5es necess\u00e1rias para conhecer melhor nossa proposta de trabalho. Qualquer d\u00favida, acesse o menu lateral selecione a forma mais conveniente para entrar em contato conosco. A Coordena\u00e7\u00e3o<\/p>\n","protected":false},"author":367,"featured_media":0,"parent":0,"menu_order":0,"comment_status":"closed","ping_status":"closed","template":"","meta":{"footnotes":""},"class_list":["post-1420","page","type-page","status-publish","hentry"],"jetpack_sharing_enabled":true,"_links":{"self":[{"href":"https:\/\/wp.ufpel.edu.br\/ppgdtsa\/wp-json\/wp\/v2\/pages\/1420","targetHints":{"allow":["GET"]}}],"collection":[{"href":"https:\/\/wp.ufpel.edu.br\/ppgdtsa\/wp-json\/wp\/v2\/pages"}],"about":[{"href":"https:\/\/wp.ufpel.edu.br\/ppgdtsa\/wp-json\/wp\/v2\/types\/page"}],"author":[{"embeddable":true,"href":"https:\/\/wp.ufpel.edu.br\/ppgdtsa\/wp-json\/wp\/v2\/users\/367"}],"replies":[{"embeddable":true,"href":"https:\/\/wp.ufpel.edu.br\/ppgdtsa\/wp-json\/wp\/v2\/comments?post=1420"}],"version-history":[{"count":9,"href":"https:\/\/wp.ufpel.edu.br\/ppgdtsa\/wp-json\/wp\/v2\/pages\/1420\/revisions"}],"predecessor-version":[{"id":5815,"href":"https:\/\/wp.ufpel.edu.br\/ppgdtsa\/wp-json\/wp\/v2\/pages\/1420\/revisions\/5815"}],"wp:attachment":[{"href":"https:\/\/wp.ufpel.edu.br\/ppgdtsa\/wp-json\/wp\/v2\/media?parent=1420"}],"curies":[{"name":"wp","href":"https:\/\/api.w.org\/{rel}","templated":true}]}}