{"id":111,"date":"2014-02-27T13:40:55","date_gmt":"2014-02-27T16:40:55","guid":{"rendered":"https:\/\/wp.ufpel.edu.br\/ppgdtsa\/?page_id=111"},"modified":"2022-06-03T17:31:56","modified_gmt":"2022-06-03T20:31:56","slug":"grupos-de-pesquisa-e-periodicos","status":"publish","type":"page","link":"https:\/\/wp.ufpel.edu.br\/ppgdtsa\/grupos-de-pesquisa-e-periodicos\/","title":{"rendered":"Grupos de pesquisa e peri\u00f3dicos"},"content":{"rendered":"<ul>\n<li>\n<h3>Grupo de Pesquisa em Inova\u00e7\u00e3o e Sustentabilidade no Agroneg\u00f3cio &#8211; <a href=\"https:\/\/wp.ufpel.edu.br\/gpeia\/author\/gpeia\/\">GPEIA<\/a><\/h3>\n<\/li>\n<li>\n<h3>N\u00facleo de Pesquisa e Extens\u00e3o em Agroecologia e Pol\u00edticas P\u00fablicas \u00a0para a agricultura Familiar &#8211;\u00a0<a href=\"http:\/\/nupear-ufpel.blogspot.com.br\/\">Nupear<\/a><\/h3>\n<\/li>\n<li>\n<h3>N\u00facleo de Estudos em Economia e Agriculturas &#8211; <a href=\"https:\/\/www.facebook.com\/nea.ufpel\/\">NEA<\/a><\/h3>\n<\/li>\n<\/ul>\n","protected":false},"excerpt":{"rendered":"<p>Grupo de Pesquisa em Inova\u00e7\u00e3o e Sustentabilidade no Agroneg\u00f3cio &#8211; GPEIA N\u00facleo de Pesquisa e Extens\u00e3o em Agroecologia e Pol\u00edticas P\u00fablicas \u00a0para a agricultura Familiar &#8211;\u00a0Nupear N\u00facleo de Estudos em Economia e Agriculturas &#8211; NEA<\/p>\n","protected":false},"author":348,"featured_media":0,"parent":0,"menu_order":0,"comment_status":"closed","ping_status":"closed","template":"","meta":{"footnotes":""},"class_list":["post-111","page","type-page","status-publish","hentry"],"jetpack_sharing_enabled":true,"_links":{"self":[{"href":"https:\/\/wp.ufpel.edu.br\/ppgdtsa\/wp-json\/wp\/v2\/pages\/111","targetHints":{"allow":["GET"]}}],"collection":[{"href":"https:\/\/wp.ufpel.edu.br\/ppgdtsa\/wp-json\/wp\/v2\/pages"}],"about":[{"href":"https:\/\/wp.ufpel.edu.br\/ppgdtsa\/wp-json\/wp\/v2\/types\/page"}],"author":[{"embeddable":true,"href":"https:\/\/wp.ufpel.edu.br\/ppgdtsa\/wp-json\/wp\/v2\/users\/348"}],"replies":[{"embeddable":true,"href":"https:\/\/wp.ufpel.edu.br\/ppgdtsa\/wp-json\/wp\/v2\/comments?post=111"}],"version-history":[{"count":9,"href":"https:\/\/wp.ufpel.edu.br\/ppgdtsa\/wp-json\/wp\/v2\/pages\/111\/revisions"}],"predecessor-version":[{"id":4556,"href":"https:\/\/wp.ufpel.edu.br\/ppgdtsa\/wp-json\/wp\/v2\/pages\/111\/revisions\/4556"}],"wp:attachment":[{"href":"https:\/\/wp.ufpel.edu.br\/ppgdtsa\/wp-json\/wp\/v2\/media?parent=111"}],"curies":[{"name":"wp","href":"https:\/\/api.w.org\/{rel}","templated":true}]}}