{"id":11,"date":"2014-01-24T18:25:14","date_gmt":"2014-01-24T20:25:14","guid":{"rendered":"https:\/\/wp.ufpel.edu.br\/ppgdtsa\/?page_id=11"},"modified":"2016-10-19T14:24:46","modified_gmt":"2016-10-19T16:24:46","slug":"area-de-concentracao","status":"publish","type":"page","link":"https:\/\/wp.ufpel.edu.br\/ppgdtsa\/teste-de-proficiencia\/area-de-concentracao\/","title":{"rendered":"\u00c1rea de Concentra\u00e7\u00e3o"},"content":{"rendered":"<p><strong>Nome:<\/strong> Desenvolvimento Territorial e Sistemas Agroindustriais<\/p>\n<p><strong>Descri\u00e7\u00e3o:<\/strong> A \u00e1rea de concentra\u00e7\u00e3o contempla o estudo multi-interdisciplinar dos territ\u00f3rios e sistemas agroindustriais relativamente ao conjunto de processos, recursos s\u00f3cio-produtivos e organizacionais que afetam sua din\u00e2mica de desenvolvimento. Assume-se como premissa uma concep\u00e7\u00e3o de ruralidade que reconhece o peso dos sistemas e organiza\u00e7\u00f5es agroindustriais como catalisadores do tecido social e produtivo das \u00e1reas rurais, considerando as contribui\u00e7\u00f5es das \u00e1reas da economia, sociologia, administra\u00e7\u00e3o, agronomia, tecnologia de alimentos, engenharia, gest\u00e3o ambiental, an\u00e1lise espacial e de outros campos do conhecimento.<\/p>\n","protected":false},"excerpt":{"rendered":"<p>Nome: Desenvolvimento Territorial e Sistemas Agroindustriais Descri\u00e7\u00e3o: A \u00e1rea de concentra\u00e7\u00e3o contempla o estudo multi-interdisciplinar dos territ\u00f3rios e sistemas agroindustriais relativamente ao conjunto de processos, recursos s\u00f3cio-produtivos e organizacionais que afetam sua din\u00e2mica de desenvolvimento. Assume-se como premissa uma concep\u00e7\u00e3o de ruralidade que reconhece o peso dos sistemas e organiza\u00e7\u00f5es agroindustriais como catalisadores do tecido [&hellip;]<\/p>\n","protected":false},"author":348,"featured_media":0,"parent":568,"menu_order":0,"comment_status":"closed","ping_status":"closed","template":"","meta":{"footnotes":""},"class_list":["post-11","page","type-page","status-publish","hentry"],"jetpack_sharing_enabled":true,"_links":{"self":[{"href":"https:\/\/wp.ufpel.edu.br\/ppgdtsa\/wp-json\/wp\/v2\/pages\/11","targetHints":{"allow":["GET"]}}],"collection":[{"href":"https:\/\/wp.ufpel.edu.br\/ppgdtsa\/wp-json\/wp\/v2\/pages"}],"about":[{"href":"https:\/\/wp.ufpel.edu.br\/ppgdtsa\/wp-json\/wp\/v2\/types\/page"}],"author":[{"embeddable":true,"href":"https:\/\/wp.ufpel.edu.br\/ppgdtsa\/wp-json\/wp\/v2\/users\/348"}],"replies":[{"embeddable":true,"href":"https:\/\/wp.ufpel.edu.br\/ppgdtsa\/wp-json\/wp\/v2\/comments?post=11"}],"version-history":[{"count":2,"href":"https:\/\/wp.ufpel.edu.br\/ppgdtsa\/wp-json\/wp\/v2\/pages\/11\/revisions"}],"predecessor-version":[{"id":18,"href":"https:\/\/wp.ufpel.edu.br\/ppgdtsa\/wp-json\/wp\/v2\/pages\/11\/revisions\/18"}],"up":[{"embeddable":true,"href":"https:\/\/wp.ufpel.edu.br\/ppgdtsa\/wp-json\/wp\/v2\/pages\/568"}],"wp:attachment":[{"href":"https:\/\/wp.ufpel.edu.br\/ppgdtsa\/wp-json\/wp\/v2\/media?parent=11"}],"curies":[{"name":"wp","href":"https:\/\/api.w.org\/{rel}","templated":true}]}}