{"id":1042,"date":"2016-06-15T19:45:53","date_gmt":"2016-06-15T22:45:53","guid":{"rendered":"https:\/\/wp.ufpel.edu.br\/ppgdtsa\/?page_id=1042"},"modified":"2026-03-03T17:30:14","modified_gmt":"2026-03-03T20:30:14","slug":"comissoes","status":"publish","type":"page","link":"https:\/\/wp.ufpel.edu.br\/ppgdtsa\/comissoes\/","title":{"rendered":"Comiss\u00f5es"},"content":{"rendered":"<p><strong>Mandato 2026-2027<\/strong>\u00a0&#8211; <a href=\"https:\/\/drive.google.com\/file\/d\/1JakutHFmiz5D8t5kt4VDF3Ir5SgtidcJ\/view?usp=sharing\" target=\"_blank\" rel=\"attachment noopener wp-att-5925\">Portaria Interna 02\/2026 PPGDTSA<\/a><\/p>\n<p><strong>Comiss\u00e3o de bolsas e acompanhamento discente<\/strong><\/p>\n<p>Prof. Mario Duarte Canever (coordenador),<br \/>\nProf. Marcelo Fernandes Pacheco Dias,<br \/>\nProf. Cl\u00e1udio Becker,<br \/>\nProf. Gabrielito Rauter Menezes (suplente)<\/p>\n<p>&nbsp;<\/p>\n<p><strong>Comiss\u00e3o de sele\u00e7\u00e3o<\/strong><\/p>\n<p>Prof. Mario Conill Gomes (Presidente)<br \/>\nProf. N\u00e1dia Campos Pereira Bruhn<br \/>\nProf. Aline Soares Pereira<\/p>\n<p>&nbsp;<\/p>\n<p><strong>Comiss\u00e3o de autoavalia\u00e7\u00e3o e planejamento<\/strong><\/p>\n<p>Docentes (Prof. Mario Canever, Prof. Juliano Foss\u00e1 e Prof\u00aa N\u00e1dia Bruhn)<br \/>\nDiscente (Let\u00edcia Falc\u00e3o &#8211; discente titular e Henrique Caglioni &#8211; discente suplente)<br \/>\nMembros externos (Felipe Zarnott Menezes &#8211; Efasul e Prof. Valdir Dallabrida &#8211; Pesquisador CNPq)<br \/>\nT\u00e9cnico-administrativo (Claudeir Ferreira).<\/p>\n<p>&nbsp;<\/p>\n<p><strong>Comiss\u00e3o de eventos cient\u00edficos<\/strong><\/p>\n<p>Prof. Alain Hernandez Santoyo<br \/>\nProfa. Cassiane da Costa<br \/>\nDiscente Carlos Eduardo Silva Ferreira<br \/>\nDiscente Leandro Karam<\/p>\n<p>&nbsp;<\/p>\n<p style=\"text-align: center;\"><strong>Fun\u00e7\u00f5es\u00a0das\u00a0Comiss\u00f5es<\/strong><\/p>\n<p><strong>Fun\u00e7\u00f5es da comiss\u00e3o de bolsas e acompanhamento discente<\/strong><\/p>\n<p>1. Analisar nos meses de maio de cada ano, ou sempre que se fizer necess\u00e1rio, o desempenho dos alunos bolsistas segundo as normas em vigor estabelecidas pelo Colegiado do PPG DTSA e a Portaria_076_RegulamentoDS Capes;<br \/>\n2. selecionar candidatos,<br \/>\n3. elaborar lista de selecionados;<br \/>\n4. propor altera\u00e7\u00f5es de bolsistas sempre que houver necessidade.<br \/>\n5. solicitar plano de estudos dos alunos,<br \/>\n6. solicitar informa\u00e7\u00f5es aos professores e orientadores sobre o desempenho dos alunos,<br \/>\n7. analisar se o desempenho dos alunos est\u00e3o de acordo o regimento do programa (indice de aproveitamento m\u00ednimo, teste de profici\u00eancia, qualifica\u00e7\u00e3o, cronograma de pesquisa, prazo m\u00e1ximo para defesa da disserta\u00e7\u00e3o etc.)<br \/>\n8. Emitir parecer dos alunos com baixo desempenho aos respectivos alunos com c\u00f3pia para a coordena\u00e7\u00e3o do PPG DTSA.<\/p>\n<p><strong>Fun\u00e7\u00f5es da comiss\u00e3o de sele\u00e7\u00e3o<\/strong><\/p>\n<p>1. propor crit\u00e9rios de sele\u00e7\u00e3o;<br \/>\n2. elaborar provas de sele\u00e7\u00e3o;<br \/>\n3. aplicar as provas;<br \/>\n4. avaliar as provas de sele\u00e7\u00e3o;<br \/>\n5. emitir lista de selecionados.;<\/p>\n<p><strong>Fun\u00e7\u00f5es da comiss\u00e3o de autoavalia\u00e7\u00e3o e planejamento<\/strong><\/p>\n<p>1. Implementar a pol\u00edtica do PPGDTSA de autoavalia\u00e7\u00e3o e planejamento;<br \/>\n2. Avaliar o desempenho dos professores segundo as normas em vigor do programa (CAP\u00cdTULO IV do regimento do PPG DTSA e a Regulamenta\u00e7\u00e3o do art. 12, \u00a7\u00a7 1o e 2o do Regimento, que disp\u00f5e acerca dos crit\u00e9rios de manuten\u00e7\u00e3o do quadro de professores -Ata 10\/2015).<\/p>\n<p><strong>Fun\u00e7\u00f5es da comiss\u00e3o de eventos cient\u00edficos\u00a0<\/strong><\/p>\n<p>-Projetar, organizar, implantar e controlar eventos acad\u00eamicos no \u00e2mbito do PPG DTSA considerando as demandas vigentes do colegiado, que atualmente constam de:<br \/>\n-Um evento anual cient\u00edfico que discuta a interdisciplinaridade e os problemas da regi\u00e3o de abrang\u00eancia da UFPel<br \/>\n-Eventos quinzenais que valorizem a participa\u00e7\u00e3o dos grupos de pesquisa dos professores do programa, que valorizem a participa\u00e7\u00e3o dos professores que participam de bancas e outros eventos do programa, que valorizem a participa\u00e7\u00e3o de outros professores das demais \u00e1reas da UFPel, levando em conta o fomento da interdisciplinaridade, aprofundamento te\u00f3rico e metodol\u00f3gico e a discuss\u00e3o de problemas da \u00e1rea de abrang\u00eancia da UFPel).<br \/>\n&#8211; Uma viagem de estudos semestral com participa\u00e7\u00e3o dos alunos com vista a aprofundar o conhecimento da realidade local e a potenciais problemas de pesquisa.<\/p>\n<p><span style=\"color: #ffffff;\">.<\/span><\/p>\n","protected":false},"excerpt":{"rendered":"<p>Mandato 2026-2027\u00a0&#8211; Portaria Interna 02\/2026 PPGDTSA Comiss\u00e3o de bolsas e acompanhamento discente Prof. Mario Duarte Canever (coordenador), Prof. Marcelo Fernandes Pacheco Dias, Prof. Cl\u00e1udio Becker, Prof. Gabrielito Rauter Menezes (suplente) &nbsp; Comiss\u00e3o de sele\u00e7\u00e3o Prof. Mario Conill Gomes (Presidente) Prof. N\u00e1dia Campos Pereira Bruhn Prof. Aline Soares Pereira &nbsp; Comiss\u00e3o de autoavalia\u00e7\u00e3o e planejamento Docentes [&hellip;]<\/p>\n","protected":false},"author":348,"featured_media":0,"parent":0,"menu_order":0,"comment_status":"closed","ping_status":"closed","template":"","meta":{"footnotes":""},"class_list":["post-1042","page","type-page","status-publish","hentry"],"jetpack_sharing_enabled":true,"_links":{"self":[{"href":"https:\/\/wp.ufpel.edu.br\/ppgdtsa\/wp-json\/wp\/v2\/pages\/1042","targetHints":{"allow":["GET"]}}],"collection":[{"href":"https:\/\/wp.ufpel.edu.br\/ppgdtsa\/wp-json\/wp\/v2\/pages"}],"about":[{"href":"https:\/\/wp.ufpel.edu.br\/ppgdtsa\/wp-json\/wp\/v2\/types\/page"}],"author":[{"embeddable":true,"href":"https:\/\/wp.ufpel.edu.br\/ppgdtsa\/wp-json\/wp\/v2\/users\/348"}],"replies":[{"embeddable":true,"href":"https:\/\/wp.ufpel.edu.br\/ppgdtsa\/wp-json\/wp\/v2\/comments?post=1042"}],"version-history":[{"count":3,"href":"https:\/\/wp.ufpel.edu.br\/ppgdtsa\/wp-json\/wp\/v2\/pages\/1042\/revisions"}],"predecessor-version":[{"id":6140,"href":"https:\/\/wp.ufpel.edu.br\/ppgdtsa\/wp-json\/wp\/v2\/pages\/1042\/revisions\/6140"}],"wp:attachment":[{"href":"https:\/\/wp.ufpel.edu.br\/ppgdtsa\/wp-json\/wp\/v2\/media?parent=1042"}],"curies":[{"name":"wp","href":"https:\/\/api.w.org\/{rel}","templated":true}]}}