{"id":7796,"date":"2025-07-29T10:57:54","date_gmt":"2025-07-29T13:57:54","guid":{"rendered":"https:\/\/wp.ufpel.edu.br\/ppgd\/?page_id=7796"},"modified":"2025-07-29T10:57:54","modified_gmt":"2025-07-29T13:57:54","slug":"edital-04-2025","status":"publish","type":"page","link":"https:\/\/wp.ufpel.edu.br\/ppgd\/edital-04-2025\/","title":{"rendered":"Edital 04\/2025"},"content":{"rendered":"<p>O Programa de P\u00f3s-Gradua\u00e7\u00e3o em Direito da Universidade Federal de Pelotas, em conformidade com a legisla\u00e7\u00e3o aprovada pelo Colegiado do Programa, torna p\u00fablico o processo de credenciamento de docentes do referido Programa, nos termos estabelecidos neste Edital.<\/p>\n<p>As inscri\u00e7\u00f5es para o processo de avalia\u00e7\u00e3o para ingresso de novos docentes (credenciamento) do Programa de P\u00f3s-Gradua\u00e7\u00e3o em Direito, da Universidade Federal de Pelotas, estar\u00e3o abertas no per\u00edodo de 16 de junho de 2025 at\u00e9 \u00e0s 23h59min do dia 09 de julho de 2025.<\/p>\n<p><a href=\"https:\/\/wp.ufpel.edu.br\/ppgd\/files\/2025\/06\/SEI_3117663_Resolucao_01_2025-1.pdf\">SEI_3117663_Resolucao_01_2025<\/a><\/p>\n<p><a href=\"https:\/\/wp.ufpel.edu.br\/ppgd\/files\/2025\/06\/SEI_3117667_Edital_04-1.pdf\">SEI_3117667_Edital_04<\/a><\/p>\n","protected":false},"excerpt":{"rendered":"<p>O Programa de P\u00f3s-Gradua\u00e7\u00e3o em Direito da Universidade Federal de Pelotas, em conformidade com a legisla\u00e7\u00e3o aprovada pelo Colegiado do Programa, torna p\u00fablico o processo de credenciamento de docentes do referido Programa, nos termos estabelecidos neste Edital. As inscri\u00e7\u00f5es para o processo de avalia\u00e7\u00e3o para ingresso de novos docentes (credenciamento) do Programa de P\u00f3s-Gradua\u00e7\u00e3o em &hellip; <\/p>\n<p><a class=\"more-link btn\" href=\"https:\/\/wp.ufpel.edu.br\/ppgd\/edital-04-2025\/\">Continue lendo<\/a><\/p>\n","protected":false},"author":1252,"featured_media":0,"parent":0,"menu_order":0,"comment_status":"closed","ping_status":"closed","template":"","meta":{"footnotes":""},"class_list":["post-7796","page","type-page","status-publish","hentry","nodate","item-wrap"],"jetpack-related-posts":[],"jetpack_sharing_enabled":true,"_links":{"self":[{"href":"https:\/\/wp.ufpel.edu.br\/ppgd\/wp-json\/wp\/v2\/pages\/7796","targetHints":{"allow":["GET"]}}],"collection":[{"href":"https:\/\/wp.ufpel.edu.br\/ppgd\/wp-json\/wp\/v2\/pages"}],"about":[{"href":"https:\/\/wp.ufpel.edu.br\/ppgd\/wp-json\/wp\/v2\/types\/page"}],"author":[{"embeddable":true,"href":"https:\/\/wp.ufpel.edu.br\/ppgd\/wp-json\/wp\/v2\/users\/1252"}],"replies":[{"embeddable":true,"href":"https:\/\/wp.ufpel.edu.br\/ppgd\/wp-json\/wp\/v2\/comments?post=7796"}],"version-history":[{"count":1,"href":"https:\/\/wp.ufpel.edu.br\/ppgd\/wp-json\/wp\/v2\/pages\/7796\/revisions"}],"predecessor-version":[{"id":7798,"href":"https:\/\/wp.ufpel.edu.br\/ppgd\/wp-json\/wp\/v2\/pages\/7796\/revisions\/7798"}],"wp:attachment":[{"href":"https:\/\/wp.ufpel.edu.br\/ppgd\/wp-json\/wp\/v2\/media?parent=7796"}],"curies":[{"name":"wp","href":"https:\/\/api.w.org\/{rel}","templated":true}]}}