{"id":7560,"date":"2025-01-24T16:48:13","date_gmt":"2025-01-24T19:48:13","guid":{"rendered":"https:\/\/wp.ufpel.edu.br\/ppgd\/?page_id=7560"},"modified":"2025-01-24T16:48:13","modified_gmt":"2025-01-24T19:48:13","slug":"estudante-especial-externo-2024","status":"publish","type":"page","link":"https:\/\/wp.ufpel.edu.br\/ppgd\/estudante-especial-externo-2024\/","title":{"rendered":"Estudante Especial\/Externo 2024"},"content":{"rendered":"<p><strong>SELE\u00c7\u00c3O ESTUDANTE ESPECIAL E EXTERNO 2024-2<\/strong><\/p>\n<p>Per\u00edodo de inscri\u00e7\u00f5es: 05 a 16 de agosto de 2024, ate\u0301 a\u0300s 23h59min.<\/p>\n<p>As inscric\u0327o\u0303es ao Exame de Selec\u0327a\u0303o para cursar disciplinas optativas como estudante especial e externo do Programa de Po\u0301s-Graduac\u0327a\u0303o em Direito (Mestrado) da UFPel estara\u0303o abertas no per\u00edodo de 05\u00a0a 16 de agosto de 2024, ate\u0301 a\u0300s 23h59min, por meio do e-mail:\u00a0<a href=\"mailto:editalespecial.externoppgd@ufpel.edu.br\" target=\"_blank\" rel=\"noopener\">editalespecial.externoppgd@ufpel.edu.br<\/a>. O assunto do e-mail devera\u0301 ser o nome da(s) disciplina(s) que a\/o candidata\/o pretende cursar.<\/p>\n<p><strong>Edital<\/strong>: <a href=\"https:\/\/wp.ufpel.edu.br\/ppgd\/files\/2024\/08\/SEI_UFPel-2683358-Edital-de-selecao-PRPPG.pdf\">SEI_UFPel &#8211; 2683358 &#8211; Edital de sele\u00e7\u00e3o PRPPG<\/a><\/p>\n<p><a href=\"https:\/\/wp.ufpel.edu.br\/ppgd\/files\/2024\/08\/Anexo-I-Requerimento-de-Inscricao.docx\">Anexo I &#8211; Requerimento de Inscri\u00e7\u00e3o<\/a><\/p>\n<p><strong>Portaria de nomea\u00e7\u00e3o da Comiss\u00e3o de Sele\u00e7\u00e3o<\/strong>: <a href=\"https:\/\/wp.ufpel.edu.br\/ppgd\/files\/2024\/08\/SEI_UFPel-2689429-Portaria-Interna.pdf\">SEI_UFPel &#8211; 2689429 &#8211; Portaria Interna<\/a><\/p>\n<p><strong>Lista de inscri\u00e7\u00f5es homologadas e n\u00e3o homologadas<\/strong>: <a href=\"https:\/\/wp.ufpel.edu.br\/ppgd\/files\/2024\/08\/Homologacao-de-inscricoes.pdf\">Homologa\u00e7\u00e3o de inscri\u00e7\u00f5es<\/a><\/p>\n<p><strong>Lista de inscri\u00e7\u00f5es homologadas e n\u00e3o homologadas ap\u00f3s recursos<\/strong>: <a href=\"https:\/\/wp.ufpel.edu.br\/ppgd\/files\/2024\/08\/Homologacao-de-inscricoes-apos-recursos.pdf\">Homologa\u00e7\u00e3o de inscri\u00e7\u00f5es ap\u00f3s recursos<\/a><\/p>\n<p><strong>Resultado: <a href=\"https:\/\/wp.ufpel.edu.br\/ppgd\/files\/2024\/08\/RESULTADO.pdf\">RESULTADO<\/a><\/strong><\/p>\n<p><strong>Resultado final<\/strong>:<\/p>\n<p>Servi\u00e7os p\u00fablicos e concretiza\u00e7\u00e3o de direitos fundamentais sociais: <a href=\"https:\/\/wp.ufpel.edu.br\/ppgd\/files\/2024\/09\/Resultado-Final-Servicos-Publicos.pdf\">Resultado Final Servi\u00e7os P\u00fablicos<\/a><\/p>\n<p>Tutela coletiva dos direitos fundamentais sociais: sem altera\u00e7\u00e3o.<\/p>\n<p>Direitos fundamentais e democracia: sem altera\u00e7\u00e3o.<\/p>\n<p>Acesso \u00e0 justi\u00e7a e democracia: sem altera\u00e7\u00e3o.<\/p>\n<p><strong>Matr\u00edculas<\/strong>:\u00a0O <u>per\u00edodo de matr\u00edculas ser\u00e1 nos dias <\/u><u>04 e 05 de setembro de 2024.\u00a0<\/u><\/p>\n<p>Os documentos para efetiva\u00e7\u00e3o da matr\u00edcula devem ser enviados para a Secretaria do PPGD, respeitando o prazo indicado acima:\u00a0 <a href=\"mailto:ppgd@ufpel.edu.br\">ppgd@ufpel.edu.br<\/a><\/p>\n<ol>\n<li>RG (c\u00f3pia frente e verso);<\/li>\n<li>Diploma de Gradua\u00e7\u00e3o (c\u00f3pia frente e verso);<\/li>\n<li>Formul\u00e1rio de Matr\u00edcula (preenchido e assinado, salvo em pdf): <a href=\"https:\/\/wp.ufpel.edu.br\/ppgd\/files\/2024\/09\/FORMULARIO-DE-MATRICULA_2024_2_.doc\">FORMULARIO-DE-MATRICULA_2024_2_<\/a><\/li>\n<\/ol>\n<p>As aulas iniciam em 09\/09\/2024.<\/p>\n<p>______<\/p>\n<p><strong>SELE\u00c7\u00c3O ESTUDANTE ESPECIAL E EXTERNO 2024-1<\/strong><\/p>\n<p>Per\u00edodo de inscri\u00e7\u00f5es: 16 de fevereiro a <strong>13 de mar\u00e7o 2024 (retifica\u00e7\u00e3o)<\/strong>.<\/p>\n<p>As inscric\u0327o\u0303es ao Exame de Selec\u0327a\u0303o para cursar disciplinas optativas como estudante especial e externo do Programa de Po\u0301s-Graduac\u0327a\u0303o em Direito (Mestrado) da UFPel estara\u0303o abertas no peri\u0301odo de 16\u00a0de fevereiro a 13 de mar\u00e7o 2024, ate\u0301 a\u0300s 23h59min, por meio do e-mail:\u00a0<strong>ingressoespecialppgdufpel2024@gmail.com<\/strong>.\u00a0O assunto do e-mail devera\u0301 ser o nome da (s) disciplina (s) que o candidato pretende cursar.<\/p>\n<p><a href=\"https:\/\/wp.ufpel.edu.br\/ppgd\/files\/2024\/01\/SEI_UFPel-2483556-Edital-de-selecao-PRPPG.pdf\">SEI_UFPel &#8211; 2483556 &#8211; Edital de sele\u00e7\u00e3o PRPPG<\/a><\/p>\n<p><a href=\"https:\/\/wp.ufpel.edu.br\/ppgd\/files\/2024\/03\/SEI_UFPel-2545123-Edital-de-Retificacao-PRPPG.pdf\">SEI_UFPel &#8211; 2545123 &#8211; Edital de Retifica\u00e7\u00e3o PRPPG<\/a><\/p>\n<p><a href=\"https:\/\/wp.ufpel.edu.br\/ppgd\/files\/2023\/08\/Anexo-I-Requerimento-de-Inscricao.docx\">Anexo I &#8211; Requerimento de Inscri\u00e7\u00e3o<\/a><\/p>\n<p><strong>IMPORTANTE<\/strong>: Todos os candidatos, nacionais ou estrangeiros, devem apresentar uma carta de inten\u00e7\u00f5es, salva em pdf, (m\u00e1ximo com duas p\u00e1ginas, digitadas em espa\u00e7o dois, fonte Times New Roman, corpo 12, papel A4, margens 2,5 cm), na qual apresentar\u00e1 os motivos pelos quais se interessa em cursar a(s) disciplina(s). Podem ser anexados documentos que comprovem o(s) motivo(s) exposto(s) na carta de inten\u00e7\u00f5es. Caso o candidato opte em se inscrever para duas disciplinas, dever\u00e1 fazer duas cartas de inten\u00e7\u00f5es, uma para cada professor respons\u00e1vel. Assim, a nomenclatura deste anexo dever\u00e1 ser \u201cCI \u2013 Nome do Professor\u201d.<\/p>\n<p><strong>RESULTADOS:<\/strong> <a href=\"https:\/\/wp.ufpel.edu.br\/ppgd\/files\/2024\/03\/RESULTADO-ESTUDANTE-ESPECIAL-EXTERNO.pdf\">RESULTADO ESTUDANTE ESPECIAL &#8211; EXTERNO<\/a> (publicado em 18\/03\/2024)<\/p>\n<p>O per\u00edodo de matr\u00edculas ser\u00e1 nos dias <strong>20<\/strong>\u00a0e\u00a0<strong>21<\/strong> de mar\u00e7o de 2024.<\/p>\n<p>Os documentos para efetiva\u00e7\u00e3o da matr\u00edcula devem ser enviados para a Secretaria do PPGD:\u00a0<a href=\"mailto:ppgd@ufpel.edu.br\" target=\"_blank\" rel=\"nofollow noopener noreferrer\">ppgd@ufpel.edu.br<\/a><\/p>\n<p>1. RG (c\u00f3pia frente e verso);<\/p>\n<p>2. Diploma de Gradua\u00e7\u00e3o (c\u00f3pia frente e verso);<\/p>\n<p>3. Formul\u00e1rio de Matr\u00edcula (preenchido, assinado e salvo em pdf): <a href=\"https:\/\/wp.ufpel.edu.br\/ppgd\/files\/2024\/03\/FORMULARIO-DE-MATRICULA_2024_1.doc\">FORMULARIO-DE-MATRICULA_2024_1<\/a><\/p>\n<p>Convoca\u00e7\u00e3o de supl\u00eancia: M\u00d4NICA DA SILVA WRAGUE<\/p>\n","protected":false},"excerpt":{"rendered":"<p>SELE\u00c7\u00c3O ESTUDANTE ESPECIAL E EXTERNO 2024-2 Per\u00edodo de inscri\u00e7\u00f5es: 05 a 16 de agosto de 2024, ate\u0301 a\u0300s 23h59min. As inscric\u0327o\u0303es ao Exame de Selec\u0327a\u0303o para cursar disciplinas optativas como estudante especial e externo do Programa de Po\u0301s-Graduac\u0327a\u0303o em Direito (Mestrado) da UFPel estara\u0303o abertas no per\u00edodo de 05\u00a0a 16 de agosto de 2024, ate\u0301 &hellip; <\/p>\n<p><a class=\"more-link btn\" href=\"https:\/\/wp.ufpel.edu.br\/ppgd\/estudante-especial-externo-2024\/\">Continue lendo<\/a><\/p>\n","protected":false},"author":293,"featured_media":0,"parent":0,"menu_order":0,"comment_status":"closed","ping_status":"closed","template":"","meta":{"footnotes":""},"class_list":["post-7560","page","type-page","status-publish","hentry","nodate","item-wrap"],"jetpack-related-posts":[],"jetpack_sharing_enabled":true,"_links":{"self":[{"href":"https:\/\/wp.ufpel.edu.br\/ppgd\/wp-json\/wp\/v2\/pages\/7560","targetHints":{"allow":["GET"]}}],"collection":[{"href":"https:\/\/wp.ufpel.edu.br\/ppgd\/wp-json\/wp\/v2\/pages"}],"about":[{"href":"https:\/\/wp.ufpel.edu.br\/ppgd\/wp-json\/wp\/v2\/types\/page"}],"author":[{"embeddable":true,"href":"https:\/\/wp.ufpel.edu.br\/ppgd\/wp-json\/wp\/v2\/users\/293"}],"replies":[{"embeddable":true,"href":"https:\/\/wp.ufpel.edu.br\/ppgd\/wp-json\/wp\/v2\/comments?post=7560"}],"version-history":[{"count":1,"href":"https:\/\/wp.ufpel.edu.br\/ppgd\/wp-json\/wp\/v2\/pages\/7560\/revisions"}],"predecessor-version":[{"id":7562,"href":"https:\/\/wp.ufpel.edu.br\/ppgd\/wp-json\/wp\/v2\/pages\/7560\/revisions\/7562"}],"wp:attachment":[{"href":"https:\/\/wp.ufpel.edu.br\/ppgd\/wp-json\/wp\/v2\/media?parent=7560"}],"curies":[{"name":"wp","href":"https:\/\/api.w.org\/{rel}","templated":true}]}}