{"id":7340,"date":"2024-08-01T10:01:03","date_gmt":"2024-08-01T13:01:03","guid":{"rendered":"https:\/\/wp.ufpel.edu.br\/ppgd\/?page_id=7340"},"modified":"2024-08-01T10:01:03","modified_gmt":"2024-08-01T13:01:03","slug":"estudante-especial-externo-2023","status":"publish","type":"page","link":"https:\/\/wp.ufpel.edu.br\/ppgd\/estudante-especial-externo-2023\/","title":{"rendered":"Estudante Especial\/Externo 2023"},"content":{"rendered":"<p><strong>SELE\u00c7\u00c3O ESTUDANTE ESPECIAL E EXTERNO 2023-1<\/strong><\/p>\n<p><a href=\"https:\/\/wp.ufpel.edu.br\/ppgd\/forma-de-ingresso\/aluno-especial\/aluno-especial-2023\/\">Estudante Especial\/Externo 2023<\/a><\/p>\n<p><a style=\"background-color: #ffffff;\" href=\"https:\/\/wp.ufpel.edu.br\/ppgd\/files\/2023\/04\/Lista-de-selecionados-Acesso-a-justica-e-democracia.pdf\">Lista de selecionados &#8211; Acesso \u00e0 justi\u00e7a e democracia<\/a><\/p>\n<p><a href=\"https:\/\/wp.ufpel.edu.br\/ppgd\/files\/2023\/04\/Lista-de-selecionados-Consumo-e-vulnerabilidade-na-sociedade-contemporanea.pdf\">Lista de selecionados &#8211; Consumo e vulnerabilidade na sociedade contempor\u00e2nea<\/a><\/p>\n<p><a href=\"https:\/\/wp.ufpel.edu.br\/ppgd\/files\/2023\/04\/Lista-de-Selecionados-Politica-penalidade-e-exclusao-social.pdf\">Lista de Selecionados &#8211; Pol\u00edtica, penalidade e exclus\u00e3o social<\/a><\/p>\n<p><a href=\"https:\/\/wp.ufpel.edu.br\/ppgd\/files\/2023\/04\/Lista-de-Selecionados-Politica-penalidade-e-exclusao-social-retificada.pdf\">Lista de Selecionados &#8211; Pol\u00edtica, penalidade e exclus\u00e3o social &#8211; retificada<\/a><\/p>\n<p><strong>MATR\u00cdCULA<\/strong><\/p>\n<p>O per\u00edodo de matr\u00edculas, conforme Edital 003\/2023, ser\u00e1 nos dias\u00a0<strong>18<\/strong>\u00a0e\u00a0<strong>19<\/strong>\u00a0de abril de 2023.<\/p>\n<p>Os documentos para efetiva\u00e7\u00e3o da matr\u00edcula devem ser enviados para a Secretaria do PPGD:\u00a0<a href=\"mailto:ppgd@ufpel.edu.br\" target=\"_blank\" rel=\"nofollow noopener noreferrer\">ppgd@ufpel.edu.br<\/a><\/p>\n<p>1. RG (c\u00f3pia frente e verso);<\/p>\n<p>2. Diploma de Gradua\u00e7\u00e3o (c\u00f3pia frente e verso);<\/p>\n<p>3. Formul\u00e1rio de Matr\u00edcula (preenchido, assinado e salvo em pdf).<\/p>\n<p><a href=\"https:\/\/wp.ufpel.edu.br\/ppgd\/files\/2023\/04\/FORMULARIO-DE-MATRICULA_2023_1.doc\">FORMUL\u00c1RIO-DE-MATR\u00cdCULA_2023_1<\/a><\/p>\n<p>____<\/p>\n<p><strong>SELE\u00c7\u00c3O ESTUDANTE ESPECIAL E EXTERNO 2023-2<\/strong><\/p>\n<p><a href=\"https:\/\/wp.ufpel.edu.br\/ppgd\/files\/2023\/08\/SEI_UFPel-2283991-Edital-de-selecao-PRPPG.pdf\">SEI_UFPel &#8211; 2283991 &#8211; Edital de sele\u00e7\u00e3o PRPPG<\/a><\/p>\n<p><a href=\"https:\/\/wp.ufpel.edu.br\/ppgd\/files\/2023\/08\/Anexo-I-Requerimento-de-Inscricao.docx\">Anexo I &#8211; Requerimento de Inscri\u00e7\u00e3o<\/a><\/p>\n<p><a href=\"https:\/\/wp.ufpel.edu.br\/ppgd\/files\/2023\/08\/SEI_UFPel-2302983-Edital-de-Retificacao-PRPPG.pdf\">SEI_UFPel &#8211; 2302983 &#8211; Edital de Retifica\u00e7\u00e3o PRPPG<\/a><\/p>\n<p><strong>RESULTADOS<\/strong><\/p>\n<p><a href=\"https:\/\/wp.ufpel.edu.br\/ppgd\/files\/2023\/08\/A-CONSTRUCAO-DA-DIGNIDADE-HUMANA-A-PARTIR-DOS-DIREITOS-SOCIAIS.pdf\">A CONSTRU\u00c7\u00c3O DA DIGNIDADE HUMANA A PARTIR DOS DIREITOS SOCIAIS<\/a><\/p>\n<p><a href=\"https:\/\/wp.ufpel.edu.br\/ppgd\/files\/2023\/08\/Estudos-Foucaultianos-Decolonidade-Construcoes-Juridicas-Atraves-de-Jogos-de-Poder-e-Saber.pdf\">Estudos Foucaultianos Decolonidade Constru\u00e7\u00f5es Jur\u00eddicas Atrav\u00e9s de Jogos de Poder e Saber<\/a><\/p>\n<p><a href=\"https:\/\/wp.ufpel.edu.br\/ppgd\/files\/2023\/08\/JURISDICAO-CONSTITUCIONAL-CONTROLE-DE-CONSTITUCIONALIDADE-E-TUTELA-DOS-DIREITOS-FUNDAMENTAIS-SOCIAIS.pdf\">JURISDI\u00c7\u00c3O CONSTITUCIONAL, CONTROLE DE CONSTITUCIONALIDADE E TUTELA DOS DIREITOS FUNDAMENTAIS SOCIAIS<\/a><\/p>\n<p><a href=\"https:\/\/wp.ufpel.edu.br\/ppgd\/files\/2023\/08\/POLITICAS-PUBLICAS-DIVERSIDADE-E-VULNERABILIDADE.pdf\">POL\u00cdTICAS P\u00daBLICAS, DIVERSIDADE E VULNERABILIDADE<\/a><\/p>\n<p><a href=\"https:\/\/wp.ufpel.edu.br\/ppgd\/files\/2023\/08\/Servicos-Publicos-e-Concretizacao-dos-Direitos-Fundamentais.pdf\">Servi\u00e7os P\u00fablicos e Concretiza\u00e7\u00e3o dos Direitos Fundamentais<\/a><\/p>\n<p><a href=\"https:\/\/wp.ufpel.edu.br\/ppgd\/files\/2023\/08\/Tutela-Coletiva-dos-Direitos-Sociais.pdf\">Tutela Coletiva dos Direitos Sociais<\/a><\/p>\n<p><strong>MATR\u00cdCULA<\/strong><\/p>\n<p>O per\u00edodo de matr\u00edculas ser\u00e1 nos dias <strong>30<\/strong>\u00a0e\u00a0<strong>31<\/strong> de agosto de 2023.<\/p>\n<p>Os documentos para efetiva\u00e7\u00e3o da matr\u00edcula devem ser enviados para a Secretaria do PPGD:\u00a0<a href=\"mailto:ppgd@ufpel.edu.br\" target=\"_blank\" rel=\"nofollow noopener noreferrer\">ppgd@ufpel.edu.br<\/a><\/p>\n<p>1. RG (c\u00f3pia frente e verso);<\/p>\n<p>2. Diploma de Gradua\u00e7\u00e3o (c\u00f3pia frente e verso);<\/p>\n<p>3. Formul\u00e1rio de Matr\u00edcula (preenchido, assinado e salvo em pdf).<\/p>\n<p><a href=\"https:\/\/wp.ufpel.edu.br\/ppgd\/files\/2023\/08\/FORMULARIO-DE-MATRICULA_2023_2-1.doc\">FORMULARIO-DE-MATRICULA_2023_2<\/a><\/p>\n<p>&nbsp;<\/p>\n","protected":false},"excerpt":{"rendered":"<p>SELE\u00c7\u00c3O ESTUDANTE ESPECIAL E EXTERNO 2023-1 Estudante Especial\/Externo 2023 Lista de selecionados &#8211; Acesso \u00e0 justi\u00e7a e democracia Lista de selecionados &#8211; Consumo e vulnerabilidade na sociedade contempor\u00e2nea Lista de Selecionados &#8211; Pol\u00edtica, penalidade e exclus\u00e3o social Lista de Selecionados &#8211; Pol\u00edtica, penalidade e exclus\u00e3o social &#8211; retificada MATR\u00cdCULA O per\u00edodo de matr\u00edculas, conforme Edital &hellip; <\/p>\n<p><a class=\"more-link btn\" href=\"https:\/\/wp.ufpel.edu.br\/ppgd\/estudante-especial-externo-2023\/\">Continue lendo<\/a><\/p>\n","protected":false},"author":293,"featured_media":0,"parent":0,"menu_order":0,"comment_status":"closed","ping_status":"closed","template":"","meta":{"footnotes":""},"class_list":["post-7340","page","type-page","status-publish","hentry","nodate","item-wrap"],"jetpack-related-posts":[],"jetpack_sharing_enabled":true,"_links":{"self":[{"href":"https:\/\/wp.ufpel.edu.br\/ppgd\/wp-json\/wp\/v2\/pages\/7340","targetHints":{"allow":["GET"]}}],"collection":[{"href":"https:\/\/wp.ufpel.edu.br\/ppgd\/wp-json\/wp\/v2\/pages"}],"about":[{"href":"https:\/\/wp.ufpel.edu.br\/ppgd\/wp-json\/wp\/v2\/types\/page"}],"author":[{"embeddable":true,"href":"https:\/\/wp.ufpel.edu.br\/ppgd\/wp-json\/wp\/v2\/users\/293"}],"replies":[{"embeddable":true,"href":"https:\/\/wp.ufpel.edu.br\/ppgd\/wp-json\/wp\/v2\/comments?post=7340"}],"version-history":[{"count":1,"href":"https:\/\/wp.ufpel.edu.br\/ppgd\/wp-json\/wp\/v2\/pages\/7340\/revisions"}],"predecessor-version":[{"id":7342,"href":"https:\/\/wp.ufpel.edu.br\/ppgd\/wp-json\/wp\/v2\/pages\/7340\/revisions\/7342"}],"wp:attachment":[{"href":"https:\/\/wp.ufpel.edu.br\/ppgd\/wp-json\/wp\/v2\/media?parent=7340"}],"curies":[{"name":"wp","href":"https:\/\/api.w.org\/{rel}","templated":true}]}}