{"id":7332,"date":"2024-07-31T17:19:44","date_gmt":"2024-07-31T20:19:44","guid":{"rendered":"https:\/\/wp.ufpel.edu.br\/ppgd\/?page_id=7332"},"modified":"2025-02-12T12:06:28","modified_gmt":"2025-02-12T15:06:28","slug":"estudante-regular-2025","status":"publish","type":"page","link":"https:\/\/wp.ufpel.edu.br\/ppgd\/estudante-regular-2025\/","title":{"rendered":"Estudante Regular 2025"},"content":{"rendered":"<h1 class=\"corTexto\">Edital para ingresso como estudante regular 2025<\/h1>\n<p><strong>Sele\u00e7\u00e3o para Estudante Regular 2024 \u2013 PPGD\/UFPel<\/strong><\/p>\n<p>As inscri\u00e7\u00f5es ao Exame de Sele\u00e7\u00e3o para o Programa de P\u00f3s-Gradua\u00e7\u00e3o em Direito da UFPel estar\u00e3o abertas no per\u00edodo de <strong>10\u00a0de agosto a 10\u00a0de setembro de 2024, at\u00e9 \u00e0s 23h59min<\/strong>, por e-mail:\u00a0<strong>editalregularppgd@ufpel.edu.br<\/strong>, preenchendo o campo \u201cAssunto\u201d com o enunciado \u201cINSCRI\u00c7\u00c3O SELE\u00c7\u00c3O ESTUDANTE REGULAR\u201d<\/p>\n<p>1. Edital: <a href=\"https:\/\/wp.ufpel.edu.br\/ppgd\/files\/2024\/08\/SEI_UFPel-2688629-Edital-de-selecao-PRPPG.pdf\">SEI_UFPel &#8211; 2688629 &#8211; Edital de sele\u00e7\u00e3o PRPPG<\/a><\/p>\n<p>1.1 Edital de Retifica\u00e7\u00e3o: <a href=\"https:\/\/wp.ufpel.edu.br\/ppgd\/files\/2024\/10\/SEI_UFPel-2775235-Edital-de-Retificacao-PRPPG.pdf\">SEI_UFPel &#8211; 2775235 &#8211; Edital de Retifica\u00e7\u00e3o PRPPG<\/a><\/p>\n<p>2. Anexo I: <a href=\"https:\/\/wp.ufpel.edu.br\/ppgd\/files\/2024\/07\/Anexo-I-Requerimento-de-Inscricao.doc\">Anexo I &#8211; Requerimento de Inscri\u00e7\u00e3o<\/a><\/p>\n<p>3. Anexo II: <a href=\"https:\/\/wp.ufpel.edu.br\/ppgd\/files\/2024\/07\/Anexo-II-Planilha-de-Comprovacao-do-Curriculo-Lattes.docx\">Anexo II &#8211; Planilha de Comprova\u00e7\u00e3o do Curr\u00edculo Lattes<\/a><\/p>\n<p>4. Formul\u00e1rio Declara\u00e7\u00e3o de Etnia: <a href=\"https:\/\/wp.ufpel.edu.br\/ppgd\/files\/2024\/07\/Declaracao_de_etnia.pdf\">Declaracao_de_etnia<\/a><\/p>\n<p>5. Autodeclara\u00e7\u00e3o de Identidade de G\u00eanero: <a href=\"https:\/\/wp.ufpel.edu.br\/ppgd\/files\/2024\/07\/Autodeclaracao_de_Identidade_de_Genero.pdf\">Autodeclaracao_de_Identidade_de_Genero<\/a><\/p>\n<p>6.\u00a0 Governo Federal (Cad\u00danico):\u00a0<a href=\"https:\/\/meucadunico.cidadania.gov.br\/meu_cadunico\/\" target=\"_blank\" rel=\"noopener noreferrer\" data-saferedirecturl=\"https:\/\/www.google.com\/url?q=https:\/\/meucadunico.cidadania.gov.br\/meu_cadunico\/&amp;source=gmail&amp;ust=1658527943548000&amp;usg=AOvVaw0qT_FLt1JnZaNf-f7YODsX\">https:\/\/meucadunico.cidadania.<wbr \/>gov.br\/meu_cadunico\/<\/a><\/p>\n<p>7. Portaria de nomea\u00e7\u00e3o da Comiss\u00e3o de Sele\u00e7\u00e3o: <a href=\"https:\/\/wp.ufpel.edu.br\/ppgd\/files\/2024\/08\/SEI_UFPel-2689433-Portaria-Interna.pdf\">SEI_UFPel &#8211; 2689433 &#8211; Portaria Interna<\/a><\/p>\n<p>&#8211;<\/p>\n<p><strong>Homologa\u00e7\u00e3o de inscri\u00e7\u00f5es<\/strong><\/p>\n<p><strong>Lista de inscri\u00e7\u00f5es homologadas e n\u00e3o homologadas<\/strong>:\u00a0 <a href=\"https:\/\/wp.ufpel.edu.br\/ppgd\/files\/2024\/09\/Lista-de-inscricoes-homologadas-e-nao-homologadas-.pdf\">Lista de inscri\u00e7\u00f5es homologadas e n\u00e3o homologadas-<\/a>\u00a0(publicado em 18\/09\/2024).<\/p>\n<p><strong>Lista de inscri\u00e7\u00f5es homologadas e n\u00e3o homologadas ap\u00f3s recursos<\/strong>: <a href=\"https:\/\/wp.ufpel.edu.br\/ppgd\/files\/2024\/09\/Lista-de-inscricoes-homologadas-e-nao-homologadas-APOS-RECURSOS.pdf\">Lista de inscri\u00e7\u00f5es homologadas e n\u00e3o homologadas AP\u00d3S RECURSOS<\/a><\/p>\n<p>&#8211;<\/p>\n<p><strong>Anteprojeto de Disserta\u00e7\u00e3o<\/strong><\/p>\n<p><strong>Divulga\u00e7\u00e3o do Resultado da Avalia\u00e7\u00e3o do Anteprojeto de Disserta\u00e7\u00e3o<\/strong>: <a href=\"https:\/\/wp.ufpel.edu.br\/ppgd\/files\/2024\/10\/Resultado-Anteprojetos.pdf\">Resultado Anteprojetos<\/a><\/p>\n<p><strong>Divulga\u00e7\u00e3o do Resultado da Avalia\u00e7\u00e3o do Anteprojeto de Disserta\u00e7\u00e3o ap\u00f3s recursos: <\/strong><a href=\"https:\/\/wp.ufpel.edu.br\/ppgd\/files\/2024\/10\/Resultado-Anteprojetos-apos-recursos.pdf\">Resultado Anteprojetos ap\u00f3s recursos<\/a><\/p>\n<p>&#8211;<\/p>\n<p>Realiza\u00e7\u00e3o da Banca de Heteroidentifica\u00e7\u00e3o 23\/10\/2024.<\/p>\n<p>&#8211;<\/p>\n<p><strong>Memorial Descritivo<\/strong><\/p>\n<p><strong>Divulga\u00e7\u00e3o do Resultado da Avalia\u00e7\u00e3o do Memorial Descritivo: <\/strong><a href=\"https:\/\/wp.ufpel.edu.br\/ppgd\/files\/2024\/10\/Resultado-Memoriais.pdf\">Resultado Memoriais<\/a><\/p>\n<p><strong>Divulga\u00e7\u00e3o do Resultado da Avalia\u00e7\u00e3o do Memorial Descritivo ap\u00f3s recursos: <\/strong><a href=\"https:\/\/wp.ufpel.edu.br\/ppgd\/files\/2024\/11\/Resultado-Memoriais-apos-recursos.pdf\">Resultado Memoriais ap\u00f3s recursos<\/a><\/p>\n<p>&#8211;<\/p>\n<p><strong>Defesas Anteprojeto de Disserta\u00e7\u00e3o e Memorial Descritivo<\/strong><\/p>\n<p>Calend\u00e1rio de defesas: <a href=\"https:\/\/wp.ufpel.edu.br\/ppgd\/files\/2024\/11\/CALENDARIO-DE-DEFESA.pdf\">CALEND\u00c1RIO DE DEFESA<\/a><\/p>\n<p><strong>Retifica\u00e7\u00e3o:<\/strong><\/p>\n<p>GREICE FURTADO DOS REIS: 13\/11\/2024, 16h30min (https:\/\/webconf.ufpel.edu.br\/b\/fer-6fc-0mw-biq)<\/p>\n<p>MARCO AUR\u00c9LIO ROMEU FERNANDES: 13\/11\/2024, 16h (https:\/\/webconf.ufpel.edu.br\/b\/fer-6fc-0mw-biq)<\/p>\n<p><strong>Divulga\u00e7\u00e3o do Resultado da Avalia\u00e7\u00e3o da Defesa Anteprojeto de Disserta\u00e7\u00e3o e Memorial Descritivo: <a href=\"https:\/\/wp.ufpel.edu.br\/ppgd\/files\/2024\/11\/Resultado-Defesa.pdf\">Resultado Defesa<\/a><\/strong><\/p>\n<p><strong>Divulga\u00e7\u00e3o do Resultado da Avalia\u00e7\u00e3o da Defesa Anteprojeto de Disserta\u00e7\u00e3o e Memorial Descritivo: ap\u00f3s recursos: <a href=\"https:\/\/wp.ufpel.edu.br\/ppgd\/files\/2024\/12\/Resultado-Defesa-apos-recursos.pdf\">Resultado Defesa &#8211; ap\u00f3s recursos<\/a><\/strong><\/p>\n<p>&#8211;<\/p>\n<p><strong>Curr\u00edculo Lattes<\/strong><\/p>\n<p><strong>Divulga\u00e7\u00e3o do Resultado da Avalia\u00e7\u00e3o do Curr\u00edculo Lattes: <a href=\"https:\/\/wp.ufpel.edu.br\/ppgd\/files\/2024\/12\/Resultado-Curriculo-Lattes-.pdf\">Resultado Curr\u00edculo Lattes<\/a><\/strong><\/p>\n<p><strong>Divulga\u00e7\u00e3o do Resultado da Avalia\u00e7\u00e3o do Curr\u00edculo Lattes ap\u00f3s recursos: <a href=\"https:\/\/wp.ufpel.edu.br\/ppgd\/files\/2024\/12\/Resultado-Curriculo-Lattes-apos-recursos.pdf\">Resultado Curr\u00edculo Lattes ap\u00f3s recursos<\/a><\/strong><\/p>\n<p>&#8211;<\/p>\n<p><strong>Resultado Final<\/strong><\/p>\n<p>Resultado final: <strong><a href=\"https:\/\/wp.ufpel.edu.br\/ppgd\/files\/2024\/12\/Resultado-final-.pdf\">Resultado final<\/a><\/strong><\/p>\n<p>Resultado final ap\u00f3s recursos: <strong><a href=\"https:\/\/wp.ufpel.edu.br\/ppgd\/files\/2024\/12\/Resultado-final-Apos-recursos.pdf\">Resultado final &#8211; Ap\u00f3s recursos<\/a><\/strong><\/p>\n<p>&#8211;<\/p>\n<p><strong>Matr\u00edcula<\/strong><\/p>\n<p>As informa\u00e7\u00f5es foram comunicadas por e-mail.<\/p>\n<p>&#8211;<\/p>\n<p><strong>Chamada de suplente\u00a0<\/strong><\/p>\n<p><strong>Vaga do Prof. Itiber\u00ea de Oliveira Castellano Rodrigues<\/strong><\/p>\n<p>1 \u2013 PEDRO VERGILIO VIQUE JUNIOR (ren\u00fancia de VALENTINA FRANCILIO BARBOSA)<\/p>\n<p><strong>Vaga do Prof. Fernando Costa de Azevedo<\/strong><\/p>\n<p>1 \u2013 LILIANE SOARES DE MACEDO MOREIRA ROCHA (ren\u00fancia de HENRIQUE CORTINA)<\/p>\n","protected":false},"excerpt":{"rendered":"<p>Edital para ingresso como estudante regular 2025 Sele\u00e7\u00e3o para Estudante Regular 2024 \u2013 PPGD\/UFPel As inscri\u00e7\u00f5es ao Exame de Sele\u00e7\u00e3o para o Programa de P\u00f3s-Gradua\u00e7\u00e3o em Direito da UFPel estar\u00e3o abertas no per\u00edodo de 10\u00a0de agosto a 10\u00a0de setembro de 2024, at\u00e9 \u00e0s 23h59min, por e-mail:\u00a0editalregularppgd@ufpel.edu.br, preenchendo o campo \u201cAssunto\u201d com o enunciado \u201cINSCRI\u00c7\u00c3O SELE\u00c7\u00c3O &hellip; <\/p>\n<p><a class=\"more-link btn\" href=\"https:\/\/wp.ufpel.edu.br\/ppgd\/estudante-regular-2025\/\">Continue lendo<\/a><\/p>\n","protected":false},"author":293,"featured_media":0,"parent":0,"menu_order":0,"comment_status":"closed","ping_status":"closed","template":"","meta":{"footnotes":""},"class_list":["post-7332","page","type-page","status-publish","hentry","nodate","item-wrap"],"jetpack-related-posts":[],"jetpack_sharing_enabled":true,"_links":{"self":[{"href":"https:\/\/wp.ufpel.edu.br\/ppgd\/wp-json\/wp\/v2\/pages\/7332","targetHints":{"allow":["GET"]}}],"collection":[{"href":"https:\/\/wp.ufpel.edu.br\/ppgd\/wp-json\/wp\/v2\/pages"}],"about":[{"href":"https:\/\/wp.ufpel.edu.br\/ppgd\/wp-json\/wp\/v2\/types\/page"}],"author":[{"embeddable":true,"href":"https:\/\/wp.ufpel.edu.br\/ppgd\/wp-json\/wp\/v2\/users\/293"}],"replies":[{"embeddable":true,"href":"https:\/\/wp.ufpel.edu.br\/ppgd\/wp-json\/wp\/v2\/comments?post=7332"}],"version-history":[{"count":37,"href":"https:\/\/wp.ufpel.edu.br\/ppgd\/wp-json\/wp\/v2\/pages\/7332\/revisions"}],"predecessor-version":[{"id":7586,"href":"https:\/\/wp.ufpel.edu.br\/ppgd\/wp-json\/wp\/v2\/pages\/7332\/revisions\/7586"}],"wp:attachment":[{"href":"https:\/\/wp.ufpel.edu.br\/ppgd\/wp-json\/wp\/v2\/media?parent=7332"}],"curies":[{"name":"wp","href":"https:\/\/api.w.org\/{rel}","templated":true}]}}