{"id":6573,"date":"2023-07-30T19:22:44","date_gmt":"2023-07-30T22:22:44","guid":{"rendered":"https:\/\/wp.ufpel.edu.br\/ppgd\/?page_id=6573"},"modified":"2024-02-07T08:48:09","modified_gmt":"2024-02-07T11:48:09","slug":"estudante-regular-2024","status":"publish","type":"page","link":"https:\/\/wp.ufpel.edu.br\/ppgd\/estudante-regular-2024\/","title":{"rendered":"Estudante Regular 2024"},"content":{"rendered":"<h1 class=\"corTexto\">Edital para ingresso como estudante regular 2024<\/h1>\n<p><strong>Sele\u00e7\u00e3o para Estudante Regular 2024 \u2013 PPGD\/UFPel<\/strong><\/p>\n<p>1. Edital: <a href=\"https:\/\/wp.ufpel.edu.br\/ppgd\/files\/2023\/07\/SEI_UFPel-2276627-Edital-de-selecao-PRPPG.pdf\">SEI_UFPel &#8211; 2276627 &#8211; Edital de sele\u00e7\u00e3o PRPPG<\/a><\/p>\n<p>2. Anexo I: Lattes <a href=\"https:\/\/wp.ufpel.edu.br\/ppgd\/files\/2023\/07\/Anexo-I-Curriculo-Lattes-1.docx\">Anexo I &#8211; Curr\u00edculo Lattes<\/a><\/p>\n<p>3. Anexo II: Requerimento de Inscri\u00e7\u00e3o <a href=\"https:\/\/wp.ufpel.edu.br\/ppgd\/files\/2023\/07\/Anexo-II-Requerimento-de-inscricao-1.doc\">Anexo II &#8211; Requerimento de inscri\u00e7\u00e3o<\/a><\/p>\n<p>4. Formul\u00e1rio Declara\u00e7\u00e3o de Etnia:\u00a0<a href=\"https:\/\/wp.ufpel.edu.br\/ppgd\/files\/2022\/07\/Declaracao-de-etnia.pdf\">Declaracao-de-etnia<\/a><\/p>\n<p>5. Autodeclara\u00e7\u00e3o de Identidade de G\u00eanero:\u00a0<a href=\"https:\/\/wp.ufpel.edu.br\/ppgd\/files\/2022\/07\/Autodeclaracao-de-Identidade-de-Genero.pdf\">Autodeclara\u00e7\u00e3o de Identidade de G\u00eanero<\/a><\/p>\n<p>6.\u00a0 Governo Federal (Cad\u00danico):\u00a0<a href=\"https:\/\/meucadunico.cidadania.gov.br\/meu_cadunico\/\" target=\"_blank\" rel=\"noopener noreferrer\" data-saferedirecturl=\"https:\/\/www.google.com\/url?q=https:\/\/meucadunico.cidadania.gov.br\/meu_cadunico\/&amp;source=gmail&amp;ust=1658527943548000&amp;usg=AOvVaw0qT_FLt1JnZaNf-f7YODsX\">https:\/\/meucadunico.cidadania.<wbr \/>gov.br\/meu_cadunico\/<\/a><\/p>\n<p>7. Portaria de nomea\u00e7\u00e3o da Comiss\u00e3o de Sele\u00e7\u00e3o: <a href=\"https:\/\/wp.ufpel.edu.br\/ppgd\/files\/2023\/07\/SEI_UFPel-2277366-Portaria-Interna.pdf\">SEI_UFPel &#8211; 2277366 &#8211; Portaria Interna<\/a><\/p>\n<p>8. Edital de Retifica\u00e7\u00e3o (novas datas): <a href=\"https:\/\/wp.ufpel.edu.br\/ppgd\/files\/2023\/09\/SEI_UFPel-2334900-Edital-de-Retificacao-PRPPG.pdf\">SEI_UFPel &#8211; 2334900 &#8211; Edital de Retifica\u00e7\u00e3o PRPPG<\/a><\/p>\n<p>9. Edital de Retifica\u00e7\u00e3o (novas datas Entrevistas): <a href=\"https:\/\/wp.ufpel.edu.br\/ppgd\/files\/2023\/10\/SEI_UFPel-2400004-Edital-de-Retificacao-PRPPG.pdf\">SEI_UFPel &#8211; 2400004 &#8211; Edital de Retifica\u00e7\u00e3o PRPPG<\/a><\/p>\n<p>\u2014<\/p>\n<p><strong>Homologa\u00e7\u00e3o das inscri\u00e7\u00f5es<\/strong>: <a href=\"https:\/\/wp.ufpel.edu.br\/ppgd\/files\/2023\/09\/INSCRICOES-HOMOLOGACAO.pdf\">INSCRI\u00c7\u00d5ES HOMOLOGA\u00c7\u00c3O<\/a> (publicado em 26\/09\/2023, \u00e0s 14h)<\/p>\n<p><strong>Homologa\u00e7\u00e3o das inscri\u00e7\u00f5es ap\u00f3s recursos<\/strong>: <a href=\"https:\/\/wp.ufpel.edu.br\/ppgd\/files\/2023\/09\/Homologacao-resultado-final.pdf\">HOMOLOGA\u00c7\u00c3O RESULTADO FINAL<\/a> (publicado em 30\/09\/2023)<\/p>\n<p>__<\/p>\n<p><strong>Realiza\u00e7\u00e3o da Prova Escrita<\/strong>: 02\/10\/2023, \u00e0s 14h<\/p>\n<p><strong>Resultado da Prova Escrita<\/strong>: <a href=\"https:\/\/wp.ufpel.edu.br\/ppgd\/files\/2023\/10\/Resultado-Prova-Escrita.pdf\">Resultado Prova Escrita<\/a>\u00a0(publicado em 06\/10\/2023, \u00e0s 11:20)<\/p>\n<p><strong>Resultado da Prova Escrita ap\u00f3s recursos<\/strong>: <a href=\"https:\/\/wp.ufpel.edu.br\/ppgd\/files\/2023\/10\/Resultado-Prova-Escrita-Apos-Recursos.pdf\">Resultado Prova Escrita Ap\u00f3s Recursos<\/a> (publicado em 18\/10\/2023)<\/p>\n<p><strong>Resultado do Anteprojeto<\/strong>: <a href=\"https:\/\/wp.ufpel.edu.br\/ppgd\/files\/2023\/10\/Resultado-Anteprojeto.pdf\">Resultado Anteprojeto<\/a> (publicado em 21\/10\/2023)<\/p>\n<p><strong>Resultado do Anteprojeto ap\u00f3s recursos<\/strong>: <a href=\"https:\/\/wp.ufpel.edu.br\/ppgd\/files\/2023\/10\/Resultado-Anteprojeto-Apos-Recursos.pdf\">Resultado Anteprojeto Ap\u00f3s Recursos<\/a> (publicado em 28\/10\/2023)<\/p>\n<p><strong>Calend\u00e1rio das entrevistas:\u00a0<\/strong><a href=\"https:\/\/wp.ufpel.edu.br\/ppgd\/files\/2023\/11\/CALENDARIO-ENTREVISTAS-RETIFICADO.pdf\">CALEND\u00c1RIO ENTREVISTAS RETIFICADO<\/a> (altera\u00e7\u00e3o do link para as entrevistas de:\u00a0C\u00cdCERO SILVEIRA CHRISTINO,\u00a0MIRELLA ENCARNA\u00c7\u00c3O DA COSTA e\u00a0TIAGO OLIMPIO DA SILVA. As demais informa\u00e7\u00f5es permanecem inalteradas)<\/p>\n<p><strong>Resultado da Entrevista<\/strong>: <a href=\"https:\/\/wp.ufpel.edu.br\/ppgd\/files\/2023\/11\/Resultado-Entrevista.pdf\">Resultado Entrevista<\/a> (publicado em 19\/11\/2023)<\/p>\n<p><b>Resultado da Entrevista ap\u00f3s recursos: <\/b><a href=\"https:\/\/wp.ufpel.edu.br\/ppgd\/files\/2023\/11\/Resultado-Entrevista-Apos-Recursos.pdf\">Resultado Entrevista Ap\u00f3s Recursos<\/a> (publicado em 24\/11\/2023)<\/p>\n<p><strong>Resultado do Curr\u00edculo Lattes:<\/strong> <a href=\"https:\/\/wp.ufpel.edu.br\/ppgd\/files\/2023\/11\/Resultado-Lattes-.pdf\">Resultado Lattes<\/a> (publicado em 24\/11\/2023)<\/p>\n<p><strong>Resultado do Curr\u00edculo Lattes ap\u00f3s recursos:<\/strong> <a href=\"https:\/\/wp.ufpel.edu.br\/ppgd\/files\/2023\/12\/Resultado-Lattes-apos-recursos.pdf\">Resultado Lattes ap\u00f3s recursos<\/a> (publicado em 01\/12\/2023)<\/p>\n<p><strong>Resultado final: <\/strong><a href=\"https:\/\/wp.ufpel.edu.br\/ppgd\/files\/2023\/12\/Resultado-final.pdf\">Resultado final<\/a> (publicado em 08\/12\/2023)<\/p>\n<p><strong>Resultado final ap\u00f3s recursos: <\/strong><a href=\"https:\/\/wp.ufpel.edu.br\/ppgd\/files\/2023\/12\/Resultado-final-apos-recursos.pdf\">Resultado final ap\u00f3s recursos<\/a> (publicado em 15\/12\/2023)<\/p>\n<p><strong>Aten\u00e7\u00e3o<\/strong>: Informa\u00e7\u00f5es sobre a matr\u00edcula ser\u00e3o enviadas por e-mail.<\/p>\n<p><strong>Chamada de suplente:<\/strong><\/p>\n<p>1 \u2013 KAIO FIGUEIREDO SALVADOR (ren\u00fancia de AMANDA GEISLER AIRES BISPAR)<\/p>\n<p>2 \u2013 MILENA MARTINS BARDOU ZANINO (ren\u00fancia de VIT\u00d3RIA DAS NEVES FARIAS TAVARES)<\/p>\n","protected":false},"excerpt":{"rendered":"<p>Edital para ingresso como estudante regular 2024 Sele\u00e7\u00e3o para Estudante Regular 2024 \u2013 PPGD\/UFPel 1. Edital: SEI_UFPel &#8211; 2276627 &#8211; Edital de sele\u00e7\u00e3o PRPPG 2. Anexo I: Lattes Anexo I &#8211; Curr\u00edculo Lattes 3. Anexo II: Requerimento de Inscri\u00e7\u00e3o Anexo II &#8211; Requerimento de inscri\u00e7\u00e3o 4. Formul\u00e1rio Declara\u00e7\u00e3o de Etnia:\u00a0Declaracao-de-etnia 5. Autodeclara\u00e7\u00e3o de Identidade de &hellip; <\/p>\n<p><a class=\"more-link btn\" href=\"https:\/\/wp.ufpel.edu.br\/ppgd\/estudante-regular-2024\/\">Continue lendo<\/a><\/p>\n","protected":false},"author":293,"featured_media":0,"parent":0,"menu_order":0,"comment_status":"closed","ping_status":"closed","template":"","meta":{"footnotes":""},"class_list":["post-6573","page","type-page","status-publish","hentry","nodate","item-wrap"],"jetpack-related-posts":[],"jetpack_sharing_enabled":true,"_links":{"self":[{"href":"https:\/\/wp.ufpel.edu.br\/ppgd\/wp-json\/wp\/v2\/pages\/6573","targetHints":{"allow":["GET"]}}],"collection":[{"href":"https:\/\/wp.ufpel.edu.br\/ppgd\/wp-json\/wp\/v2\/pages"}],"about":[{"href":"https:\/\/wp.ufpel.edu.br\/ppgd\/wp-json\/wp\/v2\/types\/page"}],"author":[{"embeddable":true,"href":"https:\/\/wp.ufpel.edu.br\/ppgd\/wp-json\/wp\/v2\/users\/293"}],"replies":[{"embeddable":true,"href":"https:\/\/wp.ufpel.edu.br\/ppgd\/wp-json\/wp\/v2\/comments?post=6573"}],"version-history":[{"count":36,"href":"https:\/\/wp.ufpel.edu.br\/ppgd\/wp-json\/wp\/v2\/pages\/6573\/revisions"}],"predecessor-version":[{"id":6938,"href":"https:\/\/wp.ufpel.edu.br\/ppgd\/wp-json\/wp\/v2\/pages\/6573\/revisions\/6938"}],"wp:attachment":[{"href":"https:\/\/wp.ufpel.edu.br\/ppgd\/wp-json\/wp\/v2\/media?parent=6573"}],"curies":[{"name":"wp","href":"https:\/\/api.w.org\/{rel}","templated":true}]}}