{"id":6215,"date":"2023-03-17T11:23:13","date_gmt":"2023-03-17T14:23:13","guid":{"rendered":"https:\/\/wp.ufpel.edu.br\/ppgd\/?page_id=6215"},"modified":"2025-06-16T23:45:44","modified_gmt":"2025-06-17T02:45:44","slug":"infraestrutura","status":"publish","type":"page","link":"https:\/\/wp.ufpel.edu.br\/ppgd\/infraestrutura\/","title":{"rendered":"Infraestrutura"},"content":{"rendered":"<hr \/>\n<p>O PPGD\/UFPel est\u00e1 localizado em um pr\u00e9dio hist\u00f3rico da cidade de Pelotas (Faculdade de Direito). O espa\u00e7o compreende:<\/p>\n<p>1) uma sala para a coordena\u00e7\u00e3o do Mestrado;<\/p>\n<p>2) uma sala de professores;<\/p>\n<p>3) uma sala de aula;<\/p>\n<p>4) uma sala para discentes (laborat\u00f3rio de pesquisa);<\/p>\n<p>5) uma sala para reuni\u00f5es;<\/p>\n<p>6) uma sala de estudos para discentes da Faculdade de Direito;<\/p>\n<p>7) duas salas de estudos para discentes localizadas na Biblioteca da Faculdade de Direito;<\/p>\n<p>8) um audit\u00f3rio (Sal\u00e3o de Atos da Faculdade de Direito);<\/p>\n<p>9) uma Biblioteca localizada no andar t\u00e9rreo da Faculdade de Direito, contendo computadores para consulta local;<\/p>\n<p>10) a Secretaria do PPGD est\u00e1 localizada em sala da Secretaria da Faculdade de Direito.<\/p>\n","protected":false},"excerpt":{"rendered":"<p>O PPGD\/UFPel est\u00e1 localizado em um pr\u00e9dio hist\u00f3rico da cidade de Pelotas (Faculdade de Direito). O espa\u00e7o compreende: 1) uma sala para a coordena\u00e7\u00e3o do Mestrado; 2) uma sala de professores; 3) uma sala de aula; 4) uma sala para discentes (laborat\u00f3rio de pesquisa); 5) uma sala para reuni\u00f5es; 6) uma sala de estudos para &hellip; <\/p>\n<p><a class=\"more-link btn\" href=\"https:\/\/wp.ufpel.edu.br\/ppgd\/infraestrutura\/\">Continue lendo<\/a><\/p>\n","protected":false},"author":293,"featured_media":0,"parent":0,"menu_order":0,"comment_status":"closed","ping_status":"closed","template":"","meta":{"footnotes":""},"class_list":["post-6215","page","type-page","status-publish","hentry","nodate","item-wrap"],"jetpack-related-posts":[],"jetpack_sharing_enabled":true,"_links":{"self":[{"href":"https:\/\/wp.ufpel.edu.br\/ppgd\/wp-json\/wp\/v2\/pages\/6215","targetHints":{"allow":["GET"]}}],"collection":[{"href":"https:\/\/wp.ufpel.edu.br\/ppgd\/wp-json\/wp\/v2\/pages"}],"about":[{"href":"https:\/\/wp.ufpel.edu.br\/ppgd\/wp-json\/wp\/v2\/types\/page"}],"author":[{"embeddable":true,"href":"https:\/\/wp.ufpel.edu.br\/ppgd\/wp-json\/wp\/v2\/users\/293"}],"replies":[{"embeddable":true,"href":"https:\/\/wp.ufpel.edu.br\/ppgd\/wp-json\/wp\/v2\/comments?post=6215"}],"version-history":[{"count":4,"href":"https:\/\/wp.ufpel.edu.br\/ppgd\/wp-json\/wp\/v2\/pages\/6215\/revisions"}],"predecessor-version":[{"id":7752,"href":"https:\/\/wp.ufpel.edu.br\/ppgd\/wp-json\/wp\/v2\/pages\/6215\/revisions\/7752"}],"wp:attachment":[{"href":"https:\/\/wp.ufpel.edu.br\/ppgd\/wp-json\/wp\/v2\/media?parent=6215"}],"curies":[{"name":"wp","href":"https:\/\/api.w.org\/{rel}","templated":true}]}}