{"id":6188,"date":"2023-03-16T18:45:49","date_gmt":"2023-03-16T21:45:49","guid":{"rendered":"https:\/\/wp.ufpel.edu.br\/ppgd\/?page_id=6188"},"modified":"2025-06-16T23:51:10","modified_gmt":"2025-06-17T02:51:10","slug":"planejamento-estrategico","status":"publish","type":"page","link":"https:\/\/wp.ufpel.edu.br\/ppgd\/planejamento-estrategico\/","title":{"rendered":"Planejamento Estrat\u00e9gico e Autoavalia\u00e7\u00e3o"},"content":{"rendered":"<p><strong>Quadrienal 2017-2020<\/strong><\/p>\n<p><a href=\"https:\/\/wp.ufpel.edu.br\/ppgd\/files\/2025\/06\/Relatorio-Autoavaliacao-2020.pdf\">Relatorio Autoavalia\u00e7\u00e3o 2020<\/a><\/p>\n<p><strong>Quadrienal 2021-2024<\/strong><\/p>\n<p><a href=\"https:\/\/wp.ufpel.edu.br\/ppgd\/files\/2025\/06\/Planejamento-Estrategico-do-PPGD-2021-2024.pdf\">Planejamento Estrategico do PPGD 2021-2024<\/a><\/p>\n<p><a href=\"https:\/\/wp.ufpel.edu.br\/ppgd\/files\/2025\/06\/Relatorio-Autoavaliacao-2024.pdf\">Relatorio Autoavalia\u00e7\u00e3o 2024<\/a><\/p>\n<p><a href=\"https:\/\/wp.ufpel.edu.br\/ppgd\/files\/2025\/06\/Avaliacao-de-planejamento-2021-2024.pdf\">Avalia\u00e7\u00e3o de planejamento 2021-2024<\/a><\/p>\n<hr \/>\n<p>&nbsp;<\/p>\n","protected":false},"excerpt":{"rendered":"<p>Quadrienal 2017-2020 Relatorio Autoavalia\u00e7\u00e3o 2020 Quadrienal 2021-2024 Planejamento Estrategico do PPGD 2021-2024 Relatorio Autoavalia\u00e7\u00e3o 2024 Avalia\u00e7\u00e3o de planejamento 2021-2024 &nbsp;<\/p>\n","protected":false},"author":293,"featured_media":0,"parent":0,"menu_order":0,"comment_status":"closed","ping_status":"closed","template":"","meta":{"footnotes":""},"class_list":["post-6188","page","type-page","status-publish","hentry","nodate","item-wrap"],"jetpack-related-posts":[],"jetpack_sharing_enabled":true,"_links":{"self":[{"href":"https:\/\/wp.ufpel.edu.br\/ppgd\/wp-json\/wp\/v2\/pages\/6188","targetHints":{"allow":["GET"]}}],"collection":[{"href":"https:\/\/wp.ufpel.edu.br\/ppgd\/wp-json\/wp\/v2\/pages"}],"about":[{"href":"https:\/\/wp.ufpel.edu.br\/ppgd\/wp-json\/wp\/v2\/types\/page"}],"author":[{"embeddable":true,"href":"https:\/\/wp.ufpel.edu.br\/ppgd\/wp-json\/wp\/v2\/users\/293"}],"replies":[{"embeddable":true,"href":"https:\/\/wp.ufpel.edu.br\/ppgd\/wp-json\/wp\/v2\/comments?post=6188"}],"version-history":[{"count":5,"href":"https:\/\/wp.ufpel.edu.br\/ppgd\/wp-json\/wp\/v2\/pages\/6188\/revisions"}],"predecessor-version":[{"id":7761,"href":"https:\/\/wp.ufpel.edu.br\/ppgd\/wp-json\/wp\/v2\/pages\/6188\/revisions\/7761"}],"wp:attachment":[{"href":"https:\/\/wp.ufpel.edu.br\/ppgd\/wp-json\/wp\/v2\/media?parent=6188"}],"curies":[{"name":"wp","href":"https:\/\/api.w.org\/{rel}","templated":true}]}}