{"id":5801,"date":"2023-03-07T22:35:13","date_gmt":"2023-03-08T01:35:13","guid":{"rendered":"https:\/\/wp.ufpel.edu.br\/ppgd\/?page_id=5801"},"modified":"2025-08-26T10:38:43","modified_gmt":"2025-08-26T13:38:43","slug":"documentos-e-solicitacoes","status":"publish","type":"page","link":"https:\/\/wp.ufpel.edu.br\/ppgd\/documentos-e-solicitacoes\/","title":{"rendered":"Documentos e Solicita\u00e7\u00f5es"},"content":{"rendered":"<p>&nbsp;<\/p>\n<p>&nbsp;<\/p>\n<p>&nbsp;<\/p>\n<hr \/>\n<p><span style=\"font-family: helvetica, arial, sans-serif; color: #000000;\"><strong>Documentos para Qualifica\u00e7\u00e3o <\/strong><\/span><span style=\"font-size: 10pt;\"><span class=\"collapseomatic \" id=\"id69df5b9637a1b\"  tabindex=\"0\" title=\"Ver mais\"    >Ver mais<\/span><span id='swap-id69df5b9637a1b'  class='colomat-swap' style='display:none;'>Ver menos<\/span><div id=\"target-id69df5b9637a1b\" class=\"collapseomatic_content \"><\/span><\/p>\n<ul>\n<li><span style=\"font-family: arial, helvetica, sans-serif; font-size: 10pt; color: #000000;\"><a style=\"color: #000000;\" href=\"https:\/\/wp.ufpel.edu.br\/ppgd\/files\/2017\/05\/Formul\u00e1rio-de-Orienta\u00e7\u00f5es.doc\">Formul\u00e1rio <span style=\"color: #000000;\">de Orienta\u00e7\u00f5es<\/span><\/a><\/span><\/li>\n<li><span style=\"font-family: arial, helvetica, sans-serif; font-size: 10pt; color: #000000;\"><a style=\"color: #000000;\" href=\"https:\/\/wp.ufpel.edu.br\/ppgd\/files\/2018\/05\/Formul\u00e1rio-de-Encaminhamento-Qualifica\u00e7\u00e3o.doc\">Formul\u00e1rio de Encaminhamento &#8211; Qualifica\u00e7\u00e3o<\/a><\/span><\/li>\n<li>\n<h5><a href=\"https:\/\/docs.google.com\/forms\/d\/e\/1FAIpQLScW8KV-iTAahZ37Os4rDqwqq05-tUb62z9eTgJC_Wz16xulVQ\/viewform\">Formul\u00e1rio de Elabora\u00e7\u00e3o de Cartaz (Bancas)\u00a0<\/a><\/h5>\n<\/li>\n<li><span style=\"font-family: arial, helvetica, sans-serif; font-size: 10pt; color: #000000;\"><a style=\"color: #000000;\" href=\"https:\/\/wp.ufpel.edu.br\/ppgd\/files\/2018\/05\/Manual_Normas_UFPel_trabalhos_acad\u00eamicos.pdf\">Manual de Normas UFPel para trabalhos acad\u00eamicos<\/a><\/span><\/li>\n<li><span style=\"font-family: arial, helvetica, sans-serif; font-size: 10pt; color: #000000;\">Atestado de Profici\u00eancia<\/span><\/li>\n<\/ul>\n<p><span style=\"font-family: arial, helvetica, sans-serif; font-size: 10pt;\">Quando da solicita\u00e7\u00e3o de marca\u00e7\u00e3o da banca de qualifica\u00e7\u00e3o, o (a) discente dever\u00e1 encaminhar ao PPGD os documentos abaixo relacionados, <strong>assinados e devidamente enumerados \/ nominados, no formato PDF, em um \u00fanico e-mail (ppgd@ufpel.edu.br), como segue:<\/strong><\/span><\/p>\n<ol>\n<li><span style=\"font-family: arial, helvetica, sans-serif; font-size: 10pt;\">Formul\u00e1rio de Orienta\u00e7\u00f5es;<\/span><\/li>\n<li><span style=\"font-family: arial, helvetica, sans-serif; font-size: 10pt;\">Formul\u00e1rio de Encaminhamento de Qualifica\u00e7\u00e3o;<\/span><\/li>\n<li><span style=\"font-family: arial, helvetica, sans-serif; font-size: 10pt;\">Projeto de Qualifica\u00e7\u00e3o aprovado pelo (a) orientador (a);<\/span><\/li>\n<li><span style=\"font-family: arial, helvetica, sans-serif; font-size: 10pt;\">Atestado de Profici\u00eancia;<\/span><\/li>\n<\/ol>\n<p><span style=\"font-family: arial, helvetica, sans-serif; font-size: 10pt;\"><strong>D\u00favidas poder\u00e3o ser sanadas acessando o <\/strong><a href=\"https:\/\/wp.ufpel.edu.br\/ppgd\/files\/2018\/05\/Manual_Normas_UFPel_trabalhos_acad%C3%AAmicos.pdf\"><strong>Manual de Normas UFPel para trabalhos acad\u00eamicos<\/strong><\/a><strong> ou juntamente ao seu (sua) orientador (a). <\/strong><\/span><\/p>\n<p><span style=\"font-family: arial, helvetica, sans-serif; font-size: 10pt;\"><strong>Obs.: No caso de arquivos extensos, orientamos a compacta\u00e7\u00e3o atrav\u00e9s da utiliza\u00e7\u00e3o de aplicativos como WINZIP ou WINRAR, bem como de sites de compacta\u00e7\u00e3o, ou disponibiliza\u00e7\u00e3o de links de acesso atrav\u00e9s do Dropbox, Google Drive ou One Drive, <u>ap\u00f3s os arquivos terem sido compactados via WINZIP ou WINRAR.<\/u><\/strong><\/span><\/p>\n<p><span style=\"font-size: 10pt;\"><\/div><\/span><\/p>\n<hr \/>\n<p><span style=\"font-family: helvetica, arial, sans-serif; color: #000000;\"><strong>Documentos para Defesa de Disserta\u00e7\u00e3o\u00a0<\/strong><\/span><span style=\"font-size: 10pt;\"><span class=\"collapseomatic \" id=\"id69df5b9637ac6\"  tabindex=\"0\" title=\"Ver mais\"    >Ver mais<\/span><span id='swap-id69df5b9637ac6'  class='colomat-swap' style='display:none;'>Ver menos<\/span><div id=\"target-id69df5b9637ac6\" class=\"collapseomatic_content \"><\/span><\/p>\n<ul>\n<li><span style=\"font-family: helvetica, arial, sans-serif; font-size: 10pt; color: #000000;\"><a style=\"color: #000000;\" href=\"https:\/\/wp.ufpel.edu.br\/sisbi\/documentos\/manuais-e-tutoriais\/\"><span style=\"font-family: arial, helvetica, sans-serif; font-size: 10pt;\">Manual de normas UFPel para trabalhos acad\u00eamicos<\/span><\/a><\/span><\/li>\n<li><span style=\"font-family: arial, helvetica, sans-serif; font-size: 10pt; background-color: #ffffff; color: #000000;\"><a style=\"background-color: #ffffff; color: #000000;\" href=\"https:\/\/wp.ufpel.edu.br\/sisbi\/normas-da-ufpel-para-trabalhos-academicos\/\">Manuais e Tutoriais da biblioteca da UFPel<\/a><\/span><\/li>\n<li><span style=\"font-family: arial, helvetica, sans-serif; font-size: 10pt; color: #000000;\"><a style=\"color: #000000;\" href=\"https:\/\/wp.ufpel.edu.br\/ppgd\/files\/2019\/07\/Capa_Paginas_pre-textuais_e_pos-textuais-1.docx\">Capa e Paginas pr\u00e9-textuais e p\u00f3s-textuais<\/a><\/span><\/li>\n<li><span style=\"font-family: arial, helvetica, sans-serif; font-size: 10pt; color: #000000;\"><a style=\"color: #000000;\" href=\"https:\/\/wp.ufpel.edu.br\/ppgd\/files\/2025\/01\/Termo-de-disponibilizaA\u0303\u00a7A\u0303o-repositA\u0303\u00b3rio-Guaiaca-1.pdf\">Termo Disserta\u00e7\u00e3o e Tese &#8211; Sistema de Bibliotecas<\/a><\/span><\/li>\n<li><span style=\"font-family: arial, helvetica, sans-serif; font-size: 10pt; color: #000000;\"><a style=\"color: #000000;\" href=\"https:\/\/wp.ufpel.edu.br\/ppgd\/files\/2018\/05\/Encaminhamento-de-Defesa-de-Dissserta\u00e7\u00e3o.doc\">Encaminhamento de Defesa de Disserta\u00e7\u00e3o<\/a><\/span><\/li>\n<li><a href=\"http:\/\/sisbi.ufpel.edu.br\/?p=reqFicha\"><span style=\"font-family: arial, helvetica, sans-serif; font-size: 10pt; background-color: #ffffff; color: #000000;\">Ficha catalogr\u00e1fica (Teses e Disserta\u00e7\u00f5es)<\/span><\/a><\/li>\n<li><span style=\"font-family: arial, helvetica, sans-serif; font-size: 10pt;\"><a href=\"https:\/\/wp.ufpel.edu.br\/ppgd\/files\/2023\/01\/Formulario_Membro-Externo.docx\">Formul\u00e1rio Membro Externo<\/a><\/span><\/li>\n<li>\n<h5><a href=\"https:\/\/docs.google.com\/forms\/d\/e\/1FAIpQLScW8KV-iTAahZ37Os4rDqwqq05-tUb62z9eTgJC_Wz16xulVQ\/viewform\">Formul\u00e1rio de Elabora\u00e7\u00e3o de Cartaz (Bancas)\u00a0<\/a><\/h5>\n<\/li>\n<\/ul>\n<p><span style=\"font-family: arial, helvetica, sans-serif; font-size: 10pt;\"><strong><u>Documentos para Defesa de Disserta\u00e7\u00e3o<\/u><\/strong><\/span><\/p>\n<p><span style=\"font-family: arial, helvetica, sans-serif; font-size: 10pt;\">Quando da solicita\u00e7\u00e3o de marca\u00e7\u00e3o da banca de defesa de disserta\u00e7\u00e3o, o (a) discente dever\u00e1 encaminhar ao PPGD os documentos abaixo relacionados, <strong>assinados e devidamente enumerados \/ nominados, no formato PDF, em um \u00fanico e-mail (ppgd@ufpel.edu.br), como segue:<\/strong><\/span><\/p>\n<ol>\n<li><span style=\"font-family: arial, helvetica, sans-serif; font-size: 10pt;\">Disserta\u00e7\u00e3o<\/span><\/li>\n<li><span style=\"font-family: arial, helvetica, sans-serif; font-size: 10pt;\">Termo de autoriza\u00e7\u00e3o para inserir teses e disserta\u00e7\u00f5es nas bases de dados da UFPel e IBICT<\/span><\/li>\n<li><span style=\"font-family: arial, helvetica, sans-serif; font-size: 10pt;\">Formul\u00e1rio de encaminhamento de defesa de disserta\u00e7\u00e3o, indicando ao lado do nome do membro se o (a) mesmo (a) \u00e9 orientador (a); coorientador (a); membro interno ou membro externo;<\/span><\/li>\n<li><span style=\"font-family: arial, helvetica, sans-serif; font-size: 10pt;\">Formul\u00e1rio de solicita\u00e7\u00e3o de cadastramento de membro externo;<\/span><\/li>\n<li><span style=\"font-family: arial, helvetica, sans-serif; font-size: 10pt;\">Formul\u00e1rio de Orienta\u00e7\u00f5es;<\/span><\/li>\n<li><span style=\"font-family: arial, helvetica, sans-serif; font-size: 10pt;\">Publica\u00e7\u00f5es (Qualis \u2013 CAPES): A1; A2; B1; B2 ou B3 na \u00e1rea do Direito;<\/span><\/li>\n<li><span style=\"font-family: arial, helvetica, sans-serif; font-size: 10pt;\">Certificados \/ Atestados de apresenta\u00e7\u00e3o de trabalhos em evento (s);<\/span><\/li>\n<li><span style=\"font-family: arial, helvetica, sans-serif; font-size: 10pt;\">Certificados \/ Atestados de participa\u00e7\u00e3o em eventos (nacionais e internacionais);<\/span><\/li>\n<li><span style=\"font-family: arial, helvetica, sans-serif; font-size: 10pt;\">Formul\u00e1rio de Acompanhamento as Orienta\u00e7\u00f5es;<\/span><\/li>\n<li><span style=\"font-family: arial, helvetica, sans-serif; font-size: 10pt;\">Relat\u00f3rio de Participa\u00e7\u00e3o em Bancas.<\/span><\/li>\n<\/ol>\n<p><span style=\"font-family: arial, helvetica, sans-serif; font-size: 10pt;\"><strong>D\u00favidas poder\u00e3o ser sanadas acessando o <\/strong><a href=\"https:\/\/wp.ufpel.edu.br\/ppgd\/files\/2018\/05\/Manual_Normas_UFPel_trabalhos_acad%C3%AAmicos.pdf\"><strong>Manual de Normas UFPel para trabalhos acad\u00eamicos<\/strong><\/a><strong> ou juntamente ao seu (sua) orientador (a). <\/strong><\/span><\/p>\n<p><span style=\"font-family: arial, helvetica, sans-serif; font-size: 10pt;\"><strong>Obs.: No caso de arquivos extensos, orientamos a compacta\u00e7\u00e3o atrav\u00e9s da utiliza\u00e7\u00e3o de aplicativos como WINZIP ou WINRAR, bem como de sites de compacta\u00e7\u00e3o, ou disponibiliza\u00e7\u00e3o de links de acesso atrav\u00e9s do Dropbox, Google Drive ou One Drive, <u>ap\u00f3s os arquivos terem sido compactados via WINZIP ou WINRAR<\/u>.<\/strong><\/span><\/p>\n<p><span style=\"font-size: 10pt;\"><\/div><\/span><\/p>\n<hr \/>\n<p><span style=\"font-family: helvetica, arial, sans-serif; color: #000000;\"><strong>Solicita\u00e7\u00f5es <\/strong><\/span><span style=\"font-size: 10pt;\"><span class=\"collapseomatic \" id=\"id69df5b9637b29\"  tabindex=\"0\" title=\"Ver mais\"    >Ver mais<\/span><span id='swap-id69df5b9637b29'  class='colomat-swap' style='display:none;'>Ver menos<\/span><div id=\"target-id69df5b9637b29\" class=\"collapseomatic_content \">\n<\/span><\/p>\n<ul>\n<li><span style=\"font-family: arial, helvetica, sans-serif; color: #000000; font-size: 10pt;\"><a style=\"color: #000000;\" href=\"https:\/\/wp.ufpel.edu.br\/ppgd\/files\/2018\/02\/Formul\u00e1rio-Solicita\u00e7\u00e3o-de-Aproveitamento-de-Cr\u00e9dito-1.doc\">Solicita\u00e7\u00e3o de aproveitamento de cr\u00e9dito<\/a><\/span><\/li>\n<li><span style=\"font-family: arial, helvetica, sans-serif; color: #000000; font-size: 10pt;\"><a style=\"color: #000000;\" href=\"https:\/\/wp.ufpel.edu.br\/ppgd\/files\/2018\/02\/Formul\u00e1rio-Trancamento-de-Matr\u00edcula-1.doc\">Trancamento de matr\u00edcula<\/a><\/span><\/li>\n<li><span style=\"font-family: arial, helvetica, sans-serif; color: #000000; font-size: 10pt;\"><a style=\"color: #000000;\" href=\"https:\/\/wp.ufpel.edu.br\/ppgd\/files\/2019\/03\/Cancelamento-de-matr\u00edcula-em-disciplina.doc\">Cancelamento de matr\u00edcula em disciplina<\/a><\/span><\/li>\n<li><span style=\"font-family: arial, helvetica, sans-serif; color: #000000; font-size: 10pt;\"><a style=\"color: #000000;\" href=\"https:\/\/wp.ufpel.edu.br\/ppgd\/files\/2019\/03\/MODELO-PARA-ACOMPANHAMENTO-EVENTOS.pdf\">Acompanhamento de eventos<\/a><\/span><\/li>\n<li><span style=\"font-family: arial, helvetica, sans-serif; color: #000000; font-size: 10pt;\"><a style=\"color: #000000;\" href=\"https:\/\/wp.ufpel.edu.br\/ppgd\/files\/2016\/12\/Coleta-de-dados-de-professor-visitante-2.doc\">Coleta de dados de professor visitante<\/a><\/span><\/li>\n<li><span style=\"font-family: arial, helvetica, sans-serif; font-size: 10pt; color: #000000;\"><a style=\"color: #000000;\" href=\"https:\/\/wp.ufpel.edu.br\/ppgd\/files\/2019\/06\/Relat\u00f3rio-semestral-de-bolsista.docx\">Relat\u00f3rio semestral de bolsista<\/a><\/span><\/li>\n<\/ul>\n<p><span style=\"font-family: arial, helvetica, sans-serif; font-size: 10pt;\"><strong><u>Solicita\u00e7\u00e3o de Diploma<\/u><\/strong><\/span><\/p>\n<p><span style=\"font-family: arial, helvetica, sans-serif; font-size: 10pt;\">Quando da solicita\u00e7\u00e3o de expedi\u00e7\u00e3o do Diploma ap\u00f3s a defesa, o (a) discente dever\u00e1 realizar a solicita\u00e7\u00e3o um \u00fanico e-mail (<a href=\"mailto:ppgd@ufpel.edu.br\">ppgd@ufpel.edu.br<\/a>), encaminhando os documentos abaixo relacionados,<strong> devidamente enumerados \/ nominados, no formato PDF como segue:<\/strong><\/span><\/p>\n<ol>\n<li><span style=\"font-family: arial, helvetica, sans-serif; font-size: 10pt;\"><strong>Carteira de Identidade;<\/strong><\/span><\/li>\n<li><span style=\"font-family: arial, helvetica, sans-serif; font-size: 10pt;\"><strong>Cadastro de Pessoa F\u00edsica (CPF); <\/strong><\/span><\/li>\n<li><span style=\"font-family: arial, helvetica, sans-serif; font-size: 10pt;\"><strong>Certid\u00e3o de Nascimento;<\/strong><\/span><\/li>\n<li><span style=\"font-family: arial, helvetica, sans-serif; font-size: 10pt;\"><strong>Certid\u00e3o de Casamento [se casado ( a)];<\/strong><\/span><\/li>\n<li><span style=\"font-family: arial, helvetica, sans-serif; font-size: 10pt;\"><strong>Diploma de Gradua\u00e7\u00e3o.<\/strong><\/span><\/li>\n<\/ol>\n<p><span style=\"font-size: 10pt;\"><\/div><\/span><\/p>\n<hr \/>\n<p><span style=\"font-family: helvetica, arial, sans-serif; color: #000000;\"><strong>Relat\u00f3rios <\/strong><\/span><span style=\"font-size: 10pt;\"><span class=\"collapseomatic \" id=\"id69df5b9637b6c\"  tabindex=\"0\" title=\"Ver mais\"    >Ver mais<\/span><span id='swap-id69df5b9637b6c'  class='colomat-swap' style='display:none;'>Ver menos<\/span><div id=\"target-id69df5b9637b6c\" class=\"collapseomatic_content \"><\/span><\/p>\n<ul>\n<li><span style=\"font-family: helvetica, arial, sans-serif; font-size: 10pt; color: #000000;\">Relat\u00f3rio Discente Anual<br \/>\n<\/span><\/li>\n<li><span style=\"font-family: helvetica, arial, sans-serif; font-size: 10pt; color: #000000;\">Relat\u00f3rio de Bolsa<\/span><\/li>\n<\/ul>\n<p><span style=\"font-size: 10pt;\"><\/div><\/span><\/p>\n<hr \/>\n<p><span style=\"font-family: helvetica, arial, sans-serif; color: #000000;\"><strong>Procedimento para licen\u00e7a m\u00e9dica de aluno <\/strong><\/span><span style=\"font-size: 10pt;\"><span class=\"collapseomatic \" id=\"id69df5b9637b9e\"  tabindex=\"0\" title=\"Ver mais\"    >Ver mais<\/span><span id='swap-id69df5b9637b9e'  class='colomat-swap' style='display:none;'>Ver menos<\/span><div id=\"target-id69df5b9637b9e\" class=\"collapseomatic_content \"><\/span><\/p>\n<p><span style=\"font-family: arial, helvetica, sans-serif; font-size: 10pt;\">Os atestados m\u00e9dicos e \/ ou odontol\u00f3gicos de <strong>at\u00e9 3 (tr\u00eas) dias<\/strong>, dever\u00e3o ser encaminhados ao e-mail do PPGD <strong>(<\/strong><a href=\"mailto:ppgd@ufpel.edu.br\"><strong>ppgd@ufpel.edu.br<\/strong><\/a><strong>), <\/strong>em at\u00e9 <strong>72h (setenta e duas horas)<\/strong> a contar do afastamento. Atestados m\u00e9dicos e \/ ou odontol\u00f3gicos com prazo <strong>superior a 3 (tr\u00eas) dias<\/strong>, dever\u00e3o ser encaminhados\u00a0 \u00e0 Se\u00e7\u00e3o de Per\u00edcia M\u00e9dica da UFPel, sendo utilizado o <strong>Sistema Cobalto<\/strong>, atrav\u00e9s da rota aluno -&gt; cadastro -&gt; solicita\u00e7\u00e3o de exerc\u00edcios domiciliares.<\/span><\/p>\n<p><span style=\"font-family: arial, helvetica, sans-serif; font-size: 10pt;\">O (A) discente convocado (a) para per\u00edcia m\u00e9dica dever\u00e1 apresentar-se a Rua Gomes Carneiro n\u00ba 001 \u2013 segundo andar,- sala 210.<\/span><\/p>\n<p><span style=\"font-family: arial, helvetica, sans-serif; font-size: 10pt;\">Obs.: Poss\u00edveis d\u00favidas poder\u00e3o ser sanadas atrav\u00e9s do endere\u00e7o eletr\u00f4nico:<a href=\"mailto:pericia.medica@ufpel.edu.br\"><strong>\u00a0pericia.medica@ufpel.edu.br<\/strong><\/a> ou atrav\u00e9s do n\u00ba telef\u00f4nico \u00a0(53) 3284-3985.<\/span><\/p>\n<p><span style=\"font-family: arial, helvetica, sans-serif; font-size: 10pt;\"><a href=\"https:\/\/wp.ufpel.edu.br\/ppgd\/files\/2023\/06\/Pericia_AlunoPPG_Requerimento.docx\">Pericia_AlunoPPG_Requerimento<\/a><\/span><\/p>\n<p><span style=\"font-size: 10pt;\"><\/div><\/span><\/p>\n<p>&nbsp;<\/p>\n","protected":false},"excerpt":{"rendered":"<p>&nbsp; &nbsp; &nbsp; Documentos para Qualifica\u00e7\u00e3o Documentos para Defesa de Disserta\u00e7\u00e3o\u00a0 Solicita\u00e7\u00f5es Relat\u00f3rios Procedimento para licen\u00e7a m\u00e9dica de aluno &nbsp;<\/p>\n","protected":false},"author":293,"featured_media":0,"parent":0,"menu_order":0,"comment_status":"closed","ping_status":"closed","template":"","meta":{"footnotes":""},"class_list":["post-5801","page","type-page","status-publish","hentry","nodate","item-wrap"],"jetpack-related-posts":[],"jetpack_sharing_enabled":true,"_links":{"self":[{"href":"https:\/\/wp.ufpel.edu.br\/ppgd\/wp-json\/wp\/v2\/pages\/5801","targetHints":{"allow":["GET"]}}],"collection":[{"href":"https:\/\/wp.ufpel.edu.br\/ppgd\/wp-json\/wp\/v2\/pages"}],"about":[{"href":"https:\/\/wp.ufpel.edu.br\/ppgd\/wp-json\/wp\/v2\/types\/page"}],"author":[{"embeddable":true,"href":"https:\/\/wp.ufpel.edu.br\/ppgd\/wp-json\/wp\/v2\/users\/293"}],"replies":[{"embeddable":true,"href":"https:\/\/wp.ufpel.edu.br\/ppgd\/wp-json\/wp\/v2\/comments?post=5801"}],"version-history":[{"count":4,"href":"https:\/\/wp.ufpel.edu.br\/ppgd\/wp-json\/wp\/v2\/pages\/5801\/revisions"}],"predecessor-version":[{"id":7954,"href":"https:\/\/wp.ufpel.edu.br\/ppgd\/wp-json\/wp\/v2\/pages\/5801\/revisions\/7954"}],"wp:attachment":[{"href":"https:\/\/wp.ufpel.edu.br\/ppgd\/wp-json\/wp\/v2\/media?parent=5801"}],"curies":[{"name":"wp","href":"https:\/\/api.w.org\/{rel}","templated":true}]}}