{"id":58,"date":"2016-12-29T09:14:41","date_gmt":"2016-12-29T11:14:41","guid":{"rendered":"https:\/\/wp.ufpel.edu.br\/ppgd\/?page_id=58"},"modified":"2025-01-24T17:02:04","modified_gmt":"2025-01-24T20:02:04","slug":"contatos","status":"publish","type":"page","link":"https:\/\/wp.ufpel.edu.br\/ppgd\/contatos\/","title":{"rendered":"Contato"},"content":{"rendered":"<hr \/>\n<p><strong>Secretaria do Programa<\/strong><\/p>\n<p>&nbsp;<\/p>\n<p><strong>Rodrigo Silva da Silva<\/strong><\/p>\n<p>Telefone: 53-3284.3254<\/p>\n<p>E-mail: <a href=\"mailto:ppgd@ufpel.edu.br\">ppgd@ufpel.edu.br<\/a><\/p>\n<p>Hor\u00e1rio de Atendimento: segunda a sexta-feira das 08h \u00e0s 12h (presencial) e das 13h \u00e0s 17h\u00a0(teletrabalho)<\/p>\n<hr \/>\n<p><strong>Faculdade de Direito<\/strong><\/p>\n<p>Endere\u00e7o: Pra\u00e7a Conselheiro Maciel, 215<\/p>\n<p>Pelotas\/RS &#8211; CEP &#8211; 96010-030<\/p>\n<p>Telefone: \u00a053- 3284.3252<\/p>\n<p>&nbsp;<\/p>\n<p>&nbsp;<\/p>\n<p>&nbsp;<\/p>\n","protected":false},"excerpt":{"rendered":"<p>Secretaria do Programa &nbsp; Rodrigo Silva da Silva Telefone: 53-3284.3254 E-mail: ppgd@ufpel.edu.br Hor\u00e1rio de Atendimento: segunda a sexta-feira das 08h \u00e0s 12h (presencial) e das 13h \u00e0s 17h\u00a0(teletrabalho) Faculdade de Direito Endere\u00e7o: Pra\u00e7a Conselheiro Maciel, 215 Pelotas\/RS &#8211; CEP &#8211; 96010-030 Telefone: \u00a053- 3284.3252 &nbsp; &nbsp; &nbsp;<\/p>\n","protected":false},"author":293,"featured_media":0,"parent":0,"menu_order":0,"comment_status":"closed","ping_status":"closed","template":"","meta":{"footnotes":""},"class_list":["post-58","page","type-page","status-publish","hentry","nodate","item-wrap"],"jetpack-related-posts":[],"jetpack_sharing_enabled":true,"_links":{"self":[{"href":"https:\/\/wp.ufpel.edu.br\/ppgd\/wp-json\/wp\/v2\/pages\/58","targetHints":{"allow":["GET"]}}],"collection":[{"href":"https:\/\/wp.ufpel.edu.br\/ppgd\/wp-json\/wp\/v2\/pages"}],"about":[{"href":"https:\/\/wp.ufpel.edu.br\/ppgd\/wp-json\/wp\/v2\/types\/page"}],"author":[{"embeddable":true,"href":"https:\/\/wp.ufpel.edu.br\/ppgd\/wp-json\/wp\/v2\/users\/293"}],"replies":[{"embeddable":true,"href":"https:\/\/wp.ufpel.edu.br\/ppgd\/wp-json\/wp\/v2\/comments?post=58"}],"version-history":[{"count":18,"href":"https:\/\/wp.ufpel.edu.br\/ppgd\/wp-json\/wp\/v2\/pages\/58\/revisions"}],"predecessor-version":[{"id":7566,"href":"https:\/\/wp.ufpel.edu.br\/ppgd\/wp-json\/wp\/v2\/pages\/58\/revisions\/7566"}],"wp:attachment":[{"href":"https:\/\/wp.ufpel.edu.br\/ppgd\/wp-json\/wp\/v2\/media?parent=58"}],"curies":[{"name":"wp","href":"https:\/\/api.w.org\/{rel}","templated":true}]}}