{"id":5797,"date":"2023-03-07T22:24:55","date_gmt":"2023-03-08T01:24:55","guid":{"rendered":"https:\/\/wp.ufpel.edu.br\/ppgd\/?page_id=5797"},"modified":"2023-03-16T18:36:27","modified_gmt":"2023-03-16T21:36:27","slug":"producao-intelectual","status":"publish","type":"page","link":"https:\/\/wp.ufpel.edu.br\/ppgd\/producao-intelectual\/","title":{"rendered":"Produ\u00e7\u00e3o Intelectual"},"content":{"rendered":"<hr \/>\n<p>Para ter acesso a produ\u00e7\u00e3o atualizada deste Programa de P\u00f3s-Gradua\u00e7\u00e3o, acesse a Plataforma Sucupira da Capes (<a href=\"https:\/\/sucupira.capes.gov.br\/sucupira\/public\/index.jsf\" target=\"_blank\" rel=\"noopener\">https:\/\/sucupira.capes.gov.br\/sucupira\/public\/index.jsf<\/a>) e realize as seguintes rotinas:<\/p>\n<p>&nbsp;<\/p>\n<p style=\"text-align: justify;\">1) Selecione o \u00edcone Produ\u00e7\u00f5es Intelectuais: (<a href=\"https:\/\/sucupira.capes.gov.br\/sucupira\/public\/consultas\/coleta\/producaoIntelectual\/listaProducaoIntelectual.jsf\" target=\"_blank\" rel=\"noopener\">https:\/\/sucupira.capes.gov.br\/sucupira\/public\/consultas\/coleta\/producaoIntelectual\/listaProducaoIntelectual.jsf<\/a>).<\/p>\n<p style=\"text-align: justify;\">2) Escolha: o ano; a institui\u00e7\u00e3o (Universidade Federal de Pelotas), o Programa de P\u00f3s-Gradua\u00e7\u00e3o; Tipo de Produ\u00e7\u00e3o (Art\u00edstica; Bibliogr\u00e1fica; ou T\u00e9cnica).<\/p>\n<p style=\"text-align: justify;\">3) Acione o bot\u00e3o \u201cConsultar\u201d.<\/p>\n<p style=\"text-align: justify;\">4) Ap\u00f3s o \u00faltimo procedimento, a lista de produ\u00e7\u00e3o ser\u00e1 visibilizada. Em seguida, acione a lupa ao lado direito de cada item. Dessa forma, voc\u00ea ter\u00e1 informa\u00e7\u00f5es detalhadas sobre a produ\u00e7\u00e3o.<\/p>\n<p style=\"text-align: justify;\">5) Caso queira visualizar todas as produ\u00e7\u00f5es do Programa, acione diretamente o bot\u00e3o \u201cConsultar\u201d. A lista completa de produ\u00e7\u00e3o do ano selecionado ser\u00e1 visibilizada. Ao acionar a lupa ao lado direito de cada item, voc\u00ea ter\u00e1 informa\u00e7\u00f5es detalhadas sobre cada produ\u00e7\u00e3o.<\/p>\n","protected":false},"excerpt":{"rendered":"<p>Para ter acesso a produ\u00e7\u00e3o atualizada deste Programa de P\u00f3s-Gradua\u00e7\u00e3o, acesse a Plataforma Sucupira da Capes (https:\/\/sucupira.capes.gov.br\/sucupira\/public\/index.jsf) e realize as seguintes rotinas: &nbsp; 1) Selecione o \u00edcone Produ\u00e7\u00f5es Intelectuais: (https:\/\/sucupira.capes.gov.br\/sucupira\/public\/consultas\/coleta\/producaoIntelectual\/listaProducaoIntelectual.jsf). 2) Escolha: o ano; a institui\u00e7\u00e3o (Universidade Federal de Pelotas), o Programa de P\u00f3s-Gradua\u00e7\u00e3o; Tipo de Produ\u00e7\u00e3o (Art\u00edstica; Bibliogr\u00e1fica; ou T\u00e9cnica). 3) Acione o bot\u00e3o &hellip; <\/p>\n<p><a class=\"more-link btn\" href=\"https:\/\/wp.ufpel.edu.br\/ppgd\/producao-intelectual\/\">Continue lendo<\/a><\/p>\n","protected":false},"author":293,"featured_media":0,"parent":0,"menu_order":0,"comment_status":"closed","ping_status":"closed","template":"","meta":{"footnotes":""},"class_list":["post-5797","page","type-page","status-publish","hentry","nodate","item-wrap"],"jetpack-related-posts":[],"jetpack_sharing_enabled":true,"_links":{"self":[{"href":"https:\/\/wp.ufpel.edu.br\/ppgd\/wp-json\/wp\/v2\/pages\/5797","targetHints":{"allow":["GET"]}}],"collection":[{"href":"https:\/\/wp.ufpel.edu.br\/ppgd\/wp-json\/wp\/v2\/pages"}],"about":[{"href":"https:\/\/wp.ufpel.edu.br\/ppgd\/wp-json\/wp\/v2\/types\/page"}],"author":[{"embeddable":true,"href":"https:\/\/wp.ufpel.edu.br\/ppgd\/wp-json\/wp\/v2\/users\/293"}],"replies":[{"embeddable":true,"href":"https:\/\/wp.ufpel.edu.br\/ppgd\/wp-json\/wp\/v2\/comments?post=5797"}],"version-history":[{"count":4,"href":"https:\/\/wp.ufpel.edu.br\/ppgd\/wp-json\/wp\/v2\/pages\/5797\/revisions"}],"predecessor-version":[{"id":6187,"href":"https:\/\/wp.ufpel.edu.br\/ppgd\/wp-json\/wp\/v2\/pages\/5797\/revisions\/6187"}],"wp:attachment":[{"href":"https:\/\/wp.ufpel.edu.br\/ppgd\/wp-json\/wp\/v2\/media?parent=5797"}],"curies":[{"name":"wp","href":"https:\/\/api.w.org\/{rel}","templated":true}]}}